{"id":146701,"date":"2023-06-01T00:10:03","date_gmt":"2023-05-31T22:10:03","guid":{"rendered":"https:\/\/endormoonstore.com\/batman-superman-speeding-bullets-dc-multiverse\/"},"modified":"2023-06-07T22:12:10","modified_gmt":"2023-06-07T20:12:10","slug":"batman-superman-speeding-bullets-dc-multiverse","status":"publish","type":"product","link":"https:\/\/endormoonstore.com\/en\/batman-superman-speeding-bullets-dc-multiverse\/","title":{"rendered":"Batman (Superman: Speeding Bullets) DC Multiverse"},"content":{"rendered":"<p class=\"p1\"><strong>Batman (Superman: Speeding Bullets) DC Multiverse<\/strong><\/p>\n<ul>\n<li>En una Tierra alternativa en DC Multiverse, Thomas y Martha Wayne descubren un cohete estrellado con un beb\u00e9 alien\u00edgena adentro y lo cr\u00edan como su hijo, Bruce.<\/li>\n<li>\u00a0A\u00f1os m\u00e1s tarde, en una noche fatal, la familia Wayne camina por un callej\u00f3n cuando un criminal solitario los detiene.\u00a0Bruce observa c\u00f3mo sus padres son asesinados a tiros, pero el feroz ataque activa los poderes kryptonianos de Bruce, lo que hace que pierda el control y queme al criminal con su visi\u00f3n de calor.<\/li>\n<li>\u00a0Durante a\u00f1os despu\u00e9s de la muerte de sus padres, Bruce eligi\u00f3 esconderse en Wayne Manor, odiando la violencia, hasta que un grupo de ladrones invade su hogar, lo que lo lleva a enfrentarse al mundo con una nueva identidad: Batman.<\/li>\n<li>Figura Incre\u00edblemente detallada figura de unos 18 cm de alto basada en DC Multiverse<\/li>\n<li>Dise\u00f1ado con Ultra Articulaci\u00f3n con hasta 22 partes m\u00f3viles para una gama completa de poses y juegos<\/li>\n<li>Batman aparece en su aspecto de Superman: Speeding Bullets<\/li>\n<li>Incluye tarjeta de arte coleccionable con fotograf\u00eda de figuras en el frente y biograf\u00eda del personaje en el reverso.<\/li>\n<\/ul>\n<div class=\"pull-left margenDatosSecundarios\">\n<div id=\"ctl00_MainContent_dvSinopsis\" class=\"pull-left w100\"><\/div>\n<\/div>\n","protected":false},"excerpt":{"rendered":"<p class=\"p1\"><strong>Batman (Superman: Speeding Bullets) DC Multiverse<\/strong><\/p>\n<p class=\"p1\">En una Tierra alternativa en DC Multiverse, Thomas y Martha Wayne descubren un cohete estrellado con un beb\u00e9 alien\u00edgena adentro y lo cr\u00edan como su hijo, Bruce.<\/p>\n","protected":false},"featured_media":146682,"template":"","meta":{"_acf_changed":false,"_kad_blocks_custom_css":"","_kad_blocks_head_custom_js":"","_kad_blocks_body_custom_js":"","_kad_blocks_footer_custom_js":""},"product_cat":[1390,13511,15769],"product_tag":[],"class_list":{"0":"post-146701","1":"product","2":"type-product","3":"status-publish","4":"has-post-thumbnail","6":"product_cat-figures","7":"product_cat-new-arrivals","8":"product_cat-sales","9":"pa_brand-mcfarlane-toys-en","10":"pa_character-batman-en","11":"pa_license-dc-universe-en","12":"pa_product-type-figure","13":"pa_theme-dc-multiverse-en","15":"first","16":"instock","17":"sale","18":"taxable","19":"shipping-taxable","20":"purchasable","21":"product-type-simple"},"acf":[],"yoast_head":"<!-- This site is optimized with the Yoast SEO plugin v26.1.1 - https:\/\/yoast.com\/wordpress\/plugins\/seo\/ -->\n<title>Batman (Superman: Speeding Bullets) DC Multiverse - EndormoonStore<\/title>\n<meta name=\"robots\" content=\"index, follow, max-snippet:-1, max-image-preview:large, max-video-preview:-1\" \/>\n<link rel=\"canonical\" href=\"https:\/\/endormoonstore.com\/en\/batman-superman-speeding-bullets-dc-multiverse\/\" \/>\n<meta property=\"og:locale\" content=\"en_US\" \/>\n<meta property=\"og:type\" content=\"article\" \/>\n<meta property=\"og:title\" content=\"Batman (Superman: Speeding Bullets) DC Multiverse - EndormoonStore\" \/>\n<meta property=\"og:description\" content=\"Batman (Superman: Speeding Bullets) DC Multiverse En una Tierra alternativa en DC Multiverse, Thomas y Martha Wayne descubren un cohete estrellado con un beb\u00e9 alien\u00edgena adentro y lo cr\u00edan como su hijo, Bruce.\" \/>\n<meta property=\"og:url\" content=\"https:\/\/endormoonstore.com\/en\/batman-superman-speeding-bullets-dc-multiverse\/\" \/>\n<meta property=\"og:site_name\" content=\"EndormoonStore\" \/>\n<meta property=\"article:modified_time\" content=\"2023-06-07T20:12:10+00:00\" \/>\n<meta property=\"og:image\" content=\"https:\/\/endormoonstore.com\/wp-content\/uploads\/2023\/06\/Batman-Superman-Speeding-Bullets-DC-Multiverse-1.jpg\" \/>\n\t<meta property=\"og:image:width\" content=\"1000\" \/>\n\t<meta property=\"og:image:height\" content=\"1000\" \/>\n\t<meta property=\"og:image:type\" content=\"image\/jpeg\" \/>\n<meta name=\"twitter:card\" content=\"summary_large_image\" \/>\n<meta name=\"twitter:label1\" content=\"Est. reading time\" \/>\n\t<meta name=\"twitter:data1\" content=\"1 minute\" \/>\n<script type=\"application\/ld+json\" class=\"yoast-schema-graph\">{\"@context\":\"https:\/\/schema.org\",\"@graph\":[{\"@type\":\"WebPage\",\"@id\":\"https:\/\/endormoonstore.com\/en\/batman-superman-speeding-bullets-dc-multiverse\/\",\"url\":\"https:\/\/endormoonstore.com\/en\/batman-superman-speeding-bullets-dc-multiverse\/\",\"name\":\"Batman (Superman: Speeding Bullets) DC Multiverse - EndormoonStore\",\"isPartOf\":{\"@id\":\"https:\/\/endormoonstore.com\/#website\"},\"primaryImageOfPage\":{\"@id\":\"https:\/\/endormoonstore.com\/en\/batman-superman-speeding-bullets-dc-multiverse\/#primaryimage\"},\"image\":{\"@id\":\"https:\/\/endormoonstore.com\/en\/batman-superman-speeding-bullets-dc-multiverse\/#primaryimage\"},\"thumbnailUrl\":\"https:\/\/endormoonstore.com\/wp-content\/uploads\/2023\/06\/Batman-Superman-Speeding-Bullets-DC-Multiverse-1.jpg\",\"datePublished\":\"2023-05-31T22:10:03+00:00\",\"dateModified\":\"2023-06-07T20:12:10+00:00\",\"breadcrumb\":{\"@id\":\"https:\/\/endormoonstore.com\/en\/batman-superman-speeding-bullets-dc-multiverse\/#breadcrumb\"},\"inLanguage\":\"en-US\",\"potentialAction\":[{\"@type\":\"ReadAction\",\"target\":[\"https:\/\/endormoonstore.com\/en\/batman-superman-speeding-bullets-dc-multiverse\/\"]}]},{\"@type\":\"ImageObject\",\"inLanguage\":\"en-US\",\"@id\":\"https:\/\/endormoonstore.com\/en\/batman-superman-speeding-bullets-dc-multiverse\/#primaryimage\",\"url\":\"https:\/\/endormoonstore.com\/wp-content\/uploads\/2023\/06\/Batman-Superman-Speeding-Bullets-DC-Multiverse-1.jpg\",\"contentUrl\":\"https:\/\/endormoonstore.com\/wp-content\/uploads\/2023\/06\/Batman-Superman-Speeding-Bullets-DC-Multiverse-1.jpg\",\"width\":1000,\"height\":1000},{\"@type\":\"BreadcrumbList\",\"@id\":\"https:\/\/endormoonstore.com\/en\/batman-superman-speeding-bullets-dc-multiverse\/#breadcrumb\",\"itemListElement\":[{\"@type\":\"ListItem\",\"position\":1,\"name\":\"Shop\",\"item\":\"https:\/\/endormoonstore.com\/en\/shop\/\"},{\"@type\":\"ListItem\",\"position\":2,\"name\":\"Batman (Superman: Speeding Bullets) DC Multiverse\"}]},{\"@type\":\"WebSite\",\"@id\":\"https:\/\/endormoonstore.com\/#website\",\"url\":\"https:\/\/endormoonstore.com\/\",\"name\":\"EndormoonStore\",\"description\":\"\",\"potentialAction\":[{\"@type\":\"SearchAction\",\"target\":{\"@type\":\"EntryPoint\",\"urlTemplate\":\"https:\/\/endormoonstore.com\/?s={search_term_string}\"},\"query-input\":{\"@type\":\"PropertyValueSpecification\",\"valueRequired\":true,\"valueName\":\"search_term_string\"}}],\"inLanguage\":\"en-US\"}]}<\/script>\n<!-- \/ Yoast SEO plugin. -->","yoast_head_json":{"title":"Batman (Superman: Speeding Bullets) DC Multiverse - EndormoonStore","robots":{"index":"index","follow":"follow","max-snippet":"max-snippet:-1","max-image-preview":"max-image-preview:large","max-video-preview":"max-video-preview:-1"},"canonical":"https:\/\/endormoonstore.com\/en\/batman-superman-speeding-bullets-dc-multiverse\/","og_locale":"en_US","og_type":"article","og_title":"Batman (Superman: Speeding Bullets) DC Multiverse - EndormoonStore","og_description":"Batman (Superman: Speeding Bullets) DC Multiverse En una Tierra alternativa en DC Multiverse, Thomas y Martha Wayne descubren un cohete estrellado con un beb\u00e9 alien\u00edgena adentro y lo cr\u00edan como su hijo, Bruce.","og_url":"https:\/\/endormoonstore.com\/en\/batman-superman-speeding-bullets-dc-multiverse\/","og_site_name":"EndormoonStore","article_modified_time":"2023-06-07T20:12:10+00:00","og_image":[{"width":1000,"height":1000,"url":"https:\/\/endormoonstore.com\/wp-content\/uploads\/2023\/06\/Batman-Superman-Speeding-Bullets-DC-Multiverse-1.jpg","type":"image\/jpeg"}],"twitter_card":"summary_large_image","twitter_misc":{"Est. reading time":"1 minute"},"schema":{"@context":"https:\/\/schema.org","@graph":[{"@type":"WebPage","@id":"https:\/\/endormoonstore.com\/en\/batman-superman-speeding-bullets-dc-multiverse\/","url":"https:\/\/endormoonstore.com\/en\/batman-superman-speeding-bullets-dc-multiverse\/","name":"Batman (Superman: Speeding Bullets) DC Multiverse - EndormoonStore","isPartOf":{"@id":"https:\/\/endormoonstore.com\/#website"},"primaryImageOfPage":{"@id":"https:\/\/endormoonstore.com\/en\/batman-superman-speeding-bullets-dc-multiverse\/#primaryimage"},"image":{"@id":"https:\/\/endormoonstore.com\/en\/batman-superman-speeding-bullets-dc-multiverse\/#primaryimage"},"thumbnailUrl":"https:\/\/endormoonstore.com\/wp-content\/uploads\/2023\/06\/Batman-Superman-Speeding-Bullets-DC-Multiverse-1.jpg","datePublished":"2023-05-31T22:10:03+00:00","dateModified":"2023-06-07T20:12:10+00:00","breadcrumb":{"@id":"https:\/\/endormoonstore.com\/en\/batman-superman-speeding-bullets-dc-multiverse\/#breadcrumb"},"inLanguage":"en-US","potentialAction":[{"@type":"ReadAction","target":["https:\/\/endormoonstore.com\/en\/batman-superman-speeding-bullets-dc-multiverse\/"]}]},{"@type":"ImageObject","inLanguage":"en-US","@id":"https:\/\/endormoonstore.com\/en\/batman-superman-speeding-bullets-dc-multiverse\/#primaryimage","url":"https:\/\/endormoonstore.com\/wp-content\/uploads\/2023\/06\/Batman-Superman-Speeding-Bullets-DC-Multiverse-1.jpg","contentUrl":"https:\/\/endormoonstore.com\/wp-content\/uploads\/2023\/06\/Batman-Superman-Speeding-Bullets-DC-Multiverse-1.jpg","width":1000,"height":1000},{"@type":"BreadcrumbList","@id":"https:\/\/endormoonstore.com\/en\/batman-superman-speeding-bullets-dc-multiverse\/#breadcrumb","itemListElement":[{"@type":"ListItem","position":1,"name":"Shop","item":"https:\/\/endormoonstore.com\/en\/shop\/"},{"@type":"ListItem","position":2,"name":"Batman (Superman: Speeding Bullets) DC Multiverse"}]},{"@type":"WebSite","@id":"https:\/\/endormoonstore.com\/#website","url":"https:\/\/endormoonstore.com\/","name":"EndormoonStore","description":"","potentialAction":[{"@type":"SearchAction","target":{"@type":"EntryPoint","urlTemplate":"https:\/\/endormoonstore.com\/?s={search_term_string}"},"query-input":{"@type":"PropertyValueSpecification","valueRequired":true,"valueName":"search_term_string"}}],"inLanguage":"en-US"}]}},"taxonomy_info":{"product_cat":[{"value":1390,"label":"Figures"},{"value":13511,"label":"New Arrivals"},{"value":15769,"label":"Sales"}],"pa_brand":[{"value":13680,"label":"McFarlane Toys"}],"pa_character":[{"value":3566,"label":"Batman"}],"pa_license":[{"value":3086,"label":"Dc Universe"}],"pa_product-type":[{"value":2387,"label":"Figure"}],"pa_theme":[{"value":13678,"label":"DC Multiverse"}]},"featured_image_src_large":["https:\/\/endormoonstore.com\/wp-content\/uploads\/2023\/06\/Batman-Superman-Speeding-Bullets-DC-Multiverse-1.jpg",1000,1000,false],"author_info":[],"comment_info":"","_links":{"self":[{"href":"https:\/\/endormoonstore.com\/en\/wp-json\/wp\/v2\/product\/146701","targetHints":{"allow":["GET"]}}],"collection":[{"href":"https:\/\/endormoonstore.com\/en\/wp-json\/wp\/v2\/product"}],"about":[{"href":"https:\/\/endormoonstore.com\/en\/wp-json\/wp\/v2\/types\/product"}],"wp:featuredmedia":[{"embeddable":true,"href":"https:\/\/endormoonstore.com\/en\/wp-json\/wp\/v2\/media\/146682"}],"wp:attachment":[{"href":"https:\/\/endormoonstore.com\/en\/wp-json\/wp\/v2\/media?parent=146701"}],"wp:term":[{"taxonomy":"product_cat","embeddable":true,"href":"https:\/\/endormoonstore.com\/en\/wp-json\/wp\/v2\/product_cat?post=146701"},{"taxonomy":"product_tag","embeddable":true,"href":"https:\/\/endormoonstore.com\/en\/wp-json\/wp\/v2\/product_tag?post=146701"}],"curies":[{"name":"wp","href":"https:\/\/api.w.org\/{rel}","templated":true}]}}