{"id":146678,"date":"2023-06-01T00:05:01","date_gmt":"2023-05-31T22:05:01","guid":{"rendered":"https:\/\/endormoonstore.com\/the-joker-infinite-frontier-dc-multiverse\/"},"modified":"2025-08-15T12:17:32","modified_gmt":"2025-08-15T10:17:32","slug":"the-joker-infinite-frontier-dc-multiverse","status":"publish","type":"product","link":"https:\/\/endormoonstore.com\/en\/the-joker-infinite-frontier-dc-multiverse\/","title":{"rendered":"The Joker Infinite Frontier DC Multiverse"},"content":{"rendered":"<p class=\"p1\"><strong>The Joker Infinite Frontier DC Multiverse<\/strong><\/p>\n<ul>\n<li>Una vez que un ladr\u00f3n de poca monta, el Joker cay\u00f3 en una cuba de productos qu\u00edmicos que volvieron su piel blanca, su cabello verde y sus labios rojos, como un payaso enloquecido.<\/li>\n<li>Sus cr\u00edmenes siempre involucran bromas y bromas que terminan con chistes retorcidos que solo son divertidos para The Joker. Puede parecer que est\u00e1 bromeando, \u00a1pero este tipo es una mala noticia para Batman y Gotham City!<\/li>\n<li>Figura Incre\u00edblemente detallada figura de unos 18 cm de alto basada en DC Multiverse<\/li>\n<li>Dise\u00f1ado con Ultra Articulaci\u00f3n con hasta 22 partes m\u00f3viles para una gama completa de poses y juegos<\/li>\n<li>El Joker aparece en su look de Infinite Frontier,\u00a0viene con un cuchillo y una base.<\/li>\n<li>Incluye tarjeta de arte coleccionable con fotograf\u00eda de figuras en el frente y biograf\u00eda del personaje en el reverso.<\/li>\n<\/ul>\n<div class=\"pull-left margenDatosSecundarios\">\n<div id=\"ctl00_MainContent_dvSinopsis\" class=\"pull-left w100\"><\/div>\n<\/div>\n","protected":false},"excerpt":{"rendered":"<p class=\"p1\"><strong>The Joker Infinite Frontier DC Multiverse<\/strong><\/p>\n<p class=\"p1\">Una vez que un ladr\u00f3n de poca monta, el Joker cay\u00f3 en una cuba de productos qu\u00edmicos que volvieron su piel blanca, su cabello verde y sus labios rojos, como un payaso enloquecido.<\/p>\n","protected":false},"featured_media":146659,"template":"","meta":{"_acf_changed":false,"_kad_blocks_custom_css":"","_kad_blocks_head_custom_js":"","_kad_blocks_body_custom_js":"","_kad_blocks_footer_custom_js":""},"product_cat":[1390,13511],"product_tag":[],"class_list":{"0":"post-146678","1":"product","2":"type-product","3":"status-publish","4":"has-post-thumbnail","6":"product_cat-figures","7":"product_cat-new-arrivals","8":"pa_brand-mcfarlane-toys-en","9":"pa_character-the-joker-en","10":"pa_license-dc-universe-en","11":"pa_product-type-figure","12":"pa_theme-dc-multiverse-en","14":"first","15":"instock","16":"taxable","17":"shipping-taxable","18":"purchasable","19":"product-type-simple"},"acf":[],"yoast_head":"<!-- This site is optimized with the Yoast SEO plugin v26.1.1 - https:\/\/yoast.com\/wordpress\/plugins\/seo\/ -->\n<title>The Joker Infinite Frontier DC Multiverse - EndormoonStore<\/title>\n<meta name=\"robots\" content=\"index, follow, max-snippet:-1, max-image-preview:large, max-video-preview:-1\" \/>\n<link rel=\"canonical\" href=\"https:\/\/endormoonstore.com\/en\/the-joker-infinite-frontier-dc-multiverse\/\" \/>\n<meta property=\"og:locale\" content=\"en_US\" \/>\n<meta property=\"og:type\" content=\"article\" \/>\n<meta property=\"og:title\" content=\"The Joker Infinite Frontier DC Multiverse - EndormoonStore\" \/>\n<meta property=\"og:description\" content=\"The Joker Infinite Frontier DC Multiverse Una vez que un ladr\u00f3n de poca monta, el Joker cay\u00f3 en una cuba de productos qu\u00edmicos que volvieron su piel blanca, su cabello verde y sus labios rojos, como un payaso enloquecido.\" \/>\n<meta property=\"og:url\" content=\"https:\/\/endormoonstore.com\/en\/the-joker-infinite-frontier-dc-multiverse\/\" \/>\n<meta property=\"og:site_name\" content=\"EndormoonStore\" \/>\n<meta property=\"article:modified_time\" content=\"2025-08-15T10:17:32+00:00\" \/>\n<meta property=\"og:image\" content=\"https:\/\/endormoonstore.com\/wp-content\/uploads\/2023\/06\/The-Joker-Infinite-Frontier-DC-Multiverse-1.jpg\" \/>\n\t<meta property=\"og:image:width\" content=\"1000\" \/>\n\t<meta property=\"og:image:height\" content=\"1000\" \/>\n\t<meta property=\"og:image:type\" content=\"image\/jpeg\" \/>\n<meta name=\"twitter:card\" content=\"summary_large_image\" \/>\n<meta name=\"twitter:label1\" content=\"Est. reading time\" \/>\n\t<meta name=\"twitter:data1\" content=\"1 minute\" \/>\n<script type=\"application\/ld+json\" class=\"yoast-schema-graph\">{\"@context\":\"https:\/\/schema.org\",\"@graph\":[{\"@type\":\"WebPage\",\"@id\":\"https:\/\/endormoonstore.com\/en\/the-joker-infinite-frontier-dc-multiverse\/\",\"url\":\"https:\/\/endormoonstore.com\/en\/the-joker-infinite-frontier-dc-multiverse\/\",\"name\":\"The Joker Infinite Frontier DC Multiverse - EndormoonStore\",\"isPartOf\":{\"@id\":\"https:\/\/endormoonstore.com\/#website\"},\"primaryImageOfPage\":{\"@id\":\"https:\/\/endormoonstore.com\/en\/the-joker-infinite-frontier-dc-multiverse\/#primaryimage\"},\"image\":{\"@id\":\"https:\/\/endormoonstore.com\/en\/the-joker-infinite-frontier-dc-multiverse\/#primaryimage\"},\"thumbnailUrl\":\"https:\/\/endormoonstore.com\/wp-content\/uploads\/2023\/06\/The-Joker-Infinite-Frontier-DC-Multiverse-1.jpg\",\"datePublished\":\"2023-05-31T22:05:01+00:00\",\"dateModified\":\"2025-08-15T10:17:32+00:00\",\"breadcrumb\":{\"@id\":\"https:\/\/endormoonstore.com\/en\/the-joker-infinite-frontier-dc-multiverse\/#breadcrumb\"},\"inLanguage\":\"en-US\",\"potentialAction\":[{\"@type\":\"ReadAction\",\"target\":[\"https:\/\/endormoonstore.com\/en\/the-joker-infinite-frontier-dc-multiverse\/\"]}]},{\"@type\":\"ImageObject\",\"inLanguage\":\"en-US\",\"@id\":\"https:\/\/endormoonstore.com\/en\/the-joker-infinite-frontier-dc-multiverse\/#primaryimage\",\"url\":\"https:\/\/endormoonstore.com\/wp-content\/uploads\/2023\/06\/The-Joker-Infinite-Frontier-DC-Multiverse-1.jpg\",\"contentUrl\":\"https:\/\/endormoonstore.com\/wp-content\/uploads\/2023\/06\/The-Joker-Infinite-Frontier-DC-Multiverse-1.jpg\",\"width\":1000,\"height\":1000},{\"@type\":\"BreadcrumbList\",\"@id\":\"https:\/\/endormoonstore.com\/en\/the-joker-infinite-frontier-dc-multiverse\/#breadcrumb\",\"itemListElement\":[{\"@type\":\"ListItem\",\"position\":1,\"name\":\"Shop\",\"item\":\"https:\/\/endormoonstore.com\/en\/shop\/\"},{\"@type\":\"ListItem\",\"position\":2,\"name\":\"The Joker Infinite Frontier DC Multiverse\"}]},{\"@type\":\"WebSite\",\"@id\":\"https:\/\/endormoonstore.com\/#website\",\"url\":\"https:\/\/endormoonstore.com\/\",\"name\":\"EndormoonStore\",\"description\":\"\",\"potentialAction\":[{\"@type\":\"SearchAction\",\"target\":{\"@type\":\"EntryPoint\",\"urlTemplate\":\"https:\/\/endormoonstore.com\/?s={search_term_string}\"},\"query-input\":{\"@type\":\"PropertyValueSpecification\",\"valueRequired\":true,\"valueName\":\"search_term_string\"}}],\"inLanguage\":\"en-US\"}]}<\/script>\n<!-- \/ Yoast SEO plugin. -->","yoast_head_json":{"title":"The Joker Infinite Frontier DC Multiverse - EndormoonStore","robots":{"index":"index","follow":"follow","max-snippet":"max-snippet:-1","max-image-preview":"max-image-preview:large","max-video-preview":"max-video-preview:-1"},"canonical":"https:\/\/endormoonstore.com\/en\/the-joker-infinite-frontier-dc-multiverse\/","og_locale":"en_US","og_type":"article","og_title":"The Joker Infinite Frontier DC Multiverse - EndormoonStore","og_description":"The Joker Infinite Frontier DC Multiverse Una vez que un ladr\u00f3n de poca monta, el Joker cay\u00f3 en una cuba de productos qu\u00edmicos que volvieron su piel blanca, su cabello verde y sus labios rojos, como un payaso enloquecido.","og_url":"https:\/\/endormoonstore.com\/en\/the-joker-infinite-frontier-dc-multiverse\/","og_site_name":"EndormoonStore","article_modified_time":"2025-08-15T10:17:32+00:00","og_image":[{"width":1000,"height":1000,"url":"https:\/\/endormoonstore.com\/wp-content\/uploads\/2023\/06\/The-Joker-Infinite-Frontier-DC-Multiverse-1.jpg","type":"image\/jpeg"}],"twitter_card":"summary_large_image","twitter_misc":{"Est. reading time":"1 minute"},"schema":{"@context":"https:\/\/schema.org","@graph":[{"@type":"WebPage","@id":"https:\/\/endormoonstore.com\/en\/the-joker-infinite-frontier-dc-multiverse\/","url":"https:\/\/endormoonstore.com\/en\/the-joker-infinite-frontier-dc-multiverse\/","name":"The Joker Infinite Frontier DC Multiverse - EndormoonStore","isPartOf":{"@id":"https:\/\/endormoonstore.com\/#website"},"primaryImageOfPage":{"@id":"https:\/\/endormoonstore.com\/en\/the-joker-infinite-frontier-dc-multiverse\/#primaryimage"},"image":{"@id":"https:\/\/endormoonstore.com\/en\/the-joker-infinite-frontier-dc-multiverse\/#primaryimage"},"thumbnailUrl":"https:\/\/endormoonstore.com\/wp-content\/uploads\/2023\/06\/The-Joker-Infinite-Frontier-DC-Multiverse-1.jpg","datePublished":"2023-05-31T22:05:01+00:00","dateModified":"2025-08-15T10:17:32+00:00","breadcrumb":{"@id":"https:\/\/endormoonstore.com\/en\/the-joker-infinite-frontier-dc-multiverse\/#breadcrumb"},"inLanguage":"en-US","potentialAction":[{"@type":"ReadAction","target":["https:\/\/endormoonstore.com\/en\/the-joker-infinite-frontier-dc-multiverse\/"]}]},{"@type":"ImageObject","inLanguage":"en-US","@id":"https:\/\/endormoonstore.com\/en\/the-joker-infinite-frontier-dc-multiverse\/#primaryimage","url":"https:\/\/endormoonstore.com\/wp-content\/uploads\/2023\/06\/The-Joker-Infinite-Frontier-DC-Multiverse-1.jpg","contentUrl":"https:\/\/endormoonstore.com\/wp-content\/uploads\/2023\/06\/The-Joker-Infinite-Frontier-DC-Multiverse-1.jpg","width":1000,"height":1000},{"@type":"BreadcrumbList","@id":"https:\/\/endormoonstore.com\/en\/the-joker-infinite-frontier-dc-multiverse\/#breadcrumb","itemListElement":[{"@type":"ListItem","position":1,"name":"Shop","item":"https:\/\/endormoonstore.com\/en\/shop\/"},{"@type":"ListItem","position":2,"name":"The Joker Infinite Frontier DC Multiverse"}]},{"@type":"WebSite","@id":"https:\/\/endormoonstore.com\/#website","url":"https:\/\/endormoonstore.com\/","name":"EndormoonStore","description":"","potentialAction":[{"@type":"SearchAction","target":{"@type":"EntryPoint","urlTemplate":"https:\/\/endormoonstore.com\/?s={search_term_string}"},"query-input":{"@type":"PropertyValueSpecification","valueRequired":true,"valueName":"search_term_string"}}],"inLanguage":"en-US"}]}},"taxonomy_info":{"product_cat":[{"value":1390,"label":"Figures"},{"value":13511,"label":"New Arrivals"}],"pa_brand":[{"value":13680,"label":"McFarlane Toys"}],"pa_character":[{"value":15815,"label":"The Joker"}],"pa_license":[{"value":3086,"label":"Dc Universe"}],"pa_product-type":[{"value":2387,"label":"Figure"}],"pa_theme":[{"value":13678,"label":"DC Multiverse"}]},"featured_image_src_large":["https:\/\/endormoonstore.com\/wp-content\/uploads\/2023\/06\/The-Joker-Infinite-Frontier-DC-Multiverse-1.jpg",1000,1000,false],"author_info":[],"comment_info":"","_links":{"self":[{"href":"https:\/\/endormoonstore.com\/en\/wp-json\/wp\/v2\/product\/146678","targetHints":{"allow":["GET"]}}],"collection":[{"href":"https:\/\/endormoonstore.com\/en\/wp-json\/wp\/v2\/product"}],"about":[{"href":"https:\/\/endormoonstore.com\/en\/wp-json\/wp\/v2\/types\/product"}],"wp:featuredmedia":[{"embeddable":true,"href":"https:\/\/endormoonstore.com\/en\/wp-json\/wp\/v2\/media\/146659"}],"wp:attachment":[{"href":"https:\/\/endormoonstore.com\/en\/wp-json\/wp\/v2\/media?parent=146678"}],"wp:term":[{"taxonomy":"product_cat","embeddable":true,"href":"https:\/\/endormoonstore.com\/en\/wp-json\/wp\/v2\/product_cat?post=146678"},{"taxonomy":"product_tag","embeddable":true,"href":"https:\/\/endormoonstore.com\/en\/wp-json\/wp\/v2\/product_tag?post=146678"}],"curies":[{"name":"wp","href":"https:\/\/api.w.org\/{rel}","templated":true}]}}