{"id":146499,"date":"2025-02-24T02:50:44","date_gmt":"2025-02-24T01:50:44","guid":{"rendered":"https:\/\/endormoonstore.com\/talking-scarred-chucky-bride-of-chucky-mezco-designer-series-mega-scale\/"},"modified":"2025-05-28T23:02:49","modified_gmt":"2025-05-28T21:02:49","slug":"talking-scarred-chucky-bride-of-chucky-mezco-designer-series-mega-scale","status":"publish","type":"product","link":"https:\/\/endormoonstore.com\/en\/talking-scarred-chucky-bride-of-chucky-mezco-designer-series-mega-scale\/","title":{"rendered":"Talking Scarred Chucky Bride of Chucky Mezco Designer Series Mega Scale"},"content":{"rendered":"<p><strong>Talking Scarred Chucky Bride of Chucky Mezco Designer Series Mega Scale<\/strong><\/p>\n<ul>\n<li>\u00bfC\u00f3mo hacer que un mu\u00f1eco homicida de 38 cm de alto, que contiene el alma de un asesino en serie, sea a\u00fan m\u00e1s aterrador? \u00a1Haz que hable! La estrella de las pel\u00edculas Mu\u00f1eco Diab\u00f3lico, el mu\u00f1eco parlante Mezco Chucky, mide 38 cm de alto y presenta ropa de tela real Good Guys, 11 puntos de articulaci\u00f3n y su caracter\u00edstico cabello naranja.<\/li>\n<li>Con 7 frases escalofriantes en ingl\u00e9s extra\u00eddas directamente de las pel\u00edculas, este Chucky est\u00e1 garantizado para emocionar. Chucky presenta ojos realistas de vidrio y un cuchillo (de pl\u00e1stico) que seguramente usar\u00e1 para nada bueno. Cada Chucky viene empaquetado en su propia caja de ventana inspirada en la pel\u00edcula, apta para coleccionistas.<\/li>\n<li>Fabricado con materiales de alta calidad, este mu\u00f1eco es perfecto para los fan\u00e1ticos del terror y coleccionistas de figuras de acci\u00f3n. Su durabilidad y detalles aut\u00e9nticos lo convierten en una pieza imprescindible. A\u00f1ade esta figura de lujo a tu colecci\u00f3n y revive las escenas m\u00e1s aterradoras de Mu\u00f1eco Diab\u00f3lico. Las otras figuras mostradas en las fotos se venden por separado. \u00a1Consigue a Chucky y lleva el terror a nuevas alturas en tu colecci\u00f3n! No dejes pasar la oportunidad de tener a este ic\u00f3nico villano en tu estanter\u00eda.<\/li>\n<\/ul>\n","protected":false},"excerpt":{"rendered":"<p><strong>Talking Scarred Chucky Bride of Chucky Mezco Designer Series Mega Scale<\/strong><\/p>\n<p>\u00bfC\u00f3mo hacer que un mu\u00f1eco homicida de 38 cm de alto, que contiene el alma de un asesino en serie, sea a\u00fan m\u00e1s aterrador? \u00a1Haz que hable! La estrella de las pel\u00edculas Mu\u00f1eco Diab\u00f3lico, el mu\u00f1eco parlante Mezco Chucky, mide 38 cm de alto y presenta ropa de tela real Good Guys, 11 puntos de articulaci\u00f3n y su caracter\u00edstico cabello naranja.<\/p>\n","protected":false},"featured_media":146483,"template":"","meta":{"_acf_changed":false,"_kad_blocks_custom_css":"","_kad_blocks_head_custom_js":"","_kad_blocks_body_custom_js":"","_kad_blocks_footer_custom_js":""},"product_cat":[1384],"product_tag":[],"class_list":{"0":"post-146499","1":"product","2":"type-product","3":"status-publish","4":"has-post-thumbnail","6":"product_cat-pre-orders","7":"pa_brand-mezco-toyz-en","8":"pa_character-chucky-en","9":"pa_license-chucky-en","10":"pa_product-type-figure","11":"pa_theme-mds-mega-scale-en","13":"first","14":"instock","15":"taxable","16":"shipping-taxable","17":"purchasable","18":"product-type-simple"},"acf":[],"yoast_head":"<!-- This site is optimized with the Yoast SEO plugin v26.1.1 - https:\/\/yoast.com\/wordpress\/plugins\/seo\/ -->\n<title>Talking Scarred Chucky Bride of Chucky Mezco Designer Series Mega Scale - EndormoonStore<\/title>\n<meta name=\"robots\" content=\"index, follow, max-snippet:-1, max-image-preview:large, max-video-preview:-1\" \/>\n<link rel=\"canonical\" href=\"https:\/\/endormoonstore.com\/en\/talking-scarred-chucky-bride-of-chucky-mezco-designer-series-mega-scale\/\" \/>\n<meta property=\"og:locale\" content=\"en_US\" \/>\n<meta property=\"og:type\" content=\"article\" \/>\n<meta property=\"og:title\" content=\"Talking Scarred Chucky Bride of Chucky Mezco Designer Series Mega Scale - EndormoonStore\" \/>\n<meta property=\"og:description\" content=\"Talking Scarred Chucky Bride of Chucky Mezco Designer Series Mega Scale  \u00bfC\u00f3mo hacer que un mu\u00f1eco homicida de 38 cm de alto, que contiene el alma de un asesino en serie, sea a\u00fan m\u00e1s aterrador? \u00a1Haz que hable! La estrella de las pel\u00edculas Mu\u00f1eco Diab\u00f3lico, el mu\u00f1eco parlante Mezco Chucky, mide 38 cm de alto y presenta ropa de tela real Good Guys, 11 puntos de articulaci\u00f3n y su caracter\u00edstico cabello naranja.\" \/>\n<meta property=\"og:url\" content=\"https:\/\/endormoonstore.com\/en\/talking-scarred-chucky-bride-of-chucky-mezco-designer-series-mega-scale\/\" \/>\n<meta property=\"og:site_name\" content=\"EndormoonStore\" \/>\n<meta property=\"article:modified_time\" content=\"2025-05-28T21:02:49+00:00\" \/>\n<meta property=\"og:image\" content=\"https:\/\/endormoonstore.com\/wp-content\/uploads\/2023\/05\/Talking-Scarred-Chucky-Bride-of-Chucky-Mezco-Designer-Series-Mega-Scale-1.jpeg\" \/>\n\t<meta property=\"og:image:width\" content=\"800\" \/>\n\t<meta property=\"og:image:height\" content=\"800\" \/>\n\t<meta property=\"og:image:type\" content=\"image\/jpeg\" \/>\n<meta name=\"twitter:card\" content=\"summary_large_image\" \/>\n<meta name=\"twitter:label1\" content=\"Est. reading time\" \/>\n\t<meta name=\"twitter:data1\" content=\"2 minutes\" \/>\n<script type=\"application\/ld+json\" class=\"yoast-schema-graph\">{\"@context\":\"https:\/\/schema.org\",\"@graph\":[{\"@type\":\"WebPage\",\"@id\":\"https:\/\/endormoonstore.com\/en\/talking-scarred-chucky-bride-of-chucky-mezco-designer-series-mega-scale\/\",\"url\":\"https:\/\/endormoonstore.com\/en\/talking-scarred-chucky-bride-of-chucky-mezco-designer-series-mega-scale\/\",\"name\":\"Talking Scarred Chucky Bride of Chucky Mezco Designer Series Mega Scale - EndormoonStore\",\"isPartOf\":{\"@id\":\"https:\/\/endormoonstore.com\/#website\"},\"primaryImageOfPage\":{\"@id\":\"https:\/\/endormoonstore.com\/en\/talking-scarred-chucky-bride-of-chucky-mezco-designer-series-mega-scale\/#primaryimage\"},\"image\":{\"@id\":\"https:\/\/endormoonstore.com\/en\/talking-scarred-chucky-bride-of-chucky-mezco-designer-series-mega-scale\/#primaryimage\"},\"thumbnailUrl\":\"https:\/\/endormoonstore.com\/wp-content\/uploads\/2023\/05\/Talking-Scarred-Chucky-Bride-of-Chucky-Mezco-Designer-Series-Mega-Scale-1.jpeg\",\"datePublished\":\"2025-02-24T01:50:44+00:00\",\"dateModified\":\"2025-05-28T21:02:49+00:00\",\"breadcrumb\":{\"@id\":\"https:\/\/endormoonstore.com\/en\/talking-scarred-chucky-bride-of-chucky-mezco-designer-series-mega-scale\/#breadcrumb\"},\"inLanguage\":\"en-US\",\"potentialAction\":[{\"@type\":\"ReadAction\",\"target\":[\"https:\/\/endormoonstore.com\/en\/talking-scarred-chucky-bride-of-chucky-mezco-designer-series-mega-scale\/\"]}]},{\"@type\":\"ImageObject\",\"inLanguage\":\"en-US\",\"@id\":\"https:\/\/endormoonstore.com\/en\/talking-scarred-chucky-bride-of-chucky-mezco-designer-series-mega-scale\/#primaryimage\",\"url\":\"https:\/\/endormoonstore.com\/wp-content\/uploads\/2023\/05\/Talking-Scarred-Chucky-Bride-of-Chucky-Mezco-Designer-Series-Mega-Scale-1.jpeg\",\"contentUrl\":\"https:\/\/endormoonstore.com\/wp-content\/uploads\/2023\/05\/Talking-Scarred-Chucky-Bride-of-Chucky-Mezco-Designer-Series-Mega-Scale-1.jpeg\",\"width\":800,\"height\":800},{\"@type\":\"BreadcrumbList\",\"@id\":\"https:\/\/endormoonstore.com\/en\/talking-scarred-chucky-bride-of-chucky-mezco-designer-series-mega-scale\/#breadcrumb\",\"itemListElement\":[{\"@type\":\"ListItem\",\"position\":1,\"name\":\"Shop\",\"item\":\"https:\/\/endormoonstore.com\/en\/shop\/\"},{\"@type\":\"ListItem\",\"position\":2,\"name\":\"Talking Scarred Chucky Bride of Chucky Mezco Designer Series Mega Scale\"}]},{\"@type\":\"WebSite\",\"@id\":\"https:\/\/endormoonstore.com\/#website\",\"url\":\"https:\/\/endormoonstore.com\/\",\"name\":\"EndormoonStore\",\"description\":\"\",\"potentialAction\":[{\"@type\":\"SearchAction\",\"target\":{\"@type\":\"EntryPoint\",\"urlTemplate\":\"https:\/\/endormoonstore.com\/?s={search_term_string}\"},\"query-input\":{\"@type\":\"PropertyValueSpecification\",\"valueRequired\":true,\"valueName\":\"search_term_string\"}}],\"inLanguage\":\"en-US\"}]}<\/script>\n<!-- \/ Yoast SEO plugin. -->","yoast_head_json":{"title":"Talking Scarred Chucky Bride of Chucky Mezco Designer Series Mega Scale - EndormoonStore","robots":{"index":"index","follow":"follow","max-snippet":"max-snippet:-1","max-image-preview":"max-image-preview:large","max-video-preview":"max-video-preview:-1"},"canonical":"https:\/\/endormoonstore.com\/en\/talking-scarred-chucky-bride-of-chucky-mezco-designer-series-mega-scale\/","og_locale":"en_US","og_type":"article","og_title":"Talking Scarred Chucky Bride of Chucky Mezco Designer Series Mega Scale - EndormoonStore","og_description":"Talking Scarred Chucky Bride of Chucky Mezco Designer Series Mega Scale  \u00bfC\u00f3mo hacer que un mu\u00f1eco homicida de 38 cm de alto, que contiene el alma de un asesino en serie, sea a\u00fan m\u00e1s aterrador? \u00a1Haz que hable! La estrella de las pel\u00edculas Mu\u00f1eco Diab\u00f3lico, el mu\u00f1eco parlante Mezco Chucky, mide 38 cm de alto y presenta ropa de tela real Good Guys, 11 puntos de articulaci\u00f3n y su caracter\u00edstico cabello naranja.","og_url":"https:\/\/endormoonstore.com\/en\/talking-scarred-chucky-bride-of-chucky-mezco-designer-series-mega-scale\/","og_site_name":"EndormoonStore","article_modified_time":"2025-05-28T21:02:49+00:00","og_image":[{"width":800,"height":800,"url":"https:\/\/endormoonstore.com\/wp-content\/uploads\/2023\/05\/Talking-Scarred-Chucky-Bride-of-Chucky-Mezco-Designer-Series-Mega-Scale-1.jpeg","type":"image\/jpeg"}],"twitter_card":"summary_large_image","twitter_misc":{"Est. reading time":"2 minutes"},"schema":{"@context":"https:\/\/schema.org","@graph":[{"@type":"WebPage","@id":"https:\/\/endormoonstore.com\/en\/talking-scarred-chucky-bride-of-chucky-mezco-designer-series-mega-scale\/","url":"https:\/\/endormoonstore.com\/en\/talking-scarred-chucky-bride-of-chucky-mezco-designer-series-mega-scale\/","name":"Talking Scarred Chucky Bride of Chucky Mezco Designer Series Mega Scale - EndormoonStore","isPartOf":{"@id":"https:\/\/endormoonstore.com\/#website"},"primaryImageOfPage":{"@id":"https:\/\/endormoonstore.com\/en\/talking-scarred-chucky-bride-of-chucky-mezco-designer-series-mega-scale\/#primaryimage"},"image":{"@id":"https:\/\/endormoonstore.com\/en\/talking-scarred-chucky-bride-of-chucky-mezco-designer-series-mega-scale\/#primaryimage"},"thumbnailUrl":"https:\/\/endormoonstore.com\/wp-content\/uploads\/2023\/05\/Talking-Scarred-Chucky-Bride-of-Chucky-Mezco-Designer-Series-Mega-Scale-1.jpeg","datePublished":"2025-02-24T01:50:44+00:00","dateModified":"2025-05-28T21:02:49+00:00","breadcrumb":{"@id":"https:\/\/endormoonstore.com\/en\/talking-scarred-chucky-bride-of-chucky-mezco-designer-series-mega-scale\/#breadcrumb"},"inLanguage":"en-US","potentialAction":[{"@type":"ReadAction","target":["https:\/\/endormoonstore.com\/en\/talking-scarred-chucky-bride-of-chucky-mezco-designer-series-mega-scale\/"]}]},{"@type":"ImageObject","inLanguage":"en-US","@id":"https:\/\/endormoonstore.com\/en\/talking-scarred-chucky-bride-of-chucky-mezco-designer-series-mega-scale\/#primaryimage","url":"https:\/\/endormoonstore.com\/wp-content\/uploads\/2023\/05\/Talking-Scarred-Chucky-Bride-of-Chucky-Mezco-Designer-Series-Mega-Scale-1.jpeg","contentUrl":"https:\/\/endormoonstore.com\/wp-content\/uploads\/2023\/05\/Talking-Scarred-Chucky-Bride-of-Chucky-Mezco-Designer-Series-Mega-Scale-1.jpeg","width":800,"height":800},{"@type":"BreadcrumbList","@id":"https:\/\/endormoonstore.com\/en\/talking-scarred-chucky-bride-of-chucky-mezco-designer-series-mega-scale\/#breadcrumb","itemListElement":[{"@type":"ListItem","position":1,"name":"Shop","item":"https:\/\/endormoonstore.com\/en\/shop\/"},{"@type":"ListItem","position":2,"name":"Talking Scarred Chucky Bride of Chucky Mezco Designer Series Mega Scale"}]},{"@type":"WebSite","@id":"https:\/\/endormoonstore.com\/#website","url":"https:\/\/endormoonstore.com\/","name":"EndormoonStore","description":"","potentialAction":[{"@type":"SearchAction","target":{"@type":"EntryPoint","urlTemplate":"https:\/\/endormoonstore.com\/?s={search_term_string}"},"query-input":{"@type":"PropertyValueSpecification","valueRequired":true,"valueName":"search_term_string"}}],"inLanguage":"en-US"}]}},"taxonomy_info":{"product_cat":[{"value":1384,"label":"Pre-orders"}],"pa_brand":[{"value":1638,"label":"Mezco Toyz"}],"pa_character":[{"value":9529,"label":"Chucky"}],"pa_license":[{"value":6711,"label":"Chucky"}],"pa_product-type":[{"value":2387,"label":"Figure"}],"pa_theme":[{"value":4877,"label":"MDS Mega Scale"}]},"featured_image_src_large":["https:\/\/endormoonstore.com\/wp-content\/uploads\/2023\/05\/Talking-Scarred-Chucky-Bride-of-Chucky-Mezco-Designer-Series-Mega-Scale-1.jpeg",800,800,false],"author_info":[],"comment_info":"","_links":{"self":[{"href":"https:\/\/endormoonstore.com\/en\/wp-json\/wp\/v2\/product\/146499","targetHints":{"allow":["GET"]}}],"collection":[{"href":"https:\/\/endormoonstore.com\/en\/wp-json\/wp\/v2\/product"}],"about":[{"href":"https:\/\/endormoonstore.com\/en\/wp-json\/wp\/v2\/types\/product"}],"wp:featuredmedia":[{"embeddable":true,"href":"https:\/\/endormoonstore.com\/en\/wp-json\/wp\/v2\/media\/146483"}],"wp:attachment":[{"href":"https:\/\/endormoonstore.com\/en\/wp-json\/wp\/v2\/media?parent=146499"}],"wp:term":[{"taxonomy":"product_cat","embeddable":true,"href":"https:\/\/endormoonstore.com\/en\/wp-json\/wp\/v2\/product_cat?post=146499"},{"taxonomy":"product_tag","embeddable":true,"href":"https:\/\/endormoonstore.com\/en\/wp-json\/wp\/v2\/product_tag?post=146499"}],"curies":[{"name":"wp","href":"https:\/\/api.w.org\/{rel}","templated":true}]}}