{"id":146421,"date":"2023-05-15T00:55:39","date_gmt":"2023-05-14T22:55:39","guid":{"rendered":"https:\/\/endormoonstore.com\/star-wars-the-vintage-collection-arc-commander-colt\/"},"modified":"2023-05-19T20:44:43","modified_gmt":"2023-05-19T18:44:43","slug":"star-wars-the-vintage-collection-arc-commander-colt","status":"publish","type":"product","link":"https:\/\/endormoonstore.com\/en\/star-wars-the-vintage-collection-arc-commander-colt\/","title":{"rendered":"Star Wars The Vintage Collection ARC Commander Colt"},"content":{"rendered":"<p class=\"p1\"><strong>Star Wars The Vintage Collection ARC Commander Colt<\/strong><\/p>\n<ul>\n<li>\n<div class=\"pull-left margenDatosSecundarios\">\n<div id=\"ctl00_MainContent_dvSinopsis\" class=\"pull-left w100\">\n<div class=\"pull-left w100 text-justify well well-lg text-primary\"><span id=\"ctl00_MainContent_txtSinpsis\">Hasbro presenta dentro de su colecci\u00f3n Vintage la figura del Comandante Car Colt, de la serie Clone Wars.\u00a0<\/span><\/div>\n<\/div>\n<\/div>\n<\/li>\n<li>Colt sirvi\u00f3 en Rancor Battalion con ARC Commander Havoc y ayud\u00f3 a administrar el entrenamiento de cadetes en el mundo Kamino. Protegi\u00f3 Ciudad Tipoca durante un ataque a Kamino por parte de la asesina Asajj Ventress, donde se enfrent\u00f3 a Grievous y, finalmente, a la propia Ventress.<\/li>\n<li>Esta figura con detalles y dise\u00f1o de primera calidad en m\u00faltiples puntos de articulaci\u00f3n de mide 9.5 cent\u00edmetros, se presenta en el embalaje con el dise\u00f1o cl\u00e1sico de Kenner<\/li>\n<li><span id=\"ctl00_MainContent_txtSinpsis\">Incluye 5 accesorios, incluyendo un casco removible<\/span><\/li>\n<\/ul>\n","protected":false},"excerpt":{"rendered":"<p class=\"p1\"><strong>Star Wars The Vintage Collection ARC Commander Colt<\/strong><\/p>\n<p class=\"p1\">Hasbro presenta dentro de su colecci\u00f3n Vintage la figura del Comandante Car Colt, de la serie Clone Wars.<\/p>\n","protected":false},"featured_media":146416,"template":"","meta":{"_acf_changed":false,"_kad_blocks_custom_css":"","_kad_blocks_head_custom_js":"","_kad_blocks_body_custom_js":"","_kad_blocks_footer_custom_js":""},"product_cat":[1390,13511],"product_tag":[],"class_list":{"0":"post-146421","1":"product","2":"type-product","3":"status-publish","4":"has-post-thumbnail","6":"product_cat-figures","7":"product_cat-new-arrivals","8":"pa_brand-hasbro-en","9":"pa_character-arc-commander-colt-en","10":"pa_episode-star-wars-the-clone-wars-en","11":"pa_license-star-wars-en","12":"pa_product-type-figure","13":"pa_theme-the-vintage-collection-en","15":"first","16":"outofstock","17":"taxable","18":"shipping-taxable","19":"purchasable","20":"product-type-simple"},"acf":[],"yoast_head":"<!-- This site is optimized with the Yoast SEO plugin v26.1.1 - https:\/\/yoast.com\/wordpress\/plugins\/seo\/ -->\n<title>Star Wars The Vintage Collection ARC Commander Colt - EndormoonStore<\/title>\n<meta name=\"robots\" content=\"index, follow, max-snippet:-1, max-image-preview:large, max-video-preview:-1\" \/>\n<link rel=\"canonical\" href=\"https:\/\/endormoonstore.com\/en\/star-wars-the-vintage-collection-arc-commander-colt\/\" \/>\n<meta property=\"og:locale\" content=\"en_US\" \/>\n<meta property=\"og:type\" content=\"article\" \/>\n<meta property=\"og:title\" content=\"Star Wars The Vintage Collection ARC Commander Colt - EndormoonStore\" \/>\n<meta property=\"og:description\" content=\"Star Wars The Vintage Collection ARC Commander Colt Hasbro presenta dentro de su colecci\u00f3n Vintage la figura del Comandante Car Colt, de la serie Clone Wars.\" \/>\n<meta property=\"og:url\" content=\"https:\/\/endormoonstore.com\/en\/star-wars-the-vintage-collection-arc-commander-colt\/\" \/>\n<meta property=\"og:site_name\" content=\"EndormoonStore\" \/>\n<meta property=\"article:modified_time\" content=\"2023-05-19T18:44:43+00:00\" \/>\n<meta property=\"og:image\" content=\"https:\/\/endormoonstore.com\/wp-content\/uploads\/2023\/05\/Star-Wars-The-Vintage-Collection-ARC-Commander-Colt-1.jpg\" \/>\n\t<meta property=\"og:image:width\" content=\"1000\" \/>\n\t<meta property=\"og:image:height\" content=\"1000\" \/>\n\t<meta property=\"og:image:type\" content=\"image\/jpeg\" \/>\n<meta name=\"twitter:card\" content=\"summary_large_image\" \/>\n<meta name=\"twitter:label1\" content=\"Est. reading time\" \/>\n\t<meta name=\"twitter:data1\" content=\"1 minute\" \/>\n<script type=\"application\/ld+json\" class=\"yoast-schema-graph\">{\"@context\":\"https:\/\/schema.org\",\"@graph\":[{\"@type\":\"WebPage\",\"@id\":\"https:\/\/endormoonstore.com\/en\/star-wars-the-vintage-collection-arc-commander-colt\/\",\"url\":\"https:\/\/endormoonstore.com\/en\/star-wars-the-vintage-collection-arc-commander-colt\/\",\"name\":\"Star Wars The Vintage Collection ARC Commander Colt - EndormoonStore\",\"isPartOf\":{\"@id\":\"https:\/\/endormoonstore.com\/#website\"},\"primaryImageOfPage\":{\"@id\":\"https:\/\/endormoonstore.com\/en\/star-wars-the-vintage-collection-arc-commander-colt\/#primaryimage\"},\"image\":{\"@id\":\"https:\/\/endormoonstore.com\/en\/star-wars-the-vintage-collection-arc-commander-colt\/#primaryimage\"},\"thumbnailUrl\":\"https:\/\/endormoonstore.com\/wp-content\/uploads\/2023\/05\/Star-Wars-The-Vintage-Collection-ARC-Commander-Colt-1.jpg\",\"datePublished\":\"2023-05-14T22:55:39+00:00\",\"dateModified\":\"2023-05-19T18:44:43+00:00\",\"breadcrumb\":{\"@id\":\"https:\/\/endormoonstore.com\/en\/star-wars-the-vintage-collection-arc-commander-colt\/#breadcrumb\"},\"inLanguage\":\"en-US\",\"potentialAction\":[{\"@type\":\"ReadAction\",\"target\":[\"https:\/\/endormoonstore.com\/en\/star-wars-the-vintage-collection-arc-commander-colt\/\"]}]},{\"@type\":\"ImageObject\",\"inLanguage\":\"en-US\",\"@id\":\"https:\/\/endormoonstore.com\/en\/star-wars-the-vintage-collection-arc-commander-colt\/#primaryimage\",\"url\":\"https:\/\/endormoonstore.com\/wp-content\/uploads\/2023\/05\/Star-Wars-The-Vintage-Collection-ARC-Commander-Colt-1.jpg\",\"contentUrl\":\"https:\/\/endormoonstore.com\/wp-content\/uploads\/2023\/05\/Star-Wars-The-Vintage-Collection-ARC-Commander-Colt-1.jpg\",\"width\":1000,\"height\":1000},{\"@type\":\"BreadcrumbList\",\"@id\":\"https:\/\/endormoonstore.com\/en\/star-wars-the-vintage-collection-arc-commander-colt\/#breadcrumb\",\"itemListElement\":[{\"@type\":\"ListItem\",\"position\":1,\"name\":\"Shop\",\"item\":\"https:\/\/endormoonstore.com\/en\/shop\/\"},{\"@type\":\"ListItem\",\"position\":2,\"name\":\"Star Wars The Vintage Collection ARC Commander Colt\"}]},{\"@type\":\"WebSite\",\"@id\":\"https:\/\/endormoonstore.com\/#website\",\"url\":\"https:\/\/endormoonstore.com\/\",\"name\":\"EndormoonStore\",\"description\":\"\",\"potentialAction\":[{\"@type\":\"SearchAction\",\"target\":{\"@type\":\"EntryPoint\",\"urlTemplate\":\"https:\/\/endormoonstore.com\/?s={search_term_string}\"},\"query-input\":{\"@type\":\"PropertyValueSpecification\",\"valueRequired\":true,\"valueName\":\"search_term_string\"}}],\"inLanguage\":\"en-US\"}]}<\/script>\n<!-- \/ Yoast SEO plugin. -->","yoast_head_json":{"title":"Star Wars The Vintage Collection ARC Commander Colt - EndormoonStore","robots":{"index":"index","follow":"follow","max-snippet":"max-snippet:-1","max-image-preview":"max-image-preview:large","max-video-preview":"max-video-preview:-1"},"canonical":"https:\/\/endormoonstore.com\/en\/star-wars-the-vintage-collection-arc-commander-colt\/","og_locale":"en_US","og_type":"article","og_title":"Star Wars The Vintage Collection ARC Commander Colt - EndormoonStore","og_description":"Star Wars The Vintage Collection ARC Commander Colt Hasbro presenta dentro de su colecci\u00f3n Vintage la figura del Comandante Car Colt, de la serie Clone Wars.","og_url":"https:\/\/endormoonstore.com\/en\/star-wars-the-vintage-collection-arc-commander-colt\/","og_site_name":"EndormoonStore","article_modified_time":"2023-05-19T18:44:43+00:00","og_image":[{"width":1000,"height":1000,"url":"https:\/\/endormoonstore.com\/wp-content\/uploads\/2023\/05\/Star-Wars-The-Vintage-Collection-ARC-Commander-Colt-1.jpg","type":"image\/jpeg"}],"twitter_card":"summary_large_image","twitter_misc":{"Est. reading time":"1 minute"},"schema":{"@context":"https:\/\/schema.org","@graph":[{"@type":"WebPage","@id":"https:\/\/endormoonstore.com\/en\/star-wars-the-vintage-collection-arc-commander-colt\/","url":"https:\/\/endormoonstore.com\/en\/star-wars-the-vintage-collection-arc-commander-colt\/","name":"Star Wars The Vintage Collection ARC Commander Colt - EndormoonStore","isPartOf":{"@id":"https:\/\/endormoonstore.com\/#website"},"primaryImageOfPage":{"@id":"https:\/\/endormoonstore.com\/en\/star-wars-the-vintage-collection-arc-commander-colt\/#primaryimage"},"image":{"@id":"https:\/\/endormoonstore.com\/en\/star-wars-the-vintage-collection-arc-commander-colt\/#primaryimage"},"thumbnailUrl":"https:\/\/endormoonstore.com\/wp-content\/uploads\/2023\/05\/Star-Wars-The-Vintage-Collection-ARC-Commander-Colt-1.jpg","datePublished":"2023-05-14T22:55:39+00:00","dateModified":"2023-05-19T18:44:43+00:00","breadcrumb":{"@id":"https:\/\/endormoonstore.com\/en\/star-wars-the-vintage-collection-arc-commander-colt\/#breadcrumb"},"inLanguage":"en-US","potentialAction":[{"@type":"ReadAction","target":["https:\/\/endormoonstore.com\/en\/star-wars-the-vintage-collection-arc-commander-colt\/"]}]},{"@type":"ImageObject","inLanguage":"en-US","@id":"https:\/\/endormoonstore.com\/en\/star-wars-the-vintage-collection-arc-commander-colt\/#primaryimage","url":"https:\/\/endormoonstore.com\/wp-content\/uploads\/2023\/05\/Star-Wars-The-Vintage-Collection-ARC-Commander-Colt-1.jpg","contentUrl":"https:\/\/endormoonstore.com\/wp-content\/uploads\/2023\/05\/Star-Wars-The-Vintage-Collection-ARC-Commander-Colt-1.jpg","width":1000,"height":1000},{"@type":"BreadcrumbList","@id":"https:\/\/endormoonstore.com\/en\/star-wars-the-vintage-collection-arc-commander-colt\/#breadcrumb","itemListElement":[{"@type":"ListItem","position":1,"name":"Shop","item":"https:\/\/endormoonstore.com\/en\/shop\/"},{"@type":"ListItem","position":2,"name":"Star Wars The Vintage Collection ARC Commander Colt"}]},{"@type":"WebSite","@id":"https:\/\/endormoonstore.com\/#website","url":"https:\/\/endormoonstore.com\/","name":"EndormoonStore","description":"","potentialAction":[{"@type":"SearchAction","target":{"@type":"EntryPoint","urlTemplate":"https:\/\/endormoonstore.com\/?s={search_term_string}"},"query-input":{"@type":"PropertyValueSpecification","valueRequired":true,"valueName":"search_term_string"}}],"inLanguage":"en-US"}]}},"taxonomy_info":{"product_cat":[{"value":1390,"label":"Figures"},{"value":13511,"label":"New Arrivals"}],"pa_brand":[{"value":2084,"label":"Hasbro"}],"pa_character":[{"value":13662,"label":"ARC Commander Colt"}],"pa_episode":[{"value":2333,"label":"Star Wars: The Clone Wars"}],"pa_license":[{"value":1644,"label":"Star Wars"}],"pa_product-type":[{"value":2387,"label":"Figure"}],"pa_theme":[{"value":1660,"label":"The Vintage Collection"}]},"featured_image_src_large":["https:\/\/endormoonstore.com\/wp-content\/uploads\/2023\/05\/Star-Wars-The-Vintage-Collection-ARC-Commander-Colt-1.jpg",1000,1000,false],"author_info":[],"comment_info":"","_links":{"self":[{"href":"https:\/\/endormoonstore.com\/en\/wp-json\/wp\/v2\/product\/146421","targetHints":{"allow":["GET"]}}],"collection":[{"href":"https:\/\/endormoonstore.com\/en\/wp-json\/wp\/v2\/product"}],"about":[{"href":"https:\/\/endormoonstore.com\/en\/wp-json\/wp\/v2\/types\/product"}],"wp:featuredmedia":[{"embeddable":true,"href":"https:\/\/endormoonstore.com\/en\/wp-json\/wp\/v2\/media\/146416"}],"wp:attachment":[{"href":"https:\/\/endormoonstore.com\/en\/wp-json\/wp\/v2\/media?parent=146421"}],"wp:term":[{"taxonomy":"product_cat","embeddable":true,"href":"https:\/\/endormoonstore.com\/en\/wp-json\/wp\/v2\/product_cat?post=146421"},{"taxonomy":"product_tag","embeddable":true,"href":"https:\/\/endormoonstore.com\/en\/wp-json\/wp\/v2\/product_tag?post=146421"}],"curies":[{"name":"wp","href":"https:\/\/api.w.org\/{rel}","templated":true}]}}