{"id":146351,"date":"2023-05-15T00:35:51","date_gmt":"2023-05-14T22:35:51","guid":{"rendered":"https:\/\/endormoonstore.com\/marvel-legends-series-yondu-guardians-of-the-galaxy\/"},"modified":"2023-05-18T19:55:59","modified_gmt":"2023-05-18T17:55:59","slug":"marvel-legends-series-yondu-guardians-of-the-galaxy","status":"publish","type":"product","link":"https:\/\/endormoonstore.com\/en\/marvel-legends-series-yondu-guardians-of-the-galaxy\/","title":{"rendered":"Marvel Legends Series Yondu Guardians of the Galaxy"},"content":{"rendered":"<p class=\"p1\"><b>Marvel Legends Series Yondu Guardians of the Galaxy<\/b><\/p>\n<ul class=\"ul1\">\n<li class=\"li1\">Hasbro presenta, dentro de la serie Marvel Legends, esta figura de Yondu inspirada en la apariencia del personaje en los c\u00f3mics de Marvel Guardianes de la Galaxia.<\/li>\n<li class=\"li1\">1000 a\u00f1os en el futuro, el centauriano Yondu Udonta se une a los Guardianes de la Galaxia usando su arco y flechas yaka que responden al sonido para derrotar al imperio invasor Badoon.<\/li>\n<li class=\"li1\">Mide 15 cms., dispone de m\u00faltiples puntos de articulaci\u00f3n y cuenta con dise\u00f1o premium.<\/li>\n<li class=\"li1\">Incluye 3 accesorios: arco, aljaba y flecha de yaka.<\/li>\n<\/ul>\n","protected":false},"excerpt":{"rendered":"<p class=\"p1\"><strong>Marvel Legends Series Yondu Guardians of the Galaxy<\/strong><\/p>\n<p class=\"p1\">Hasbro presenta, dentro de la serie Marvel Legends, esta figura de Yondu inspirada en la apariencia del personaje en los c\u00f3mics de Marvel Guardianes de la Galaxia.<\/p>\n","protected":false},"featured_media":146338,"template":"","meta":{"_acf_changed":false,"_kad_blocks_custom_css":"","_kad_blocks_head_custom_js":"","_kad_blocks_body_custom_js":"","_kad_blocks_footer_custom_js":""},"product_cat":[1390,13511],"product_tag":[],"class_list":{"0":"post-146351","1":"product","2":"type-product","3":"status-publish","4":"has-post-thumbnail","6":"product_cat-figures","7":"product_cat-new-arrivals","8":"pa_brand-hasbro-en","9":"pa_character-yondu-en","10":"pa_episode-guardians-of-the-galaxy-en","11":"pa_license-marvel-en","12":"pa_product-type-figure","13":"pa_theme-marvel-legends-series-en","15":"first","16":"instock","17":"taxable","18":"shipping-taxable","19":"purchasable","20":"product-type-simple"},"acf":[],"yoast_head":"<!-- This site is optimized with the Yoast SEO plugin v26.1.1 - https:\/\/yoast.com\/wordpress\/plugins\/seo\/ -->\n<title>Marvel Legends Series Yondu Guardians of the Galaxy - EndormoonStore<\/title>\n<meta name=\"robots\" content=\"index, follow, max-snippet:-1, max-image-preview:large, max-video-preview:-1\" \/>\n<link rel=\"canonical\" href=\"https:\/\/endormoonstore.com\/en\/marvel-legends-series-yondu-guardians-of-the-galaxy\/\" \/>\n<meta property=\"og:locale\" content=\"en_US\" \/>\n<meta property=\"og:type\" content=\"article\" \/>\n<meta property=\"og:title\" content=\"Marvel Legends Series Yondu Guardians of the Galaxy - EndormoonStore\" \/>\n<meta property=\"og:description\" content=\"Marvel Legends Series Yondu Guardians of the Galaxy Hasbro presenta, dentro de la serie Marvel Legends, esta figura de Yondu inspirada en la apariencia del personaje en los c\u00f3mics de Marvel Guardianes de la Galaxia.\" \/>\n<meta property=\"og:url\" content=\"https:\/\/endormoonstore.com\/en\/marvel-legends-series-yondu-guardians-of-the-galaxy\/\" \/>\n<meta property=\"og:site_name\" content=\"EndormoonStore\" \/>\n<meta property=\"article:modified_time\" content=\"2023-05-18T17:55:59+00:00\" \/>\n<meta property=\"og:image\" content=\"https:\/\/endormoonstore.com\/wp-content\/uploads\/2023\/05\/Marvel-Legends-Series-Yondu-Guardians-of-the-Galaxy-1.jpg\" \/>\n\t<meta property=\"og:image:width\" content=\"1000\" \/>\n\t<meta property=\"og:image:height\" content=\"1000\" \/>\n\t<meta property=\"og:image:type\" content=\"image\/jpeg\" \/>\n<meta name=\"twitter:card\" content=\"summary_large_image\" \/>\n<meta name=\"twitter:label1\" content=\"Est. reading time\" \/>\n\t<meta name=\"twitter:data1\" content=\"1 minute\" \/>\n<script type=\"application\/ld+json\" class=\"yoast-schema-graph\">{\"@context\":\"https:\/\/schema.org\",\"@graph\":[{\"@type\":\"WebPage\",\"@id\":\"https:\/\/endormoonstore.com\/en\/marvel-legends-series-yondu-guardians-of-the-galaxy\/\",\"url\":\"https:\/\/endormoonstore.com\/en\/marvel-legends-series-yondu-guardians-of-the-galaxy\/\",\"name\":\"Marvel Legends Series Yondu Guardians of the Galaxy - EndormoonStore\",\"isPartOf\":{\"@id\":\"https:\/\/endormoonstore.com\/#website\"},\"primaryImageOfPage\":{\"@id\":\"https:\/\/endormoonstore.com\/en\/marvel-legends-series-yondu-guardians-of-the-galaxy\/#primaryimage\"},\"image\":{\"@id\":\"https:\/\/endormoonstore.com\/en\/marvel-legends-series-yondu-guardians-of-the-galaxy\/#primaryimage\"},\"thumbnailUrl\":\"https:\/\/endormoonstore.com\/wp-content\/uploads\/2023\/05\/Marvel-Legends-Series-Yondu-Guardians-of-the-Galaxy-1.jpg\",\"datePublished\":\"2023-05-14T22:35:51+00:00\",\"dateModified\":\"2023-05-18T17:55:59+00:00\",\"breadcrumb\":{\"@id\":\"https:\/\/endormoonstore.com\/en\/marvel-legends-series-yondu-guardians-of-the-galaxy\/#breadcrumb\"},\"inLanguage\":\"en-US\",\"potentialAction\":[{\"@type\":\"ReadAction\",\"target\":[\"https:\/\/endormoonstore.com\/en\/marvel-legends-series-yondu-guardians-of-the-galaxy\/\"]}]},{\"@type\":\"ImageObject\",\"inLanguage\":\"en-US\",\"@id\":\"https:\/\/endormoonstore.com\/en\/marvel-legends-series-yondu-guardians-of-the-galaxy\/#primaryimage\",\"url\":\"https:\/\/endormoonstore.com\/wp-content\/uploads\/2023\/05\/Marvel-Legends-Series-Yondu-Guardians-of-the-Galaxy-1.jpg\",\"contentUrl\":\"https:\/\/endormoonstore.com\/wp-content\/uploads\/2023\/05\/Marvel-Legends-Series-Yondu-Guardians-of-the-Galaxy-1.jpg\",\"width\":1000,\"height\":1000},{\"@type\":\"BreadcrumbList\",\"@id\":\"https:\/\/endormoonstore.com\/en\/marvel-legends-series-yondu-guardians-of-the-galaxy\/#breadcrumb\",\"itemListElement\":[{\"@type\":\"ListItem\",\"position\":1,\"name\":\"Shop\",\"item\":\"https:\/\/endormoonstore.com\/en\/shop\/\"},{\"@type\":\"ListItem\",\"position\":2,\"name\":\"Marvel Legends Series Yondu Guardians of the Galaxy\"}]},{\"@type\":\"WebSite\",\"@id\":\"https:\/\/endormoonstore.com\/#website\",\"url\":\"https:\/\/endormoonstore.com\/\",\"name\":\"EndormoonStore\",\"description\":\"\",\"potentialAction\":[{\"@type\":\"SearchAction\",\"target\":{\"@type\":\"EntryPoint\",\"urlTemplate\":\"https:\/\/endormoonstore.com\/?s={search_term_string}\"},\"query-input\":{\"@type\":\"PropertyValueSpecification\",\"valueRequired\":true,\"valueName\":\"search_term_string\"}}],\"inLanguage\":\"en-US\"}]}<\/script>\n<!-- \/ Yoast SEO plugin. -->","yoast_head_json":{"title":"Marvel Legends Series Yondu Guardians of the Galaxy - EndormoonStore","robots":{"index":"index","follow":"follow","max-snippet":"max-snippet:-1","max-image-preview":"max-image-preview:large","max-video-preview":"max-video-preview:-1"},"canonical":"https:\/\/endormoonstore.com\/en\/marvel-legends-series-yondu-guardians-of-the-galaxy\/","og_locale":"en_US","og_type":"article","og_title":"Marvel Legends Series Yondu Guardians of the Galaxy - EndormoonStore","og_description":"Marvel Legends Series Yondu Guardians of the Galaxy Hasbro presenta, dentro de la serie Marvel Legends, esta figura de Yondu inspirada en la apariencia del personaje en los c\u00f3mics de Marvel Guardianes de la Galaxia.","og_url":"https:\/\/endormoonstore.com\/en\/marvel-legends-series-yondu-guardians-of-the-galaxy\/","og_site_name":"EndormoonStore","article_modified_time":"2023-05-18T17:55:59+00:00","og_image":[{"width":1000,"height":1000,"url":"https:\/\/endormoonstore.com\/wp-content\/uploads\/2023\/05\/Marvel-Legends-Series-Yondu-Guardians-of-the-Galaxy-1.jpg","type":"image\/jpeg"}],"twitter_card":"summary_large_image","twitter_misc":{"Est. reading time":"1 minute"},"schema":{"@context":"https:\/\/schema.org","@graph":[{"@type":"WebPage","@id":"https:\/\/endormoonstore.com\/en\/marvel-legends-series-yondu-guardians-of-the-galaxy\/","url":"https:\/\/endormoonstore.com\/en\/marvel-legends-series-yondu-guardians-of-the-galaxy\/","name":"Marvel Legends Series Yondu Guardians of the Galaxy - EndormoonStore","isPartOf":{"@id":"https:\/\/endormoonstore.com\/#website"},"primaryImageOfPage":{"@id":"https:\/\/endormoonstore.com\/en\/marvel-legends-series-yondu-guardians-of-the-galaxy\/#primaryimage"},"image":{"@id":"https:\/\/endormoonstore.com\/en\/marvel-legends-series-yondu-guardians-of-the-galaxy\/#primaryimage"},"thumbnailUrl":"https:\/\/endormoonstore.com\/wp-content\/uploads\/2023\/05\/Marvel-Legends-Series-Yondu-Guardians-of-the-Galaxy-1.jpg","datePublished":"2023-05-14T22:35:51+00:00","dateModified":"2023-05-18T17:55:59+00:00","breadcrumb":{"@id":"https:\/\/endormoonstore.com\/en\/marvel-legends-series-yondu-guardians-of-the-galaxy\/#breadcrumb"},"inLanguage":"en-US","potentialAction":[{"@type":"ReadAction","target":["https:\/\/endormoonstore.com\/en\/marvel-legends-series-yondu-guardians-of-the-galaxy\/"]}]},{"@type":"ImageObject","inLanguage":"en-US","@id":"https:\/\/endormoonstore.com\/en\/marvel-legends-series-yondu-guardians-of-the-galaxy\/#primaryimage","url":"https:\/\/endormoonstore.com\/wp-content\/uploads\/2023\/05\/Marvel-Legends-Series-Yondu-Guardians-of-the-Galaxy-1.jpg","contentUrl":"https:\/\/endormoonstore.com\/wp-content\/uploads\/2023\/05\/Marvel-Legends-Series-Yondu-Guardians-of-the-Galaxy-1.jpg","width":1000,"height":1000},{"@type":"BreadcrumbList","@id":"https:\/\/endormoonstore.com\/en\/marvel-legends-series-yondu-guardians-of-the-galaxy\/#breadcrumb","itemListElement":[{"@type":"ListItem","position":1,"name":"Shop","item":"https:\/\/endormoonstore.com\/en\/shop\/"},{"@type":"ListItem","position":2,"name":"Marvel Legends Series Yondu Guardians of the Galaxy"}]},{"@type":"WebSite","@id":"https:\/\/endormoonstore.com\/#website","url":"https:\/\/endormoonstore.com\/","name":"EndormoonStore","description":"","potentialAction":[{"@type":"SearchAction","target":{"@type":"EntryPoint","urlTemplate":"https:\/\/endormoonstore.com\/?s={search_term_string}"},"query-input":{"@type":"PropertyValueSpecification","valueRequired":true,"valueName":"search_term_string"}}],"inLanguage":"en-US"}]}},"taxonomy_info":{"product_cat":[{"value":1390,"label":"Figures"},{"value":13511,"label":"New Arrivals"}],"pa_brand":[{"value":2084,"label":"Hasbro"}],"pa_character":[{"value":13658,"label":"Yondu"}],"pa_episode":[{"value":13660,"label":"Guardians of the Galaxy"}],"pa_license":[{"value":1642,"label":"Marvel"}],"pa_product-type":[{"value":2387,"label":"Figure"}],"pa_theme":[{"value":2071,"label":"Marvel Legends Series"}]},"featured_image_src_large":["https:\/\/endormoonstore.com\/wp-content\/uploads\/2023\/05\/Marvel-Legends-Series-Yondu-Guardians-of-the-Galaxy-1.jpg",1000,1000,false],"author_info":[],"comment_info":"","_links":{"self":[{"href":"https:\/\/endormoonstore.com\/en\/wp-json\/wp\/v2\/product\/146351","targetHints":{"allow":["GET"]}}],"collection":[{"href":"https:\/\/endormoonstore.com\/en\/wp-json\/wp\/v2\/product"}],"about":[{"href":"https:\/\/endormoonstore.com\/en\/wp-json\/wp\/v2\/types\/product"}],"wp:featuredmedia":[{"embeddable":true,"href":"https:\/\/endormoonstore.com\/en\/wp-json\/wp\/v2\/media\/146338"}],"wp:attachment":[{"href":"https:\/\/endormoonstore.com\/en\/wp-json\/wp\/v2\/media?parent=146351"}],"wp:term":[{"taxonomy":"product_cat","embeddable":true,"href":"https:\/\/endormoonstore.com\/en\/wp-json\/wp\/v2\/product_cat?post=146351"},{"taxonomy":"product_tag","embeddable":true,"href":"https:\/\/endormoonstore.com\/en\/wp-json\/wp\/v2\/product_tag?post=146351"}],"curies":[{"name":"wp","href":"https:\/\/api.w.org\/{rel}","templated":true}]}}