{"id":146251,"date":"2023-05-05T09:35:18","date_gmt":"2023-05-05T06:25:18","guid":{"rendered":"https:\/\/endormoonstore.com\/shanks-uta-one-piece-film-red-ver-figuarts-zero\/"},"modified":"2023-05-09T20:01:39","modified_gmt":"2023-05-09T18:01:39","slug":"shanks-uta-one-piece-film-red-ver-figuarts-zero","status":"publish","type":"product","link":"https:\/\/endormoonstore.com\/en\/shanks-uta-one-piece-film-red-ver-figuarts-zero\/","title":{"rendered":"Shanks &#038; Uta One Piece Film: Red Ver. Figuarts Zero"},"content":{"rendered":"<p class=\"p1\"><b>Shanks &amp; Uta One Piece Film: Red Ver. Figuarts Zero<\/b><\/p>\n<ul class=\"ul1\">\n<li class=\"li1\">Tamashii Nations presenta dentro de su l\u00ednea de figuras Figuarts Zero, esta espectacular figura de Shanks &amp; Uta de la pel\u00edcula de One Piece, One Piece Film: Red.<\/li>\n<li class=\"li1\">Su base compartida evoca a Elegia, la Isla de la M\u00fasica de la pel\u00edcula con Shanks listo para atacar frente al enorme cristal verde que ocupa un lugar destacado en la pel\u00edcula. Mientras tanto, Uta est\u00e1 lista para la acci\u00f3n frente a un grupo de cristales de color pastel.<\/li>\n<li class=\"li1\">La figura mide unos 24 cent\u00edmetros de alto.<\/li>\n<\/ul>\n","protected":false},"excerpt":{"rendered":"<p class=\"p1\"><b>Shanks &amp; Uta One Piece Film: Red Ver. Figuarts Zero<\/b><\/p>\n<p class=\"p1\">Tamashii Nations presenta dentro de su l\u00ednea de figuras Figuarts Zero, esta espectacular figura de Shanks &amp; Uta de la pel\u00edcula de One Piece, One Piece Film: Red.<\/p>\n","protected":false},"featured_media":146224,"template":"","meta":{"_acf_changed":false,"_kad_blocks_custom_css":"","_kad_blocks_head_custom_js":"","_kad_blocks_body_custom_js":"","_kad_blocks_footer_custom_js":""},"product_cat":[1390,13511],"product_tag":[],"class_list":{"0":"post-146251","1":"product","2":"type-product","3":"status-publish","4":"has-post-thumbnail","6":"product_cat-figures","7":"product_cat-new-arrivals","8":"pa_brand-tamashii-nations-en","9":"pa_character-shanks-uta-en","10":"pa_episode-one-piece-film-red-en","11":"pa_license-one-piece-en","12":"pa_product-type-figure","13":"pa_theme-figuarts-zero-en","15":"first","16":"instock","17":"taxable","18":"shipping-taxable","19":"purchasable","20":"product-type-simple"},"acf":[],"yoast_head":"<!-- This site is optimized with the Yoast SEO plugin v26.1.1 - https:\/\/yoast.com\/wordpress\/plugins\/seo\/ -->\n<title>Shanks &amp; Uta One Piece Film: Red Ver. Figuarts Zero - EndormoonStore<\/title>\n<meta name=\"robots\" content=\"index, follow, max-snippet:-1, max-image-preview:large, max-video-preview:-1\" \/>\n<link rel=\"canonical\" href=\"https:\/\/endormoonstore.com\/en\/shanks-uta-one-piece-film-red-ver-figuarts-zero\/\" \/>\n<meta property=\"og:locale\" content=\"en_US\" \/>\n<meta property=\"og:type\" content=\"article\" \/>\n<meta property=\"og:title\" content=\"Shanks &amp; Uta One Piece Film: Red Ver. Figuarts Zero - EndormoonStore\" \/>\n<meta property=\"og:description\" content=\"Shanks &amp; Uta One Piece Film: Red Ver. Figuarts Zero Tamashii Nations presenta dentro de su l\u00ednea de figuras Figuarts Zero, esta espectacular figura de Shanks &amp; Uta de la pel\u00edcula de One Piece, One Piece Film: Red.\" \/>\n<meta property=\"og:url\" content=\"https:\/\/endormoonstore.com\/en\/shanks-uta-one-piece-film-red-ver-figuarts-zero\/\" \/>\n<meta property=\"og:site_name\" content=\"EndormoonStore\" \/>\n<meta property=\"article:modified_time\" content=\"2023-05-09T18:01:39+00:00\" \/>\n<meta property=\"og:image\" content=\"https:\/\/endormoonstore.com\/wp-content\/uploads\/2023\/05\/Shanks-Uta-One-Piece-Film-Red-Ver.-Figuarts-Zero-1.jpg\" \/>\n\t<meta property=\"og:image:width\" content=\"667\" \/>\n\t<meta property=\"og:image:height\" content=\"1000\" \/>\n\t<meta property=\"og:image:type\" content=\"image\/jpeg\" \/>\n<meta name=\"twitter:card\" content=\"summary_large_image\" \/>\n<meta name=\"twitter:label1\" content=\"Est. reading time\" \/>\n\t<meta name=\"twitter:data1\" content=\"1 minute\" \/>\n<script type=\"application\/ld+json\" class=\"yoast-schema-graph\">{\"@context\":\"https:\/\/schema.org\",\"@graph\":[{\"@type\":\"WebPage\",\"@id\":\"https:\/\/endormoonstore.com\/en\/shanks-uta-one-piece-film-red-ver-figuarts-zero\/\",\"url\":\"https:\/\/endormoonstore.com\/en\/shanks-uta-one-piece-film-red-ver-figuarts-zero\/\",\"name\":\"Shanks & Uta One Piece Film: Red Ver. Figuarts Zero - EndormoonStore\",\"isPartOf\":{\"@id\":\"https:\/\/endormoonstore.com\/#website\"},\"primaryImageOfPage\":{\"@id\":\"https:\/\/endormoonstore.com\/en\/shanks-uta-one-piece-film-red-ver-figuarts-zero\/#primaryimage\"},\"image\":{\"@id\":\"https:\/\/endormoonstore.com\/en\/shanks-uta-one-piece-film-red-ver-figuarts-zero\/#primaryimage\"},\"thumbnailUrl\":\"https:\/\/endormoonstore.com\/wp-content\/uploads\/2023\/05\/Shanks-Uta-One-Piece-Film-Red-Ver.-Figuarts-Zero-1.jpg\",\"datePublished\":\"2023-05-05T06:25:18+00:00\",\"dateModified\":\"2023-05-09T18:01:39+00:00\",\"breadcrumb\":{\"@id\":\"https:\/\/endormoonstore.com\/en\/shanks-uta-one-piece-film-red-ver-figuarts-zero\/#breadcrumb\"},\"inLanguage\":\"en-US\",\"potentialAction\":[{\"@type\":\"ReadAction\",\"target\":[\"https:\/\/endormoonstore.com\/en\/shanks-uta-one-piece-film-red-ver-figuarts-zero\/\"]}]},{\"@type\":\"ImageObject\",\"inLanguage\":\"en-US\",\"@id\":\"https:\/\/endormoonstore.com\/en\/shanks-uta-one-piece-film-red-ver-figuarts-zero\/#primaryimage\",\"url\":\"https:\/\/endormoonstore.com\/wp-content\/uploads\/2023\/05\/Shanks-Uta-One-Piece-Film-Red-Ver.-Figuarts-Zero-1.jpg\",\"contentUrl\":\"https:\/\/endormoonstore.com\/wp-content\/uploads\/2023\/05\/Shanks-Uta-One-Piece-Film-Red-Ver.-Figuarts-Zero-1.jpg\",\"width\":667,\"height\":1000},{\"@type\":\"BreadcrumbList\",\"@id\":\"https:\/\/endormoonstore.com\/en\/shanks-uta-one-piece-film-red-ver-figuarts-zero\/#breadcrumb\",\"itemListElement\":[{\"@type\":\"ListItem\",\"position\":1,\"name\":\"Shop\",\"item\":\"https:\/\/endormoonstore.com\/en\/shop\/\"},{\"@type\":\"ListItem\",\"position\":2,\"name\":\"Shanks &#038; Uta One Piece Film: Red Ver. Figuarts Zero\"}]},{\"@type\":\"WebSite\",\"@id\":\"https:\/\/endormoonstore.com\/#website\",\"url\":\"https:\/\/endormoonstore.com\/\",\"name\":\"EndormoonStore\",\"description\":\"\",\"potentialAction\":[{\"@type\":\"SearchAction\",\"target\":{\"@type\":\"EntryPoint\",\"urlTemplate\":\"https:\/\/endormoonstore.com\/?s={search_term_string}\"},\"query-input\":{\"@type\":\"PropertyValueSpecification\",\"valueRequired\":true,\"valueName\":\"search_term_string\"}}],\"inLanguage\":\"en-US\"}]}<\/script>\n<!-- \/ Yoast SEO plugin. -->","yoast_head_json":{"title":"Shanks & Uta One Piece Film: Red Ver. Figuarts Zero - EndormoonStore","robots":{"index":"index","follow":"follow","max-snippet":"max-snippet:-1","max-image-preview":"max-image-preview:large","max-video-preview":"max-video-preview:-1"},"canonical":"https:\/\/endormoonstore.com\/en\/shanks-uta-one-piece-film-red-ver-figuarts-zero\/","og_locale":"en_US","og_type":"article","og_title":"Shanks & Uta One Piece Film: Red Ver. Figuarts Zero - EndormoonStore","og_description":"Shanks &amp; Uta One Piece Film: Red Ver. Figuarts Zero Tamashii Nations presenta dentro de su l\u00ednea de figuras Figuarts Zero, esta espectacular figura de Shanks &amp; Uta de la pel\u00edcula de One Piece, One Piece Film: Red.","og_url":"https:\/\/endormoonstore.com\/en\/shanks-uta-one-piece-film-red-ver-figuarts-zero\/","og_site_name":"EndormoonStore","article_modified_time":"2023-05-09T18:01:39+00:00","og_image":[{"width":667,"height":1000,"url":"https:\/\/endormoonstore.com\/wp-content\/uploads\/2023\/05\/Shanks-Uta-One-Piece-Film-Red-Ver.-Figuarts-Zero-1.jpg","type":"image\/jpeg"}],"twitter_card":"summary_large_image","twitter_misc":{"Est. reading time":"1 minute"},"schema":{"@context":"https:\/\/schema.org","@graph":[{"@type":"WebPage","@id":"https:\/\/endormoonstore.com\/en\/shanks-uta-one-piece-film-red-ver-figuarts-zero\/","url":"https:\/\/endormoonstore.com\/en\/shanks-uta-one-piece-film-red-ver-figuarts-zero\/","name":"Shanks & Uta One Piece Film: Red Ver. Figuarts Zero - EndormoonStore","isPartOf":{"@id":"https:\/\/endormoonstore.com\/#website"},"primaryImageOfPage":{"@id":"https:\/\/endormoonstore.com\/en\/shanks-uta-one-piece-film-red-ver-figuarts-zero\/#primaryimage"},"image":{"@id":"https:\/\/endormoonstore.com\/en\/shanks-uta-one-piece-film-red-ver-figuarts-zero\/#primaryimage"},"thumbnailUrl":"https:\/\/endormoonstore.com\/wp-content\/uploads\/2023\/05\/Shanks-Uta-One-Piece-Film-Red-Ver.-Figuarts-Zero-1.jpg","datePublished":"2023-05-05T06:25:18+00:00","dateModified":"2023-05-09T18:01:39+00:00","breadcrumb":{"@id":"https:\/\/endormoonstore.com\/en\/shanks-uta-one-piece-film-red-ver-figuarts-zero\/#breadcrumb"},"inLanguage":"en-US","potentialAction":[{"@type":"ReadAction","target":["https:\/\/endormoonstore.com\/en\/shanks-uta-one-piece-film-red-ver-figuarts-zero\/"]}]},{"@type":"ImageObject","inLanguage":"en-US","@id":"https:\/\/endormoonstore.com\/en\/shanks-uta-one-piece-film-red-ver-figuarts-zero\/#primaryimage","url":"https:\/\/endormoonstore.com\/wp-content\/uploads\/2023\/05\/Shanks-Uta-One-Piece-Film-Red-Ver.-Figuarts-Zero-1.jpg","contentUrl":"https:\/\/endormoonstore.com\/wp-content\/uploads\/2023\/05\/Shanks-Uta-One-Piece-Film-Red-Ver.-Figuarts-Zero-1.jpg","width":667,"height":1000},{"@type":"BreadcrumbList","@id":"https:\/\/endormoonstore.com\/en\/shanks-uta-one-piece-film-red-ver-figuarts-zero\/#breadcrumb","itemListElement":[{"@type":"ListItem","position":1,"name":"Shop","item":"https:\/\/endormoonstore.com\/en\/shop\/"},{"@type":"ListItem","position":2,"name":"Shanks &#038; Uta One Piece Film: Red Ver. Figuarts Zero"}]},{"@type":"WebSite","@id":"https:\/\/endormoonstore.com\/#website","url":"https:\/\/endormoonstore.com\/","name":"EndormoonStore","description":"","potentialAction":[{"@type":"SearchAction","target":{"@type":"EntryPoint","urlTemplate":"https:\/\/endormoonstore.com\/?s={search_term_string}"},"query-input":{"@type":"PropertyValueSpecification","valueRequired":true,"valueName":"search_term_string"}}],"inLanguage":"en-US"}]}},"taxonomy_info":{"product_cat":[{"value":1390,"label":"Figures"},{"value":13511,"label":"New Arrivals"}],"pa_brand":[{"value":2096,"label":"Tamashii Nations"}],"pa_character":[{"value":13650,"label":"Shanks &amp; Uta"}],"pa_episode":[{"value":13652,"label":"One Piece Film: Red"}],"pa_license":[{"value":2894,"label":"One Piece"}],"pa_product-type":[{"value":2387,"label":"Figure"}],"pa_theme":[{"value":2900,"label":"Figuarts Zero"}]},"featured_image_src_large":["https:\/\/endormoonstore.com\/wp-content\/uploads\/2023\/05\/Shanks-Uta-One-Piece-Film-Red-Ver.-Figuarts-Zero-1.jpg",667,1000,false],"author_info":[],"comment_info":"","_links":{"self":[{"href":"https:\/\/endormoonstore.com\/en\/wp-json\/wp\/v2\/product\/146251","targetHints":{"allow":["GET"]}}],"collection":[{"href":"https:\/\/endormoonstore.com\/en\/wp-json\/wp\/v2\/product"}],"about":[{"href":"https:\/\/endormoonstore.com\/en\/wp-json\/wp\/v2\/types\/product"}],"wp:featuredmedia":[{"embeddable":true,"href":"https:\/\/endormoonstore.com\/en\/wp-json\/wp\/v2\/media\/146224"}],"wp:attachment":[{"href":"https:\/\/endormoonstore.com\/en\/wp-json\/wp\/v2\/media?parent=146251"}],"wp:term":[{"taxonomy":"product_cat","embeddable":true,"href":"https:\/\/endormoonstore.com\/en\/wp-json\/wp\/v2\/product_cat?post=146251"},{"taxonomy":"product_tag","embeddable":true,"href":"https:\/\/endormoonstore.com\/en\/wp-json\/wp\/v2\/product_tag?post=146251"}],"curies":[{"name":"wp","href":"https:\/\/api.w.org\/{rel}","templated":true}]}}