{"id":146143,"date":"2023-05-05T03:20:31","date_gmt":"2023-05-07T17:48:31","guid":{"rendered":"https:\/\/endormoonstore.com\/star-wars-retro-collection-the-mandalorian-prototype-edition\/"},"modified":"2023-05-07T20:18:14","modified_gmt":"2023-05-07T18:18:14","slug":"star-wars-retro-collection-the-mandalorian-prototype-edition","status":"publish","type":"product","link":"https:\/\/endormoonstore.com\/en\/star-wars-retro-collection-the-mandalorian-prototype-edition\/","title":{"rendered":"Star Wars Retro Collection The Mandalorian Prototype Edition"},"content":{"rendered":"<p class=\"p1\"><b>Star Wars Retro Collection The Mandalorian Prototype Edition<\/b><\/p>\n<ul class=\"ul1\">\n<li class=\"li1\">Hasbro presenta dentro de su l\u00ednea Retro Collection la figura del Mandaloriano de la serie &#8220;Star Wars The Mandalorian&#8221; que emite Disney+.<\/li>\n<li class=\"li1\">El Mandaloriano est\u00e1 desgastado por la batalla y tiene los labios apretados, un cazarrecompensas formidable en una galaxia cada vez m\u00e1s peligrosa.<\/li>\n<li class=\"li1\">Se trata de una figura con m\u00faltiples puntos de articulaci\u00f3n y dise\u00f1o premium, de 9,5 cm de alto.<\/li>\n<li class=\"li1\">Se incluyen 2 armas como accesorios. Tanto la figura como el packaging han sido coloreados imitando el estilo Retro Pop propio del arte cultural de los a\u00f1os 70.<\/li>\n<li class=\"li1\">Los colores son aleatorios. Si quiere un color en concreto no dude en mandar un mensaje para ver si nos queda.<\/li>\n<\/ul>\n","protected":false},"excerpt":{"rendered":"<p><strong>Star Wars Retro Collection The Mandalorian Prototype Edition<\/strong><\/p>\n<p>Hasbro presenta dentro de su l\u00ednea Retro Collection la figura del Mandaloriano de la serie &#8220;Star Wars The Mandalorian&#8221; que emite Disney+.<\/p>\n","protected":false},"featured_media":146132,"template":"","meta":{"_acf_changed":false,"_kad_blocks_custom_css":"","_kad_blocks_head_custom_js":"","_kad_blocks_body_custom_js":"","_kad_blocks_footer_custom_js":""},"product_cat":[1390,13511],"product_tag":[],"class_list":{"0":"post-146143","1":"product","2":"type-product","3":"status-publish","4":"has-post-thumbnail","6":"product_cat-figures","7":"product_cat-new-arrivals","8":"pa_brand-hasbro-en","9":"pa_character-the-mandalorian-en","10":"pa_episode-the-mandalorian-en","11":"pa_license-star-wars-en","12":"pa_product-type-figure","13":"pa_theme-retro-collection-en","15":"first","16":"instock","17":"taxable","18":"shipping-taxable","19":"purchasable","20":"product-type-simple"},"acf":[],"yoast_head":"<!-- This site is optimized with the Yoast SEO plugin v26.1.1 - https:\/\/yoast.com\/wordpress\/plugins\/seo\/ -->\n<title>Star Wars Retro Collection The Mandalorian Prototype Edition - EndormoonStore<\/title>\n<meta name=\"robots\" content=\"index, follow, max-snippet:-1, max-image-preview:large, max-video-preview:-1\" \/>\n<link rel=\"canonical\" href=\"https:\/\/endormoonstore.com\/en\/star-wars-retro-collection-the-mandalorian-prototype-edition\/\" \/>\n<meta property=\"og:locale\" content=\"en_US\" \/>\n<meta property=\"og:type\" content=\"article\" \/>\n<meta property=\"og:title\" content=\"Star Wars Retro Collection The Mandalorian Prototype Edition - EndormoonStore\" \/>\n<meta property=\"og:description\" content=\"Star Wars Retro Collection The Mandalorian Prototype Edition  Hasbro presenta dentro de su l\u00ednea Retro Collection la figura del Mandaloriano de la serie &quot;Star Wars The Mandalorian&quot; que emite Disney+.\" \/>\n<meta property=\"og:url\" content=\"https:\/\/endormoonstore.com\/en\/star-wars-retro-collection-the-mandalorian-prototype-edition\/\" \/>\n<meta property=\"og:site_name\" content=\"EndormoonStore\" \/>\n<meta property=\"article:modified_time\" content=\"2023-05-07T18:18:14+00:00\" \/>\n<meta property=\"og:image\" content=\"https:\/\/endormoonstore.com\/wp-content\/uploads\/2023\/05\/Star-Wars-Retro-Collection-The-Mandalorian-1.jpg\" \/>\n\t<meta property=\"og:image:width\" content=\"1000\" \/>\n\t<meta property=\"og:image:height\" content=\"1000\" \/>\n\t<meta property=\"og:image:type\" content=\"image\/jpeg\" \/>\n<meta name=\"twitter:card\" content=\"summary_large_image\" \/>\n<meta name=\"twitter:label1\" content=\"Est. reading time\" \/>\n\t<meta name=\"twitter:data1\" content=\"1 minute\" \/>\n<script type=\"application\/ld+json\" class=\"yoast-schema-graph\">{\"@context\":\"https:\/\/schema.org\",\"@graph\":[{\"@type\":\"WebPage\",\"@id\":\"https:\/\/endormoonstore.com\/en\/star-wars-retro-collection-the-mandalorian-prototype-edition\/\",\"url\":\"https:\/\/endormoonstore.com\/en\/star-wars-retro-collection-the-mandalorian-prototype-edition\/\",\"name\":\"Star Wars Retro Collection The Mandalorian Prototype Edition - EndormoonStore\",\"isPartOf\":{\"@id\":\"https:\/\/endormoonstore.com\/#website\"},\"primaryImageOfPage\":{\"@id\":\"https:\/\/endormoonstore.com\/en\/star-wars-retro-collection-the-mandalorian-prototype-edition\/#primaryimage\"},\"image\":{\"@id\":\"https:\/\/endormoonstore.com\/en\/star-wars-retro-collection-the-mandalorian-prototype-edition\/#primaryimage\"},\"thumbnailUrl\":\"https:\/\/endormoonstore.com\/wp-content\/uploads\/2023\/05\/Star-Wars-Retro-Collection-The-Mandalorian-1.jpg\",\"datePublished\":\"2023-05-07T17:48:31+00:00\",\"dateModified\":\"2023-05-07T18:18:14+00:00\",\"breadcrumb\":{\"@id\":\"https:\/\/endormoonstore.com\/en\/star-wars-retro-collection-the-mandalorian-prototype-edition\/#breadcrumb\"},\"inLanguage\":\"en-US\",\"potentialAction\":[{\"@type\":\"ReadAction\",\"target\":[\"https:\/\/endormoonstore.com\/en\/star-wars-retro-collection-the-mandalorian-prototype-edition\/\"]}]},{\"@type\":\"ImageObject\",\"inLanguage\":\"en-US\",\"@id\":\"https:\/\/endormoonstore.com\/en\/star-wars-retro-collection-the-mandalorian-prototype-edition\/#primaryimage\",\"url\":\"https:\/\/endormoonstore.com\/wp-content\/uploads\/2023\/05\/Star-Wars-Retro-Collection-The-Mandalorian-1.jpg\",\"contentUrl\":\"https:\/\/endormoonstore.com\/wp-content\/uploads\/2023\/05\/Star-Wars-Retro-Collection-The-Mandalorian-1.jpg\",\"width\":1000,\"height\":1000},{\"@type\":\"BreadcrumbList\",\"@id\":\"https:\/\/endormoonstore.com\/en\/star-wars-retro-collection-the-mandalorian-prototype-edition\/#breadcrumb\",\"itemListElement\":[{\"@type\":\"ListItem\",\"position\":1,\"name\":\"Shop\",\"item\":\"https:\/\/endormoonstore.com\/en\/shop\/\"},{\"@type\":\"ListItem\",\"position\":2,\"name\":\"Star Wars Retro Collection The Mandalorian Prototype Edition\"}]},{\"@type\":\"WebSite\",\"@id\":\"https:\/\/endormoonstore.com\/#website\",\"url\":\"https:\/\/endormoonstore.com\/\",\"name\":\"EndormoonStore\",\"description\":\"\",\"potentialAction\":[{\"@type\":\"SearchAction\",\"target\":{\"@type\":\"EntryPoint\",\"urlTemplate\":\"https:\/\/endormoonstore.com\/?s={search_term_string}\"},\"query-input\":{\"@type\":\"PropertyValueSpecification\",\"valueRequired\":true,\"valueName\":\"search_term_string\"}}],\"inLanguage\":\"en-US\"}]}<\/script>\n<!-- \/ Yoast SEO plugin. -->","yoast_head_json":{"title":"Star Wars Retro Collection The Mandalorian Prototype Edition - EndormoonStore","robots":{"index":"index","follow":"follow","max-snippet":"max-snippet:-1","max-image-preview":"max-image-preview:large","max-video-preview":"max-video-preview:-1"},"canonical":"https:\/\/endormoonstore.com\/en\/star-wars-retro-collection-the-mandalorian-prototype-edition\/","og_locale":"en_US","og_type":"article","og_title":"Star Wars Retro Collection The Mandalorian Prototype Edition - EndormoonStore","og_description":"Star Wars Retro Collection The Mandalorian Prototype Edition  Hasbro presenta dentro de su l\u00ednea Retro Collection la figura del Mandaloriano de la serie \"Star Wars The Mandalorian\" que emite Disney+.","og_url":"https:\/\/endormoonstore.com\/en\/star-wars-retro-collection-the-mandalorian-prototype-edition\/","og_site_name":"EndormoonStore","article_modified_time":"2023-05-07T18:18:14+00:00","og_image":[{"width":1000,"height":1000,"url":"https:\/\/endormoonstore.com\/wp-content\/uploads\/2023\/05\/Star-Wars-Retro-Collection-The-Mandalorian-1.jpg","type":"image\/jpeg"}],"twitter_card":"summary_large_image","twitter_misc":{"Est. reading time":"1 minute"},"schema":{"@context":"https:\/\/schema.org","@graph":[{"@type":"WebPage","@id":"https:\/\/endormoonstore.com\/en\/star-wars-retro-collection-the-mandalorian-prototype-edition\/","url":"https:\/\/endormoonstore.com\/en\/star-wars-retro-collection-the-mandalorian-prototype-edition\/","name":"Star Wars Retro Collection The Mandalorian Prototype Edition - EndormoonStore","isPartOf":{"@id":"https:\/\/endormoonstore.com\/#website"},"primaryImageOfPage":{"@id":"https:\/\/endormoonstore.com\/en\/star-wars-retro-collection-the-mandalorian-prototype-edition\/#primaryimage"},"image":{"@id":"https:\/\/endormoonstore.com\/en\/star-wars-retro-collection-the-mandalorian-prototype-edition\/#primaryimage"},"thumbnailUrl":"https:\/\/endormoonstore.com\/wp-content\/uploads\/2023\/05\/Star-Wars-Retro-Collection-The-Mandalorian-1.jpg","datePublished":"2023-05-07T17:48:31+00:00","dateModified":"2023-05-07T18:18:14+00:00","breadcrumb":{"@id":"https:\/\/endormoonstore.com\/en\/star-wars-retro-collection-the-mandalorian-prototype-edition\/#breadcrumb"},"inLanguage":"en-US","potentialAction":[{"@type":"ReadAction","target":["https:\/\/endormoonstore.com\/en\/star-wars-retro-collection-the-mandalorian-prototype-edition\/"]}]},{"@type":"ImageObject","inLanguage":"en-US","@id":"https:\/\/endormoonstore.com\/en\/star-wars-retro-collection-the-mandalorian-prototype-edition\/#primaryimage","url":"https:\/\/endormoonstore.com\/wp-content\/uploads\/2023\/05\/Star-Wars-Retro-Collection-The-Mandalorian-1.jpg","contentUrl":"https:\/\/endormoonstore.com\/wp-content\/uploads\/2023\/05\/Star-Wars-Retro-Collection-The-Mandalorian-1.jpg","width":1000,"height":1000},{"@type":"BreadcrumbList","@id":"https:\/\/endormoonstore.com\/en\/star-wars-retro-collection-the-mandalorian-prototype-edition\/#breadcrumb","itemListElement":[{"@type":"ListItem","position":1,"name":"Shop","item":"https:\/\/endormoonstore.com\/en\/shop\/"},{"@type":"ListItem","position":2,"name":"Star Wars Retro Collection The Mandalorian Prototype Edition"}]},{"@type":"WebSite","@id":"https:\/\/endormoonstore.com\/#website","url":"https:\/\/endormoonstore.com\/","name":"EndormoonStore","description":"","potentialAction":[{"@type":"SearchAction","target":{"@type":"EntryPoint","urlTemplate":"https:\/\/endormoonstore.com\/?s={search_term_string}"},"query-input":{"@type":"PropertyValueSpecification","valueRequired":true,"valueName":"search_term_string"}}],"inLanguage":"en-US"}]}},"taxonomy_info":{"product_cat":[{"value":1390,"label":"Figures"},{"value":13511,"label":"New Arrivals"}],"pa_brand":[{"value":2084,"label":"Hasbro"}],"pa_character":[{"value":2363,"label":"The Mandalorian"}],"pa_episode":[{"value":1993,"label":"The Mandalorian"}],"pa_license":[{"value":1644,"label":"Star Wars"}],"pa_product-type":[{"value":2387,"label":"Figure"}],"pa_theme":[{"value":3338,"label":"Retro Collection"}]},"featured_image_src_large":["https:\/\/endormoonstore.com\/wp-content\/uploads\/2023\/05\/Star-Wars-Retro-Collection-The-Mandalorian-1.jpg",1000,1000,false],"author_info":[],"comment_info":"","_links":{"self":[{"href":"https:\/\/endormoonstore.com\/en\/wp-json\/wp\/v2\/product\/146143","targetHints":{"allow":["GET"]}}],"collection":[{"href":"https:\/\/endormoonstore.com\/en\/wp-json\/wp\/v2\/product"}],"about":[{"href":"https:\/\/endormoonstore.com\/en\/wp-json\/wp\/v2\/types\/product"}],"wp:featuredmedia":[{"embeddable":true,"href":"https:\/\/endormoonstore.com\/en\/wp-json\/wp\/v2\/media\/146132"}],"wp:attachment":[{"href":"https:\/\/endormoonstore.com\/en\/wp-json\/wp\/v2\/media?parent=146143"}],"wp:term":[{"taxonomy":"product_cat","embeddable":true,"href":"https:\/\/endormoonstore.com\/en\/wp-json\/wp\/v2\/product_cat?post=146143"},{"taxonomy":"product_tag","embeddable":true,"href":"https:\/\/endormoonstore.com\/en\/wp-json\/wp\/v2\/product_tag?post=146143"}],"curies":[{"name":"wp","href":"https:\/\/api.w.org\/{rel}","templated":true}]}}