{"id":145698,"date":"2023-04-22T14:26:38","date_gmt":"2023-04-22T12:26:38","guid":{"rendered":"https:\/\/endormoonstore.com\/marvel-legends-series-groot-guardians-of-the-galaxy-vol-3\/"},"modified":"2023-04-22T14:40:49","modified_gmt":"2023-04-22T12:40:49","slug":"marvel-legends-series-groot-guardians-of-the-galaxy-vol-3","status":"publish","type":"product","link":"https:\/\/endormoonstore.com\/en\/marvel-legends-series-groot-guardians-of-the-galaxy-vol-3\/","title":{"rendered":"Marvel Legends Series Groot Guardians of the Galaxy Vol. 3"},"content":{"rendered":"<p class=\"p1\"><strong>Marvel Legends Series Groot Guardians of the Galaxy Vol. 3<\/strong><\/p>\n<ul class=\"ul1\">\n<li class=\"li1\">Hasbro presenta, dentro de la serie Marvel Legends, esta figura de Groot, inspirada en la aparici\u00f3n que hace el personaje en &#8216;Guardianes de la Galaxia Vol. 3&#8217; para Marvel Studios, y a quien presta su voz Vin Diesel.<\/li>\n<li class=\"li1\">Groot, quien se ha convertido en un \u00e1rbol m\u00e1s maduro, utiliza sus nuevos cambios corporales y sus habilidades m\u00e1s avanzadas para ayudar a construir Sapiencial y proteger a su familia.<\/li>\n<li class=\"li1\">Esta figura de unos 15 cms. de altura cuenta con detalles premium y m\u00faltiples puntos de articulaci\u00f3n.<\/li>\n<li class=\"li1\">Incluye 4 accesorios inspirados en la pel\u00edcula, incluida una figura de Baby Rocket y manos intercambiables.<\/li>\n<\/ul>\n","protected":false},"excerpt":{"rendered":"<p class=\"p1\"><strong>Marvel Legends Series Groot Guardians of the Galaxy Vol. 3<\/strong><\/p>\n<p class=\"p1\">Hasbro presenta, dentro de la serie Marvel Legends, esta figura de Groot, inspirada en la aparici\u00f3n que hace el personaje en &#8216;Guardianes de la Galaxia Vol. 3&#8217; para Marvel Studios, y a quien presta su voz Vin Diesel.<\/p>\n","protected":false},"featured_media":145683,"template":"","meta":{"_acf_changed":false,"_kad_blocks_custom_css":"","_kad_blocks_head_custom_js":"","_kad_blocks_body_custom_js":"","_kad_blocks_footer_custom_js":""},"product_cat":[1390,13511],"product_tag":[],"class_list":{"0":"post-145698","1":"product","2":"type-product","3":"status-publish","4":"has-post-thumbnail","6":"product_cat-figures","7":"product_cat-new-arrivals","8":"pa_brand-hasbro-en","9":"pa_character-groot-en","10":"pa_episode-guardians-of-the-galaxy-vol-3-en","11":"pa_license-marvel-en","12":"pa_product-type-figure","13":"pa_theme-marvel-legends-series-en","15":"first","16":"instock","17":"taxable","18":"shipping-taxable","19":"purchasable","20":"product-type-simple"},"acf":[],"yoast_head":"<!-- This site is optimized with the Yoast SEO plugin v26.1.1 - https:\/\/yoast.com\/wordpress\/plugins\/seo\/ -->\n<title>Marvel Legends Series Groot Guardians of the Galaxy Vol. 3 - EndormoonStore<\/title>\n<meta name=\"robots\" content=\"index, follow, max-snippet:-1, max-image-preview:large, max-video-preview:-1\" \/>\n<link rel=\"canonical\" href=\"https:\/\/endormoonstore.com\/marvel-legends-series-groot-guardians-of-the-galaxy-vol-3\/\" \/>\n<meta property=\"og:locale\" content=\"en_US\" \/>\n<meta property=\"og:type\" content=\"article\" \/>\n<meta property=\"og:title\" content=\"Marvel Legends Series Groot Guardians of the Galaxy Vol. 3 - EndormoonStore\" \/>\n<meta property=\"og:description\" content=\"Marvel Legends Series Groot Guardians of the Galaxy Vol. 3 Hasbro presenta, dentro de la serie Marvel Legends, esta figura de Groot, inspirada en la aparici\u00f3n que hace el personaje en &#039;Guardianes de la Galaxia Vol. 3&#039; para Marvel Studios, y a quien presta su voz Vin Diesel.\" \/>\n<meta property=\"og:url\" content=\"https:\/\/endormoonstore.com\/marvel-legends-series-groot-guardians-of-the-galaxy-vol-3\/\" \/>\n<meta property=\"og:site_name\" content=\"EndormoonStore\" \/>\n<meta property=\"article:modified_time\" content=\"2023-04-22T12:40:49+00:00\" \/>\n<meta property=\"og:image\" content=\"https:\/\/endormoonstore.com\/wp-content\/uploads\/2023\/04\/Marvel-Legends-Series-Groot-Guardians-of-the-Galaxy-Vol.-3-1.jpg\" \/>\n\t<meta property=\"og:image:width\" content=\"1000\" \/>\n\t<meta property=\"og:image:height\" content=\"1000\" \/>\n\t<meta property=\"og:image:type\" content=\"image\/jpeg\" \/>\n<meta name=\"twitter:card\" content=\"summary_large_image\" \/>\n<meta name=\"twitter:label1\" content=\"Est. reading time\" \/>\n\t<meta name=\"twitter:data1\" content=\"1 minute\" \/>\n<script type=\"application\/ld+json\" class=\"yoast-schema-graph\">{\"@context\":\"https:\/\/schema.org\",\"@graph\":[{\"@type\":\"WebPage\",\"@id\":\"https:\/\/endormoonstore.com\/marvel-legends-series-groot-guardians-of-the-galaxy-vol-3\/\",\"url\":\"https:\/\/endormoonstore.com\/marvel-legends-series-groot-guardians-of-the-galaxy-vol-3\/\",\"name\":\"Marvel Legends Series Groot Guardians of the Galaxy Vol. 3 - EndormoonStore\",\"isPartOf\":{\"@id\":\"https:\/\/endormoonstore.com\/#website\"},\"primaryImageOfPage\":{\"@id\":\"https:\/\/endormoonstore.com\/marvel-legends-series-groot-guardians-of-the-galaxy-vol-3\/#primaryimage\"},\"image\":{\"@id\":\"https:\/\/endormoonstore.com\/marvel-legends-series-groot-guardians-of-the-galaxy-vol-3\/#primaryimage\"},\"thumbnailUrl\":\"https:\/\/endormoonstore.com\/wp-content\/uploads\/2023\/04\/Marvel-Legends-Series-Groot-Guardians-of-the-Galaxy-Vol.-3-1.jpg\",\"datePublished\":\"2023-04-22T12:26:38+00:00\",\"dateModified\":\"2023-04-22T12:40:49+00:00\",\"breadcrumb\":{\"@id\":\"https:\/\/endormoonstore.com\/marvel-legends-series-groot-guardians-of-the-galaxy-vol-3\/#breadcrumb\"},\"inLanguage\":\"en-US\",\"potentialAction\":[{\"@type\":\"ReadAction\",\"target\":[\"https:\/\/endormoonstore.com\/marvel-legends-series-groot-guardians-of-the-galaxy-vol-3\/\"]}]},{\"@type\":\"ImageObject\",\"inLanguage\":\"en-US\",\"@id\":\"https:\/\/endormoonstore.com\/marvel-legends-series-groot-guardians-of-the-galaxy-vol-3\/#primaryimage\",\"url\":\"https:\/\/endormoonstore.com\/wp-content\/uploads\/2023\/04\/Marvel-Legends-Series-Groot-Guardians-of-the-Galaxy-Vol.-3-1.jpg\",\"contentUrl\":\"https:\/\/endormoonstore.com\/wp-content\/uploads\/2023\/04\/Marvel-Legends-Series-Groot-Guardians-of-the-Galaxy-Vol.-3-1.jpg\",\"width\":1000,\"height\":1000},{\"@type\":\"BreadcrumbList\",\"@id\":\"https:\/\/endormoonstore.com\/marvel-legends-series-groot-guardians-of-the-galaxy-vol-3\/#breadcrumb\",\"itemListElement\":[{\"@type\":\"ListItem\",\"position\":1,\"name\":\"Shop\",\"item\":\"https:\/\/endormoonstore.com\/en\/shop\/\"},{\"@type\":\"ListItem\",\"position\":2,\"name\":\"Marvel Legends Series Groot Guardians of the Galaxy Vol. 3\"}]},{\"@type\":\"WebSite\",\"@id\":\"https:\/\/endormoonstore.com\/#website\",\"url\":\"https:\/\/endormoonstore.com\/\",\"name\":\"EndormoonStore\",\"description\":\"\",\"potentialAction\":[{\"@type\":\"SearchAction\",\"target\":{\"@type\":\"EntryPoint\",\"urlTemplate\":\"https:\/\/endormoonstore.com\/?s={search_term_string}\"},\"query-input\":{\"@type\":\"PropertyValueSpecification\",\"valueRequired\":true,\"valueName\":\"search_term_string\"}}],\"inLanguage\":\"en-US\"}]}<\/script>\n<!-- \/ Yoast SEO plugin. -->","yoast_head_json":{"title":"Marvel Legends Series Groot Guardians of the Galaxy Vol. 3 - EndormoonStore","robots":{"index":"index","follow":"follow","max-snippet":"max-snippet:-1","max-image-preview":"max-image-preview:large","max-video-preview":"max-video-preview:-1"},"canonical":"https:\/\/endormoonstore.com\/marvel-legends-series-groot-guardians-of-the-galaxy-vol-3\/","og_locale":"en_US","og_type":"article","og_title":"Marvel Legends Series Groot Guardians of the Galaxy Vol. 3 - EndormoonStore","og_description":"Marvel Legends Series Groot Guardians of the Galaxy Vol. 3 Hasbro presenta, dentro de la serie Marvel Legends, esta figura de Groot, inspirada en la aparici\u00f3n que hace el personaje en 'Guardianes de la Galaxia Vol. 3' para Marvel Studios, y a quien presta su voz Vin Diesel.","og_url":"https:\/\/endormoonstore.com\/marvel-legends-series-groot-guardians-of-the-galaxy-vol-3\/","og_site_name":"EndormoonStore","article_modified_time":"2023-04-22T12:40:49+00:00","og_image":[{"width":1000,"height":1000,"url":"https:\/\/endormoonstore.com\/wp-content\/uploads\/2023\/04\/Marvel-Legends-Series-Groot-Guardians-of-the-Galaxy-Vol.-3-1.jpg","type":"image\/jpeg"}],"twitter_card":"summary_large_image","twitter_misc":{"Est. reading time":"1 minute"},"schema":{"@context":"https:\/\/schema.org","@graph":[{"@type":"WebPage","@id":"https:\/\/endormoonstore.com\/marvel-legends-series-groot-guardians-of-the-galaxy-vol-3\/","url":"https:\/\/endormoonstore.com\/marvel-legends-series-groot-guardians-of-the-galaxy-vol-3\/","name":"Marvel Legends Series Groot Guardians of the Galaxy Vol. 3 - EndormoonStore","isPartOf":{"@id":"https:\/\/endormoonstore.com\/#website"},"primaryImageOfPage":{"@id":"https:\/\/endormoonstore.com\/marvel-legends-series-groot-guardians-of-the-galaxy-vol-3\/#primaryimage"},"image":{"@id":"https:\/\/endormoonstore.com\/marvel-legends-series-groot-guardians-of-the-galaxy-vol-3\/#primaryimage"},"thumbnailUrl":"https:\/\/endormoonstore.com\/wp-content\/uploads\/2023\/04\/Marvel-Legends-Series-Groot-Guardians-of-the-Galaxy-Vol.-3-1.jpg","datePublished":"2023-04-22T12:26:38+00:00","dateModified":"2023-04-22T12:40:49+00:00","breadcrumb":{"@id":"https:\/\/endormoonstore.com\/marvel-legends-series-groot-guardians-of-the-galaxy-vol-3\/#breadcrumb"},"inLanguage":"en-US","potentialAction":[{"@type":"ReadAction","target":["https:\/\/endormoonstore.com\/marvel-legends-series-groot-guardians-of-the-galaxy-vol-3\/"]}]},{"@type":"ImageObject","inLanguage":"en-US","@id":"https:\/\/endormoonstore.com\/marvel-legends-series-groot-guardians-of-the-galaxy-vol-3\/#primaryimage","url":"https:\/\/endormoonstore.com\/wp-content\/uploads\/2023\/04\/Marvel-Legends-Series-Groot-Guardians-of-the-Galaxy-Vol.-3-1.jpg","contentUrl":"https:\/\/endormoonstore.com\/wp-content\/uploads\/2023\/04\/Marvel-Legends-Series-Groot-Guardians-of-the-Galaxy-Vol.-3-1.jpg","width":1000,"height":1000},{"@type":"BreadcrumbList","@id":"https:\/\/endormoonstore.com\/marvel-legends-series-groot-guardians-of-the-galaxy-vol-3\/#breadcrumb","itemListElement":[{"@type":"ListItem","position":1,"name":"Shop","item":"https:\/\/endormoonstore.com\/en\/shop\/"},{"@type":"ListItem","position":2,"name":"Marvel Legends Series Groot Guardians of the Galaxy Vol. 3"}]},{"@type":"WebSite","@id":"https:\/\/endormoonstore.com\/#website","url":"https:\/\/endormoonstore.com\/","name":"EndormoonStore","description":"","potentialAction":[{"@type":"SearchAction","target":{"@type":"EntryPoint","urlTemplate":"https:\/\/endormoonstore.com\/?s={search_term_string}"},"query-input":{"@type":"PropertyValueSpecification","valueRequired":true,"valueName":"search_term_string"}}],"inLanguage":"en-US"}]}},"taxonomy_info":{"product_cat":[{"value":1390,"label":"Figures"},{"value":13511,"label":"New Arrivals"}],"pa_brand":[{"value":2084,"label":"Hasbro"}],"pa_character":[{"value":12734,"label":"Groot"}],"pa_episode":[{"value":13620,"label":"Guardians of the Galaxy Vol. 3"}],"pa_license":[{"value":1642,"label":"Marvel"}],"pa_product-type":[{"value":2387,"label":"Figure"}],"pa_theme":[{"value":2071,"label":"Marvel Legends Series"}]},"featured_image_src_large":["https:\/\/endormoonstore.com\/wp-content\/uploads\/2023\/04\/Marvel-Legends-Series-Groot-Guardians-of-the-Galaxy-Vol.-3-1.jpg",1000,1000,false],"author_info":[],"comment_info":"","_links":{"self":[{"href":"https:\/\/endormoonstore.com\/en\/wp-json\/wp\/v2\/product\/145698","targetHints":{"allow":["GET"]}}],"collection":[{"href":"https:\/\/endormoonstore.com\/en\/wp-json\/wp\/v2\/product"}],"about":[{"href":"https:\/\/endormoonstore.com\/en\/wp-json\/wp\/v2\/types\/product"}],"wp:featuredmedia":[{"embeddable":true,"href":"https:\/\/endormoonstore.com\/en\/wp-json\/wp\/v2\/media\/145683"}],"wp:attachment":[{"href":"https:\/\/endormoonstore.com\/en\/wp-json\/wp\/v2\/media?parent=145698"}],"wp:term":[{"taxonomy":"product_cat","embeddable":true,"href":"https:\/\/endormoonstore.com\/en\/wp-json\/wp\/v2\/product_cat?post=145698"},{"taxonomy":"product_tag","embeddable":true,"href":"https:\/\/endormoonstore.com\/en\/wp-json\/wp\/v2\/product_tag?post=145698"}],"curies":[{"name":"wp","href":"https:\/\/api.w.org\/{rel}","templated":true}]}}