{"id":145677,"date":"2023-04-21T09:02:27","date_gmt":"2023-04-21T07:02:27","guid":{"rendered":"https:\/\/endormoonstore.com\/indiana-jones-retro-collection-raiders-of-the-lost-ark-indiana-jones\/"},"modified":"2023-04-21T09:10:35","modified_gmt":"2023-04-21T07:10:35","slug":"indiana-jones-retro-collection-raiders-of-the-lost-ark-indiana-jones","status":"publish","type":"product","link":"https:\/\/endormoonstore.com\/en\/indiana-jones-retro-collection-raiders-of-the-lost-ark-indiana-jones\/","title":{"rendered":"Indiana Jones Retro Collection Raiders of the Lost Ark Indiana Jones"},"content":{"rendered":"<p class=\"p1\"><strong>Indiana Jones Retro Collection Raiders of the Lost Ark Indiana Jones<\/strong><\/p>\n<ul class=\"ul1\">\n<li class=\"li1\">Indiana Jones se embarca en una aventura para encontrar el Arca Perdida de la Alianza, enfrentando probabilidades insuperables y la oposici\u00f3n de villanos notorios.<\/li>\n<li class=\"li1\">Esta figura de la Colecci\u00f3n Retro de unos 9,5 cm de alto esta detallada para parecerse al personaje de Indiana Jones en Indiana Jones y Raiders of the Lost Ark, con un dise\u00f1o y detalles inspirados en los juguetes Kenner de la d\u00e9cada de 1980. Si la aventura tiene un nombre, \u00a1debe ser Indiana Jones!<\/li>\n<li class=\"li1\">Esta figura de acci\u00f3n coleccionable de Indiana Jones cuenta con un brazo de acci\u00f3n r\u00e1pida para una emocionante pistola de extracci\u00f3n r\u00e1pida y una acci\u00f3n de azotes realista.<\/li>\n<\/ul>\n","protected":false},"excerpt":{"rendered":"<p class=\"p1\"><strong>Indiana Jones Retro Collection Raiders of the Lost Ark Indiana Jones<\/strong><\/p>\n<p class=\"p1\">Indiana Jones se embarca en una aventura para encontrar el Arca Perdida de la Alianza, enfrentando probabilidades insuperables y la oposici\u00f3n de villanos notorios.<\/p>\n","protected":false},"featured_media":145666,"template":"","meta":{"_acf_changed":false,"_kad_blocks_custom_css":"","_kad_blocks_head_custom_js":"","_kad_blocks_body_custom_js":"","_kad_blocks_footer_custom_js":""},"product_cat":[1390,13511],"product_tag":[],"class_list":{"0":"post-145677","1":"product","2":"type-product","3":"status-publish","4":"has-post-thumbnail","6":"product_cat-figures","7":"product_cat-new-arrivals","8":"pa_brand-hasbro-en","9":"pa_character-indiana-jones-en","10":"pa_episode-indiana-jones-raiders-of-the-lost-ark","11":"pa_license-indiana-jones-en","12":"pa_product-type-figure","13":"pa_theme-indiana-jones-retro-collection-en","15":"first","16":"instock","17":"taxable","18":"shipping-taxable","19":"purchasable","20":"product-type-simple"},"acf":[],"yoast_head":"<!-- This site is optimized with the Yoast SEO plugin v26.1.1 - https:\/\/yoast.com\/wordpress\/plugins\/seo\/ -->\n<title>Indiana Jones Retro Collection Raiders of the Lost Ark Indiana Jones - EndormoonStore<\/title>\n<meta name=\"robots\" content=\"index, follow, max-snippet:-1, max-image-preview:large, max-video-preview:-1\" \/>\n<link rel=\"canonical\" href=\"https:\/\/endormoonstore.com\/en\/indiana-jones-retro-collection-raiders-of-the-lost-ark-indiana-jones\/\" \/>\n<meta property=\"og:locale\" content=\"en_US\" \/>\n<meta property=\"og:type\" content=\"article\" \/>\n<meta property=\"og:title\" content=\"Indiana Jones Retro Collection Raiders of the Lost Ark Indiana Jones - EndormoonStore\" \/>\n<meta property=\"og:description\" content=\"Indiana Jones Retro Collection Raiders of the Lost Ark Indiana Jones Indiana Jones se embarca en una aventura para encontrar el Arca Perdida de la Alianza, enfrentando probabilidades insuperables y la oposici\u00f3n de villanos notorios.\" \/>\n<meta property=\"og:url\" content=\"https:\/\/endormoonstore.com\/en\/indiana-jones-retro-collection-raiders-of-the-lost-ark-indiana-jones\/\" \/>\n<meta property=\"og:site_name\" content=\"EndormoonStore\" \/>\n<meta property=\"article:modified_time\" content=\"2023-04-21T07:10:35+00:00\" \/>\n<meta property=\"og:image\" content=\"https:\/\/endormoonstore.com\/wp-content\/uploads\/2023\/04\/Indiana-Jones-Retro-Collection-Raiders-of-the-Lost-Ark-Indiana-Jones-1.jpg\" \/>\n\t<meta property=\"og:image:width\" content=\"1000\" \/>\n\t<meta property=\"og:image:height\" content=\"1000\" \/>\n\t<meta property=\"og:image:type\" content=\"image\/jpeg\" \/>\n<meta name=\"twitter:card\" content=\"summary_large_image\" \/>\n<meta name=\"twitter:label1\" content=\"Est. reading time\" \/>\n\t<meta name=\"twitter:data1\" content=\"1 minute\" \/>\n<script type=\"application\/ld+json\" class=\"yoast-schema-graph\">{\"@context\":\"https:\/\/schema.org\",\"@graph\":[{\"@type\":\"WebPage\",\"@id\":\"https:\/\/endormoonstore.com\/en\/indiana-jones-retro-collection-raiders-of-the-lost-ark-indiana-jones\/\",\"url\":\"https:\/\/endormoonstore.com\/en\/indiana-jones-retro-collection-raiders-of-the-lost-ark-indiana-jones\/\",\"name\":\"Indiana Jones Retro Collection Raiders of the Lost Ark Indiana Jones - EndormoonStore\",\"isPartOf\":{\"@id\":\"https:\/\/endormoonstore.com\/#website\"},\"primaryImageOfPage\":{\"@id\":\"https:\/\/endormoonstore.com\/en\/indiana-jones-retro-collection-raiders-of-the-lost-ark-indiana-jones\/#primaryimage\"},\"image\":{\"@id\":\"https:\/\/endormoonstore.com\/en\/indiana-jones-retro-collection-raiders-of-the-lost-ark-indiana-jones\/#primaryimage\"},\"thumbnailUrl\":\"https:\/\/endormoonstore.com\/wp-content\/uploads\/2023\/04\/Indiana-Jones-Retro-Collection-Raiders-of-the-Lost-Ark-Indiana-Jones-1.jpg\",\"datePublished\":\"2023-04-21T07:02:27+00:00\",\"dateModified\":\"2023-04-21T07:10:35+00:00\",\"breadcrumb\":{\"@id\":\"https:\/\/endormoonstore.com\/en\/indiana-jones-retro-collection-raiders-of-the-lost-ark-indiana-jones\/#breadcrumb\"},\"inLanguage\":\"en-US\",\"potentialAction\":[{\"@type\":\"ReadAction\",\"target\":[\"https:\/\/endormoonstore.com\/en\/indiana-jones-retro-collection-raiders-of-the-lost-ark-indiana-jones\/\"]}]},{\"@type\":\"ImageObject\",\"inLanguage\":\"en-US\",\"@id\":\"https:\/\/endormoonstore.com\/en\/indiana-jones-retro-collection-raiders-of-the-lost-ark-indiana-jones\/#primaryimage\",\"url\":\"https:\/\/endormoonstore.com\/wp-content\/uploads\/2023\/04\/Indiana-Jones-Retro-Collection-Raiders-of-the-Lost-Ark-Indiana-Jones-1.jpg\",\"contentUrl\":\"https:\/\/endormoonstore.com\/wp-content\/uploads\/2023\/04\/Indiana-Jones-Retro-Collection-Raiders-of-the-Lost-Ark-Indiana-Jones-1.jpg\",\"width\":1000,\"height\":1000},{\"@type\":\"BreadcrumbList\",\"@id\":\"https:\/\/endormoonstore.com\/en\/indiana-jones-retro-collection-raiders-of-the-lost-ark-indiana-jones\/#breadcrumb\",\"itemListElement\":[{\"@type\":\"ListItem\",\"position\":1,\"name\":\"Shop\",\"item\":\"https:\/\/endormoonstore.com\/en\/shop\/\"},{\"@type\":\"ListItem\",\"position\":2,\"name\":\"Indiana Jones Retro Collection Raiders of the Lost Ark Indiana Jones\"}]},{\"@type\":\"WebSite\",\"@id\":\"https:\/\/endormoonstore.com\/#website\",\"url\":\"https:\/\/endormoonstore.com\/\",\"name\":\"EndormoonStore\",\"description\":\"\",\"potentialAction\":[{\"@type\":\"SearchAction\",\"target\":{\"@type\":\"EntryPoint\",\"urlTemplate\":\"https:\/\/endormoonstore.com\/?s={search_term_string}\"},\"query-input\":{\"@type\":\"PropertyValueSpecification\",\"valueRequired\":true,\"valueName\":\"search_term_string\"}}],\"inLanguage\":\"en-US\"}]}<\/script>\n<!-- \/ Yoast SEO plugin. -->","yoast_head_json":{"title":"Indiana Jones Retro Collection Raiders of the Lost Ark Indiana Jones - EndormoonStore","robots":{"index":"index","follow":"follow","max-snippet":"max-snippet:-1","max-image-preview":"max-image-preview:large","max-video-preview":"max-video-preview:-1"},"canonical":"https:\/\/endormoonstore.com\/en\/indiana-jones-retro-collection-raiders-of-the-lost-ark-indiana-jones\/","og_locale":"en_US","og_type":"article","og_title":"Indiana Jones Retro Collection Raiders of the Lost Ark Indiana Jones - EndormoonStore","og_description":"Indiana Jones Retro Collection Raiders of the Lost Ark Indiana Jones Indiana Jones se embarca en una aventura para encontrar el Arca Perdida de la Alianza, enfrentando probabilidades insuperables y la oposici\u00f3n de villanos notorios.","og_url":"https:\/\/endormoonstore.com\/en\/indiana-jones-retro-collection-raiders-of-the-lost-ark-indiana-jones\/","og_site_name":"EndormoonStore","article_modified_time":"2023-04-21T07:10:35+00:00","og_image":[{"width":1000,"height":1000,"url":"https:\/\/endormoonstore.com\/wp-content\/uploads\/2023\/04\/Indiana-Jones-Retro-Collection-Raiders-of-the-Lost-Ark-Indiana-Jones-1.jpg","type":"image\/jpeg"}],"twitter_card":"summary_large_image","twitter_misc":{"Est. reading time":"1 minute"},"schema":{"@context":"https:\/\/schema.org","@graph":[{"@type":"WebPage","@id":"https:\/\/endormoonstore.com\/en\/indiana-jones-retro-collection-raiders-of-the-lost-ark-indiana-jones\/","url":"https:\/\/endormoonstore.com\/en\/indiana-jones-retro-collection-raiders-of-the-lost-ark-indiana-jones\/","name":"Indiana Jones Retro Collection Raiders of the Lost Ark Indiana Jones - EndormoonStore","isPartOf":{"@id":"https:\/\/endormoonstore.com\/#website"},"primaryImageOfPage":{"@id":"https:\/\/endormoonstore.com\/en\/indiana-jones-retro-collection-raiders-of-the-lost-ark-indiana-jones\/#primaryimage"},"image":{"@id":"https:\/\/endormoonstore.com\/en\/indiana-jones-retro-collection-raiders-of-the-lost-ark-indiana-jones\/#primaryimage"},"thumbnailUrl":"https:\/\/endormoonstore.com\/wp-content\/uploads\/2023\/04\/Indiana-Jones-Retro-Collection-Raiders-of-the-Lost-Ark-Indiana-Jones-1.jpg","datePublished":"2023-04-21T07:02:27+00:00","dateModified":"2023-04-21T07:10:35+00:00","breadcrumb":{"@id":"https:\/\/endormoonstore.com\/en\/indiana-jones-retro-collection-raiders-of-the-lost-ark-indiana-jones\/#breadcrumb"},"inLanguage":"en-US","potentialAction":[{"@type":"ReadAction","target":["https:\/\/endormoonstore.com\/en\/indiana-jones-retro-collection-raiders-of-the-lost-ark-indiana-jones\/"]}]},{"@type":"ImageObject","inLanguage":"en-US","@id":"https:\/\/endormoonstore.com\/en\/indiana-jones-retro-collection-raiders-of-the-lost-ark-indiana-jones\/#primaryimage","url":"https:\/\/endormoonstore.com\/wp-content\/uploads\/2023\/04\/Indiana-Jones-Retro-Collection-Raiders-of-the-Lost-Ark-Indiana-Jones-1.jpg","contentUrl":"https:\/\/endormoonstore.com\/wp-content\/uploads\/2023\/04\/Indiana-Jones-Retro-Collection-Raiders-of-the-Lost-Ark-Indiana-Jones-1.jpg","width":1000,"height":1000},{"@type":"BreadcrumbList","@id":"https:\/\/endormoonstore.com\/en\/indiana-jones-retro-collection-raiders-of-the-lost-ark-indiana-jones\/#breadcrumb","itemListElement":[{"@type":"ListItem","position":1,"name":"Shop","item":"https:\/\/endormoonstore.com\/en\/shop\/"},{"@type":"ListItem","position":2,"name":"Indiana Jones Retro Collection Raiders of the Lost Ark Indiana Jones"}]},{"@type":"WebSite","@id":"https:\/\/endormoonstore.com\/#website","url":"https:\/\/endormoonstore.com\/","name":"EndormoonStore","description":"","potentialAction":[{"@type":"SearchAction","target":{"@type":"EntryPoint","urlTemplate":"https:\/\/endormoonstore.com\/?s={search_term_string}"},"query-input":{"@type":"PropertyValueSpecification","valueRequired":true,"valueName":"search_term_string"}}],"inLanguage":"en-US"}]}},"taxonomy_info":{"product_cat":[{"value":1390,"label":"Figures"},{"value":13511,"label":"New Arrivals"}],"pa_brand":[{"value":2084,"label":"Hasbro"}],"pa_character":[{"value":13606,"label":"Indiana Jones"}],"pa_episode":[{"value":13535,"label":"Indiana Jones: Raiders of the Lost Ark"}],"pa_license":[{"value":13531,"label":"Indiana Jones"}],"pa_product-type":[{"value":2387,"label":"Figure"}],"pa_theme":[{"value":13608,"label":"Indiana Jones Retro Collection"}]},"featured_image_src_large":["https:\/\/endormoonstore.com\/wp-content\/uploads\/2023\/04\/Indiana-Jones-Retro-Collection-Raiders-of-the-Lost-Ark-Indiana-Jones-1.jpg",1000,1000,false],"author_info":[],"comment_info":"","_links":{"self":[{"href":"https:\/\/endormoonstore.com\/en\/wp-json\/wp\/v2\/product\/145677","targetHints":{"allow":["GET"]}}],"collection":[{"href":"https:\/\/endormoonstore.com\/en\/wp-json\/wp\/v2\/product"}],"about":[{"href":"https:\/\/endormoonstore.com\/en\/wp-json\/wp\/v2\/types\/product"}],"wp:featuredmedia":[{"embeddable":true,"href":"https:\/\/endormoonstore.com\/en\/wp-json\/wp\/v2\/media\/145666"}],"wp:attachment":[{"href":"https:\/\/endormoonstore.com\/en\/wp-json\/wp\/v2\/media?parent=145677"}],"wp:term":[{"taxonomy":"product_cat","embeddable":true,"href":"https:\/\/endormoonstore.com\/en\/wp-json\/wp\/v2\/product_cat?post=145677"},{"taxonomy":"product_tag","embeddable":true,"href":"https:\/\/endormoonstore.com\/en\/wp-json\/wp\/v2\/product_tag?post=145677"}],"curies":[{"name":"wp","href":"https:\/\/api.w.org\/{rel}","templated":true}]}}