{"id":145595,"date":"2023-04-20T21:56:05","date_gmt":"2023-04-20T19:56:05","guid":{"rendered":"https:\/\/endormoonstore.com\/indiana-jones-adventure-series-raiders-of-the-lost-ark-major-arnold-toht\/"},"modified":"2023-04-20T22:12:09","modified_gmt":"2023-04-20T20:12:09","slug":"indiana-jones-adventure-series-raiders-of-the-lost-ark-major-arnold-toht","status":"publish","type":"product","link":"https:\/\/endormoonstore.com\/en\/indiana-jones-adventure-series-raiders-of-the-lost-ark-major-arnold-toht\/","title":{"rendered":"Indiana Jones Adventure Series  Raiders of the Lost Ark Major Arnold Toht"},"content":{"rendered":"<p class=\"p1\"><strong>Indiana Jones Adventure Series Raiders of the Lost Ark Major Arnold Toht<\/strong><\/p>\n<ul class=\"ul1\">\n<li class=\"li1\">Un infame agente del mal, el Mayor Arnold Toht corre contra Indiana Jones para localizar el Arca de la Alianza perdida.<\/li>\n<li class=\"li1\">Indiana Jones viaja por el mundo compitiendo contra los malos en busca del Arca de la Alianza perdida.<\/li>\n<li class=\"li1\">Hasbro presenta, dentro de la colecci\u00f3n Adventure Series, esta figura coleccionable del Major Arnold Toht. Mide 15 cm y est\u00e1 dise\u00f1ada para parecerse al personaje Major Arnold Toht de la pel\u00edcula Indiana Jones en busca del arca perdida y cuenta con detalles premium y m\u00faltiples puntos de articulaci\u00f3n.<\/li>\n<li class=\"li1\">Incluye accesorios desmontables de pistola y sombrero, as\u00ed como una cabeza derretida adicional y una mano quemada alternativa. Incluye unas de las piezas necesarias para construir el Arca de la Alianza<\/li>\n<\/ul>\n","protected":false},"excerpt":{"rendered":"<p class=\"p1\"><strong>Indiana Jones Adventure Series Raiders of the Lost Ark Major Arnold Toht<\/strong><\/p>\n<p class=\"p1\">Un infame agente del mal, el Mayor Arnold Toht corre contra Indiana Jones para localizar el Arca de la Alianza perdida.<\/p>\n","protected":false},"featured_media":145574,"template":"","meta":{"_acf_changed":false,"_kad_blocks_custom_css":"","_kad_blocks_head_custom_js":"","_kad_blocks_body_custom_js":"","_kad_blocks_footer_custom_js":""},"product_cat":[1390,13511],"product_tag":[],"class_list":{"0":"post-145595","1":"product","2":"type-product","3":"status-publish","4":"has-post-thumbnail","6":"product_cat-figures","7":"product_cat-new-arrivals","8":"pa_brand-hasbro-en","9":"pa_character-toht-en","10":"pa_episode-indiana-jones-raiders-of-the-lost-ark","11":"pa_license-indiana-jones-en","12":"pa_product-type-figure","13":"pa_theme-adventure-series-en","15":"first","16":"instock","17":"taxable","18":"shipping-taxable","19":"purchasable","20":"product-type-simple"},"acf":[],"yoast_head":"<!-- This site is optimized with the Yoast SEO plugin v26.1.1 - https:\/\/yoast.com\/wordpress\/plugins\/seo\/ -->\n<title>Indiana Jones Adventure Series Raiders of the Lost Ark Major Arnold Toht - EndormoonStore<\/title>\n<meta name=\"robots\" content=\"index, follow, max-snippet:-1, max-image-preview:large, max-video-preview:-1\" \/>\n<link rel=\"canonical\" href=\"https:\/\/endormoonstore.com\/en\/indiana-jones-adventure-series-raiders-of-the-lost-ark-major-arnold-toht\/\" \/>\n<meta property=\"og:locale\" content=\"en_US\" \/>\n<meta property=\"og:type\" content=\"article\" \/>\n<meta property=\"og:title\" content=\"Indiana Jones Adventure Series Raiders of the Lost Ark Major Arnold Toht - EndormoonStore\" \/>\n<meta property=\"og:description\" content=\"Indiana Jones Adventure Series Raiders of the Lost Ark Major Arnold Toht Un infame agente del mal, el Mayor Arnold Toht corre contra Indiana Jones para localizar el Arca de la Alianza perdida.\" \/>\n<meta property=\"og:url\" content=\"https:\/\/endormoonstore.com\/en\/indiana-jones-adventure-series-raiders-of-the-lost-ark-major-arnold-toht\/\" \/>\n<meta property=\"og:site_name\" content=\"EndormoonStore\" \/>\n<meta property=\"article:modified_time\" content=\"2023-04-20T20:12:09+00:00\" \/>\n<meta property=\"og:image\" content=\"https:\/\/endormoonstore.com\/wp-content\/uploads\/2023\/04\/Indiana-Jones-Adventure-Series-Raiders-of-the-Lost-Ark-Major-Arnold-Toht-1.jpg\" \/>\n\t<meta property=\"og:image:width\" content=\"1000\" \/>\n\t<meta property=\"og:image:height\" content=\"1000\" \/>\n\t<meta property=\"og:image:type\" content=\"image\/jpeg\" \/>\n<meta name=\"twitter:card\" content=\"summary_large_image\" \/>\n<meta name=\"twitter:label1\" content=\"Est. reading time\" \/>\n\t<meta name=\"twitter:data1\" content=\"1 minute\" \/>\n<script type=\"application\/ld+json\" class=\"yoast-schema-graph\">{\"@context\":\"https:\/\/schema.org\",\"@graph\":[{\"@type\":\"WebPage\",\"@id\":\"https:\/\/endormoonstore.com\/en\/indiana-jones-adventure-series-raiders-of-the-lost-ark-major-arnold-toht\/\",\"url\":\"https:\/\/endormoonstore.com\/en\/indiana-jones-adventure-series-raiders-of-the-lost-ark-major-arnold-toht\/\",\"name\":\"Indiana Jones Adventure Series Raiders of the Lost Ark Major Arnold Toht - EndormoonStore\",\"isPartOf\":{\"@id\":\"https:\/\/endormoonstore.com\/#website\"},\"primaryImageOfPage\":{\"@id\":\"https:\/\/endormoonstore.com\/en\/indiana-jones-adventure-series-raiders-of-the-lost-ark-major-arnold-toht\/#primaryimage\"},\"image\":{\"@id\":\"https:\/\/endormoonstore.com\/en\/indiana-jones-adventure-series-raiders-of-the-lost-ark-major-arnold-toht\/#primaryimage\"},\"thumbnailUrl\":\"https:\/\/endormoonstore.com\/wp-content\/uploads\/2023\/04\/Indiana-Jones-Adventure-Series-Raiders-of-the-Lost-Ark-Major-Arnold-Toht-1.jpg\",\"datePublished\":\"2023-04-20T19:56:05+00:00\",\"dateModified\":\"2023-04-20T20:12:09+00:00\",\"breadcrumb\":{\"@id\":\"https:\/\/endormoonstore.com\/en\/indiana-jones-adventure-series-raiders-of-the-lost-ark-major-arnold-toht\/#breadcrumb\"},\"inLanguage\":\"en-US\",\"potentialAction\":[{\"@type\":\"ReadAction\",\"target\":[\"https:\/\/endormoonstore.com\/en\/indiana-jones-adventure-series-raiders-of-the-lost-ark-major-arnold-toht\/\"]}]},{\"@type\":\"ImageObject\",\"inLanguage\":\"en-US\",\"@id\":\"https:\/\/endormoonstore.com\/en\/indiana-jones-adventure-series-raiders-of-the-lost-ark-major-arnold-toht\/#primaryimage\",\"url\":\"https:\/\/endormoonstore.com\/wp-content\/uploads\/2023\/04\/Indiana-Jones-Adventure-Series-Raiders-of-the-Lost-Ark-Major-Arnold-Toht-1.jpg\",\"contentUrl\":\"https:\/\/endormoonstore.com\/wp-content\/uploads\/2023\/04\/Indiana-Jones-Adventure-Series-Raiders-of-the-Lost-Ark-Major-Arnold-Toht-1.jpg\",\"width\":1000,\"height\":1000},{\"@type\":\"BreadcrumbList\",\"@id\":\"https:\/\/endormoonstore.com\/en\/indiana-jones-adventure-series-raiders-of-the-lost-ark-major-arnold-toht\/#breadcrumb\",\"itemListElement\":[{\"@type\":\"ListItem\",\"position\":1,\"name\":\"Shop\",\"item\":\"https:\/\/endormoonstore.com\/en\/shop\/\"},{\"@type\":\"ListItem\",\"position\":2,\"name\":\"Indiana Jones Adventure Series Raiders of the Lost Ark Major Arnold Toht\"}]},{\"@type\":\"WebSite\",\"@id\":\"https:\/\/endormoonstore.com\/#website\",\"url\":\"https:\/\/endormoonstore.com\/\",\"name\":\"EndormoonStore\",\"description\":\"\",\"potentialAction\":[{\"@type\":\"SearchAction\",\"target\":{\"@type\":\"EntryPoint\",\"urlTemplate\":\"https:\/\/endormoonstore.com\/?s={search_term_string}\"},\"query-input\":{\"@type\":\"PropertyValueSpecification\",\"valueRequired\":true,\"valueName\":\"search_term_string\"}}],\"inLanguage\":\"en-US\"}]}<\/script>\n<!-- \/ Yoast SEO plugin. -->","yoast_head_json":{"title":"Indiana Jones Adventure Series Raiders of the Lost Ark Major Arnold Toht - EndormoonStore","robots":{"index":"index","follow":"follow","max-snippet":"max-snippet:-1","max-image-preview":"max-image-preview:large","max-video-preview":"max-video-preview:-1"},"canonical":"https:\/\/endormoonstore.com\/en\/indiana-jones-adventure-series-raiders-of-the-lost-ark-major-arnold-toht\/","og_locale":"en_US","og_type":"article","og_title":"Indiana Jones Adventure Series Raiders of the Lost Ark Major Arnold Toht - EndormoonStore","og_description":"Indiana Jones Adventure Series Raiders of the Lost Ark Major Arnold Toht Un infame agente del mal, el Mayor Arnold Toht corre contra Indiana Jones para localizar el Arca de la Alianza perdida.","og_url":"https:\/\/endormoonstore.com\/en\/indiana-jones-adventure-series-raiders-of-the-lost-ark-major-arnold-toht\/","og_site_name":"EndormoonStore","article_modified_time":"2023-04-20T20:12:09+00:00","og_image":[{"width":1000,"height":1000,"url":"https:\/\/endormoonstore.com\/wp-content\/uploads\/2023\/04\/Indiana-Jones-Adventure-Series-Raiders-of-the-Lost-Ark-Major-Arnold-Toht-1.jpg","type":"image\/jpeg"}],"twitter_card":"summary_large_image","twitter_misc":{"Est. reading time":"1 minute"},"schema":{"@context":"https:\/\/schema.org","@graph":[{"@type":"WebPage","@id":"https:\/\/endormoonstore.com\/en\/indiana-jones-adventure-series-raiders-of-the-lost-ark-major-arnold-toht\/","url":"https:\/\/endormoonstore.com\/en\/indiana-jones-adventure-series-raiders-of-the-lost-ark-major-arnold-toht\/","name":"Indiana Jones Adventure Series Raiders of the Lost Ark Major Arnold Toht - EndormoonStore","isPartOf":{"@id":"https:\/\/endormoonstore.com\/#website"},"primaryImageOfPage":{"@id":"https:\/\/endormoonstore.com\/en\/indiana-jones-adventure-series-raiders-of-the-lost-ark-major-arnold-toht\/#primaryimage"},"image":{"@id":"https:\/\/endormoonstore.com\/en\/indiana-jones-adventure-series-raiders-of-the-lost-ark-major-arnold-toht\/#primaryimage"},"thumbnailUrl":"https:\/\/endormoonstore.com\/wp-content\/uploads\/2023\/04\/Indiana-Jones-Adventure-Series-Raiders-of-the-Lost-Ark-Major-Arnold-Toht-1.jpg","datePublished":"2023-04-20T19:56:05+00:00","dateModified":"2023-04-20T20:12:09+00:00","breadcrumb":{"@id":"https:\/\/endormoonstore.com\/en\/indiana-jones-adventure-series-raiders-of-the-lost-ark-major-arnold-toht\/#breadcrumb"},"inLanguage":"en-US","potentialAction":[{"@type":"ReadAction","target":["https:\/\/endormoonstore.com\/en\/indiana-jones-adventure-series-raiders-of-the-lost-ark-major-arnold-toht\/"]}]},{"@type":"ImageObject","inLanguage":"en-US","@id":"https:\/\/endormoonstore.com\/en\/indiana-jones-adventure-series-raiders-of-the-lost-ark-major-arnold-toht\/#primaryimage","url":"https:\/\/endormoonstore.com\/wp-content\/uploads\/2023\/04\/Indiana-Jones-Adventure-Series-Raiders-of-the-Lost-Ark-Major-Arnold-Toht-1.jpg","contentUrl":"https:\/\/endormoonstore.com\/wp-content\/uploads\/2023\/04\/Indiana-Jones-Adventure-Series-Raiders-of-the-Lost-Ark-Major-Arnold-Toht-1.jpg","width":1000,"height":1000},{"@type":"BreadcrumbList","@id":"https:\/\/endormoonstore.com\/en\/indiana-jones-adventure-series-raiders-of-the-lost-ark-major-arnold-toht\/#breadcrumb","itemListElement":[{"@type":"ListItem","position":1,"name":"Shop","item":"https:\/\/endormoonstore.com\/en\/shop\/"},{"@type":"ListItem","position":2,"name":"Indiana Jones Adventure Series Raiders of the Lost Ark Major Arnold Toht"}]},{"@type":"WebSite","@id":"https:\/\/endormoonstore.com\/#website","url":"https:\/\/endormoonstore.com\/","name":"EndormoonStore","description":"","potentialAction":[{"@type":"SearchAction","target":{"@type":"EntryPoint","urlTemplate":"https:\/\/endormoonstore.com\/?s={search_term_string}"},"query-input":{"@type":"PropertyValueSpecification","valueRequired":true,"valueName":"search_term_string"}}],"inLanguage":"en-US"}]}},"taxonomy_info":{"product_cat":[{"value":1390,"label":"Figures"},{"value":13511,"label":"New Arrivals"}],"pa_brand":[{"value":2084,"label":"Hasbro"}],"pa_character":[{"value":13598,"label":"Toht"}],"pa_episode":[{"value":13535,"label":"Indiana Jones: Raiders of the Lost Ark"}],"pa_license":[{"value":13531,"label":"Indiana Jones"}],"pa_product-type":[{"value":2387,"label":"Figure"}],"pa_theme":[{"value":13533,"label":"Adventure Series"}]},"featured_image_src_large":["https:\/\/endormoonstore.com\/wp-content\/uploads\/2023\/04\/Indiana-Jones-Adventure-Series-Raiders-of-the-Lost-Ark-Major-Arnold-Toht-1.jpg",1000,1000,false],"author_info":[],"comment_info":"","_links":{"self":[{"href":"https:\/\/endormoonstore.com\/en\/wp-json\/wp\/v2\/product\/145595","targetHints":{"allow":["GET"]}}],"collection":[{"href":"https:\/\/endormoonstore.com\/en\/wp-json\/wp\/v2\/product"}],"about":[{"href":"https:\/\/endormoonstore.com\/en\/wp-json\/wp\/v2\/types\/product"}],"wp:featuredmedia":[{"embeddable":true,"href":"https:\/\/endormoonstore.com\/en\/wp-json\/wp\/v2\/media\/145574"}],"wp:attachment":[{"href":"https:\/\/endormoonstore.com\/en\/wp-json\/wp\/v2\/media?parent=145595"}],"wp:term":[{"taxonomy":"product_cat","embeddable":true,"href":"https:\/\/endormoonstore.com\/en\/wp-json\/wp\/v2\/product_cat?post=145595"},{"taxonomy":"product_tag","embeddable":true,"href":"https:\/\/endormoonstore.com\/en\/wp-json\/wp\/v2\/product_tag?post=145595"}],"curies":[{"name":"wp","href":"https:\/\/api.w.org\/{rel}","templated":true}]}}