{"id":145395,"date":"2023-05-15T00:15:55","date_gmt":"2023-04-18T19:12:55","guid":{"rendered":"https:\/\/endormoonstore.com\/indiana-jones-retro-collection-raiders-of-the-lost-ark-belloq-ceremonial\/"},"modified":"2023-05-18T13:27:42","modified_gmt":"2023-05-18T11:27:42","slug":"indiana-jones-retro-collection-raiders-of-the-lost-ark-belloq-ceremonial","status":"publish","type":"product","link":"https:\/\/endormoonstore.com\/en\/indiana-jones-retro-collection-raiders-of-the-lost-ark-belloq-ceremonial\/","title":{"rendered":"Indiana Jones Retro Collection Raiders of the Lost Ark Belloq (Ceremonial)"},"content":{"rendered":"<p class=\"p1\"><strong>Indiana Jones Retro Collection Raiders of the Lost Ark Belloq (Ceremonial)<\/strong><\/p>\n<ul class=\"ul1\">\n<li class=\"li1\">El arque\u00f3logo franc\u00e9s rival Ren\u00e9 Belloq abre el Arca de la Alianza para verificar su contenido sagrado, solo para enfrentarse a un poder sobrenatural que no podr\u00eda haber imaginado.<\/li>\n<li class=\"li1\">Esta figura de la Colecci\u00f3n Retro de unos 9,5 cm de alto esta detallada para parecerse al personaje Ren\u00e9 Belloq de Indiana Jones y Raiders of the Lost Ark, con un dise\u00f1o y detalles inspirados en los juguetes Kenner de la d\u00e9cada de 1980. Si la aventura tiene un nombre, \u00a1debe ser Indiana Jones!<\/li>\n<li>Indiana Jones viaja por el mundo compitiendo contra los malos en busca del Arca de la Alianza perdida.<\/li>\n<li class=\"li1\">Esta figura de acci\u00f3n coleccionable de Belloq ( Ceremonial) incluye un accesorio en este caso una vara ceremonial.<\/li>\n<\/ul>\n","protected":false},"excerpt":{"rendered":"<p class=\"p1\"><strong>Indiana Jones Retro Collection Raiders of the Lost Ark Belloq (Ceremonial)<\/strong><\/p>\n<p class=\"p1\">El arque\u00f3logo franc\u00e9s rival Ren\u00e9 Belloq abre el Arca de la Alianza para verificar su contenido sagrado, solo para enfrentarse a un poder sobrenatural que no podr\u00eda haber imaginado.<\/p>\n","protected":false},"featured_media":145387,"template":"","meta":{"_acf_changed":false,"_kad_blocks_custom_css":"","_kad_blocks_head_custom_js":"","_kad_blocks_body_custom_js":"","_kad_blocks_footer_custom_js":""},"product_cat":[1390,13511],"product_tag":[],"class_list":{"0":"post-145395","1":"product","2":"type-product","3":"status-publish","4":"has-post-thumbnail","6":"product_cat-figures","7":"product_cat-new-arrivals","8":"pa_brand-hasbro-en","9":"pa_character-belloq-en","10":"pa_episode-indiana-jones-raiders-of-the-lost-ark","11":"pa_license-indiana-jones-en","12":"pa_product-type-figure","13":"pa_theme-indiana-jones-retro-collection-en","15":"first","16":"instock","17":"taxable","18":"shipping-taxable","19":"purchasable","20":"product-type-simple"},"acf":[],"yoast_head":"<!-- This site is optimized with the Yoast SEO plugin v26.1.1 - https:\/\/yoast.com\/wordpress\/plugins\/seo\/ -->\n<title>Indiana Jones Retro Collection Raiders of the Lost Ark Belloq (Ceremonial) - EndormoonStore<\/title>\n<meta name=\"robots\" content=\"index, follow, max-snippet:-1, max-image-preview:large, max-video-preview:-1\" \/>\n<link rel=\"canonical\" href=\"https:\/\/endormoonstore.com\/en\/indiana-jones-retro-collection-raiders-of-the-lost-ark-belloq-ceremonial\/\" \/>\n<meta property=\"og:locale\" content=\"en_US\" \/>\n<meta property=\"og:type\" content=\"article\" \/>\n<meta property=\"og:title\" content=\"Indiana Jones Retro Collection Raiders of the Lost Ark Belloq (Ceremonial) - EndormoonStore\" \/>\n<meta property=\"og:description\" content=\"Indiana Jones Retro Collection Raiders of the Lost Ark Belloq (Ceremonial) El arque\u00f3logo franc\u00e9s rival Ren\u00e9 Belloq abre el Arca de la Alianza para verificar su contenido sagrado, solo para enfrentarse a un poder sobrenatural que no podr\u00eda haber imaginado.\" \/>\n<meta property=\"og:url\" content=\"https:\/\/endormoonstore.com\/en\/indiana-jones-retro-collection-raiders-of-the-lost-ark-belloq-ceremonial\/\" \/>\n<meta property=\"og:site_name\" content=\"EndormoonStore\" \/>\n<meta property=\"article:modified_time\" content=\"2023-05-18T11:27:42+00:00\" \/>\n<meta property=\"og:image\" content=\"https:\/\/endormoonstore.com\/wp-content\/uploads\/2023\/04\/Indiana-Jones-Retro-Collection-Raiders-of-the-Lost-Ark-Belloq-Ceremonial-1.jpg\" \/>\n\t<meta property=\"og:image:width\" content=\"1000\" \/>\n\t<meta property=\"og:image:height\" content=\"1000\" \/>\n\t<meta property=\"og:image:type\" content=\"image\/jpeg\" \/>\n<meta name=\"twitter:card\" content=\"summary_large_image\" \/>\n<meta name=\"twitter:label1\" content=\"Est. reading time\" \/>\n\t<meta name=\"twitter:data1\" content=\"1 minute\" \/>\n<script type=\"application\/ld+json\" class=\"yoast-schema-graph\">{\"@context\":\"https:\/\/schema.org\",\"@graph\":[{\"@type\":\"WebPage\",\"@id\":\"https:\/\/endormoonstore.com\/en\/indiana-jones-retro-collection-raiders-of-the-lost-ark-belloq-ceremonial\/\",\"url\":\"https:\/\/endormoonstore.com\/en\/indiana-jones-retro-collection-raiders-of-the-lost-ark-belloq-ceremonial\/\",\"name\":\"Indiana Jones Retro Collection Raiders of the Lost Ark Belloq (Ceremonial) - EndormoonStore\",\"isPartOf\":{\"@id\":\"https:\/\/endormoonstore.com\/#website\"},\"primaryImageOfPage\":{\"@id\":\"https:\/\/endormoonstore.com\/en\/indiana-jones-retro-collection-raiders-of-the-lost-ark-belloq-ceremonial\/#primaryimage\"},\"image\":{\"@id\":\"https:\/\/endormoonstore.com\/en\/indiana-jones-retro-collection-raiders-of-the-lost-ark-belloq-ceremonial\/#primaryimage\"},\"thumbnailUrl\":\"https:\/\/endormoonstore.com\/wp-content\/uploads\/2023\/04\/Indiana-Jones-Retro-Collection-Raiders-of-the-Lost-Ark-Belloq-Ceremonial-1.jpg\",\"datePublished\":\"2023-04-18T19:12:55+00:00\",\"dateModified\":\"2023-05-18T11:27:42+00:00\",\"breadcrumb\":{\"@id\":\"https:\/\/endormoonstore.com\/en\/indiana-jones-retro-collection-raiders-of-the-lost-ark-belloq-ceremonial\/#breadcrumb\"},\"inLanguage\":\"en-US\",\"potentialAction\":[{\"@type\":\"ReadAction\",\"target\":[\"https:\/\/endormoonstore.com\/en\/indiana-jones-retro-collection-raiders-of-the-lost-ark-belloq-ceremonial\/\"]}]},{\"@type\":\"ImageObject\",\"inLanguage\":\"en-US\",\"@id\":\"https:\/\/endormoonstore.com\/en\/indiana-jones-retro-collection-raiders-of-the-lost-ark-belloq-ceremonial\/#primaryimage\",\"url\":\"https:\/\/endormoonstore.com\/wp-content\/uploads\/2023\/04\/Indiana-Jones-Retro-Collection-Raiders-of-the-Lost-Ark-Belloq-Ceremonial-1.jpg\",\"contentUrl\":\"https:\/\/endormoonstore.com\/wp-content\/uploads\/2023\/04\/Indiana-Jones-Retro-Collection-Raiders-of-the-Lost-Ark-Belloq-Ceremonial-1.jpg\",\"width\":1000,\"height\":1000},{\"@type\":\"BreadcrumbList\",\"@id\":\"https:\/\/endormoonstore.com\/en\/indiana-jones-retro-collection-raiders-of-the-lost-ark-belloq-ceremonial\/#breadcrumb\",\"itemListElement\":[{\"@type\":\"ListItem\",\"position\":1,\"name\":\"Shop\",\"item\":\"https:\/\/endormoonstore.com\/en\/shop\/\"},{\"@type\":\"ListItem\",\"position\":2,\"name\":\"Indiana Jones Retro Collection Raiders of the Lost Ark Belloq (Ceremonial)\"}]},{\"@type\":\"WebSite\",\"@id\":\"https:\/\/endormoonstore.com\/#website\",\"url\":\"https:\/\/endormoonstore.com\/\",\"name\":\"EndormoonStore\",\"description\":\"\",\"potentialAction\":[{\"@type\":\"SearchAction\",\"target\":{\"@type\":\"EntryPoint\",\"urlTemplate\":\"https:\/\/endormoonstore.com\/?s={search_term_string}\"},\"query-input\":{\"@type\":\"PropertyValueSpecification\",\"valueRequired\":true,\"valueName\":\"search_term_string\"}}],\"inLanguage\":\"en-US\"}]}<\/script>\n<!-- \/ Yoast SEO plugin. -->","yoast_head_json":{"title":"Indiana Jones Retro Collection Raiders of the Lost Ark Belloq (Ceremonial) - EndormoonStore","robots":{"index":"index","follow":"follow","max-snippet":"max-snippet:-1","max-image-preview":"max-image-preview:large","max-video-preview":"max-video-preview:-1"},"canonical":"https:\/\/endormoonstore.com\/en\/indiana-jones-retro-collection-raiders-of-the-lost-ark-belloq-ceremonial\/","og_locale":"en_US","og_type":"article","og_title":"Indiana Jones Retro Collection Raiders of the Lost Ark Belloq (Ceremonial) - EndormoonStore","og_description":"Indiana Jones Retro Collection Raiders of the Lost Ark Belloq (Ceremonial) El arque\u00f3logo franc\u00e9s rival Ren\u00e9 Belloq abre el Arca de la Alianza para verificar su contenido sagrado, solo para enfrentarse a un poder sobrenatural que no podr\u00eda haber imaginado.","og_url":"https:\/\/endormoonstore.com\/en\/indiana-jones-retro-collection-raiders-of-the-lost-ark-belloq-ceremonial\/","og_site_name":"EndormoonStore","article_modified_time":"2023-05-18T11:27:42+00:00","og_image":[{"width":1000,"height":1000,"url":"https:\/\/endormoonstore.com\/wp-content\/uploads\/2023\/04\/Indiana-Jones-Retro-Collection-Raiders-of-the-Lost-Ark-Belloq-Ceremonial-1.jpg","type":"image\/jpeg"}],"twitter_card":"summary_large_image","twitter_misc":{"Est. reading time":"1 minute"},"schema":{"@context":"https:\/\/schema.org","@graph":[{"@type":"WebPage","@id":"https:\/\/endormoonstore.com\/en\/indiana-jones-retro-collection-raiders-of-the-lost-ark-belloq-ceremonial\/","url":"https:\/\/endormoonstore.com\/en\/indiana-jones-retro-collection-raiders-of-the-lost-ark-belloq-ceremonial\/","name":"Indiana Jones Retro Collection Raiders of the Lost Ark Belloq (Ceremonial) - EndormoonStore","isPartOf":{"@id":"https:\/\/endormoonstore.com\/#website"},"primaryImageOfPage":{"@id":"https:\/\/endormoonstore.com\/en\/indiana-jones-retro-collection-raiders-of-the-lost-ark-belloq-ceremonial\/#primaryimage"},"image":{"@id":"https:\/\/endormoonstore.com\/en\/indiana-jones-retro-collection-raiders-of-the-lost-ark-belloq-ceremonial\/#primaryimage"},"thumbnailUrl":"https:\/\/endormoonstore.com\/wp-content\/uploads\/2023\/04\/Indiana-Jones-Retro-Collection-Raiders-of-the-Lost-Ark-Belloq-Ceremonial-1.jpg","datePublished":"2023-04-18T19:12:55+00:00","dateModified":"2023-05-18T11:27:42+00:00","breadcrumb":{"@id":"https:\/\/endormoonstore.com\/en\/indiana-jones-retro-collection-raiders-of-the-lost-ark-belloq-ceremonial\/#breadcrumb"},"inLanguage":"en-US","potentialAction":[{"@type":"ReadAction","target":["https:\/\/endormoonstore.com\/en\/indiana-jones-retro-collection-raiders-of-the-lost-ark-belloq-ceremonial\/"]}]},{"@type":"ImageObject","inLanguage":"en-US","@id":"https:\/\/endormoonstore.com\/en\/indiana-jones-retro-collection-raiders-of-the-lost-ark-belloq-ceremonial\/#primaryimage","url":"https:\/\/endormoonstore.com\/wp-content\/uploads\/2023\/04\/Indiana-Jones-Retro-Collection-Raiders-of-the-Lost-Ark-Belloq-Ceremonial-1.jpg","contentUrl":"https:\/\/endormoonstore.com\/wp-content\/uploads\/2023\/04\/Indiana-Jones-Retro-Collection-Raiders-of-the-Lost-Ark-Belloq-Ceremonial-1.jpg","width":1000,"height":1000},{"@type":"BreadcrumbList","@id":"https:\/\/endormoonstore.com\/en\/indiana-jones-retro-collection-raiders-of-the-lost-ark-belloq-ceremonial\/#breadcrumb","itemListElement":[{"@type":"ListItem","position":1,"name":"Shop","item":"https:\/\/endormoonstore.com\/en\/shop\/"},{"@type":"ListItem","position":2,"name":"Indiana Jones Retro Collection Raiders of the Lost Ark Belloq (Ceremonial)"}]},{"@type":"WebSite","@id":"https:\/\/endormoonstore.com\/#website","url":"https:\/\/endormoonstore.com\/","name":"EndormoonStore","description":"","potentialAction":[{"@type":"SearchAction","target":{"@type":"EntryPoint","urlTemplate":"https:\/\/endormoonstore.com\/?s={search_term_string}"},"query-input":{"@type":"PropertyValueSpecification","valueRequired":true,"valueName":"search_term_string"}}],"inLanguage":"en-US"}]}},"taxonomy_info":{"product_cat":[{"value":1390,"label":"Figures"},{"value":13511,"label":"New Arrivals"}],"pa_brand":[{"value":2084,"label":"Hasbro"}],"pa_character":[{"value":13604,"label":"Belloq"}],"pa_episode":[{"value":13535,"label":"Indiana Jones: Raiders of the Lost Ark"}],"pa_license":[{"value":13531,"label":"Indiana Jones"}],"pa_product-type":[{"value":2387,"label":"Figure"}],"pa_theme":[{"value":13608,"label":"Indiana Jones Retro Collection"}]},"featured_image_src_large":["https:\/\/endormoonstore.com\/wp-content\/uploads\/2023\/04\/Indiana-Jones-Retro-Collection-Raiders-of-the-Lost-Ark-Belloq-Ceremonial-1.jpg",1000,1000,false],"author_info":[],"comment_info":"","_links":{"self":[{"href":"https:\/\/endormoonstore.com\/en\/wp-json\/wp\/v2\/product\/145395","targetHints":{"allow":["GET"]}}],"collection":[{"href":"https:\/\/endormoonstore.com\/en\/wp-json\/wp\/v2\/product"}],"about":[{"href":"https:\/\/endormoonstore.com\/en\/wp-json\/wp\/v2\/types\/product"}],"wp:featuredmedia":[{"embeddable":true,"href":"https:\/\/endormoonstore.com\/en\/wp-json\/wp\/v2\/media\/145387"}],"wp:attachment":[{"href":"https:\/\/endormoonstore.com\/en\/wp-json\/wp\/v2\/media?parent=145395"}],"wp:term":[{"taxonomy":"product_cat","embeddable":true,"href":"https:\/\/endormoonstore.com\/en\/wp-json\/wp\/v2\/product_cat?post=145395"},{"taxonomy":"product_tag","embeddable":true,"href":"https:\/\/endormoonstore.com\/en\/wp-json\/wp\/v2\/product_tag?post=145395"}],"curies":[{"name":"wp","href":"https:\/\/api.w.org\/{rel}","templated":true}]}}