{"id":145263,"date":"2023-10-31T00:00:01","date_gmt":"2023-04-16T12:03:01","guid":{"rendered":"https:\/\/endormoonstore.com\/pennywise-it-1990-living-dead-dolls\/"},"modified":"2023-11-27T18:48:02","modified_gmt":"2023-11-27T17:48:02","slug":"pennywise-it-1990-living-dead-dolls","status":"publish","type":"product","link":"https:\/\/endormoonstore.com\/en\/pennywise-it-1990-living-dead-dolls\/","title":{"rendered":"Pennywise It 1990 Living Dead Dolls"},"content":{"rendered":"<p class=\"p1\"><strong>Pennywise It 1990 Living Dead Dolls<\/strong><\/p>\n<ul class=\"ul1\">\n<li class=\"li1\">Es cada pesadilla que has tenido, tu peor sue\u00f1o hecho realidad.\u00a0\u00c9l es todo lo que siempre temiste.\u00a0Es Pennywise el payaso, y ahora es un Living Dead Doll.\u00bfQuieres un globo?<\/li>\n<li class=\"li1\">Desde las profundidades de las alcantarillas debajo de Derry llega el aterrador villano de It the movie, Pennywise.<\/li>\n<li class=\"li1\">Resplandeciente con su traje de payaso satinado de colores brillantes, Pennywise es literalmente el material de las pesadillas.<\/li>\n<li class=\"li1\">Desde sus zapatos de payaso de gran tama\u00f1o hasta su mata de cabello rojo brillante, se ha tenido mucho cuidado para capturar no solo el aspecto sino tambi\u00e9n la esencia del personaje.<\/li>\n<li class=\"li1\">Una mirada a sus dientes como colmillos es suficiente para saber que este payaso no es cosa de risa.\u00a0Pennywise viene con su caracter\u00edstico globo carmes\u00ed&#8230; porque aqu\u00ed abajo, todo flota.<\/li>\n<li class=\"li1\"><span class=\"s1\">The<\/span>\u00a0LDD Presents\u00a0<span class=\"s1\">IT 1990: Pennywise mide unos 25 cm de alto y tiene 5 puntos de articulaci\u00f3n. Presenta ropa de tela real y viene con su globo rojo.<\/span><\/li>\n<li class=\"li1\">Se presenta en una caja con ventana, perfecta para su exposici\u00f3n.<\/li>\n<li>Dale la bienvenida a tu colecci\u00f3n hoy&#8230; luego t\u00fa tambi\u00e9n puedes flotar.<\/li>\n<\/ul>\n","protected":false},"excerpt":{"rendered":"<p class=\"p1\"><strong>Pennywise It 1990 Living Dead Dolls<\/strong><\/p>\n<p class=\"p1\">Es cada pesadilla que has tenido, tu peor sue\u00f1o hecho realidad.\u00a0\u00c9l es todo lo que siempre temiste.\u00a0Es Pennywise el payaso, y ahora es un Living Dead Doll.\u00bfQuieres un globo?<\/p>\n","protected":false},"featured_media":145249,"template":"","meta":{"_acf_changed":false,"_kad_blocks_custom_css":"","_kad_blocks_head_custom_js":"","_kad_blocks_body_custom_js":"","_kad_blocks_footer_custom_js":""},"product_cat":[1390,13511],"product_tag":[],"class_list":{"0":"post-145263","1":"product","2":"type-product","3":"status-publish","4":"has-post-thumbnail","6":"product_cat-figures","7":"product_cat-new-arrivals","8":"pa_brand-mezco-toyz-en","9":"pa_character-pennywise-en","10":"pa_license-it-en","11":"pa_product-type-figure","12":"pa_theme-living-dead-dolls-en","14":"first","15":"instock","16":"taxable","17":"shipping-taxable","18":"purchasable","19":"product-type-simple"},"acf":[],"yoast_head":"<!-- This site is optimized with the Yoast SEO plugin v26.1.1 - https:\/\/yoast.com\/wordpress\/plugins\/seo\/ -->\n<title>Pennywise It 1990 Living Dead Dolls - EndormoonStore<\/title>\n<meta name=\"robots\" content=\"index, follow, max-snippet:-1, max-image-preview:large, max-video-preview:-1\" \/>\n<link rel=\"canonical\" href=\"https:\/\/endormoonstore.com\/en\/pennywise-it-1990-living-dead-dolls\/\" \/>\n<meta property=\"og:locale\" content=\"en_US\" \/>\n<meta property=\"og:type\" content=\"article\" \/>\n<meta property=\"og:title\" content=\"Pennywise It 1990 Living Dead Dolls - EndormoonStore\" \/>\n<meta property=\"og:description\" content=\"Pennywise It 1990 Living Dead Dolls Es cada pesadilla que has tenido, tu peor sue\u00f1o hecho realidad.\u00a0\u00c9l es todo lo que siempre temiste.\u00a0Es Pennywise el payaso, y ahora es un Living Dead Doll.\u00bfQuieres un globo?\" \/>\n<meta property=\"og:url\" content=\"https:\/\/endormoonstore.com\/en\/pennywise-it-1990-living-dead-dolls\/\" \/>\n<meta property=\"og:site_name\" content=\"EndormoonStore\" \/>\n<meta property=\"article:modified_time\" content=\"2023-11-27T17:48:02+00:00\" \/>\n<meta property=\"og:image\" content=\"https:\/\/endormoonstore.com\/wp-content\/uploads\/2023\/04\/Pennywise-It-1990-Living-Dead-Dolls-1.jpeg\" \/>\n\t<meta property=\"og:image:width\" content=\"800\" \/>\n\t<meta property=\"og:image:height\" content=\"800\" \/>\n\t<meta property=\"og:image:type\" content=\"image\/jpeg\" \/>\n<meta name=\"twitter:card\" content=\"summary_large_image\" \/>\n<meta name=\"twitter:label1\" content=\"Est. reading time\" \/>\n\t<meta name=\"twitter:data1\" content=\"1 minute\" \/>\n<script type=\"application\/ld+json\" class=\"yoast-schema-graph\">{\"@context\":\"https:\/\/schema.org\",\"@graph\":[{\"@type\":\"WebPage\",\"@id\":\"https:\/\/endormoonstore.com\/en\/pennywise-it-1990-living-dead-dolls\/\",\"url\":\"https:\/\/endormoonstore.com\/en\/pennywise-it-1990-living-dead-dolls\/\",\"name\":\"Pennywise It 1990 Living Dead Dolls - EndormoonStore\",\"isPartOf\":{\"@id\":\"https:\/\/endormoonstore.com\/#website\"},\"primaryImageOfPage\":{\"@id\":\"https:\/\/endormoonstore.com\/en\/pennywise-it-1990-living-dead-dolls\/#primaryimage\"},\"image\":{\"@id\":\"https:\/\/endormoonstore.com\/en\/pennywise-it-1990-living-dead-dolls\/#primaryimage\"},\"thumbnailUrl\":\"https:\/\/endormoonstore.com\/wp-content\/uploads\/2023\/04\/Pennywise-It-1990-Living-Dead-Dolls-1.jpeg\",\"datePublished\":\"2023-04-16T12:03:01+00:00\",\"dateModified\":\"2023-11-27T17:48:02+00:00\",\"breadcrumb\":{\"@id\":\"https:\/\/endormoonstore.com\/en\/pennywise-it-1990-living-dead-dolls\/#breadcrumb\"},\"inLanguage\":\"en-US\",\"potentialAction\":[{\"@type\":\"ReadAction\",\"target\":[\"https:\/\/endormoonstore.com\/en\/pennywise-it-1990-living-dead-dolls\/\"]}]},{\"@type\":\"ImageObject\",\"inLanguage\":\"en-US\",\"@id\":\"https:\/\/endormoonstore.com\/en\/pennywise-it-1990-living-dead-dolls\/#primaryimage\",\"url\":\"https:\/\/endormoonstore.com\/wp-content\/uploads\/2023\/04\/Pennywise-It-1990-Living-Dead-Dolls-1.jpeg\",\"contentUrl\":\"https:\/\/endormoonstore.com\/wp-content\/uploads\/2023\/04\/Pennywise-It-1990-Living-Dead-Dolls-1.jpeg\",\"width\":800,\"height\":800},{\"@type\":\"BreadcrumbList\",\"@id\":\"https:\/\/endormoonstore.com\/en\/pennywise-it-1990-living-dead-dolls\/#breadcrumb\",\"itemListElement\":[{\"@type\":\"ListItem\",\"position\":1,\"name\":\"Shop\",\"item\":\"https:\/\/endormoonstore.com\/en\/shop\/\"},{\"@type\":\"ListItem\",\"position\":2,\"name\":\"Pennywise It 1990 Living Dead Dolls\"}]},{\"@type\":\"WebSite\",\"@id\":\"https:\/\/endormoonstore.com\/#website\",\"url\":\"https:\/\/endormoonstore.com\/\",\"name\":\"EndormoonStore\",\"description\":\"\",\"potentialAction\":[{\"@type\":\"SearchAction\",\"target\":{\"@type\":\"EntryPoint\",\"urlTemplate\":\"https:\/\/endormoonstore.com\/?s={search_term_string}\"},\"query-input\":{\"@type\":\"PropertyValueSpecification\",\"valueRequired\":true,\"valueName\":\"search_term_string\"}}],\"inLanguage\":\"en-US\"}]}<\/script>\n<!-- \/ Yoast SEO plugin. -->","yoast_head_json":{"title":"Pennywise It 1990 Living Dead Dolls - EndormoonStore","robots":{"index":"index","follow":"follow","max-snippet":"max-snippet:-1","max-image-preview":"max-image-preview:large","max-video-preview":"max-video-preview:-1"},"canonical":"https:\/\/endormoonstore.com\/en\/pennywise-it-1990-living-dead-dolls\/","og_locale":"en_US","og_type":"article","og_title":"Pennywise It 1990 Living Dead Dolls - EndormoonStore","og_description":"Pennywise It 1990 Living Dead Dolls Es cada pesadilla que has tenido, tu peor sue\u00f1o hecho realidad.\u00a0\u00c9l es todo lo que siempre temiste.\u00a0Es Pennywise el payaso, y ahora es un Living Dead Doll.\u00bfQuieres un globo?","og_url":"https:\/\/endormoonstore.com\/en\/pennywise-it-1990-living-dead-dolls\/","og_site_name":"EndormoonStore","article_modified_time":"2023-11-27T17:48:02+00:00","og_image":[{"width":800,"height":800,"url":"https:\/\/endormoonstore.com\/wp-content\/uploads\/2023\/04\/Pennywise-It-1990-Living-Dead-Dolls-1.jpeg","type":"image\/jpeg"}],"twitter_card":"summary_large_image","twitter_misc":{"Est. reading time":"1 minute"},"schema":{"@context":"https:\/\/schema.org","@graph":[{"@type":"WebPage","@id":"https:\/\/endormoonstore.com\/en\/pennywise-it-1990-living-dead-dolls\/","url":"https:\/\/endormoonstore.com\/en\/pennywise-it-1990-living-dead-dolls\/","name":"Pennywise It 1990 Living Dead Dolls - EndormoonStore","isPartOf":{"@id":"https:\/\/endormoonstore.com\/#website"},"primaryImageOfPage":{"@id":"https:\/\/endormoonstore.com\/en\/pennywise-it-1990-living-dead-dolls\/#primaryimage"},"image":{"@id":"https:\/\/endormoonstore.com\/en\/pennywise-it-1990-living-dead-dolls\/#primaryimage"},"thumbnailUrl":"https:\/\/endormoonstore.com\/wp-content\/uploads\/2023\/04\/Pennywise-It-1990-Living-Dead-Dolls-1.jpeg","datePublished":"2023-04-16T12:03:01+00:00","dateModified":"2023-11-27T17:48:02+00:00","breadcrumb":{"@id":"https:\/\/endormoonstore.com\/en\/pennywise-it-1990-living-dead-dolls\/#breadcrumb"},"inLanguage":"en-US","potentialAction":[{"@type":"ReadAction","target":["https:\/\/endormoonstore.com\/en\/pennywise-it-1990-living-dead-dolls\/"]}]},{"@type":"ImageObject","inLanguage":"en-US","@id":"https:\/\/endormoonstore.com\/en\/pennywise-it-1990-living-dead-dolls\/#primaryimage","url":"https:\/\/endormoonstore.com\/wp-content\/uploads\/2023\/04\/Pennywise-It-1990-Living-Dead-Dolls-1.jpeg","contentUrl":"https:\/\/endormoonstore.com\/wp-content\/uploads\/2023\/04\/Pennywise-It-1990-Living-Dead-Dolls-1.jpeg","width":800,"height":800},{"@type":"BreadcrumbList","@id":"https:\/\/endormoonstore.com\/en\/pennywise-it-1990-living-dead-dolls\/#breadcrumb","itemListElement":[{"@type":"ListItem","position":1,"name":"Shop","item":"https:\/\/endormoonstore.com\/en\/shop\/"},{"@type":"ListItem","position":2,"name":"Pennywise It 1990 Living Dead Dolls"}]},{"@type":"WebSite","@id":"https:\/\/endormoonstore.com\/#website","url":"https:\/\/endormoonstore.com\/","name":"EndormoonStore","description":"","potentialAction":[{"@type":"SearchAction","target":{"@type":"EntryPoint","urlTemplate":"https:\/\/endormoonstore.com\/?s={search_term_string}"},"query-input":{"@type":"PropertyValueSpecification","valueRequired":true,"valueName":"search_term_string"}}],"inLanguage":"en-US"}]}},"taxonomy_info":{"product_cat":[{"value":1390,"label":"Figures"},{"value":13511,"label":"New Arrivals"}],"pa_brand":[{"value":1638,"label":"Mezco Toyz"}],"pa_character":[{"value":5473,"label":"Pennywise"}],"pa_license":[{"value":5479,"label":"It"}],"pa_product-type":[{"value":2387,"label":"Figure"}],"pa_theme":[{"value":14277,"label":"Living Dead Dolls"}]},"featured_image_src_large":["https:\/\/endormoonstore.com\/wp-content\/uploads\/2023\/04\/Pennywise-It-1990-Living-Dead-Dolls-1.jpeg",800,800,false],"author_info":[],"comment_info":"","_links":{"self":[{"href":"https:\/\/endormoonstore.com\/en\/wp-json\/wp\/v2\/product\/145263","targetHints":{"allow":["GET"]}}],"collection":[{"href":"https:\/\/endormoonstore.com\/en\/wp-json\/wp\/v2\/product"}],"about":[{"href":"https:\/\/endormoonstore.com\/en\/wp-json\/wp\/v2\/types\/product"}],"wp:featuredmedia":[{"embeddable":true,"href":"https:\/\/endormoonstore.com\/en\/wp-json\/wp\/v2\/media\/145249"}],"wp:attachment":[{"href":"https:\/\/endormoonstore.com\/en\/wp-json\/wp\/v2\/media?parent=145263"}],"wp:term":[{"taxonomy":"product_cat","embeddable":true,"href":"https:\/\/endormoonstore.com\/en\/wp-json\/wp\/v2\/product_cat?post=145263"},{"taxonomy":"product_tag","embeddable":true,"href":"https:\/\/endormoonstore.com\/en\/wp-json\/wp\/v2\/product_tag?post=145263"}],"curies":[{"name":"wp","href":"https:\/\/api.w.org\/{rel}","templated":true}]}}