{"id":144425,"date":"2023-03-16T20:17:22","date_gmt":"2023-03-16T19:17:22","guid":{"rendered":"https:\/\/endormoonstore.com\/indiana-jones-adventure-series-staff-of-ra-headpiece\/"},"modified":"2023-03-16T20:28:39","modified_gmt":"2023-03-16T19:28:39","slug":"indiana-jones-adventure-series-staff-of-ra-headpiece","status":"publish","type":"product","link":"https:\/\/endormoonstore.com\/en\/indiana-jones-adventure-series-staff-of-ra-headpiece\/","title":{"rendered":"Indiana Jones Adventure Series Staff of Ra Headpiece"},"content":{"rendered":"<p class=\"p1\"><strong>Indiana Jones Adventure Series Staff of Ra Headpiece<\/strong><\/p>\n<ul class=\"ul1\">\n<li class=\"li1\">Hasbro presenta, dentro de la colecci\u00f3n Adventure Series, una reproducci\u00f3n de la pieza superior de la Vara de Ra, est\u00e1 inspirada en el antiguo medall\u00f3n de bronce de la pel\u00edcula Indiana Jones en busca del arca perdida, con su apariencia y textura met\u00e1licas de alta calidad.<\/li>\n<li class=\"li1\">Este art\u00edculo coleccionable para juego de rol cuenta con una pieza superior removible con inscripciones y un &#8220;cristal&#8221; central lum\u00ednicos, as\u00ed como una secci\u00f3n de la vara y de la base inspiradas en la ficci\u00f3n.<\/li>\n<li class=\"li1\">Incluye base soporte para su exhibici\u00f3n e instrucciones.<\/li>\n<li>Requiere de pilas no incluidas en el paquete.<\/li>\n<\/ul>\n","protected":false},"excerpt":{"rendered":"<p class=\"p1\"><strong>Indiana Jones Adventure Series Staff of Ra Headpiece<\/strong><\/p>\n<p class=\"p1\">Hasbro presenta, dentro de la colecci\u00f3n Adventure Series, una reproducci\u00f3n de la pieza superior de la Vara de Ra, est\u00e1 inspirada en el antiguo medall\u00f3n de bronce de la pel\u00edcula Indiana Jones en busca del arca perdida, con su apariencia y textura met\u00e1licas de alta calidad.<\/p>\n","protected":false},"featured_media":144408,"template":"","meta":{"_acf_changed":false,"_kad_blocks_custom_css":"","_kad_blocks_head_custom_js":"","_kad_blocks_body_custom_js":"","_kad_blocks_footer_custom_js":""},"product_cat":[1390,13511],"product_tag":[],"class_list":{"0":"post-144425","1":"product","2":"type-product","3":"status-publish","4":"has-post-thumbnail","6":"product_cat-figures","7":"product_cat-new-arrivals","8":"pa_brand-hasbro-en","9":"pa_character-staff-of-ra-headpiece-en","10":"pa_episode-indiana-jones-raiders-of-the-lost-ark","11":"pa_license-indiana-jones-en","12":"pa_product-type-figure","13":"pa_theme-adventure-series-en","15":"first","16":"instock","17":"taxable","18":"shipping-taxable","19":"purchasable","20":"product-type-simple"},"acf":[],"yoast_head":"<!-- This site is optimized with the Yoast SEO plugin v26.1.1 - https:\/\/yoast.com\/wordpress\/plugins\/seo\/ -->\n<title>Indiana Jones Adventure Series Staff of Ra Headpiece - EndormoonStore<\/title>\n<meta name=\"robots\" content=\"index, follow, max-snippet:-1, max-image-preview:large, max-video-preview:-1\" \/>\n<link rel=\"canonical\" href=\"https:\/\/endormoonstore.com\/indiana-jones-adventure-series-staff-of-ra-headpiece\/\" \/>\n<meta property=\"og:locale\" content=\"en_US\" \/>\n<meta property=\"og:type\" content=\"article\" \/>\n<meta property=\"og:title\" content=\"Indiana Jones Adventure Series Staff of Ra Headpiece - EndormoonStore\" \/>\n<meta property=\"og:description\" content=\"Indiana Jones Adventure Series Staff of Ra Headpiece Hasbro presenta, dentro de la colecci\u00f3n Adventure Series, una reproducci\u00f3n de la pieza superior de la Vara de Ra, est\u00e1 inspirada en el antiguo medall\u00f3n de bronce de la pel\u00edcula Indiana Jones en busca del arca perdida, con su apariencia y textura met\u00e1licas de alta calidad.\" \/>\n<meta property=\"og:url\" content=\"https:\/\/endormoonstore.com\/indiana-jones-adventure-series-staff-of-ra-headpiece\/\" \/>\n<meta property=\"og:site_name\" content=\"EndormoonStore\" \/>\n<meta property=\"article:modified_time\" content=\"2023-03-16T19:28:39+00:00\" \/>\n<meta property=\"og:image\" content=\"https:\/\/endormoonstore.com\/wp-content\/uploads\/2023\/03\/Indiana-Jones-Adventure-Series-Staff-of-Ra-Headpiece-1.jpg\" \/>\n\t<meta property=\"og:image:width\" content=\"1000\" \/>\n\t<meta property=\"og:image:height\" content=\"1000\" \/>\n\t<meta property=\"og:image:type\" content=\"image\/jpeg\" \/>\n<meta name=\"twitter:card\" content=\"summary_large_image\" \/>\n<meta name=\"twitter:label1\" content=\"Est. reading time\" \/>\n\t<meta name=\"twitter:data1\" content=\"1 minute\" \/>\n<script type=\"application\/ld+json\" class=\"yoast-schema-graph\">{\"@context\":\"https:\/\/schema.org\",\"@graph\":[{\"@type\":\"WebPage\",\"@id\":\"https:\/\/endormoonstore.com\/indiana-jones-adventure-series-staff-of-ra-headpiece\/\",\"url\":\"https:\/\/endormoonstore.com\/indiana-jones-adventure-series-staff-of-ra-headpiece\/\",\"name\":\"Indiana Jones Adventure Series Staff of Ra Headpiece - EndormoonStore\",\"isPartOf\":{\"@id\":\"https:\/\/endormoonstore.com\/#website\"},\"primaryImageOfPage\":{\"@id\":\"https:\/\/endormoonstore.com\/indiana-jones-adventure-series-staff-of-ra-headpiece\/#primaryimage\"},\"image\":{\"@id\":\"https:\/\/endormoonstore.com\/indiana-jones-adventure-series-staff-of-ra-headpiece\/#primaryimage\"},\"thumbnailUrl\":\"https:\/\/endormoonstore.com\/wp-content\/uploads\/2023\/03\/Indiana-Jones-Adventure-Series-Staff-of-Ra-Headpiece-1.jpg\",\"datePublished\":\"2023-03-16T19:17:22+00:00\",\"dateModified\":\"2023-03-16T19:28:39+00:00\",\"breadcrumb\":{\"@id\":\"https:\/\/endormoonstore.com\/indiana-jones-adventure-series-staff-of-ra-headpiece\/#breadcrumb\"},\"inLanguage\":\"en-US\",\"potentialAction\":[{\"@type\":\"ReadAction\",\"target\":[\"https:\/\/endormoonstore.com\/indiana-jones-adventure-series-staff-of-ra-headpiece\/\"]}]},{\"@type\":\"ImageObject\",\"inLanguage\":\"en-US\",\"@id\":\"https:\/\/endormoonstore.com\/indiana-jones-adventure-series-staff-of-ra-headpiece\/#primaryimage\",\"url\":\"https:\/\/endormoonstore.com\/wp-content\/uploads\/2023\/03\/Indiana-Jones-Adventure-Series-Staff-of-Ra-Headpiece-1.jpg\",\"contentUrl\":\"https:\/\/endormoonstore.com\/wp-content\/uploads\/2023\/03\/Indiana-Jones-Adventure-Series-Staff-of-Ra-Headpiece-1.jpg\",\"width\":1000,\"height\":1000},{\"@type\":\"BreadcrumbList\",\"@id\":\"https:\/\/endormoonstore.com\/indiana-jones-adventure-series-staff-of-ra-headpiece\/#breadcrumb\",\"itemListElement\":[{\"@type\":\"ListItem\",\"position\":1,\"name\":\"Shop\",\"item\":\"https:\/\/endormoonstore.com\/en\/shop\/\"},{\"@type\":\"ListItem\",\"position\":2,\"name\":\"Indiana Jones Adventure Series Staff of Ra Headpiece\"}]},{\"@type\":\"WebSite\",\"@id\":\"https:\/\/endormoonstore.com\/#website\",\"url\":\"https:\/\/endormoonstore.com\/\",\"name\":\"EndormoonStore\",\"description\":\"\",\"potentialAction\":[{\"@type\":\"SearchAction\",\"target\":{\"@type\":\"EntryPoint\",\"urlTemplate\":\"https:\/\/endormoonstore.com\/?s={search_term_string}\"},\"query-input\":{\"@type\":\"PropertyValueSpecification\",\"valueRequired\":true,\"valueName\":\"search_term_string\"}}],\"inLanguage\":\"en-US\"}]}<\/script>\n<!-- \/ Yoast SEO plugin. -->","yoast_head_json":{"title":"Indiana Jones Adventure Series Staff of Ra Headpiece - EndormoonStore","robots":{"index":"index","follow":"follow","max-snippet":"max-snippet:-1","max-image-preview":"max-image-preview:large","max-video-preview":"max-video-preview:-1"},"canonical":"https:\/\/endormoonstore.com\/indiana-jones-adventure-series-staff-of-ra-headpiece\/","og_locale":"en_US","og_type":"article","og_title":"Indiana Jones Adventure Series Staff of Ra Headpiece - EndormoonStore","og_description":"Indiana Jones Adventure Series Staff of Ra Headpiece Hasbro presenta, dentro de la colecci\u00f3n Adventure Series, una reproducci\u00f3n de la pieza superior de la Vara de Ra, est\u00e1 inspirada en el antiguo medall\u00f3n de bronce de la pel\u00edcula Indiana Jones en busca del arca perdida, con su apariencia y textura met\u00e1licas de alta calidad.","og_url":"https:\/\/endormoonstore.com\/indiana-jones-adventure-series-staff-of-ra-headpiece\/","og_site_name":"EndormoonStore","article_modified_time":"2023-03-16T19:28:39+00:00","og_image":[{"width":1000,"height":1000,"url":"https:\/\/endormoonstore.com\/wp-content\/uploads\/2023\/03\/Indiana-Jones-Adventure-Series-Staff-of-Ra-Headpiece-1.jpg","type":"image\/jpeg"}],"twitter_card":"summary_large_image","twitter_misc":{"Est. reading time":"1 minute"},"schema":{"@context":"https:\/\/schema.org","@graph":[{"@type":"WebPage","@id":"https:\/\/endormoonstore.com\/indiana-jones-adventure-series-staff-of-ra-headpiece\/","url":"https:\/\/endormoonstore.com\/indiana-jones-adventure-series-staff-of-ra-headpiece\/","name":"Indiana Jones Adventure Series Staff of Ra Headpiece - EndormoonStore","isPartOf":{"@id":"https:\/\/endormoonstore.com\/#website"},"primaryImageOfPage":{"@id":"https:\/\/endormoonstore.com\/indiana-jones-adventure-series-staff-of-ra-headpiece\/#primaryimage"},"image":{"@id":"https:\/\/endormoonstore.com\/indiana-jones-adventure-series-staff-of-ra-headpiece\/#primaryimage"},"thumbnailUrl":"https:\/\/endormoonstore.com\/wp-content\/uploads\/2023\/03\/Indiana-Jones-Adventure-Series-Staff-of-Ra-Headpiece-1.jpg","datePublished":"2023-03-16T19:17:22+00:00","dateModified":"2023-03-16T19:28:39+00:00","breadcrumb":{"@id":"https:\/\/endormoonstore.com\/indiana-jones-adventure-series-staff-of-ra-headpiece\/#breadcrumb"},"inLanguage":"en-US","potentialAction":[{"@type":"ReadAction","target":["https:\/\/endormoonstore.com\/indiana-jones-adventure-series-staff-of-ra-headpiece\/"]}]},{"@type":"ImageObject","inLanguage":"en-US","@id":"https:\/\/endormoonstore.com\/indiana-jones-adventure-series-staff-of-ra-headpiece\/#primaryimage","url":"https:\/\/endormoonstore.com\/wp-content\/uploads\/2023\/03\/Indiana-Jones-Adventure-Series-Staff-of-Ra-Headpiece-1.jpg","contentUrl":"https:\/\/endormoonstore.com\/wp-content\/uploads\/2023\/03\/Indiana-Jones-Adventure-Series-Staff-of-Ra-Headpiece-1.jpg","width":1000,"height":1000},{"@type":"BreadcrumbList","@id":"https:\/\/endormoonstore.com\/indiana-jones-adventure-series-staff-of-ra-headpiece\/#breadcrumb","itemListElement":[{"@type":"ListItem","position":1,"name":"Shop","item":"https:\/\/endormoonstore.com\/en\/shop\/"},{"@type":"ListItem","position":2,"name":"Indiana Jones Adventure Series Staff of Ra Headpiece"}]},{"@type":"WebSite","@id":"https:\/\/endormoonstore.com\/#website","url":"https:\/\/endormoonstore.com\/","name":"EndormoonStore","description":"","potentialAction":[{"@type":"SearchAction","target":{"@type":"EntryPoint","urlTemplate":"https:\/\/endormoonstore.com\/?s={search_term_string}"},"query-input":{"@type":"PropertyValueSpecification","valueRequired":true,"valueName":"search_term_string"}}],"inLanguage":"en-US"}]}},"taxonomy_info":{"product_cat":[{"value":1390,"label":"Figures"},{"value":13511,"label":"New Arrivals"}],"pa_brand":[{"value":2084,"label":"Hasbro"}],"pa_character":[{"value":13529,"label":"Staff of Ra Headpiece"}],"pa_episode":[{"value":13535,"label":"Indiana Jones: Raiders of the Lost Ark"}],"pa_license":[{"value":13531,"label":"Indiana Jones"}],"pa_product-type":[{"value":2387,"label":"Figure"}],"pa_theme":[{"value":13533,"label":"Adventure Series"}]},"featured_image_src_large":["https:\/\/endormoonstore.com\/wp-content\/uploads\/2023\/03\/Indiana-Jones-Adventure-Series-Staff-of-Ra-Headpiece-1.jpg",1000,1000,false],"author_info":[],"comment_info":"","_links":{"self":[{"href":"https:\/\/endormoonstore.com\/en\/wp-json\/wp\/v2\/product\/144425","targetHints":{"allow":["GET"]}}],"collection":[{"href":"https:\/\/endormoonstore.com\/en\/wp-json\/wp\/v2\/product"}],"about":[{"href":"https:\/\/endormoonstore.com\/en\/wp-json\/wp\/v2\/types\/product"}],"wp:featuredmedia":[{"embeddable":true,"href":"https:\/\/endormoonstore.com\/en\/wp-json\/wp\/v2\/media\/144408"}],"wp:attachment":[{"href":"https:\/\/endormoonstore.com\/en\/wp-json\/wp\/v2\/media?parent=144425"}],"wp:term":[{"taxonomy":"product_cat","embeddable":true,"href":"https:\/\/endormoonstore.com\/en\/wp-json\/wp\/v2\/product_cat?post=144425"},{"taxonomy":"product_tag","embeddable":true,"href":"https:\/\/endormoonstore.com\/en\/wp-json\/wp\/v2\/product_tag?post=144425"}],"curies":[{"name":"wp","href":"https:\/\/api.w.org\/{rel}","templated":true}]}}