{"id":144400,"date":"2023-03-15T19:47:03","date_gmt":"2023-03-15T18:47:03","guid":{"rendered":"https:\/\/endormoonstore.com\/transformers-generations-selects-deluxe-magnificus\/"},"modified":"2023-03-15T20:00:18","modified_gmt":"2023-03-15T19:00:18","slug":"transformers-generations-selects-deluxe-magnificus","status":"publish","type":"product","link":"https:\/\/endormoonstore.com\/en\/transformers-generations-selects-deluxe-magnificus\/","title":{"rendered":"Transformers Generations Selects Deluxe Magnificus"},"content":{"rendered":"<p class=\"p1\"><b>Transformers Generations Selects Deluxe Magnificus<\/b><\/p>\n<ul class=\"ul1\">\n<li class=\"li1\">Hasbro presenta la figura de Magnificus dentro de la colecci\u00f3n Legacy Class Deluxe de Transformers Generations.<\/li>\n<li>Transformers Generations Selects es una l\u00ednea de figuras dedicada a los fan\u00e1ticos que presenta personajes de edici\u00f3n especial que no se pueden encontrar en la l\u00ednea principal.<\/li>\n<li class=\"li1\">Esta figura de 14 cm se basa en la figura de acci\u00f3n original de Magnificus exclusiva de e-HOBBY, que sali\u00f3 a la venta en 2005.<\/li>\n<li class=\"li1\">La figura Transformers G1 de Magnificus se convierte de robot a microscopio en 18 pasos.<\/li>\n<li class=\"li1\">Incluye un bl\u00e1ster que se fija a la figura en ambos modos.<\/li>\n<\/ul>\n","protected":false},"excerpt":{"rendered":"<p><strong>Transformers Generations Selects Deluxe Magnificus<\/strong><\/p>\n<p>Hasbro presenta la figura de Magnificus dentro de la colecci\u00f3n Legacy Class Deluxe de Transformers Generations<\/p>\n","protected":false},"featured_media":144390,"template":"","meta":{"_acf_changed":false,"_kad_blocks_custom_css":"","_kad_blocks_head_custom_js":"","_kad_blocks_body_custom_js":"","_kad_blocks_footer_custom_js":""},"product_cat":[1390,13511],"product_tag":[],"class_list":{"0":"post-144400","1":"product","2":"type-product","3":"status-publish","4":"has-post-thumbnail","6":"product_cat-figures","7":"product_cat-new-arrivals","8":"pa_brand-hasbro-en","9":"pa_character-magnificus-en","10":"pa_license-transformers-en","11":"pa_product-type-figure","12":"pa_theme-generations-selects-en","14":"first","15":"instock","16":"taxable","17":"shipping-taxable","18":"purchasable","19":"product-type-simple"},"acf":[],"yoast_head":"<!-- This site is optimized with the Yoast SEO plugin v26.1.1 - https:\/\/yoast.com\/wordpress\/plugins\/seo\/ -->\n<title>Transformers Generations Selects Deluxe Magnificus - EndormoonStore<\/title>\n<meta name=\"robots\" content=\"index, follow, max-snippet:-1, max-image-preview:large, max-video-preview:-1\" \/>\n<link rel=\"canonical\" href=\"https:\/\/endormoonstore.com\/en\/transformers-generations-selects-deluxe-magnificus\/\" \/>\n<meta property=\"og:locale\" content=\"en_US\" \/>\n<meta property=\"og:type\" content=\"article\" \/>\n<meta property=\"og:title\" content=\"Transformers Generations Selects Deluxe Magnificus - EndormoonStore\" \/>\n<meta property=\"og:description\" content=\"Transformers Generations Selects Deluxe Magnificus  Hasbro presenta la figura de Magnificus dentro de la colecci\u00f3n Legacy Class Deluxe de Transformers Generations\" \/>\n<meta property=\"og:url\" content=\"https:\/\/endormoonstore.com\/en\/transformers-generations-selects-deluxe-magnificus\/\" \/>\n<meta property=\"og:site_name\" content=\"EndormoonStore\" \/>\n<meta property=\"article:modified_time\" content=\"2023-03-15T19:00:18+00:00\" \/>\n<meta property=\"og:image\" content=\"https:\/\/endormoonstore.com\/wp-content\/uploads\/2023\/03\/Transformers-Generations-Selects-Deluxe-Magnificus-1.jpg\" \/>\n\t<meta property=\"og:image:width\" content=\"1000\" \/>\n\t<meta property=\"og:image:height\" content=\"1000\" \/>\n\t<meta property=\"og:image:type\" content=\"image\/jpeg\" \/>\n<meta name=\"twitter:card\" content=\"summary_large_image\" \/>\n<meta name=\"twitter:label1\" content=\"Est. reading time\" \/>\n\t<meta name=\"twitter:data1\" content=\"1 minute\" \/>\n<script type=\"application\/ld+json\" class=\"yoast-schema-graph\">{\"@context\":\"https:\/\/schema.org\",\"@graph\":[{\"@type\":\"WebPage\",\"@id\":\"https:\/\/endormoonstore.com\/en\/transformers-generations-selects-deluxe-magnificus\/\",\"url\":\"https:\/\/endormoonstore.com\/en\/transformers-generations-selects-deluxe-magnificus\/\",\"name\":\"Transformers Generations Selects Deluxe Magnificus - EndormoonStore\",\"isPartOf\":{\"@id\":\"https:\/\/endormoonstore.com\/#website\"},\"primaryImageOfPage\":{\"@id\":\"https:\/\/endormoonstore.com\/en\/transformers-generations-selects-deluxe-magnificus\/#primaryimage\"},\"image\":{\"@id\":\"https:\/\/endormoonstore.com\/en\/transformers-generations-selects-deluxe-magnificus\/#primaryimage\"},\"thumbnailUrl\":\"https:\/\/endormoonstore.com\/wp-content\/uploads\/2023\/03\/Transformers-Generations-Selects-Deluxe-Magnificus-1.jpg\",\"datePublished\":\"2023-03-15T18:47:03+00:00\",\"dateModified\":\"2023-03-15T19:00:18+00:00\",\"breadcrumb\":{\"@id\":\"https:\/\/endormoonstore.com\/en\/transformers-generations-selects-deluxe-magnificus\/#breadcrumb\"},\"inLanguage\":\"en-US\",\"potentialAction\":[{\"@type\":\"ReadAction\",\"target\":[\"https:\/\/endormoonstore.com\/en\/transformers-generations-selects-deluxe-magnificus\/\"]}]},{\"@type\":\"ImageObject\",\"inLanguage\":\"en-US\",\"@id\":\"https:\/\/endormoonstore.com\/en\/transformers-generations-selects-deluxe-magnificus\/#primaryimage\",\"url\":\"https:\/\/endormoonstore.com\/wp-content\/uploads\/2023\/03\/Transformers-Generations-Selects-Deluxe-Magnificus-1.jpg\",\"contentUrl\":\"https:\/\/endormoonstore.com\/wp-content\/uploads\/2023\/03\/Transformers-Generations-Selects-Deluxe-Magnificus-1.jpg\",\"width\":1000,\"height\":1000},{\"@type\":\"BreadcrumbList\",\"@id\":\"https:\/\/endormoonstore.com\/en\/transformers-generations-selects-deluxe-magnificus\/#breadcrumb\",\"itemListElement\":[{\"@type\":\"ListItem\",\"position\":1,\"name\":\"Shop\",\"item\":\"https:\/\/endormoonstore.com\/en\/shop\/\"},{\"@type\":\"ListItem\",\"position\":2,\"name\":\"Transformers Generations Selects Deluxe Magnificus\"}]},{\"@type\":\"WebSite\",\"@id\":\"https:\/\/endormoonstore.com\/#website\",\"url\":\"https:\/\/endormoonstore.com\/\",\"name\":\"EndormoonStore\",\"description\":\"\",\"potentialAction\":[{\"@type\":\"SearchAction\",\"target\":{\"@type\":\"EntryPoint\",\"urlTemplate\":\"https:\/\/endormoonstore.com\/?s={search_term_string}\"},\"query-input\":{\"@type\":\"PropertyValueSpecification\",\"valueRequired\":true,\"valueName\":\"search_term_string\"}}],\"inLanguage\":\"en-US\"}]}<\/script>\n<!-- \/ Yoast SEO plugin. -->","yoast_head_json":{"title":"Transformers Generations Selects Deluxe Magnificus - EndormoonStore","robots":{"index":"index","follow":"follow","max-snippet":"max-snippet:-1","max-image-preview":"max-image-preview:large","max-video-preview":"max-video-preview:-1"},"canonical":"https:\/\/endormoonstore.com\/en\/transformers-generations-selects-deluxe-magnificus\/","og_locale":"en_US","og_type":"article","og_title":"Transformers Generations Selects Deluxe Magnificus - EndormoonStore","og_description":"Transformers Generations Selects Deluxe Magnificus  Hasbro presenta la figura de Magnificus dentro de la colecci\u00f3n Legacy Class Deluxe de Transformers Generations","og_url":"https:\/\/endormoonstore.com\/en\/transformers-generations-selects-deluxe-magnificus\/","og_site_name":"EndormoonStore","article_modified_time":"2023-03-15T19:00:18+00:00","og_image":[{"width":1000,"height":1000,"url":"https:\/\/endormoonstore.com\/wp-content\/uploads\/2023\/03\/Transformers-Generations-Selects-Deluxe-Magnificus-1.jpg","type":"image\/jpeg"}],"twitter_card":"summary_large_image","twitter_misc":{"Est. reading time":"1 minute"},"schema":{"@context":"https:\/\/schema.org","@graph":[{"@type":"WebPage","@id":"https:\/\/endormoonstore.com\/en\/transformers-generations-selects-deluxe-magnificus\/","url":"https:\/\/endormoonstore.com\/en\/transformers-generations-selects-deluxe-magnificus\/","name":"Transformers Generations Selects Deluxe Magnificus - EndormoonStore","isPartOf":{"@id":"https:\/\/endormoonstore.com\/#website"},"primaryImageOfPage":{"@id":"https:\/\/endormoonstore.com\/en\/transformers-generations-selects-deluxe-magnificus\/#primaryimage"},"image":{"@id":"https:\/\/endormoonstore.com\/en\/transformers-generations-selects-deluxe-magnificus\/#primaryimage"},"thumbnailUrl":"https:\/\/endormoonstore.com\/wp-content\/uploads\/2023\/03\/Transformers-Generations-Selects-Deluxe-Magnificus-1.jpg","datePublished":"2023-03-15T18:47:03+00:00","dateModified":"2023-03-15T19:00:18+00:00","breadcrumb":{"@id":"https:\/\/endormoonstore.com\/en\/transformers-generations-selects-deluxe-magnificus\/#breadcrumb"},"inLanguage":"en-US","potentialAction":[{"@type":"ReadAction","target":["https:\/\/endormoonstore.com\/en\/transformers-generations-selects-deluxe-magnificus\/"]}]},{"@type":"ImageObject","inLanguage":"en-US","@id":"https:\/\/endormoonstore.com\/en\/transformers-generations-selects-deluxe-magnificus\/#primaryimage","url":"https:\/\/endormoonstore.com\/wp-content\/uploads\/2023\/03\/Transformers-Generations-Selects-Deluxe-Magnificus-1.jpg","contentUrl":"https:\/\/endormoonstore.com\/wp-content\/uploads\/2023\/03\/Transformers-Generations-Selects-Deluxe-Magnificus-1.jpg","width":1000,"height":1000},{"@type":"BreadcrumbList","@id":"https:\/\/endormoonstore.com\/en\/transformers-generations-selects-deluxe-magnificus\/#breadcrumb","itemListElement":[{"@type":"ListItem","position":1,"name":"Shop","item":"https:\/\/endormoonstore.com\/en\/shop\/"},{"@type":"ListItem","position":2,"name":"Transformers Generations Selects Deluxe Magnificus"}]},{"@type":"WebSite","@id":"https:\/\/endormoonstore.com\/#website","url":"https:\/\/endormoonstore.com\/","name":"EndormoonStore","description":"","potentialAction":[{"@type":"SearchAction","target":{"@type":"EntryPoint","urlTemplate":"https:\/\/endormoonstore.com\/?s={search_term_string}"},"query-input":{"@type":"PropertyValueSpecification","valueRequired":true,"valueName":"search_term_string"}}],"inLanguage":"en-US"}]}},"taxonomy_info":{"product_cat":[{"value":1390,"label":"Figures"},{"value":13511,"label":"New Arrivals"}],"pa_brand":[{"value":2084,"label":"Hasbro"}],"pa_character":[{"value":13527,"label":"Magnificus"}],"pa_license":[{"value":1873,"label":"Transformers"}],"pa_product-type":[{"value":2387,"label":"Figure"}],"pa_theme":[{"value":8079,"label":"Generations Selects"}]},"featured_image_src_large":["https:\/\/endormoonstore.com\/wp-content\/uploads\/2023\/03\/Transformers-Generations-Selects-Deluxe-Magnificus-1.jpg",1000,1000,false],"author_info":[],"comment_info":"","_links":{"self":[{"href":"https:\/\/endormoonstore.com\/en\/wp-json\/wp\/v2\/product\/144400","targetHints":{"allow":["GET"]}}],"collection":[{"href":"https:\/\/endormoonstore.com\/en\/wp-json\/wp\/v2\/product"}],"about":[{"href":"https:\/\/endormoonstore.com\/en\/wp-json\/wp\/v2\/types\/product"}],"wp:featuredmedia":[{"embeddable":true,"href":"https:\/\/endormoonstore.com\/en\/wp-json\/wp\/v2\/media\/144390"}],"wp:attachment":[{"href":"https:\/\/endormoonstore.com\/en\/wp-json\/wp\/v2\/media?parent=144400"}],"wp:term":[{"taxonomy":"product_cat","embeddable":true,"href":"https:\/\/endormoonstore.com\/en\/wp-json\/wp\/v2\/product_cat?post=144400"},{"taxonomy":"product_tag","embeddable":true,"href":"https:\/\/endormoonstore.com\/en\/wp-json\/wp\/v2\/product_tag?post=144400"}],"curies":[{"name":"wp","href":"https:\/\/api.w.org\/{rel}","templated":true}]}}