{"id":144192,"date":"2023-03-09T20:07:42","date_gmt":"2023-03-09T19:07:42","guid":{"rendered":"https:\/\/endormoonstore.com\/star-wars-the-black-series-star-wars-andor-luthen-rael\/"},"modified":"2023-03-09T20:12:33","modified_gmt":"2023-03-09T19:12:33","slug":"star-wars-the-black-series-star-wars-andor-luthen-rael","status":"publish","type":"product","link":"https:\/\/endormoonstore.com\/en\/star-wars-the-black-series-star-wars-andor-luthen-rael\/","title":{"rendered":"Star Wars The Black Series Star Wars: Andor Luthen Rael"},"content":{"rendered":"<p class=\"p1\"><strong>Star Wars The Black Series Star Wars: Andor Luthen Rael<\/strong><\/p>\n<ul class=\"ul1\">\n<li class=\"li1\">Hasbro presenta dentro de la colecci\u00f3n Star Wars: The Black Series esta figura de Luthen Rael.<\/li>\n<li class=\"li1\">En una era plagada de peligros, enga\u00f1os e intriga, Cassian Andor emprende un camino que lo convertir\u00e1 en el h\u00e9roe rebelde que desafiar\u00e1 al malvado Imperio Gal\u00e1ctico<\/li>\n<li class=\"li1\">Esta figura Black Series a escala de 15 cm\u00a0 hecha en PVC dise\u00f1ada con lujo de detalles para verse igual al personaje de la serie Star Wars: Andor.<\/li>\n<li class=\"li1\">La figura cuenta con dise\u00f1o detallado y m\u00faltiples puntos de articulaci\u00f3n e incluye dos accesorio.<\/li>\n<\/ul>\n","protected":false},"excerpt":{"rendered":"<p class=\"p1\"><strong>Star Wars The Black Series Star Wars: Andor Luthen Rael<\/strong><\/p>\n<p class=\"p1\">Hasbro presenta dentro de la colecci\u00f3n Star Wars: The Black Series esta figura de Luthen Rael.<\/p>\n","protected":false},"featured_media":144177,"template":"","meta":{"_acf_changed":false,"_kad_blocks_custom_css":"","_kad_blocks_head_custom_js":"","_kad_blocks_body_custom_js":"","_kad_blocks_footer_custom_js":""},"product_cat":[1390,13511],"product_tag":[],"class_list":{"0":"post-144192","1":"product","2":"type-product","3":"status-publish","4":"has-post-thumbnail","6":"product_cat-figures","7":"product_cat-new-arrivals","8":"pa_brand-hasbro-en","9":"pa_character-luthen-rael-en","10":"pa_episode-star-wars-andor-en","11":"pa_license-star-wars-en","12":"pa_product-type-figure","13":"pa_theme-the-black-series-en","15":"first","16":"instock","17":"taxable","18":"shipping-taxable","19":"purchasable","20":"product-type-simple"},"acf":[],"yoast_head":"<!-- This site is optimized with the Yoast SEO plugin v26.1.1 - https:\/\/yoast.com\/wordpress\/plugins\/seo\/ -->\n<title>Star Wars The Black Series Star Wars: Andor Luthen Rael - EndormoonStore<\/title>\n<meta name=\"robots\" content=\"index, follow, max-snippet:-1, max-image-preview:large, max-video-preview:-1\" \/>\n<link rel=\"canonical\" href=\"https:\/\/endormoonstore.com\/en\/star-wars-the-black-series-star-wars-andor-luthen-rael\/\" \/>\n<meta property=\"og:locale\" content=\"en_US\" \/>\n<meta property=\"og:type\" content=\"article\" \/>\n<meta property=\"og:title\" content=\"Star Wars The Black Series Star Wars: Andor Luthen Rael - EndormoonStore\" \/>\n<meta property=\"og:description\" content=\"Star Wars The Black Series Star Wars: Andor Luthen Rael Hasbro presenta dentro de la colecci\u00f3n Star Wars: The Black Series esta figura de Luthen Rael.\" \/>\n<meta property=\"og:url\" content=\"https:\/\/endormoonstore.com\/en\/star-wars-the-black-series-star-wars-andor-luthen-rael\/\" \/>\n<meta property=\"og:site_name\" content=\"EndormoonStore\" \/>\n<meta property=\"article:modified_time\" content=\"2023-03-09T19:12:33+00:00\" \/>\n<meta property=\"og:image\" content=\"https:\/\/endormoonstore.com\/wp-content\/uploads\/2023\/03\/Star-Wars-The-Black-Series-Star-Wars-Andor-Luthen-Rael-1.jpg\" \/>\n\t<meta property=\"og:image:width\" content=\"1000\" \/>\n\t<meta property=\"og:image:height\" content=\"1000\" \/>\n\t<meta property=\"og:image:type\" content=\"image\/jpeg\" \/>\n<meta name=\"twitter:card\" content=\"summary_large_image\" \/>\n<meta name=\"twitter:label1\" content=\"Est. reading time\" \/>\n\t<meta name=\"twitter:data1\" content=\"1 minute\" \/>\n<script type=\"application\/ld+json\" class=\"yoast-schema-graph\">{\"@context\":\"https:\/\/schema.org\",\"@graph\":[{\"@type\":\"WebPage\",\"@id\":\"https:\/\/endormoonstore.com\/en\/star-wars-the-black-series-star-wars-andor-luthen-rael\/\",\"url\":\"https:\/\/endormoonstore.com\/en\/star-wars-the-black-series-star-wars-andor-luthen-rael\/\",\"name\":\"Star Wars The Black Series Star Wars: Andor Luthen Rael - EndormoonStore\",\"isPartOf\":{\"@id\":\"https:\/\/endormoonstore.com\/#website\"},\"primaryImageOfPage\":{\"@id\":\"https:\/\/endormoonstore.com\/en\/star-wars-the-black-series-star-wars-andor-luthen-rael\/#primaryimage\"},\"image\":{\"@id\":\"https:\/\/endormoonstore.com\/en\/star-wars-the-black-series-star-wars-andor-luthen-rael\/#primaryimage\"},\"thumbnailUrl\":\"https:\/\/endormoonstore.com\/wp-content\/uploads\/2023\/03\/Star-Wars-The-Black-Series-Star-Wars-Andor-Luthen-Rael-1.jpg\",\"datePublished\":\"2023-03-09T19:07:42+00:00\",\"dateModified\":\"2023-03-09T19:12:33+00:00\",\"breadcrumb\":{\"@id\":\"https:\/\/endormoonstore.com\/en\/star-wars-the-black-series-star-wars-andor-luthen-rael\/#breadcrumb\"},\"inLanguage\":\"en-US\",\"potentialAction\":[{\"@type\":\"ReadAction\",\"target\":[\"https:\/\/endormoonstore.com\/en\/star-wars-the-black-series-star-wars-andor-luthen-rael\/\"]}]},{\"@type\":\"ImageObject\",\"inLanguage\":\"en-US\",\"@id\":\"https:\/\/endormoonstore.com\/en\/star-wars-the-black-series-star-wars-andor-luthen-rael\/#primaryimage\",\"url\":\"https:\/\/endormoonstore.com\/wp-content\/uploads\/2023\/03\/Star-Wars-The-Black-Series-Star-Wars-Andor-Luthen-Rael-1.jpg\",\"contentUrl\":\"https:\/\/endormoonstore.com\/wp-content\/uploads\/2023\/03\/Star-Wars-The-Black-Series-Star-Wars-Andor-Luthen-Rael-1.jpg\",\"width\":1000,\"height\":1000},{\"@type\":\"BreadcrumbList\",\"@id\":\"https:\/\/endormoonstore.com\/en\/star-wars-the-black-series-star-wars-andor-luthen-rael\/#breadcrumb\",\"itemListElement\":[{\"@type\":\"ListItem\",\"position\":1,\"name\":\"Shop\",\"item\":\"https:\/\/endormoonstore.com\/en\/shop\/\"},{\"@type\":\"ListItem\",\"position\":2,\"name\":\"Star Wars The Black Series Star Wars: Andor Luthen Rael\"}]},{\"@type\":\"WebSite\",\"@id\":\"https:\/\/endormoonstore.com\/#website\",\"url\":\"https:\/\/endormoonstore.com\/\",\"name\":\"EndormoonStore\",\"description\":\"\",\"potentialAction\":[{\"@type\":\"SearchAction\",\"target\":{\"@type\":\"EntryPoint\",\"urlTemplate\":\"https:\/\/endormoonstore.com\/?s={search_term_string}\"},\"query-input\":{\"@type\":\"PropertyValueSpecification\",\"valueRequired\":true,\"valueName\":\"search_term_string\"}}],\"inLanguage\":\"en-US\"}]}<\/script>\n<!-- \/ Yoast SEO plugin. -->","yoast_head_json":{"title":"Star Wars The Black Series Star Wars: Andor Luthen Rael - EndormoonStore","robots":{"index":"index","follow":"follow","max-snippet":"max-snippet:-1","max-image-preview":"max-image-preview:large","max-video-preview":"max-video-preview:-1"},"canonical":"https:\/\/endormoonstore.com\/en\/star-wars-the-black-series-star-wars-andor-luthen-rael\/","og_locale":"en_US","og_type":"article","og_title":"Star Wars The Black Series Star Wars: Andor Luthen Rael - EndormoonStore","og_description":"Star Wars The Black Series Star Wars: Andor Luthen Rael Hasbro presenta dentro de la colecci\u00f3n Star Wars: The Black Series esta figura de Luthen Rael.","og_url":"https:\/\/endormoonstore.com\/en\/star-wars-the-black-series-star-wars-andor-luthen-rael\/","og_site_name":"EndormoonStore","article_modified_time":"2023-03-09T19:12:33+00:00","og_image":[{"width":1000,"height":1000,"url":"https:\/\/endormoonstore.com\/wp-content\/uploads\/2023\/03\/Star-Wars-The-Black-Series-Star-Wars-Andor-Luthen-Rael-1.jpg","type":"image\/jpeg"}],"twitter_card":"summary_large_image","twitter_misc":{"Est. reading time":"1 minute"},"schema":{"@context":"https:\/\/schema.org","@graph":[{"@type":"WebPage","@id":"https:\/\/endormoonstore.com\/en\/star-wars-the-black-series-star-wars-andor-luthen-rael\/","url":"https:\/\/endormoonstore.com\/en\/star-wars-the-black-series-star-wars-andor-luthen-rael\/","name":"Star Wars The Black Series Star Wars: Andor Luthen Rael - EndormoonStore","isPartOf":{"@id":"https:\/\/endormoonstore.com\/#website"},"primaryImageOfPage":{"@id":"https:\/\/endormoonstore.com\/en\/star-wars-the-black-series-star-wars-andor-luthen-rael\/#primaryimage"},"image":{"@id":"https:\/\/endormoonstore.com\/en\/star-wars-the-black-series-star-wars-andor-luthen-rael\/#primaryimage"},"thumbnailUrl":"https:\/\/endormoonstore.com\/wp-content\/uploads\/2023\/03\/Star-Wars-The-Black-Series-Star-Wars-Andor-Luthen-Rael-1.jpg","datePublished":"2023-03-09T19:07:42+00:00","dateModified":"2023-03-09T19:12:33+00:00","breadcrumb":{"@id":"https:\/\/endormoonstore.com\/en\/star-wars-the-black-series-star-wars-andor-luthen-rael\/#breadcrumb"},"inLanguage":"en-US","potentialAction":[{"@type":"ReadAction","target":["https:\/\/endormoonstore.com\/en\/star-wars-the-black-series-star-wars-andor-luthen-rael\/"]}]},{"@type":"ImageObject","inLanguage":"en-US","@id":"https:\/\/endormoonstore.com\/en\/star-wars-the-black-series-star-wars-andor-luthen-rael\/#primaryimage","url":"https:\/\/endormoonstore.com\/wp-content\/uploads\/2023\/03\/Star-Wars-The-Black-Series-Star-Wars-Andor-Luthen-Rael-1.jpg","contentUrl":"https:\/\/endormoonstore.com\/wp-content\/uploads\/2023\/03\/Star-Wars-The-Black-Series-Star-Wars-Andor-Luthen-Rael-1.jpg","width":1000,"height":1000},{"@type":"BreadcrumbList","@id":"https:\/\/endormoonstore.com\/en\/star-wars-the-black-series-star-wars-andor-luthen-rael\/#breadcrumb","itemListElement":[{"@type":"ListItem","position":1,"name":"Shop","item":"https:\/\/endormoonstore.com\/en\/shop\/"},{"@type":"ListItem","position":2,"name":"Star Wars The Black Series Star Wars: Andor Luthen Rael"}]},{"@type":"WebSite","@id":"https:\/\/endormoonstore.com\/#website","url":"https:\/\/endormoonstore.com\/","name":"EndormoonStore","description":"","potentialAction":[{"@type":"SearchAction","target":{"@type":"EntryPoint","urlTemplate":"https:\/\/endormoonstore.com\/?s={search_term_string}"},"query-input":{"@type":"PropertyValueSpecification","valueRequired":true,"valueName":"search_term_string"}}],"inLanguage":"en-US"}]}},"taxonomy_info":{"product_cat":[{"value":1390,"label":"Figures"},{"value":13511,"label":"New Arrivals"}],"pa_brand":[{"value":2084,"label":"Hasbro"}],"pa_character":[{"value":13515,"label":"Luthen Rael"}],"pa_episode":[{"value":13424,"label":"Star Wars: Andor"}],"pa_license":[{"value":1644,"label":"Star Wars"}],"pa_product-type":[{"value":2387,"label":"Figure"}],"pa_theme":[{"value":2552,"label":"The Black Series"}]},"featured_image_src_large":["https:\/\/endormoonstore.com\/wp-content\/uploads\/2023\/03\/Star-Wars-The-Black-Series-Star-Wars-Andor-Luthen-Rael-1.jpg",1000,1000,false],"author_info":[],"comment_info":"","_links":{"self":[{"href":"https:\/\/endormoonstore.com\/en\/wp-json\/wp\/v2\/product\/144192","targetHints":{"allow":["GET"]}}],"collection":[{"href":"https:\/\/endormoonstore.com\/en\/wp-json\/wp\/v2\/product"}],"about":[{"href":"https:\/\/endormoonstore.com\/en\/wp-json\/wp\/v2\/types\/product"}],"wp:featuredmedia":[{"embeddable":true,"href":"https:\/\/endormoonstore.com\/en\/wp-json\/wp\/v2\/media\/144177"}],"wp:attachment":[{"href":"https:\/\/endormoonstore.com\/en\/wp-json\/wp\/v2\/media?parent=144192"}],"wp:term":[{"taxonomy":"product_cat","embeddable":true,"href":"https:\/\/endormoonstore.com\/en\/wp-json\/wp\/v2\/product_cat?post=144192"},{"taxonomy":"product_tag","embeddable":true,"href":"https:\/\/endormoonstore.com\/en\/wp-json\/wp\/v2\/product_tag?post=144192"}],"curies":[{"name":"wp","href":"https:\/\/api.w.org\/{rel}","templated":true}]}}