{"id":143948,"date":"2023-02-28T20:54:20","date_gmt":"2023-02-28T19:54:20","guid":{"rendered":"https:\/\/endormoonstore.com\/dungeons-dragons-golden-archive-holga\/"},"modified":"2023-02-28T21:08:44","modified_gmt":"2023-02-28T20:08:44","slug":"dungeons-dragons-golden-archive-holga","status":"publish","type":"product","link":"https:\/\/endormoonstore.com\/en\/dungeons-dragons-golden-archive-holga\/","title":{"rendered":"Dungeons &#038; Dragons Golden Archive Holga"},"content":{"rendered":"<p class=\"p1\"><strong>Dungeons &amp; Dragons Golden Archive Holga<\/strong><\/p>\n<ul class=\"ul1\">\n<li>Abre las Puertas al Golden Archive. Esta figura premium de Holga de unos 15 cm forma parte de la l\u00ednea de art\u00edculos de colecci\u00f3n inspirados en la pel\u00edcula de Dungeons &amp; Dragons: Honor among thieves.<\/li>\n<li>Cuentan con los detalles y la articulaci\u00f3n que esperamos de las figuras coleccionables de Hasbro y nos traen los personajes, las clases y las especies de D&amp;D que tanto te gustan.<\/li>\n<li>Holga es una feroz b\u00e1rbara Uthgardt de la tribu del Alce que tiene un coraz\u00f3n sorprendentemente bondadoso.<\/li>\n<li>Esta\u00a0b\u00e1rbara viene con dos armas propios a su clase para poder personalizar la figura<\/li>\n<\/ul>\n","protected":false},"excerpt":{"rendered":"<p class=\"p1\"><strong>Dungeons &amp; Dragons Golden Archive Holga<\/strong><\/p>\n<p class=\"p1\">Abre las Puertas al Golden Archive. Esta figura premium de Holga de unos 15 cm forma parte de la l\u00ednea de art\u00edculos de colecci\u00f3n inspirados en la pel\u00edcula de Dungeons &amp; Dragons: Honor among thieves.<\/p>\n","protected":false},"featured_media":143933,"template":"","meta":{"_acf_changed":false,"_kad_blocks_custom_css":"","_kad_blocks_head_custom_js":"","_kad_blocks_body_custom_js":"","_kad_blocks_footer_custom_js":""},"product_cat":[1390],"product_tag":[],"class_list":{"0":"post-143948","1":"product","2":"type-product","3":"status-publish","4":"has-post-thumbnail","6":"product_cat-figures","7":"pa_brand-hasbro-en","8":"pa_character-holga-en","9":"pa_episode-dungeons-dragons-honor-among-thieves-en","10":"pa_license-dungeons-dragons-en","11":"pa_product-type-figure","12":"pa_theme-golden-archive-en","14":"first","15":"instock","16":"taxable","17":"shipping-taxable","18":"purchasable","19":"product-type-simple"},"acf":[],"yoast_head":"<!-- This site is optimized with the Yoast SEO plugin v26.1.1 - https:\/\/yoast.com\/wordpress\/plugins\/seo\/ -->\n<title>Dungeons &amp; Dragons Golden Archive Holga - EndormoonStore<\/title>\n<meta name=\"robots\" content=\"index, follow, max-snippet:-1, max-image-preview:large, max-video-preview:-1\" \/>\n<link rel=\"canonical\" href=\"https:\/\/endormoonstore.com\/en\/dungeons-dragons-golden-archive-holga\/\" \/>\n<meta property=\"og:locale\" content=\"en_US\" \/>\n<meta property=\"og:type\" content=\"article\" \/>\n<meta property=\"og:title\" content=\"Dungeons &amp; Dragons Golden Archive Holga - EndormoonStore\" \/>\n<meta property=\"og:description\" content=\"Dungeons &amp; Dragons Golden Archive Holga Abre las Puertas al Golden Archive. Esta figura premium de Holga de unos 15 cm forma parte de la l\u00ednea de art\u00edculos de colecci\u00f3n inspirados en la pel\u00edcula de Dungeons &amp; Dragons: Honor among thieves.\" \/>\n<meta property=\"og:url\" content=\"https:\/\/endormoonstore.com\/en\/dungeons-dragons-golden-archive-holga\/\" \/>\n<meta property=\"og:site_name\" content=\"EndormoonStore\" \/>\n<meta property=\"article:modified_time\" content=\"2023-02-28T20:08:44+00:00\" \/>\n<meta property=\"og:image\" content=\"https:\/\/endormoonstore.com\/wp-content\/uploads\/2023\/02\/Dungeons-Dragons-Golden-Archive-Holga-1.jpg\" \/>\n\t<meta property=\"og:image:width\" content=\"1000\" \/>\n\t<meta property=\"og:image:height\" content=\"1000\" \/>\n\t<meta property=\"og:image:type\" content=\"image\/jpeg\" \/>\n<meta name=\"twitter:card\" content=\"summary_large_image\" \/>\n<meta name=\"twitter:label1\" content=\"Est. reading time\" \/>\n\t<meta name=\"twitter:data1\" content=\"1 minute\" \/>\n<script type=\"application\/ld+json\" class=\"yoast-schema-graph\">{\"@context\":\"https:\/\/schema.org\",\"@graph\":[{\"@type\":\"WebPage\",\"@id\":\"https:\/\/endormoonstore.com\/en\/dungeons-dragons-golden-archive-holga\/\",\"url\":\"https:\/\/endormoonstore.com\/en\/dungeons-dragons-golden-archive-holga\/\",\"name\":\"Dungeons & Dragons Golden Archive Holga - EndormoonStore\",\"isPartOf\":{\"@id\":\"https:\/\/endormoonstore.com\/#website\"},\"primaryImageOfPage\":{\"@id\":\"https:\/\/endormoonstore.com\/en\/dungeons-dragons-golden-archive-holga\/#primaryimage\"},\"image\":{\"@id\":\"https:\/\/endormoonstore.com\/en\/dungeons-dragons-golden-archive-holga\/#primaryimage\"},\"thumbnailUrl\":\"https:\/\/endormoonstore.com\/wp-content\/uploads\/2023\/02\/Dungeons-Dragons-Golden-Archive-Holga-1.jpg\",\"datePublished\":\"2023-02-28T19:54:20+00:00\",\"dateModified\":\"2023-02-28T20:08:44+00:00\",\"breadcrumb\":{\"@id\":\"https:\/\/endormoonstore.com\/en\/dungeons-dragons-golden-archive-holga\/#breadcrumb\"},\"inLanguage\":\"en-US\",\"potentialAction\":[{\"@type\":\"ReadAction\",\"target\":[\"https:\/\/endormoonstore.com\/en\/dungeons-dragons-golden-archive-holga\/\"]}]},{\"@type\":\"ImageObject\",\"inLanguage\":\"en-US\",\"@id\":\"https:\/\/endormoonstore.com\/en\/dungeons-dragons-golden-archive-holga\/#primaryimage\",\"url\":\"https:\/\/endormoonstore.com\/wp-content\/uploads\/2023\/02\/Dungeons-Dragons-Golden-Archive-Holga-1.jpg\",\"contentUrl\":\"https:\/\/endormoonstore.com\/wp-content\/uploads\/2023\/02\/Dungeons-Dragons-Golden-Archive-Holga-1.jpg\",\"width\":1000,\"height\":1000},{\"@type\":\"BreadcrumbList\",\"@id\":\"https:\/\/endormoonstore.com\/en\/dungeons-dragons-golden-archive-holga\/#breadcrumb\",\"itemListElement\":[{\"@type\":\"ListItem\",\"position\":1,\"name\":\"Shop\",\"item\":\"https:\/\/endormoonstore.com\/en\/shop\/\"},{\"@type\":\"ListItem\",\"position\":2,\"name\":\"Dungeons &#038; Dragons Golden Archive Holga\"}]},{\"@type\":\"WebSite\",\"@id\":\"https:\/\/endormoonstore.com\/#website\",\"url\":\"https:\/\/endormoonstore.com\/\",\"name\":\"EndormoonStore\",\"description\":\"\",\"potentialAction\":[{\"@type\":\"SearchAction\",\"target\":{\"@type\":\"EntryPoint\",\"urlTemplate\":\"https:\/\/endormoonstore.com\/?s={search_term_string}\"},\"query-input\":{\"@type\":\"PropertyValueSpecification\",\"valueRequired\":true,\"valueName\":\"search_term_string\"}}],\"inLanguage\":\"en-US\"}]}<\/script>\n<!-- \/ Yoast SEO plugin. -->","yoast_head_json":{"title":"Dungeons & Dragons Golden Archive Holga - EndormoonStore","robots":{"index":"index","follow":"follow","max-snippet":"max-snippet:-1","max-image-preview":"max-image-preview:large","max-video-preview":"max-video-preview:-1"},"canonical":"https:\/\/endormoonstore.com\/en\/dungeons-dragons-golden-archive-holga\/","og_locale":"en_US","og_type":"article","og_title":"Dungeons & Dragons Golden Archive Holga - EndormoonStore","og_description":"Dungeons &amp; Dragons Golden Archive Holga Abre las Puertas al Golden Archive. Esta figura premium de Holga de unos 15 cm forma parte de la l\u00ednea de art\u00edculos de colecci\u00f3n inspirados en la pel\u00edcula de Dungeons &amp; Dragons: Honor among thieves.","og_url":"https:\/\/endormoonstore.com\/en\/dungeons-dragons-golden-archive-holga\/","og_site_name":"EndormoonStore","article_modified_time":"2023-02-28T20:08:44+00:00","og_image":[{"width":1000,"height":1000,"url":"https:\/\/endormoonstore.com\/wp-content\/uploads\/2023\/02\/Dungeons-Dragons-Golden-Archive-Holga-1.jpg","type":"image\/jpeg"}],"twitter_card":"summary_large_image","twitter_misc":{"Est. reading time":"1 minute"},"schema":{"@context":"https:\/\/schema.org","@graph":[{"@type":"WebPage","@id":"https:\/\/endormoonstore.com\/en\/dungeons-dragons-golden-archive-holga\/","url":"https:\/\/endormoonstore.com\/en\/dungeons-dragons-golden-archive-holga\/","name":"Dungeons & Dragons Golden Archive Holga - EndormoonStore","isPartOf":{"@id":"https:\/\/endormoonstore.com\/#website"},"primaryImageOfPage":{"@id":"https:\/\/endormoonstore.com\/en\/dungeons-dragons-golden-archive-holga\/#primaryimage"},"image":{"@id":"https:\/\/endormoonstore.com\/en\/dungeons-dragons-golden-archive-holga\/#primaryimage"},"thumbnailUrl":"https:\/\/endormoonstore.com\/wp-content\/uploads\/2023\/02\/Dungeons-Dragons-Golden-Archive-Holga-1.jpg","datePublished":"2023-02-28T19:54:20+00:00","dateModified":"2023-02-28T20:08:44+00:00","breadcrumb":{"@id":"https:\/\/endormoonstore.com\/en\/dungeons-dragons-golden-archive-holga\/#breadcrumb"},"inLanguage":"en-US","potentialAction":[{"@type":"ReadAction","target":["https:\/\/endormoonstore.com\/en\/dungeons-dragons-golden-archive-holga\/"]}]},{"@type":"ImageObject","inLanguage":"en-US","@id":"https:\/\/endormoonstore.com\/en\/dungeons-dragons-golden-archive-holga\/#primaryimage","url":"https:\/\/endormoonstore.com\/wp-content\/uploads\/2023\/02\/Dungeons-Dragons-Golden-Archive-Holga-1.jpg","contentUrl":"https:\/\/endormoonstore.com\/wp-content\/uploads\/2023\/02\/Dungeons-Dragons-Golden-Archive-Holga-1.jpg","width":1000,"height":1000},{"@type":"BreadcrumbList","@id":"https:\/\/endormoonstore.com\/en\/dungeons-dragons-golden-archive-holga\/#breadcrumb","itemListElement":[{"@type":"ListItem","position":1,"name":"Shop","item":"https:\/\/endormoonstore.com\/en\/shop\/"},{"@type":"ListItem","position":2,"name":"Dungeons &#038; Dragons Golden Archive Holga"}]},{"@type":"WebSite","@id":"https:\/\/endormoonstore.com\/#website","url":"https:\/\/endormoonstore.com\/","name":"EndormoonStore","description":"","potentialAction":[{"@type":"SearchAction","target":{"@type":"EntryPoint","urlTemplate":"https:\/\/endormoonstore.com\/?s={search_term_string}"},"query-input":{"@type":"PropertyValueSpecification","valueRequired":true,"valueName":"search_term_string"}}],"inLanguage":"en-US"}]}},"taxonomy_info":{"product_cat":[{"value":1390,"label":"Figures"}],"pa_brand":[{"value":2084,"label":"Hasbro"}],"pa_character":[{"value":13492,"label":"Holga"}],"pa_episode":[{"value":13474,"label":"Dungeons &amp; Dragons: Honor Among Thieves"}],"pa_license":[{"value":9952,"label":"Dungeons &amp; Dragons"}],"pa_product-type":[{"value":2387,"label":"Figure"}],"pa_theme":[{"value":13496,"label":"Golden Archive"}]},"featured_image_src_large":["https:\/\/endormoonstore.com\/wp-content\/uploads\/2023\/02\/Dungeons-Dragons-Golden-Archive-Holga-1.jpg",1000,1000,false],"author_info":[],"comment_info":"","_links":{"self":[{"href":"https:\/\/endormoonstore.com\/en\/wp-json\/wp\/v2\/product\/143948","targetHints":{"allow":["GET"]}}],"collection":[{"href":"https:\/\/endormoonstore.com\/en\/wp-json\/wp\/v2\/product"}],"about":[{"href":"https:\/\/endormoonstore.com\/en\/wp-json\/wp\/v2\/types\/product"}],"wp:featuredmedia":[{"embeddable":true,"href":"https:\/\/endormoonstore.com\/en\/wp-json\/wp\/v2\/media\/143933"}],"wp:attachment":[{"href":"https:\/\/endormoonstore.com\/en\/wp-json\/wp\/v2\/media?parent=143948"}],"wp:term":[{"taxonomy":"product_cat","embeddable":true,"href":"https:\/\/endormoonstore.com\/en\/wp-json\/wp\/v2\/product_cat?post=143948"},{"taxonomy":"product_tag","embeddable":true,"href":"https:\/\/endormoonstore.com\/en\/wp-json\/wp\/v2\/product_tag?post=143948"}],"curies":[{"name":"wp","href":"https:\/\/api.w.org\/{rel}","templated":true}]}}