{"id":143683,"date":"2023-02-18T21:12:37","date_gmt":"2023-02-18T20:12:37","guid":{"rendered":"https:\/\/endormoonstore.com\/dungeons-dragons-cartoon-classics-hank\/"},"modified":"2023-02-18T21:47:56","modified_gmt":"2023-02-18T20:47:56","slug":"dungeons-dragons-cartoon-classics-hank","status":"publish","type":"product","link":"https:\/\/endormoonstore.com\/en\/dungeons-dragons-cartoon-classics-hank\/","title":{"rendered":"Dungeons &#038; Dragons Cartoon Classics Hank"},"content":{"rendered":"<p class=\"p1\"><strong>Dungeons &amp; Dragons Cartoon Classics Hank<\/strong><\/p>\n<ul class=\"ul1\">\n<li class=\"li1\">No temas, explorador. Esta figura de acci\u00f3n de Cartoon Classic Hank viene con todos los accesorios que necesita para luchar contra los peores monstruos en el reino de Dungeons &amp; Dragons.<\/li>\n<li class=\"li1\">Pero espera hay mas. Hank tambi\u00e9n viene con un dado de 8 caras que es exclusivo de este juego de Cartoon Classics.<\/li>\n<li>Porque a todos nos encantan los dados, \u00bfverdad? Necesitar\u00e1s este dado de 8 para tirar por da\u00f1o en tu incre\u00edble arco largo 5e (\u00a1como Hank!), o simplemente para lucir genial junto a tu dado de 20 a juego<\/li>\n<li class=\"li1\">Con una caja inspirada en la obra de arte original de dibujos animados de la serie de los 80 cuando un grupo de ni\u00f1os se dirige al parque de diversiones, toman el viaje de sus vidas y terminan en el reino de Dungeons &amp; Dragons.<\/li>\n<li>Esta figura de Dragones y Mazmorras coleccionable tiene unos 15 cm de alto y se ver\u00e1 genial en su estante, dentro o fuera de la caja.<\/li>\n<li>Incluye: una figura de Hank, 2 accesorios y un dado de 8 caras<\/li>\n<\/ul>\n","protected":false},"excerpt":{"rendered":"<p class=\"p1\"><strong>Dungeons &amp; Dragons Cartoon Classics Hank<\/strong><\/p>\n<p class=\"p1\">No temas, explorador. Esta figura de acci\u00f3n de Cartoon Classic Hank viene con todos los accesorios que necesita para luchar contra los peores monstruos en el reino de Dungeons &amp; Dragons.<\/p>\n","protected":false},"featured_media":143672,"template":"","meta":{"_acf_changed":false,"_kad_blocks_custom_css":"","_kad_blocks_head_custom_js":"","_kad_blocks_body_custom_js":"","_kad_blocks_footer_custom_js":""},"product_cat":[1390],"product_tag":[],"class_list":{"0":"post-143683","1":"product","2":"type-product","3":"status-publish","4":"has-post-thumbnail","6":"product_cat-figures","7":"pa_brand-hasbro-en","8":"pa_character-hank-en","9":"pa_license-dungeons-dragons-en","10":"pa_product-type-figure","11":"pa_theme-cartoon-classics-en","13":"first","14":"instock","15":"taxable","16":"shipping-taxable","17":"purchasable","18":"product-type-simple"},"acf":[],"yoast_head":"<!-- This site is optimized with the Yoast SEO plugin v26.1.1 - https:\/\/yoast.com\/wordpress\/plugins\/seo\/ -->\n<title>Dungeons &amp; Dragons Cartoon Classics Hank - EndormoonStore<\/title>\n<meta name=\"robots\" content=\"index, follow, max-snippet:-1, max-image-preview:large, max-video-preview:-1\" \/>\n<link rel=\"canonical\" href=\"https:\/\/endormoonstore.com\/dungeons-dragons-cartoon-classics-hank\/\" \/>\n<meta property=\"og:locale\" content=\"en_US\" \/>\n<meta property=\"og:type\" content=\"article\" \/>\n<meta property=\"og:title\" content=\"Dungeons &amp; Dragons Cartoon Classics Hank - EndormoonStore\" \/>\n<meta property=\"og:description\" content=\"Dungeons &amp; Dragons Cartoon Classics Hank No temas, explorador. Esta figura de acci\u00f3n de Cartoon Classic Hank viene con todos los accesorios que necesita para luchar contra los peores monstruos en el reino de Dungeons &amp; Dragons.\" \/>\n<meta property=\"og:url\" content=\"https:\/\/endormoonstore.com\/dungeons-dragons-cartoon-classics-hank\/\" \/>\n<meta property=\"og:site_name\" content=\"EndormoonStore\" \/>\n<meta property=\"article:modified_time\" content=\"2023-02-18T20:47:56+00:00\" \/>\n<meta property=\"og:image\" content=\"https:\/\/endormoonstore.com\/wp-content\/uploads\/2023\/02\/Dungeons-Dragons-Cartoon-Classics-Hank-1.jpg\" \/>\n\t<meta property=\"og:image:width\" content=\"1000\" \/>\n\t<meta property=\"og:image:height\" content=\"1000\" \/>\n\t<meta property=\"og:image:type\" content=\"image\/jpeg\" \/>\n<meta name=\"twitter:card\" content=\"summary_large_image\" \/>\n<meta name=\"twitter:label1\" content=\"Est. reading time\" \/>\n\t<meta name=\"twitter:data1\" content=\"1 minute\" \/>\n<script type=\"application\/ld+json\" class=\"yoast-schema-graph\">{\"@context\":\"https:\/\/schema.org\",\"@graph\":[{\"@type\":\"WebPage\",\"@id\":\"https:\/\/endormoonstore.com\/dungeons-dragons-cartoon-classics-hank\/\",\"url\":\"https:\/\/endormoonstore.com\/dungeons-dragons-cartoon-classics-hank\/\",\"name\":\"Dungeons & Dragons Cartoon Classics Hank - EndormoonStore\",\"isPartOf\":{\"@id\":\"https:\/\/endormoonstore.com\/#website\"},\"primaryImageOfPage\":{\"@id\":\"https:\/\/endormoonstore.com\/dungeons-dragons-cartoon-classics-hank\/#primaryimage\"},\"image\":{\"@id\":\"https:\/\/endormoonstore.com\/dungeons-dragons-cartoon-classics-hank\/#primaryimage\"},\"thumbnailUrl\":\"https:\/\/endormoonstore.com\/wp-content\/uploads\/2023\/02\/Dungeons-Dragons-Cartoon-Classics-Hank-1.jpg\",\"datePublished\":\"2023-02-18T20:12:37+00:00\",\"dateModified\":\"2023-02-18T20:47:56+00:00\",\"breadcrumb\":{\"@id\":\"https:\/\/endormoonstore.com\/dungeons-dragons-cartoon-classics-hank\/#breadcrumb\"},\"inLanguage\":\"en-US\",\"potentialAction\":[{\"@type\":\"ReadAction\",\"target\":[\"https:\/\/endormoonstore.com\/dungeons-dragons-cartoon-classics-hank\/\"]}]},{\"@type\":\"ImageObject\",\"inLanguage\":\"en-US\",\"@id\":\"https:\/\/endormoonstore.com\/dungeons-dragons-cartoon-classics-hank\/#primaryimage\",\"url\":\"https:\/\/endormoonstore.com\/wp-content\/uploads\/2023\/02\/Dungeons-Dragons-Cartoon-Classics-Hank-1.jpg\",\"contentUrl\":\"https:\/\/endormoonstore.com\/wp-content\/uploads\/2023\/02\/Dungeons-Dragons-Cartoon-Classics-Hank-1.jpg\",\"width\":1000,\"height\":1000},{\"@type\":\"BreadcrumbList\",\"@id\":\"https:\/\/endormoonstore.com\/dungeons-dragons-cartoon-classics-hank\/#breadcrumb\",\"itemListElement\":[{\"@type\":\"ListItem\",\"position\":1,\"name\":\"Shop\",\"item\":\"https:\/\/endormoonstore.com\/en\/shop\/\"},{\"@type\":\"ListItem\",\"position\":2,\"name\":\"Dungeons &#038; Dragons Cartoon Classics Hank\"}]},{\"@type\":\"WebSite\",\"@id\":\"https:\/\/endormoonstore.com\/#website\",\"url\":\"https:\/\/endormoonstore.com\/\",\"name\":\"EndormoonStore\",\"description\":\"\",\"potentialAction\":[{\"@type\":\"SearchAction\",\"target\":{\"@type\":\"EntryPoint\",\"urlTemplate\":\"https:\/\/endormoonstore.com\/?s={search_term_string}\"},\"query-input\":{\"@type\":\"PropertyValueSpecification\",\"valueRequired\":true,\"valueName\":\"search_term_string\"}}],\"inLanguage\":\"en-US\"}]}<\/script>\n<!-- \/ Yoast SEO plugin. -->","yoast_head_json":{"title":"Dungeons & Dragons Cartoon Classics Hank - EndormoonStore","robots":{"index":"index","follow":"follow","max-snippet":"max-snippet:-1","max-image-preview":"max-image-preview:large","max-video-preview":"max-video-preview:-1"},"canonical":"https:\/\/endormoonstore.com\/dungeons-dragons-cartoon-classics-hank\/","og_locale":"en_US","og_type":"article","og_title":"Dungeons & Dragons Cartoon Classics Hank - EndormoonStore","og_description":"Dungeons &amp; Dragons Cartoon Classics Hank No temas, explorador. Esta figura de acci\u00f3n de Cartoon Classic Hank viene con todos los accesorios que necesita para luchar contra los peores monstruos en el reino de Dungeons &amp; Dragons.","og_url":"https:\/\/endormoonstore.com\/dungeons-dragons-cartoon-classics-hank\/","og_site_name":"EndormoonStore","article_modified_time":"2023-02-18T20:47:56+00:00","og_image":[{"width":1000,"height":1000,"url":"https:\/\/endormoonstore.com\/wp-content\/uploads\/2023\/02\/Dungeons-Dragons-Cartoon-Classics-Hank-1.jpg","type":"image\/jpeg"}],"twitter_card":"summary_large_image","twitter_misc":{"Est. reading time":"1 minute"},"schema":{"@context":"https:\/\/schema.org","@graph":[{"@type":"WebPage","@id":"https:\/\/endormoonstore.com\/dungeons-dragons-cartoon-classics-hank\/","url":"https:\/\/endormoonstore.com\/dungeons-dragons-cartoon-classics-hank\/","name":"Dungeons & Dragons Cartoon Classics Hank - EndormoonStore","isPartOf":{"@id":"https:\/\/endormoonstore.com\/#website"},"primaryImageOfPage":{"@id":"https:\/\/endormoonstore.com\/dungeons-dragons-cartoon-classics-hank\/#primaryimage"},"image":{"@id":"https:\/\/endormoonstore.com\/dungeons-dragons-cartoon-classics-hank\/#primaryimage"},"thumbnailUrl":"https:\/\/endormoonstore.com\/wp-content\/uploads\/2023\/02\/Dungeons-Dragons-Cartoon-Classics-Hank-1.jpg","datePublished":"2023-02-18T20:12:37+00:00","dateModified":"2023-02-18T20:47:56+00:00","breadcrumb":{"@id":"https:\/\/endormoonstore.com\/dungeons-dragons-cartoon-classics-hank\/#breadcrumb"},"inLanguage":"en-US","potentialAction":[{"@type":"ReadAction","target":["https:\/\/endormoonstore.com\/dungeons-dragons-cartoon-classics-hank\/"]}]},{"@type":"ImageObject","inLanguage":"en-US","@id":"https:\/\/endormoonstore.com\/dungeons-dragons-cartoon-classics-hank\/#primaryimage","url":"https:\/\/endormoonstore.com\/wp-content\/uploads\/2023\/02\/Dungeons-Dragons-Cartoon-Classics-Hank-1.jpg","contentUrl":"https:\/\/endormoonstore.com\/wp-content\/uploads\/2023\/02\/Dungeons-Dragons-Cartoon-Classics-Hank-1.jpg","width":1000,"height":1000},{"@type":"BreadcrumbList","@id":"https:\/\/endormoonstore.com\/dungeons-dragons-cartoon-classics-hank\/#breadcrumb","itemListElement":[{"@type":"ListItem","position":1,"name":"Shop","item":"https:\/\/endormoonstore.com\/en\/shop\/"},{"@type":"ListItem","position":2,"name":"Dungeons &#038; Dragons Cartoon Classics Hank"}]},{"@type":"WebSite","@id":"https:\/\/endormoonstore.com\/#website","url":"https:\/\/endormoonstore.com\/","name":"EndormoonStore","description":"","potentialAction":[{"@type":"SearchAction","target":{"@type":"EntryPoint","urlTemplate":"https:\/\/endormoonstore.com\/?s={search_term_string}"},"query-input":{"@type":"PropertyValueSpecification","valueRequired":true,"valueName":"search_term_string"}}],"inLanguage":"en-US"}]}},"taxonomy_info":{"product_cat":[{"value":1390,"label":"Figures"}],"pa_brand":[{"value":2084,"label":"Hasbro"}],"pa_character":[{"value":13461,"label":"Hank"}],"pa_license":[{"value":9952,"label":"Dungeons &amp; Dragons"}],"pa_product-type":[{"value":2387,"label":"Figure"}],"pa_theme":[{"value":13468,"label":"Cartoon Classics"}]},"featured_image_src_large":["https:\/\/endormoonstore.com\/wp-content\/uploads\/2023\/02\/Dungeons-Dragons-Cartoon-Classics-Hank-1.jpg",1000,1000,false],"author_info":[],"comment_info":"","_links":{"self":[{"href":"https:\/\/endormoonstore.com\/en\/wp-json\/wp\/v2\/product\/143683","targetHints":{"allow":["GET"]}}],"collection":[{"href":"https:\/\/endormoonstore.com\/en\/wp-json\/wp\/v2\/product"}],"about":[{"href":"https:\/\/endormoonstore.com\/en\/wp-json\/wp\/v2\/types\/product"}],"wp:featuredmedia":[{"embeddable":true,"href":"https:\/\/endormoonstore.com\/en\/wp-json\/wp\/v2\/media\/143672"}],"wp:attachment":[{"href":"https:\/\/endormoonstore.com\/en\/wp-json\/wp\/v2\/media?parent=143683"}],"wp:term":[{"taxonomy":"product_cat","embeddable":true,"href":"https:\/\/endormoonstore.com\/en\/wp-json\/wp\/v2\/product_cat?post=143683"},{"taxonomy":"product_tag","embeddable":true,"href":"https:\/\/endormoonstore.com\/en\/wp-json\/wp\/v2\/product_tag?post=143683"}],"curies":[{"name":"wp","href":"https:\/\/api.w.org\/{rel}","templated":true}]}}