{"id":143608,"date":"2023-02-16T21:05:01","date_gmt":"2023-02-16T20:05:01","guid":{"rendered":"https:\/\/endormoonstore.com\/transformers-legacy-evolution-scraphook\/"},"modified":"2023-02-16T21:34:39","modified_gmt":"2023-02-16T20:34:39","slug":"transformers-legacy-evolution-scraphook","status":"publish","type":"product","link":"https:\/\/endormoonstore.com\/en\/transformers-legacy-evolution-scraphook\/","title":{"rendered":"Transformers Legacy Evolution Scraphook"},"content":{"rendered":"<p class=\"p1\"><strong>Transformers Legacy Evolution Scraphook<\/strong><\/p>\n<ul class=\"ul1\">\n<li class=\"li1\">La batalla est\u00e1 evolucionando con la figura de acci\u00f3n Transformers Legacy Evolution Scraphook.<\/li>\n<li class=\"li1\">Scraphook se encuentra entre los bots m\u00e1s robustos de Junkion. Su valent\u00eda ante el peligro y su imponente f\u00edsico lo convierten en un poderoso aliado.<\/li>\n<li>Los Transformers se actualizan con la tecnolog\u00eda Evo-Fusion. Lucha con habilidades de fusi\u00f3n rompiendo este Scraphook y fusion\u00e1ndolo con otras figuras de Transformers: Legacy Evolution como una armadura Junkion indestructible ( Otras figuras se venden por separado)<\/li>\n<li>Transformers Legacy Evolution celebra los \u00faltimos 40 a\u00f1os de historia de Transformers.\u00a0La figura de acci\u00f3n Scraphook est\u00e1 inspirada en el Junkion de The Transformers<\/li>\n<li>La figura de acci\u00f3n de Transformers\u00a0 de unos 14 cm de alto se convierte de robot a cami\u00f3n en 17 pasos<\/li>\n<li class=\"li1\">Viene con varios accesorios e instrucciones.<\/li>\n<\/ul>\n","protected":false},"excerpt":{"rendered":"<p class=\"p1\"><strong>Transformers Legacy Evolution Scraphook<\/strong><\/p>\n<p class=\"p1\">La batalla est\u00e1 evolucionando con la figura de acci\u00f3n Transformers Legacy Evolution Scraphook.<\/p>\n","protected":false},"featured_media":143587,"template":"","meta":{"_acf_changed":false,"_kad_blocks_custom_css":"","_kad_blocks_head_custom_js":"","_kad_blocks_body_custom_js":"","_kad_blocks_footer_custom_js":""},"product_cat":[1390],"product_tag":[],"class_list":{"0":"post-143608","1":"product","2":"type-product","3":"status-publish","4":"has-post-thumbnail","6":"product_cat-figures","7":"pa_brand-hasbro-en","8":"pa_character-scraphook-en","9":"pa_license-transformers-en","10":"pa_product-type-figure","11":"pa_theme-transformers-legacy-evolution-en","13":"first","14":"instock","15":"taxable","16":"shipping-taxable","17":"purchasable","18":"product-type-simple"},"acf":[],"yoast_head":"<!-- This site is optimized with the Yoast SEO plugin v26.1.1 - https:\/\/yoast.com\/wordpress\/plugins\/seo\/ -->\n<title>Transformers Legacy Evolution Scraphook - EndormoonStore<\/title>\n<meta name=\"robots\" content=\"index, follow, max-snippet:-1, max-image-preview:large, max-video-preview:-1\" \/>\n<link rel=\"canonical\" href=\"https:\/\/endormoonstore.com\/transformers-legacy-evolution-scraphook\/\" \/>\n<meta property=\"og:locale\" content=\"en_US\" \/>\n<meta property=\"og:type\" content=\"article\" \/>\n<meta property=\"og:title\" content=\"Transformers Legacy Evolution Scraphook - EndormoonStore\" \/>\n<meta property=\"og:description\" content=\"Transformers Legacy Evolution Scraphook La batalla est\u00e1 evolucionando con la figura de acci\u00f3n Transformers Legacy Evolution Scraphook.\" \/>\n<meta property=\"og:url\" content=\"https:\/\/endormoonstore.com\/transformers-legacy-evolution-scraphook\/\" \/>\n<meta property=\"og:site_name\" content=\"EndormoonStore\" \/>\n<meta property=\"article:modified_time\" content=\"2023-02-16T20:34:39+00:00\" \/>\n<meta property=\"og:image\" content=\"https:\/\/endormoonstore.com\/wp-content\/uploads\/2023\/02\/Transformers-Legacy-Evolution-Scraphook-1.jpg\" \/>\n\t<meta property=\"og:image:width\" content=\"1000\" \/>\n\t<meta property=\"og:image:height\" content=\"1000\" \/>\n\t<meta property=\"og:image:type\" content=\"image\/jpeg\" \/>\n<meta name=\"twitter:card\" content=\"summary_large_image\" \/>\n<meta name=\"twitter:label1\" content=\"Est. reading time\" \/>\n\t<meta name=\"twitter:data1\" content=\"1 minute\" \/>\n<script type=\"application\/ld+json\" class=\"yoast-schema-graph\">{\"@context\":\"https:\/\/schema.org\",\"@graph\":[{\"@type\":\"WebPage\",\"@id\":\"https:\/\/endormoonstore.com\/transformers-legacy-evolution-scraphook\/\",\"url\":\"https:\/\/endormoonstore.com\/transformers-legacy-evolution-scraphook\/\",\"name\":\"Transformers Legacy Evolution Scraphook - EndormoonStore\",\"isPartOf\":{\"@id\":\"https:\/\/endormoonstore.com\/#website\"},\"primaryImageOfPage\":{\"@id\":\"https:\/\/endormoonstore.com\/transformers-legacy-evolution-scraphook\/#primaryimage\"},\"image\":{\"@id\":\"https:\/\/endormoonstore.com\/transformers-legacy-evolution-scraphook\/#primaryimage\"},\"thumbnailUrl\":\"https:\/\/endormoonstore.com\/wp-content\/uploads\/2023\/02\/Transformers-Legacy-Evolution-Scraphook-1.jpg\",\"datePublished\":\"2023-02-16T20:05:01+00:00\",\"dateModified\":\"2023-02-16T20:34:39+00:00\",\"breadcrumb\":{\"@id\":\"https:\/\/endormoonstore.com\/transformers-legacy-evolution-scraphook\/#breadcrumb\"},\"inLanguage\":\"en-US\",\"potentialAction\":[{\"@type\":\"ReadAction\",\"target\":[\"https:\/\/endormoonstore.com\/transformers-legacy-evolution-scraphook\/\"]}]},{\"@type\":\"ImageObject\",\"inLanguage\":\"en-US\",\"@id\":\"https:\/\/endormoonstore.com\/transformers-legacy-evolution-scraphook\/#primaryimage\",\"url\":\"https:\/\/endormoonstore.com\/wp-content\/uploads\/2023\/02\/Transformers-Legacy-Evolution-Scraphook-1.jpg\",\"contentUrl\":\"https:\/\/endormoonstore.com\/wp-content\/uploads\/2023\/02\/Transformers-Legacy-Evolution-Scraphook-1.jpg\",\"width\":1000,\"height\":1000},{\"@type\":\"BreadcrumbList\",\"@id\":\"https:\/\/endormoonstore.com\/transformers-legacy-evolution-scraphook\/#breadcrumb\",\"itemListElement\":[{\"@type\":\"ListItem\",\"position\":1,\"name\":\"Shop\",\"item\":\"https:\/\/endormoonstore.com\/en\/shop\/\"},{\"@type\":\"ListItem\",\"position\":2,\"name\":\"Transformers Legacy Evolution Scraphook\"}]},{\"@type\":\"WebSite\",\"@id\":\"https:\/\/endormoonstore.com\/#website\",\"url\":\"https:\/\/endormoonstore.com\/\",\"name\":\"EndormoonStore\",\"description\":\"\",\"potentialAction\":[{\"@type\":\"SearchAction\",\"target\":{\"@type\":\"EntryPoint\",\"urlTemplate\":\"https:\/\/endormoonstore.com\/?s={search_term_string}\"},\"query-input\":{\"@type\":\"PropertyValueSpecification\",\"valueRequired\":true,\"valueName\":\"search_term_string\"}}],\"inLanguage\":\"en-US\"}]}<\/script>\n<!-- \/ Yoast SEO plugin. -->","yoast_head_json":{"title":"Transformers Legacy Evolution Scraphook - EndormoonStore","robots":{"index":"index","follow":"follow","max-snippet":"max-snippet:-1","max-image-preview":"max-image-preview:large","max-video-preview":"max-video-preview:-1"},"canonical":"https:\/\/endormoonstore.com\/transformers-legacy-evolution-scraphook\/","og_locale":"en_US","og_type":"article","og_title":"Transformers Legacy Evolution Scraphook - EndormoonStore","og_description":"Transformers Legacy Evolution Scraphook La batalla est\u00e1 evolucionando con la figura de acci\u00f3n Transformers Legacy Evolution Scraphook.","og_url":"https:\/\/endormoonstore.com\/transformers-legacy-evolution-scraphook\/","og_site_name":"EndormoonStore","article_modified_time":"2023-02-16T20:34:39+00:00","og_image":[{"width":1000,"height":1000,"url":"https:\/\/endormoonstore.com\/wp-content\/uploads\/2023\/02\/Transformers-Legacy-Evolution-Scraphook-1.jpg","type":"image\/jpeg"}],"twitter_card":"summary_large_image","twitter_misc":{"Est. reading time":"1 minute"},"schema":{"@context":"https:\/\/schema.org","@graph":[{"@type":"WebPage","@id":"https:\/\/endormoonstore.com\/transformers-legacy-evolution-scraphook\/","url":"https:\/\/endormoonstore.com\/transformers-legacy-evolution-scraphook\/","name":"Transformers Legacy Evolution Scraphook - EndormoonStore","isPartOf":{"@id":"https:\/\/endormoonstore.com\/#website"},"primaryImageOfPage":{"@id":"https:\/\/endormoonstore.com\/transformers-legacy-evolution-scraphook\/#primaryimage"},"image":{"@id":"https:\/\/endormoonstore.com\/transformers-legacy-evolution-scraphook\/#primaryimage"},"thumbnailUrl":"https:\/\/endormoonstore.com\/wp-content\/uploads\/2023\/02\/Transformers-Legacy-Evolution-Scraphook-1.jpg","datePublished":"2023-02-16T20:05:01+00:00","dateModified":"2023-02-16T20:34:39+00:00","breadcrumb":{"@id":"https:\/\/endormoonstore.com\/transformers-legacy-evolution-scraphook\/#breadcrumb"},"inLanguage":"en-US","potentialAction":[{"@type":"ReadAction","target":["https:\/\/endormoonstore.com\/transformers-legacy-evolution-scraphook\/"]}]},{"@type":"ImageObject","inLanguage":"en-US","@id":"https:\/\/endormoonstore.com\/transformers-legacy-evolution-scraphook\/#primaryimage","url":"https:\/\/endormoonstore.com\/wp-content\/uploads\/2023\/02\/Transformers-Legacy-Evolution-Scraphook-1.jpg","contentUrl":"https:\/\/endormoonstore.com\/wp-content\/uploads\/2023\/02\/Transformers-Legacy-Evolution-Scraphook-1.jpg","width":1000,"height":1000},{"@type":"BreadcrumbList","@id":"https:\/\/endormoonstore.com\/transformers-legacy-evolution-scraphook\/#breadcrumb","itemListElement":[{"@type":"ListItem","position":1,"name":"Shop","item":"https:\/\/endormoonstore.com\/en\/shop\/"},{"@type":"ListItem","position":2,"name":"Transformers Legacy Evolution Scraphook"}]},{"@type":"WebSite","@id":"https:\/\/endormoonstore.com\/#website","url":"https:\/\/endormoonstore.com\/","name":"EndormoonStore","description":"","potentialAction":[{"@type":"SearchAction","target":{"@type":"EntryPoint","urlTemplate":"https:\/\/endormoonstore.com\/?s={search_term_string}"},"query-input":{"@type":"PropertyValueSpecification","valueRequired":true,"valueName":"search_term_string"}}],"inLanguage":"en-US"}]}},"taxonomy_info":{"product_cat":[{"value":1390,"label":"Figures"}],"pa_brand":[{"value":2084,"label":"Hasbro"}],"pa_character":[{"value":13455,"label":"Scraphook"}],"pa_license":[{"value":1873,"label":"Transformers"}],"pa_product-type":[{"value":2387,"label":"Figure"}],"pa_theme":[{"value":13457,"label":"Transformers Legacy Evolution"}]},"featured_image_src_large":["https:\/\/endormoonstore.com\/wp-content\/uploads\/2023\/02\/Transformers-Legacy-Evolution-Scraphook-1.jpg",1000,1000,false],"author_info":[],"comment_info":"","_links":{"self":[{"href":"https:\/\/endormoonstore.com\/en\/wp-json\/wp\/v2\/product\/143608","targetHints":{"allow":["GET"]}}],"collection":[{"href":"https:\/\/endormoonstore.com\/en\/wp-json\/wp\/v2\/product"}],"about":[{"href":"https:\/\/endormoonstore.com\/en\/wp-json\/wp\/v2\/types\/product"}],"wp:featuredmedia":[{"embeddable":true,"href":"https:\/\/endormoonstore.com\/en\/wp-json\/wp\/v2\/media\/143587"}],"wp:attachment":[{"href":"https:\/\/endormoonstore.com\/en\/wp-json\/wp\/v2\/media?parent=143608"}],"wp:term":[{"taxonomy":"product_cat","embeddable":true,"href":"https:\/\/endormoonstore.com\/en\/wp-json\/wp\/v2\/product_cat?post=143608"},{"taxonomy":"product_tag","embeddable":true,"href":"https:\/\/endormoonstore.com\/en\/wp-json\/wp\/v2\/product_tag?post=143608"}],"curies":[{"name":"wp","href":"https:\/\/api.w.org\/{rel}","templated":true}]}}