{"id":143367,"date":"2023-01-28T13:50:11","date_gmt":"2023-01-28T12:50:11","guid":{"rendered":"https:\/\/endormoonstore.com\/marvel-legends-series-marvels-war-machine-comic-version\/"},"modified":"2023-01-28T14:13:19","modified_gmt":"2023-01-28T13:13:19","slug":"marvel-legends-series-marvels-war-machine-comic-version","status":"publish","type":"product","link":"https:\/\/endormoonstore.com\/en\/marvel-legends-series-marvels-war-machine-comic-version\/","title":{"rendered":"Marvel Legends Series Marvel\u2019s War Machine Comic Version"},"content":{"rendered":"<p class=\"p1\"><strong>Marvel Legends Series Marvel\u2019s War Machine Comic Version<\/strong><\/p>\n<ul class=\"ul1\">\n<li class=\"li1\">El coronel James &#8220;Rhodey&#8221; Rhodes desata un torrente de devastaci\u00f3n explosiva en su armadura modular War Machine.<\/li>\n<li class=\"li1\">\u00a1Sus repulsores est\u00e1n preparados y listos para m\u00e1s acci\u00f3n!<\/li>\n<li class=\"li1\">Esta figura de acci\u00f3n coleccionable de Marvel Legends Avengers de unos 15 cm de alto est\u00e1 detalla para parecerse al personaje de Marvel&#8217;s War Machine\u00a0 de Marvel Comics, con detalles premium y m\u00faltiples puntos de articulaci\u00f3n.<\/li>\n<li class=\"li1\">La figura de War Machie viene con varios accesorios, incluidas manos alternativas para conectar accesorios de explosi\u00f3n de rayos repulsores y accesorio de efecto de explosi\u00f3n unibeam.<\/li>\n<\/ul>\n","protected":false},"excerpt":{"rendered":"<p class=\"p1\"><strong>Marvel Legends Series Marvel\u2019s War Machine Comic Version<\/strong><\/p>\n<p class=\"p1\">El coronel James &#8220;Rhodey&#8221; Rhodes desata un torrente de devastaci\u00f3n explosiva en su armadura modular War Machine.<\/p>\n","protected":false},"featured_media":143358,"template":"","meta":{"_acf_changed":false,"_kad_blocks_custom_css":"","_kad_blocks_head_custom_js":"","_kad_blocks_body_custom_js":"","_kad_blocks_footer_custom_js":""},"product_cat":[1390],"product_tag":[],"class_list":{"0":"post-143367","1":"product","2":"type-product","3":"status-publish","4":"has-post-thumbnail","6":"product_cat-figures","7":"pa_brand-hasbro-en","8":"pa_character-war-machine-en","9":"pa_license-marvel-en","10":"pa_product-type-figure","11":"pa_theme-marvel-legends-series-en","13":"first","14":"outofstock","15":"taxable","16":"shipping-taxable","17":"purchasable","18":"product-type-simple"},"acf":[],"yoast_head":"<!-- This site is optimized with the Yoast SEO plugin v26.1.1 - https:\/\/yoast.com\/wordpress\/plugins\/seo\/ -->\n<title>Marvel Legends Series Marvel\u2019s War Machine Comic Version - EndormoonStore<\/title>\n<meta name=\"robots\" content=\"index, follow, max-snippet:-1, max-image-preview:large, max-video-preview:-1\" \/>\n<link rel=\"canonical\" href=\"https:\/\/endormoonstore.com\/marvel-legends-series-marvels-war-machine-comic-version\/\" \/>\n<meta property=\"og:locale\" content=\"en_US\" \/>\n<meta property=\"og:type\" content=\"article\" \/>\n<meta property=\"og:title\" content=\"Marvel Legends Series Marvel\u2019s War Machine Comic Version - EndormoonStore\" \/>\n<meta property=\"og:description\" content=\"Marvel Legends Series Marvel\u2019s War Machine Comic Version El coronel James &quot;Rhodey&quot; Rhodes desata un torrente de devastaci\u00f3n explosiva en su armadura modular War Machine.\" \/>\n<meta property=\"og:url\" content=\"https:\/\/endormoonstore.com\/marvel-legends-series-marvels-war-machine-comic-version\/\" \/>\n<meta property=\"og:site_name\" content=\"EndormoonStore\" \/>\n<meta property=\"article:modified_time\" content=\"2023-01-28T13:13:19+00:00\" \/>\n<meta property=\"og:image\" content=\"https:\/\/endormoonstore.com\/wp-content\/uploads\/2023\/01\/Marvel-Legends-Series-Marvels-War-Machine-1.jpg\" \/>\n\t<meta property=\"og:image:width\" content=\"1000\" \/>\n\t<meta property=\"og:image:height\" content=\"1000\" \/>\n\t<meta property=\"og:image:type\" content=\"image\/jpeg\" \/>\n<meta name=\"twitter:card\" content=\"summary_large_image\" \/>\n<meta name=\"twitter:label1\" content=\"Est. reading time\" \/>\n\t<meta name=\"twitter:data1\" content=\"1 minute\" \/>\n<script type=\"application\/ld+json\" class=\"yoast-schema-graph\">{\"@context\":\"https:\/\/schema.org\",\"@graph\":[{\"@type\":\"WebPage\",\"@id\":\"https:\/\/endormoonstore.com\/marvel-legends-series-marvels-war-machine-comic-version\/\",\"url\":\"https:\/\/endormoonstore.com\/marvel-legends-series-marvels-war-machine-comic-version\/\",\"name\":\"Marvel Legends Series Marvel\u2019s War Machine Comic Version - EndormoonStore\",\"isPartOf\":{\"@id\":\"https:\/\/endormoonstore.com\/#website\"},\"primaryImageOfPage\":{\"@id\":\"https:\/\/endormoonstore.com\/marvel-legends-series-marvels-war-machine-comic-version\/#primaryimage\"},\"image\":{\"@id\":\"https:\/\/endormoonstore.com\/marvel-legends-series-marvels-war-machine-comic-version\/#primaryimage\"},\"thumbnailUrl\":\"https:\/\/endormoonstore.com\/wp-content\/uploads\/2023\/01\/Marvel-Legends-Series-Marvels-War-Machine-1.jpg\",\"datePublished\":\"2023-01-28T12:50:11+00:00\",\"dateModified\":\"2023-01-28T13:13:19+00:00\",\"breadcrumb\":{\"@id\":\"https:\/\/endormoonstore.com\/marvel-legends-series-marvels-war-machine-comic-version\/#breadcrumb\"},\"inLanguage\":\"en-US\",\"potentialAction\":[{\"@type\":\"ReadAction\",\"target\":[\"https:\/\/endormoonstore.com\/marvel-legends-series-marvels-war-machine-comic-version\/\"]}]},{\"@type\":\"ImageObject\",\"inLanguage\":\"en-US\",\"@id\":\"https:\/\/endormoonstore.com\/marvel-legends-series-marvels-war-machine-comic-version\/#primaryimage\",\"url\":\"https:\/\/endormoonstore.com\/wp-content\/uploads\/2023\/01\/Marvel-Legends-Series-Marvels-War-Machine-1.jpg\",\"contentUrl\":\"https:\/\/endormoonstore.com\/wp-content\/uploads\/2023\/01\/Marvel-Legends-Series-Marvels-War-Machine-1.jpg\",\"width\":1000,\"height\":1000},{\"@type\":\"BreadcrumbList\",\"@id\":\"https:\/\/endormoonstore.com\/marvel-legends-series-marvels-war-machine-comic-version\/#breadcrumb\",\"itemListElement\":[{\"@type\":\"ListItem\",\"position\":1,\"name\":\"Shop\",\"item\":\"https:\/\/endormoonstore.com\/en\/shop\/\"},{\"@type\":\"ListItem\",\"position\":2,\"name\":\"Marvel Legends Series Marvel\u2019s War Machine Comic Version\"}]},{\"@type\":\"WebSite\",\"@id\":\"https:\/\/endormoonstore.com\/#website\",\"url\":\"https:\/\/endormoonstore.com\/\",\"name\":\"EndormoonStore\",\"description\":\"\",\"potentialAction\":[{\"@type\":\"SearchAction\",\"target\":{\"@type\":\"EntryPoint\",\"urlTemplate\":\"https:\/\/endormoonstore.com\/?s={search_term_string}\"},\"query-input\":{\"@type\":\"PropertyValueSpecification\",\"valueRequired\":true,\"valueName\":\"search_term_string\"}}],\"inLanguage\":\"en-US\"}]}<\/script>\n<!-- \/ Yoast SEO plugin. -->","yoast_head_json":{"title":"Marvel Legends Series Marvel\u2019s War Machine Comic Version - EndormoonStore","robots":{"index":"index","follow":"follow","max-snippet":"max-snippet:-1","max-image-preview":"max-image-preview:large","max-video-preview":"max-video-preview:-1"},"canonical":"https:\/\/endormoonstore.com\/marvel-legends-series-marvels-war-machine-comic-version\/","og_locale":"en_US","og_type":"article","og_title":"Marvel Legends Series Marvel\u2019s War Machine Comic Version - EndormoonStore","og_description":"Marvel Legends Series Marvel\u2019s War Machine Comic Version El coronel James \"Rhodey\" Rhodes desata un torrente de devastaci\u00f3n explosiva en su armadura modular War Machine.","og_url":"https:\/\/endormoonstore.com\/marvel-legends-series-marvels-war-machine-comic-version\/","og_site_name":"EndormoonStore","article_modified_time":"2023-01-28T13:13:19+00:00","og_image":[{"width":1000,"height":1000,"url":"https:\/\/endormoonstore.com\/wp-content\/uploads\/2023\/01\/Marvel-Legends-Series-Marvels-War-Machine-1.jpg","type":"image\/jpeg"}],"twitter_card":"summary_large_image","twitter_misc":{"Est. reading time":"1 minute"},"schema":{"@context":"https:\/\/schema.org","@graph":[{"@type":"WebPage","@id":"https:\/\/endormoonstore.com\/marvel-legends-series-marvels-war-machine-comic-version\/","url":"https:\/\/endormoonstore.com\/marvel-legends-series-marvels-war-machine-comic-version\/","name":"Marvel Legends Series Marvel\u2019s War Machine Comic Version - EndormoonStore","isPartOf":{"@id":"https:\/\/endormoonstore.com\/#website"},"primaryImageOfPage":{"@id":"https:\/\/endormoonstore.com\/marvel-legends-series-marvels-war-machine-comic-version\/#primaryimage"},"image":{"@id":"https:\/\/endormoonstore.com\/marvel-legends-series-marvels-war-machine-comic-version\/#primaryimage"},"thumbnailUrl":"https:\/\/endormoonstore.com\/wp-content\/uploads\/2023\/01\/Marvel-Legends-Series-Marvels-War-Machine-1.jpg","datePublished":"2023-01-28T12:50:11+00:00","dateModified":"2023-01-28T13:13:19+00:00","breadcrumb":{"@id":"https:\/\/endormoonstore.com\/marvel-legends-series-marvels-war-machine-comic-version\/#breadcrumb"},"inLanguage":"en-US","potentialAction":[{"@type":"ReadAction","target":["https:\/\/endormoonstore.com\/marvel-legends-series-marvels-war-machine-comic-version\/"]}]},{"@type":"ImageObject","inLanguage":"en-US","@id":"https:\/\/endormoonstore.com\/marvel-legends-series-marvels-war-machine-comic-version\/#primaryimage","url":"https:\/\/endormoonstore.com\/wp-content\/uploads\/2023\/01\/Marvel-Legends-Series-Marvels-War-Machine-1.jpg","contentUrl":"https:\/\/endormoonstore.com\/wp-content\/uploads\/2023\/01\/Marvel-Legends-Series-Marvels-War-Machine-1.jpg","width":1000,"height":1000},{"@type":"BreadcrumbList","@id":"https:\/\/endormoonstore.com\/marvel-legends-series-marvels-war-machine-comic-version\/#breadcrumb","itemListElement":[{"@type":"ListItem","position":1,"name":"Shop","item":"https:\/\/endormoonstore.com\/en\/shop\/"},{"@type":"ListItem","position":2,"name":"Marvel Legends Series Marvel\u2019s War Machine Comic Version"}]},{"@type":"WebSite","@id":"https:\/\/endormoonstore.com\/#website","url":"https:\/\/endormoonstore.com\/","name":"EndormoonStore","description":"","potentialAction":[{"@type":"SearchAction","target":{"@type":"EntryPoint","urlTemplate":"https:\/\/endormoonstore.com\/?s={search_term_string}"},"query-input":{"@type":"PropertyValueSpecification","valueRequired":true,"valueName":"search_term_string"}}],"inLanguage":"en-US"}]}},"taxonomy_info":{"product_cat":[{"value":1390,"label":"Figures"}],"pa_brand":[{"value":2084,"label":"Hasbro"}],"pa_character":[{"value":6203,"label":"War Machine"}],"pa_license":[{"value":1642,"label":"Marvel"}],"pa_product-type":[{"value":2387,"label":"Figure"}],"pa_theme":[{"value":2071,"label":"Marvel Legends Series"}]},"featured_image_src_large":["https:\/\/endormoonstore.com\/wp-content\/uploads\/2023\/01\/Marvel-Legends-Series-Marvels-War-Machine-1.jpg",1000,1000,false],"author_info":[],"comment_info":"","_links":{"self":[{"href":"https:\/\/endormoonstore.com\/en\/wp-json\/wp\/v2\/product\/143367","targetHints":{"allow":["GET"]}}],"collection":[{"href":"https:\/\/endormoonstore.com\/en\/wp-json\/wp\/v2\/product"}],"about":[{"href":"https:\/\/endormoonstore.com\/en\/wp-json\/wp\/v2\/types\/product"}],"wp:featuredmedia":[{"embeddable":true,"href":"https:\/\/endormoonstore.com\/en\/wp-json\/wp\/v2\/media\/143358"}],"wp:attachment":[{"href":"https:\/\/endormoonstore.com\/en\/wp-json\/wp\/v2\/media?parent=143367"}],"wp:term":[{"taxonomy":"product_cat","embeddable":true,"href":"https:\/\/endormoonstore.com\/en\/wp-json\/wp\/v2\/product_cat?post=143367"},{"taxonomy":"product_tag","embeddable":true,"href":"https:\/\/endormoonstore.com\/en\/wp-json\/wp\/v2\/product_tag?post=143367"}],"curies":[{"name":"wp","href":"https:\/\/api.w.org\/{rel}","templated":true}]}}