{"id":142409,"date":"2025-09-29T04:35:08","date_gmt":"2025-09-29T02:35:08","guid":{"rendered":"https:\/\/endormoonstore.com\/marvel-legends-series-ghost-rider\/"},"modified":"2025-06-19T23:15:15","modified_gmt":"2025-06-19T21:15:15","slug":"marvel-legends-series-ghost-rider","status":"publish","type":"product","link":"https:\/\/endormoonstore.com\/en\/marvel-legends-series-ghost-rider\/","title":{"rendered":"Ghost Rider Marvel Legends Series"},"content":{"rendered":"<h4 data-sourcepos=\"3:1-3:77\"><strong>Ghost Rider Marvel Legends: \u00a1El Esp\u00edritu de Venganza Llega a Tu Colecci\u00f3n!<\/strong><\/h4>\n<ul>\n<li data-sourcepos=\"5:1-5:429\">\u00a1El azote de los malvados, Ghost Rider Marvel Legends, se lanza al universo Marvel Legends! Empu\u00f1ando habilidades sobrenaturales y armas desde su motocicleta en llamas (no incluida), el Motorista Fantasma recorre el mundo mortal como el Esp\u00edritu de Venganza. Esta figura coleccionable de 15 cm (6 pulgadas) de Ghost Rider Marvel Legends est\u00e1 dise\u00f1ada, de hecho, con detalles <em>premium<\/em> y articulaci\u00f3n para posar y exhibir.<\/li>\n<li data-sourcepos=\"7:1-7:399\">Esta figura de Johnny Blaze, el acr\u00f3bata convertido en supervigilante, cuenta con m\u00faltiples puntos de articulaci\u00f3n, lo que permite crear poses din\u00e1micas y llenas de acci\u00f3n. Su dise\u00f1o cl\u00e1sico se inspira en las apariciones del personaje a lo largo de los c\u00f3mics de Marvel. Posee, adem\u00e1s, una cabeza alternativa para cambiar su expresi\u00f3n y manos esquel\u00e9ticas con fuego para un impacto visual a\u00fan mayor.<\/li>\n<li data-sourcepos=\"9:1-9:244\">El set oficial de Hasbro Marvel Legends incluye 6 accesorios inspirados en el personaje, perfectos para el juego y la exhibici\u00f3n. Entre ellos, encontrar\u00e1s, por ejemplo, una cadena en llamas, una cabeza intercambiable dos efectos de fuego para simular sus poderes ardientes y 2 manos esquel\u00e9ticas con fuego.<\/li>\n<li data-sourcepos=\"11:1-11:311\">Fabricada en pl\u00e1stico de alta calidad, esta figura garantiza durabilidad. Es perfecta, de igual modo, tanto para exhibirla en su bl\u00edster retro, que evoca las ediciones cl\u00e1sicas de Marvel Legends, como para liberarla y posarla en tus estantes. A\u00f1ade esta figura <em>premium<\/em> a tu colecci\u00f3n de Marvel Legends Series.<\/li>\n<li data-sourcepos=\"13:1-13:183\">\u00a1No dejes escapar esta oportunidad! Que el Esp\u00edritu de Venganza ilumine tu estanter\u00eda. \u00a1Consigue la figura Ghost Rider Marvel Legends hoy mismo y lleva el infierno a tu colecci\u00f3n!<\/li>\n<\/ul>\n<h4><strong>Sobre Hasbro y su linea Marvel Legends Series:<\/strong><\/h4>\n<ul>\n<li><strong><a href=\"\/?product_brand=hasbro\">Hasbro<\/a><\/strong> es una empresa multinacional de juguetes y entretenimiento fundada en 1923. Con sede en Pawtucket, Rhode Island, Hasbro destaca por sus marcas ic\u00f3nicas como Transformers, G.I. Joe y My Little Pony. Adem\u00e1s de juguetes, Hasbro produce juegos de mesa y productos de entretenimiento. A lo largo de los a\u00f1os, ha adquirido varias otras compa\u00f1\u00edas de juguetes.<\/li>\n<li>La l\u00ednea <strong><a href=\"https:\/\/endormoonstore.com\/tematica\/marvel-legends-series\/\">Marvel Legends Series<\/a><\/strong> de Hasbro es una colecci\u00f3n de figuras de acci\u00f3n altamente detalladas y articuladas, basadas en personajes del universo Marvel. Lanzada por primera vez en 2002, esta l\u00ednea ha sido popular entre coleccionistas y fan\u00e1ticos por su calidad y fidelidad a los personajes de los c\u00f3mics y pel\u00edculas. Las figuras suelen incluir accesorios intercambiables y piezas adicionales para crear poses din\u00e1micas.<\/li>\n<\/ul>\n","protected":false},"excerpt":{"rendered":"<p><strong>Marvel Legends Series Ghost Rider<\/strong><\/p>\n<p>Con sus habilidades sobrenaturales y empu\u00f1ando sus armas sobre su llameante motocicleta, el Motorista Fantasma deambula el mundo de los mortales como el Esp\u00edritu de Venganza.<\/p>\n","protected":false},"featured_media":175155,"template":"","meta":{"_acf_changed":false,"_kad_blocks_custom_css":"","_kad_blocks_head_custom_js":"","_kad_blocks_body_custom_js":"","_kad_blocks_footer_custom_js":""},"product_cat":[13453,1390,13511],"product_tag":[],"class_list":{"0":"post-142409","1":"product","2":"type-product","3":"status-publish","4":"has-post-thumbnail","6":"product_cat-featured","7":"product_cat-figures","8":"product_cat-new-arrivals","9":"pa_brand-hasbro-en","10":"pa_character-ghost-rider-en","11":"pa_license-marvel-en","12":"pa_product-type-figure","13":"pa_theme-marvel-legends-series-en","15":"first","16":"instock","17":"taxable","18":"shipping-taxable","19":"purchasable","20":"product-type-simple"},"acf":[],"yoast_head":"<!-- This site is optimized with the Yoast SEO plugin v26.1.1 - https:\/\/yoast.com\/wordpress\/plugins\/seo\/ -->\n<title>Ghost Rider Marvel Legends Series - EndormoonStore<\/title>\n<meta name=\"description\" content=\"Ghost Rider Marvel Legends: Figura de 15 cm de Johnny Blaze, el Esp\u00edritu de Venganza. Con cadena, llamas y gran articulaci\u00f3n. \u00a1Perfecta para tu colecci\u00f3n!\" \/>\n<meta name=\"robots\" content=\"index, follow, max-snippet:-1, max-image-preview:large, max-video-preview:-1\" \/>\n<link rel=\"canonical\" href=\"https:\/\/endormoonstore.com\/en\/marvel-legends-series-ghost-rider\/\" \/>\n<meta property=\"og:locale\" content=\"en_US\" \/>\n<meta property=\"og:type\" content=\"article\" \/>\n<meta property=\"og:title\" content=\"Ghost Rider Marvel Legends Series - EndormoonStore\" \/>\n<meta property=\"og:description\" content=\"Ghost Rider Marvel Legends: Figura de 15 cm de Johnny Blaze, el Esp\u00edritu de Venganza. Con cadena, llamas y gran articulaci\u00f3n. \u00a1Perfecta para tu colecci\u00f3n!\" \/>\n<meta property=\"og:url\" content=\"https:\/\/endormoonstore.com\/en\/marvel-legends-series-ghost-rider\/\" \/>\n<meta property=\"og:site_name\" content=\"EndormoonStore\" \/>\n<meta property=\"og:image\" content=\"https:\/\/endormoonstore.com\/wp-content\/uploads\/2022\/12\/ghost-rider-marvel-legends-retro-card.webp\" \/>\n\t<meta property=\"og:image:width\" content=\"1080\" \/>\n\t<meta property=\"og:image:height\" content=\"1080\" \/>\n\t<meta property=\"og:image:type\" content=\"image\/webp\" \/>\n<meta name=\"twitter:card\" content=\"summary_large_image\" \/>\n<meta name=\"twitter:label1\" content=\"Est. reading time\" \/>\n\t<meta name=\"twitter:data1\" content=\"3 minutes\" \/>\n<script type=\"application\/ld+json\" class=\"yoast-schema-graph\">{\"@context\":\"https:\/\/schema.org\",\"@graph\":[{\"@type\":\"WebPage\",\"@id\":\"https:\/\/endormoonstore.com\/en\/marvel-legends-series-ghost-rider\/\",\"url\":\"https:\/\/endormoonstore.com\/en\/marvel-legends-series-ghost-rider\/\",\"name\":\"Ghost Rider Marvel Legends Series - EndormoonStore\",\"isPartOf\":{\"@id\":\"https:\/\/endormoonstore.com\/#website\"},\"primaryImageOfPage\":{\"@id\":\"https:\/\/endormoonstore.com\/en\/marvel-legends-series-ghost-rider\/#primaryimage\"},\"image\":{\"@id\":\"https:\/\/endormoonstore.com\/en\/marvel-legends-series-ghost-rider\/#primaryimage\"},\"thumbnailUrl\":\"https:\/\/endormoonstore.com\/wp-content\/uploads\/2022\/12\/ghost-rider-marvel-legends-retro-card.webp\",\"datePublished\":\"2025-09-29T02:35:08+00:00\",\"description\":\"Ghost Rider Marvel Legends: Figura de 15 cm de Johnny Blaze, el Esp\u00edritu de Venganza. Con cadena, llamas y gran articulaci\u00f3n. \u00a1Perfecta para tu colecci\u00f3n!\",\"breadcrumb\":{\"@id\":\"https:\/\/endormoonstore.com\/en\/marvel-legends-series-ghost-rider\/#breadcrumb\"},\"inLanguage\":\"en-US\",\"potentialAction\":[{\"@type\":\"ReadAction\",\"target\":[\"https:\/\/endormoonstore.com\/en\/marvel-legends-series-ghost-rider\/\"]}]},{\"@type\":\"ImageObject\",\"inLanguage\":\"en-US\",\"@id\":\"https:\/\/endormoonstore.com\/en\/marvel-legends-series-ghost-rider\/#primaryimage\",\"url\":\"https:\/\/endormoonstore.com\/wp-content\/uploads\/2022\/12\/ghost-rider-marvel-legends-retro-card.webp\",\"contentUrl\":\"https:\/\/endormoonstore.com\/wp-content\/uploads\/2022\/12\/ghost-rider-marvel-legends-retro-card.webp\",\"width\":1080,\"height\":1080,\"caption\":\"\u00a1El Esp\u00edritu de Venganza llega! Ghost Rider Marvel Legends Series en un incre\u00edble empaque retro, con su cadena flameante.\"},{\"@type\":\"BreadcrumbList\",\"@id\":\"https:\/\/endormoonstore.com\/en\/marvel-legends-series-ghost-rider\/#breadcrumb\",\"itemListElement\":[{\"@type\":\"ListItem\",\"position\":1,\"name\":\"Shop\",\"item\":\"https:\/\/endormoonstore.com\/en\/shop\/\"},{\"@type\":\"ListItem\",\"position\":2,\"name\":\"Ghost Rider Marvel Legends Series\"}]},{\"@type\":\"WebSite\",\"@id\":\"https:\/\/endormoonstore.com\/#website\",\"url\":\"https:\/\/endormoonstore.com\/\",\"name\":\"EndormoonStore\",\"description\":\"\",\"potentialAction\":[{\"@type\":\"SearchAction\",\"target\":{\"@type\":\"EntryPoint\",\"urlTemplate\":\"https:\/\/endormoonstore.com\/?s={search_term_string}\"},\"query-input\":{\"@type\":\"PropertyValueSpecification\",\"valueRequired\":true,\"valueName\":\"search_term_string\"}}],\"inLanguage\":\"en-US\"}]}<\/script>\n<!-- \/ Yoast SEO plugin. -->","yoast_head_json":{"title":"Ghost Rider Marvel Legends Series - EndormoonStore","description":"Ghost Rider Marvel Legends: Figura de 15 cm de Johnny Blaze, el Esp\u00edritu de Venganza. Con cadena, llamas y gran articulaci\u00f3n. \u00a1Perfecta para tu colecci\u00f3n!","robots":{"index":"index","follow":"follow","max-snippet":"max-snippet:-1","max-image-preview":"max-image-preview:large","max-video-preview":"max-video-preview:-1"},"canonical":"https:\/\/endormoonstore.com\/en\/marvel-legends-series-ghost-rider\/","og_locale":"en_US","og_type":"article","og_title":"Ghost Rider Marvel Legends Series - EndormoonStore","og_description":"Ghost Rider Marvel Legends: Figura de 15 cm de Johnny Blaze, el Esp\u00edritu de Venganza. Con cadena, llamas y gran articulaci\u00f3n. \u00a1Perfecta para tu colecci\u00f3n!","og_url":"https:\/\/endormoonstore.com\/en\/marvel-legends-series-ghost-rider\/","og_site_name":"EndormoonStore","og_image":[{"width":1080,"height":1080,"url":"https:\/\/endormoonstore.com\/wp-content\/uploads\/2022\/12\/ghost-rider-marvel-legends-retro-card.webp","type":"image\/webp"}],"twitter_card":"summary_large_image","twitter_misc":{"Est. reading time":"3 minutes"},"schema":{"@context":"https:\/\/schema.org","@graph":[{"@type":"WebPage","@id":"https:\/\/endormoonstore.com\/en\/marvel-legends-series-ghost-rider\/","url":"https:\/\/endormoonstore.com\/en\/marvel-legends-series-ghost-rider\/","name":"Ghost Rider Marvel Legends Series - EndormoonStore","isPartOf":{"@id":"https:\/\/endormoonstore.com\/#website"},"primaryImageOfPage":{"@id":"https:\/\/endormoonstore.com\/en\/marvel-legends-series-ghost-rider\/#primaryimage"},"image":{"@id":"https:\/\/endormoonstore.com\/en\/marvel-legends-series-ghost-rider\/#primaryimage"},"thumbnailUrl":"https:\/\/endormoonstore.com\/wp-content\/uploads\/2022\/12\/ghost-rider-marvel-legends-retro-card.webp","datePublished":"2025-09-29T02:35:08+00:00","description":"Ghost Rider Marvel Legends: Figura de 15 cm de Johnny Blaze, el Esp\u00edritu de Venganza. Con cadena, llamas y gran articulaci\u00f3n. \u00a1Perfecta para tu colecci\u00f3n!","breadcrumb":{"@id":"https:\/\/endormoonstore.com\/en\/marvel-legends-series-ghost-rider\/#breadcrumb"},"inLanguage":"en-US","potentialAction":[{"@type":"ReadAction","target":["https:\/\/endormoonstore.com\/en\/marvel-legends-series-ghost-rider\/"]}]},{"@type":"ImageObject","inLanguage":"en-US","@id":"https:\/\/endormoonstore.com\/en\/marvel-legends-series-ghost-rider\/#primaryimage","url":"https:\/\/endormoonstore.com\/wp-content\/uploads\/2022\/12\/ghost-rider-marvel-legends-retro-card.webp","contentUrl":"https:\/\/endormoonstore.com\/wp-content\/uploads\/2022\/12\/ghost-rider-marvel-legends-retro-card.webp","width":1080,"height":1080,"caption":"\u00a1El Esp\u00edritu de Venganza llega! Ghost Rider Marvel Legends Series en un incre\u00edble empaque retro, con su cadena flameante."},{"@type":"BreadcrumbList","@id":"https:\/\/endormoonstore.com\/en\/marvel-legends-series-ghost-rider\/#breadcrumb","itemListElement":[{"@type":"ListItem","position":1,"name":"Shop","item":"https:\/\/endormoonstore.com\/en\/shop\/"},{"@type":"ListItem","position":2,"name":"Ghost Rider Marvel Legends Series"}]},{"@type":"WebSite","@id":"https:\/\/endormoonstore.com\/#website","url":"https:\/\/endormoonstore.com\/","name":"EndormoonStore","description":"","potentialAction":[{"@type":"SearchAction","target":{"@type":"EntryPoint","urlTemplate":"https:\/\/endormoonstore.com\/?s={search_term_string}"},"query-input":{"@type":"PropertyValueSpecification","valueRequired":true,"valueName":"search_term_string"}}],"inLanguage":"en-US"}]}},"taxonomy_info":{"product_cat":[{"value":13453,"label":"Featured"},{"value":1390,"label":"Figures"},{"value":13511,"label":"New Arrivals"}],"pa_brand":[{"value":2084,"label":"Hasbro"}],"pa_character":[{"value":3056,"label":"Ghost Rider"}],"pa_license":[{"value":1642,"label":"Marvel"}],"pa_product-type":[{"value":2387,"label":"Figure"}],"pa_theme":[{"value":2071,"label":"Marvel Legends Series"}]},"featured_image_src_large":["https:\/\/endormoonstore.com\/wp-content\/uploads\/2022\/12\/ghost-rider-marvel-legends-retro-card.webp",1080,1080,false],"author_info":[],"comment_info":"","_links":{"self":[{"href":"https:\/\/endormoonstore.com\/en\/wp-json\/wp\/v2\/product\/142409","targetHints":{"allow":["GET"]}}],"collection":[{"href":"https:\/\/endormoonstore.com\/en\/wp-json\/wp\/v2\/product"}],"about":[{"href":"https:\/\/endormoonstore.com\/en\/wp-json\/wp\/v2\/types\/product"}],"wp:featuredmedia":[{"embeddable":true,"href":"https:\/\/endormoonstore.com\/en\/wp-json\/wp\/v2\/media\/175155"}],"wp:attachment":[{"href":"https:\/\/endormoonstore.com\/en\/wp-json\/wp\/v2\/media?parent=142409"}],"wp:term":[{"taxonomy":"product_cat","embeddable":true,"href":"https:\/\/endormoonstore.com\/en\/wp-json\/wp\/v2\/product_cat?post=142409"},{"taxonomy":"product_tag","embeddable":true,"href":"https:\/\/endormoonstore.com\/en\/wp-json\/wp\/v2\/product_tag?post=142409"}],"curies":[{"name":"wp","href":"https:\/\/api.w.org\/{rel}","templated":true}]}}