{"id":142256,"date":"2023-06-01T01:50:31","date_gmt":"2022-12-04T18:12:31","guid":{"rendered":"https:\/\/endormoonstore.com\/black-adam-dc-s-h-figuarts\/"},"modified":"2023-06-19T23:21:40","modified_gmt":"2023-06-19T21:21:40","slug":"black-adam-dc-s-h-figuarts","status":"publish","type":"product","link":"https:\/\/endormoonstore.com\/en\/black-adam-dc-s-h-figuarts\/","title":{"rendered":"Black Adam DC S.H Figuarts"},"content":{"rendered":"<p class=\"p1\"><b>Black Adam DC S.H Figuarts<\/b><\/p>\n<ul class=\"ul1\">\n<li class=\"li1\">Tamashii Nations presenta, dentro de su l\u00ednea de productos dedicados al Universo DC, esta figura de Black Adam, basada en su apariencia en la pel\u00edcula que lleva su nombre protagonizada por Dwayne &#8220;The Rock&#8221; Johnson.<\/li>\n<li class=\"li1\">Esta figura de unos 16.5 cent\u00edmetros incluye numerosos efectos de rayos que te sit\u00faan en la acci\u00f3n.<\/li>\n<li class=\"li1\">Su alta posabilidad te permite capturar tanto sus movimientos de lucha as\u00ed como momentos dram\u00e1ticos.<\/li>\n<li class=\"li1\">Incluye cabeza opcional, 2 partes de pecho opcionales (rel\u00e1mpago\/transl\u00facido), partes de brazo opcionales, 3 pares de manos opcionales y una capa.<\/li>\n<\/ul>\n","protected":false},"excerpt":{"rendered":"<p class=\"p1\"><strong>Black Adam DC S.H Figuarts<\/strong><\/p>\n<p class=\"p1\">Tamashii Nations presenta, dentro de su l\u00ednea de productos dedicados al Universo DC, esta figura de Black Adam, basada en su apariencia en la pel\u00edcula que lleva su nombre protagonizada por Dwayne &#8220;The Rock&#8221; Johnson.<\/p>\n","protected":false},"featured_media":142243,"template":"","meta":{"_acf_changed":false,"_kad_blocks_custom_css":"","_kad_blocks_head_custom_js":"","_kad_blocks_body_custom_js":"","_kad_blocks_footer_custom_js":""},"product_cat":[1390,13511],"product_tag":[],"class_list":{"0":"post-142256","1":"product","2":"type-product","3":"status-publish","4":"has-post-thumbnail","6":"product_cat-figures","7":"product_cat-new-arrivals","8":"pa_brand-tamashii-nations-en","9":"pa_character-black-adam-en","10":"pa_episode-black-adam-en","11":"pa_license-dc-universe-en","12":"pa_product-type-figure","13":"pa_theme-s-h-figuarts-en","15":"first","16":"instock","17":"taxable","18":"shipping-taxable","19":"purchasable","20":"product-type-simple"},"acf":[],"yoast_head":"<!-- This site is optimized with the Yoast SEO plugin v26.1.1 - https:\/\/yoast.com\/wordpress\/plugins\/seo\/ -->\n<title>Black Adam DC S.H Figuarts - EndormoonStore<\/title>\n<meta name=\"robots\" content=\"index, follow, max-snippet:-1, max-image-preview:large, max-video-preview:-1\" \/>\n<link rel=\"canonical\" href=\"https:\/\/endormoonstore.com\/en\/black-adam-dc-s-h-figuarts\/\" \/>\n<meta property=\"og:locale\" content=\"en_US\" \/>\n<meta property=\"og:type\" content=\"article\" \/>\n<meta property=\"og:title\" content=\"Black Adam DC S.H Figuarts - EndormoonStore\" \/>\n<meta property=\"og:description\" content=\"Black Adam DC S.H Figuarts Tamashii Nations presenta, dentro de su l\u00ednea de productos dedicados al Universo DC, esta figura de Black Adam, basada en su apariencia en la pel\u00edcula que lleva su nombre protagonizada por Dwayne &quot;The Rock&quot; Johnson.\" \/>\n<meta property=\"og:url\" content=\"https:\/\/endormoonstore.com\/en\/black-adam-dc-s-h-figuarts\/\" \/>\n<meta property=\"og:site_name\" content=\"EndormoonStore\" \/>\n<meta property=\"article:modified_time\" content=\"2023-06-19T21:21:40+00:00\" \/>\n<meta property=\"og:image\" content=\"https:\/\/endormoonstore.com\/wp-content\/uploads\/2022\/12\/Black-Adam-DC-S.H-Figuarts-1.jpg\" \/>\n\t<meta property=\"og:image:width\" content=\"714\" \/>\n\t<meta property=\"og:image:height\" content=\"1000\" \/>\n\t<meta property=\"og:image:type\" content=\"image\/jpeg\" \/>\n<meta name=\"twitter:card\" content=\"summary_large_image\" \/>\n<meta name=\"twitter:label1\" content=\"Est. reading time\" \/>\n\t<meta name=\"twitter:data1\" content=\"1 minute\" \/>\n<script type=\"application\/ld+json\" class=\"yoast-schema-graph\">{\"@context\":\"https:\/\/schema.org\",\"@graph\":[{\"@type\":\"WebPage\",\"@id\":\"https:\/\/endormoonstore.com\/en\/black-adam-dc-s-h-figuarts\/\",\"url\":\"https:\/\/endormoonstore.com\/en\/black-adam-dc-s-h-figuarts\/\",\"name\":\"Black Adam DC S.H Figuarts - EndormoonStore\",\"isPartOf\":{\"@id\":\"https:\/\/endormoonstore.com\/#website\"},\"primaryImageOfPage\":{\"@id\":\"https:\/\/endormoonstore.com\/en\/black-adam-dc-s-h-figuarts\/#primaryimage\"},\"image\":{\"@id\":\"https:\/\/endormoonstore.com\/en\/black-adam-dc-s-h-figuarts\/#primaryimage\"},\"thumbnailUrl\":\"https:\/\/endormoonstore.com\/wp-content\/uploads\/2022\/12\/Black-Adam-DC-S.H-Figuarts-1.jpg\",\"datePublished\":\"2022-12-04T18:12:31+00:00\",\"dateModified\":\"2023-06-19T21:21:40+00:00\",\"breadcrumb\":{\"@id\":\"https:\/\/endormoonstore.com\/en\/black-adam-dc-s-h-figuarts\/#breadcrumb\"},\"inLanguage\":\"en-US\",\"potentialAction\":[{\"@type\":\"ReadAction\",\"target\":[\"https:\/\/endormoonstore.com\/en\/black-adam-dc-s-h-figuarts\/\"]}]},{\"@type\":\"ImageObject\",\"inLanguage\":\"en-US\",\"@id\":\"https:\/\/endormoonstore.com\/en\/black-adam-dc-s-h-figuarts\/#primaryimage\",\"url\":\"https:\/\/endormoonstore.com\/wp-content\/uploads\/2022\/12\/Black-Adam-DC-S.H-Figuarts-1.jpg\",\"contentUrl\":\"https:\/\/endormoonstore.com\/wp-content\/uploads\/2022\/12\/Black-Adam-DC-S.H-Figuarts-1.jpg\",\"width\":714,\"height\":1000},{\"@type\":\"BreadcrumbList\",\"@id\":\"https:\/\/endormoonstore.com\/en\/black-adam-dc-s-h-figuarts\/#breadcrumb\",\"itemListElement\":[{\"@type\":\"ListItem\",\"position\":1,\"name\":\"Shop\",\"item\":\"https:\/\/endormoonstore.com\/en\/shop\/\"},{\"@type\":\"ListItem\",\"position\":2,\"name\":\"Black Adam DC S.H Figuarts\"}]},{\"@type\":\"WebSite\",\"@id\":\"https:\/\/endormoonstore.com\/#website\",\"url\":\"https:\/\/endormoonstore.com\/\",\"name\":\"EndormoonStore\",\"description\":\"\",\"potentialAction\":[{\"@type\":\"SearchAction\",\"target\":{\"@type\":\"EntryPoint\",\"urlTemplate\":\"https:\/\/endormoonstore.com\/?s={search_term_string}\"},\"query-input\":{\"@type\":\"PropertyValueSpecification\",\"valueRequired\":true,\"valueName\":\"search_term_string\"}}],\"inLanguage\":\"en-US\"}]}<\/script>\n<!-- \/ Yoast SEO plugin. -->","yoast_head_json":{"title":"Black Adam DC S.H Figuarts - EndormoonStore","robots":{"index":"index","follow":"follow","max-snippet":"max-snippet:-1","max-image-preview":"max-image-preview:large","max-video-preview":"max-video-preview:-1"},"canonical":"https:\/\/endormoonstore.com\/en\/black-adam-dc-s-h-figuarts\/","og_locale":"en_US","og_type":"article","og_title":"Black Adam DC S.H Figuarts - EndormoonStore","og_description":"Black Adam DC S.H Figuarts Tamashii Nations presenta, dentro de su l\u00ednea de productos dedicados al Universo DC, esta figura de Black Adam, basada en su apariencia en la pel\u00edcula que lleva su nombre protagonizada por Dwayne \"The Rock\" Johnson.","og_url":"https:\/\/endormoonstore.com\/en\/black-adam-dc-s-h-figuarts\/","og_site_name":"EndormoonStore","article_modified_time":"2023-06-19T21:21:40+00:00","og_image":[{"width":714,"height":1000,"url":"https:\/\/endormoonstore.com\/wp-content\/uploads\/2022\/12\/Black-Adam-DC-S.H-Figuarts-1.jpg","type":"image\/jpeg"}],"twitter_card":"summary_large_image","twitter_misc":{"Est. reading time":"1 minute"},"schema":{"@context":"https:\/\/schema.org","@graph":[{"@type":"WebPage","@id":"https:\/\/endormoonstore.com\/en\/black-adam-dc-s-h-figuarts\/","url":"https:\/\/endormoonstore.com\/en\/black-adam-dc-s-h-figuarts\/","name":"Black Adam DC S.H Figuarts - EndormoonStore","isPartOf":{"@id":"https:\/\/endormoonstore.com\/#website"},"primaryImageOfPage":{"@id":"https:\/\/endormoonstore.com\/en\/black-adam-dc-s-h-figuarts\/#primaryimage"},"image":{"@id":"https:\/\/endormoonstore.com\/en\/black-adam-dc-s-h-figuarts\/#primaryimage"},"thumbnailUrl":"https:\/\/endormoonstore.com\/wp-content\/uploads\/2022\/12\/Black-Adam-DC-S.H-Figuarts-1.jpg","datePublished":"2022-12-04T18:12:31+00:00","dateModified":"2023-06-19T21:21:40+00:00","breadcrumb":{"@id":"https:\/\/endormoonstore.com\/en\/black-adam-dc-s-h-figuarts\/#breadcrumb"},"inLanguage":"en-US","potentialAction":[{"@type":"ReadAction","target":["https:\/\/endormoonstore.com\/en\/black-adam-dc-s-h-figuarts\/"]}]},{"@type":"ImageObject","inLanguage":"en-US","@id":"https:\/\/endormoonstore.com\/en\/black-adam-dc-s-h-figuarts\/#primaryimage","url":"https:\/\/endormoonstore.com\/wp-content\/uploads\/2022\/12\/Black-Adam-DC-S.H-Figuarts-1.jpg","contentUrl":"https:\/\/endormoonstore.com\/wp-content\/uploads\/2022\/12\/Black-Adam-DC-S.H-Figuarts-1.jpg","width":714,"height":1000},{"@type":"BreadcrumbList","@id":"https:\/\/endormoonstore.com\/en\/black-adam-dc-s-h-figuarts\/#breadcrumb","itemListElement":[{"@type":"ListItem","position":1,"name":"Shop","item":"https:\/\/endormoonstore.com\/en\/shop\/"},{"@type":"ListItem","position":2,"name":"Black Adam DC S.H Figuarts"}]},{"@type":"WebSite","@id":"https:\/\/endormoonstore.com\/#website","url":"https:\/\/endormoonstore.com\/","name":"EndormoonStore","description":"","potentialAction":[{"@type":"SearchAction","target":{"@type":"EntryPoint","urlTemplate":"https:\/\/endormoonstore.com\/?s={search_term_string}"},"query-input":{"@type":"PropertyValueSpecification","valueRequired":true,"valueName":"search_term_string"}}],"inLanguage":"en-US"}]}},"taxonomy_info":{"product_cat":[{"value":1390,"label":"Figures"},{"value":13511,"label":"New Arrivals"}],"pa_brand":[{"value":2096,"label":"Tamashii Nations"}],"pa_character":[{"value":13414,"label":"Black Adam"}],"pa_episode":[{"value":13416,"label":"Black Adam"}],"pa_license":[{"value":3086,"label":"Dc Universe"}],"pa_product-type":[{"value":2387,"label":"Figure"}],"pa_theme":[{"value":1813,"label":"S.H. Figuarts"}]},"featured_image_src_large":["https:\/\/endormoonstore.com\/wp-content\/uploads\/2022\/12\/Black-Adam-DC-S.H-Figuarts-1.jpg",714,1000,false],"author_info":[],"comment_info":"","_links":{"self":[{"href":"https:\/\/endormoonstore.com\/en\/wp-json\/wp\/v2\/product\/142256","targetHints":{"allow":["GET"]}}],"collection":[{"href":"https:\/\/endormoonstore.com\/en\/wp-json\/wp\/v2\/product"}],"about":[{"href":"https:\/\/endormoonstore.com\/en\/wp-json\/wp\/v2\/types\/product"}],"wp:featuredmedia":[{"embeddable":true,"href":"https:\/\/endormoonstore.com\/en\/wp-json\/wp\/v2\/media\/142243"}],"wp:attachment":[{"href":"https:\/\/endormoonstore.com\/en\/wp-json\/wp\/v2\/media?parent=142256"}],"wp:term":[{"taxonomy":"product_cat","embeddable":true,"href":"https:\/\/endormoonstore.com\/en\/wp-json\/wp\/v2\/product_cat?post=142256"},{"taxonomy":"product_tag","embeddable":true,"href":"https:\/\/endormoonstore.com\/en\/wp-json\/wp\/v2\/product_tag?post=142256"}],"curies":[{"name":"wp","href":"https:\/\/api.w.org\/{rel}","templated":true}]}}