{"id":141074,"date":"2022-11-05T14:08:26","date_gmt":"2022-11-05T13:08:26","guid":{"rendered":"https:\/\/endormoonstore.com\/hange-zoe-attack-on-titan-nendoroid\/"},"modified":"2023-12-15T22:59:22","modified_gmt":"2023-12-15T21:59:22","slug":"hange-zoe-attack-on-titan-nendoroid","status":"publish","type":"product","link":"https:\/\/endormoonstore.com\/en\/hange-zoe-attack-on-titan-nendoroid\/","title":{"rendered":"Hange Zoe Attack on Titan Nendoroid"},"content":{"rendered":"<p><strong>Hange Zoe Attack on Titan Nendoroid<\/strong><\/p>\n<ul>\n<li>De la popular serie de anime &#8220;Attack on Titan&#8221; llega una nueva versi\u00f3n de la Nendoroid de Survey Corps Squad Leader Hange Zo\u00eb.<\/li>\n<li>\n<div class=\"product-title\">Fueron las elecciones individuales de las personas las que cambiaron el mundo.<\/div>\n<\/li>\n<li>Ella viene con tres expresiones faciales que incluyen su expresi\u00f3n est\u00e1ndar, su expresi\u00f3n sonriente que se ve a menudo en la batalla y su expresi\u00f3n emocionada despu\u00e9s de que le muestran un Tit\u00e1n.<\/li>\n<li>Viene con muchas piezas opcionales, incluido su equipo de maniobra vertical, cuchillas dobles y piezas de efectos para recrear movimientos en el aire.<\/li>\n<li>Tambi\u00e9n con sus gafas y la hoja de informe que usa cuando estudia a los titanes, lo que le permite recrear mucho m\u00e1s que solo escenas de combate.<\/li>\n<li>Su capa Survey Corps tambi\u00e9n est\u00e1 incluida.<\/li>\n<li>\u00a0La capa presenta una nueva escultura que permite una pose de acci\u00f3n a\u00fan m\u00e1s detallada.<\/li>\n<li>\u00a0\u00a1Aseg\u00farate de agregarla a tu colecci\u00f3n de Attack on Titan Nendoroids!<\/li>\n<li>Otros Nendoroid mostrados en las fotos se venden por separado.<\/li>\n<\/ul>\n<p>&nbsp;<\/p>\n","protected":false},"excerpt":{"rendered":"<p><strong>Hange Zoe Attack on Titan Nendoroid<\/strong><\/p>\n<p>De la popular serie de anime &#8220;Attack on Titan&#8221; llega una nueva versi\u00f3n de la Nendoroid de Survey Corps Squad Leader Hange Zo\u00eb.<\/p>\n","protected":false},"featured_media":141063,"template":"","meta":{"_acf_changed":false,"_kad_blocks_custom_css":"","_kad_blocks_head_custom_js":"","_kad_blocks_body_custom_js":"","_kad_blocks_footer_custom_js":""},"product_cat":[1390],"product_tag":[],"class_list":{"0":"post-141074","1":"product","2":"type-product","3":"status-publish","4":"has-post-thumbnail","6":"product_cat-figures","7":"pa_brand-good-smile-company-en","8":"pa_character-hange-zoe-en","9":"pa_license-attack-on-titan-en","10":"pa_product-type-figure","11":"pa_theme-nendoroid-en","13":"first","14":"outofstock","15":"taxable","16":"shipping-taxable","17":"purchasable","18":"product-type-simple"},"acf":[],"yoast_head":"<!-- This site is optimized with the Yoast SEO plugin v26.1.1 - https:\/\/yoast.com\/wordpress\/plugins\/seo\/ -->\n<title>Hange Zoe Attack on Titan Nendoroid - EndormoonStore<\/title>\n<meta name=\"robots\" content=\"index, follow, max-snippet:-1, max-image-preview:large, max-video-preview:-1\" \/>\n<link rel=\"canonical\" href=\"https:\/\/endormoonstore.com\/en\/hange-zoe-attack-on-titan-nendoroid\/\" \/>\n<meta property=\"og:locale\" content=\"en_US\" \/>\n<meta property=\"og:type\" content=\"article\" \/>\n<meta property=\"og:title\" content=\"Hange Zoe Attack on Titan Nendoroid - EndormoonStore\" \/>\n<meta property=\"og:description\" content=\"Hange Zoe Attack on Titan Nendoroid  De la popular serie de anime &quot;Attack on Titan&quot; llega una nueva versi\u00f3n de la Nendoroid de Survey Corps Squad Leader Hange Zo\u00eb.\" \/>\n<meta property=\"og:url\" content=\"https:\/\/endormoonstore.com\/en\/hange-zoe-attack-on-titan-nendoroid\/\" \/>\n<meta property=\"og:site_name\" content=\"EndormoonStore\" \/>\n<meta property=\"article:modified_time\" content=\"2023-12-15T21:59:22+00:00\" \/>\n<meta property=\"og:image\" content=\"https:\/\/endormoonstore.com\/wp-content\/uploads\/2022\/11\/Hange-Zoe-Attack-on-Titan-Nendoroid-1.jpeg\" \/>\n\t<meta property=\"og:image:width\" content=\"730\" \/>\n\t<meta property=\"og:image:height\" content=\"900\" \/>\n\t<meta property=\"og:image:type\" content=\"image\/jpeg\" \/>\n<meta name=\"twitter:card\" content=\"summary_large_image\" \/>\n<meta name=\"twitter:label1\" content=\"Est. reading time\" \/>\n\t<meta name=\"twitter:data1\" content=\"1 minute\" \/>\n<script type=\"application\/ld+json\" class=\"yoast-schema-graph\">{\"@context\":\"https:\/\/schema.org\",\"@graph\":[{\"@type\":\"WebPage\",\"@id\":\"https:\/\/endormoonstore.com\/en\/hange-zoe-attack-on-titan-nendoroid\/\",\"url\":\"https:\/\/endormoonstore.com\/en\/hange-zoe-attack-on-titan-nendoroid\/\",\"name\":\"Hange Zoe Attack on Titan Nendoroid - EndormoonStore\",\"isPartOf\":{\"@id\":\"https:\/\/endormoonstore.com\/#website\"},\"primaryImageOfPage\":{\"@id\":\"https:\/\/endormoonstore.com\/en\/hange-zoe-attack-on-titan-nendoroid\/#primaryimage\"},\"image\":{\"@id\":\"https:\/\/endormoonstore.com\/en\/hange-zoe-attack-on-titan-nendoroid\/#primaryimage\"},\"thumbnailUrl\":\"https:\/\/endormoonstore.com\/wp-content\/uploads\/2022\/11\/Hange-Zoe-Attack-on-Titan-Nendoroid-1.jpeg\",\"datePublished\":\"2022-11-05T13:08:26+00:00\",\"dateModified\":\"2023-12-15T21:59:22+00:00\",\"breadcrumb\":{\"@id\":\"https:\/\/endormoonstore.com\/en\/hange-zoe-attack-on-titan-nendoroid\/#breadcrumb\"},\"inLanguage\":\"en-US\",\"potentialAction\":[{\"@type\":\"ReadAction\",\"target\":[\"https:\/\/endormoonstore.com\/en\/hange-zoe-attack-on-titan-nendoroid\/\"]}]},{\"@type\":\"ImageObject\",\"inLanguage\":\"en-US\",\"@id\":\"https:\/\/endormoonstore.com\/en\/hange-zoe-attack-on-titan-nendoroid\/#primaryimage\",\"url\":\"https:\/\/endormoonstore.com\/wp-content\/uploads\/2022\/11\/Hange-Zoe-Attack-on-Titan-Nendoroid-1.jpeg\",\"contentUrl\":\"https:\/\/endormoonstore.com\/wp-content\/uploads\/2022\/11\/Hange-Zoe-Attack-on-Titan-Nendoroid-1.jpeg\",\"width\":730,\"height\":900},{\"@type\":\"BreadcrumbList\",\"@id\":\"https:\/\/endormoonstore.com\/en\/hange-zoe-attack-on-titan-nendoroid\/#breadcrumb\",\"itemListElement\":[{\"@type\":\"ListItem\",\"position\":1,\"name\":\"Shop\",\"item\":\"https:\/\/endormoonstore.com\/en\/shop\/\"},{\"@type\":\"ListItem\",\"position\":2,\"name\":\"Hange Zoe Attack on Titan Nendoroid\"}]},{\"@type\":\"WebSite\",\"@id\":\"https:\/\/endormoonstore.com\/#website\",\"url\":\"https:\/\/endormoonstore.com\/\",\"name\":\"EndormoonStore\",\"description\":\"\",\"potentialAction\":[{\"@type\":\"SearchAction\",\"target\":{\"@type\":\"EntryPoint\",\"urlTemplate\":\"https:\/\/endormoonstore.com\/?s={search_term_string}\"},\"query-input\":{\"@type\":\"PropertyValueSpecification\",\"valueRequired\":true,\"valueName\":\"search_term_string\"}}],\"inLanguage\":\"en-US\"}]}<\/script>\n<!-- \/ Yoast SEO plugin. -->","yoast_head_json":{"title":"Hange Zoe Attack on Titan Nendoroid - EndormoonStore","robots":{"index":"index","follow":"follow","max-snippet":"max-snippet:-1","max-image-preview":"max-image-preview:large","max-video-preview":"max-video-preview:-1"},"canonical":"https:\/\/endormoonstore.com\/en\/hange-zoe-attack-on-titan-nendoroid\/","og_locale":"en_US","og_type":"article","og_title":"Hange Zoe Attack on Titan Nendoroid - EndormoonStore","og_description":"Hange Zoe Attack on Titan Nendoroid  De la popular serie de anime \"Attack on Titan\" llega una nueva versi\u00f3n de la Nendoroid de Survey Corps Squad Leader Hange Zo\u00eb.","og_url":"https:\/\/endormoonstore.com\/en\/hange-zoe-attack-on-titan-nendoroid\/","og_site_name":"EndormoonStore","article_modified_time":"2023-12-15T21:59:22+00:00","og_image":[{"width":730,"height":900,"url":"https:\/\/endormoonstore.com\/wp-content\/uploads\/2022\/11\/Hange-Zoe-Attack-on-Titan-Nendoroid-1.jpeg","type":"image\/jpeg"}],"twitter_card":"summary_large_image","twitter_misc":{"Est. reading time":"1 minute"},"schema":{"@context":"https:\/\/schema.org","@graph":[{"@type":"WebPage","@id":"https:\/\/endormoonstore.com\/en\/hange-zoe-attack-on-titan-nendoroid\/","url":"https:\/\/endormoonstore.com\/en\/hange-zoe-attack-on-titan-nendoroid\/","name":"Hange Zoe Attack on Titan Nendoroid - EndormoonStore","isPartOf":{"@id":"https:\/\/endormoonstore.com\/#website"},"primaryImageOfPage":{"@id":"https:\/\/endormoonstore.com\/en\/hange-zoe-attack-on-titan-nendoroid\/#primaryimage"},"image":{"@id":"https:\/\/endormoonstore.com\/en\/hange-zoe-attack-on-titan-nendoroid\/#primaryimage"},"thumbnailUrl":"https:\/\/endormoonstore.com\/wp-content\/uploads\/2022\/11\/Hange-Zoe-Attack-on-Titan-Nendoroid-1.jpeg","datePublished":"2022-11-05T13:08:26+00:00","dateModified":"2023-12-15T21:59:22+00:00","breadcrumb":{"@id":"https:\/\/endormoonstore.com\/en\/hange-zoe-attack-on-titan-nendoroid\/#breadcrumb"},"inLanguage":"en-US","potentialAction":[{"@type":"ReadAction","target":["https:\/\/endormoonstore.com\/en\/hange-zoe-attack-on-titan-nendoroid\/"]}]},{"@type":"ImageObject","inLanguage":"en-US","@id":"https:\/\/endormoonstore.com\/en\/hange-zoe-attack-on-titan-nendoroid\/#primaryimage","url":"https:\/\/endormoonstore.com\/wp-content\/uploads\/2022\/11\/Hange-Zoe-Attack-on-Titan-Nendoroid-1.jpeg","contentUrl":"https:\/\/endormoonstore.com\/wp-content\/uploads\/2022\/11\/Hange-Zoe-Attack-on-Titan-Nendoroid-1.jpeg","width":730,"height":900},{"@type":"BreadcrumbList","@id":"https:\/\/endormoonstore.com\/en\/hange-zoe-attack-on-titan-nendoroid\/#breadcrumb","itemListElement":[{"@type":"ListItem","position":1,"name":"Shop","item":"https:\/\/endormoonstore.com\/en\/shop\/"},{"@type":"ListItem","position":2,"name":"Hange Zoe Attack on Titan Nendoroid"}]},{"@type":"WebSite","@id":"https:\/\/endormoonstore.com\/#website","url":"https:\/\/endormoonstore.com\/","name":"EndormoonStore","description":"","potentialAction":[{"@type":"SearchAction","target":{"@type":"EntryPoint","urlTemplate":"https:\/\/endormoonstore.com\/?s={search_term_string}"},"query-input":{"@type":"PropertyValueSpecification","valueRequired":true,"valueName":"search_term_string"}}],"inLanguage":"en-US"}]}},"taxonomy_info":{"product_cat":[{"value":1390,"label":"Figures"}],"pa_brand":[{"value":2081,"label":"Good Smile Company"}],"pa_character":[{"value":13337,"label":"Hange Zoe"}],"pa_license":[{"value":7554,"label":"Attack on Titan"}],"pa_product-type":[{"value":2387,"label":"Figure"}],"pa_theme":[{"value":1861,"label":"Nendoroid"}]},"featured_image_src_large":["https:\/\/endormoonstore.com\/wp-content\/uploads\/2022\/11\/Hange-Zoe-Attack-on-Titan-Nendoroid-1.jpeg",730,900,false],"author_info":[],"comment_info":"","_links":{"self":[{"href":"https:\/\/endormoonstore.com\/en\/wp-json\/wp\/v2\/product\/141074","targetHints":{"allow":["GET"]}}],"collection":[{"href":"https:\/\/endormoonstore.com\/en\/wp-json\/wp\/v2\/product"}],"about":[{"href":"https:\/\/endormoonstore.com\/en\/wp-json\/wp\/v2\/types\/product"}],"wp:featuredmedia":[{"embeddable":true,"href":"https:\/\/endormoonstore.com\/en\/wp-json\/wp\/v2\/media\/141063"}],"wp:attachment":[{"href":"https:\/\/endormoonstore.com\/en\/wp-json\/wp\/v2\/media?parent=141074"}],"wp:term":[{"taxonomy":"product_cat","embeddable":true,"href":"https:\/\/endormoonstore.com\/en\/wp-json\/wp\/v2\/product_cat?post=141074"},{"taxonomy":"product_tag","embeddable":true,"href":"https:\/\/endormoonstore.com\/en\/wp-json\/wp\/v2\/product_tag?post=141074"}],"curies":[{"name":"wp","href":"https:\/\/api.w.org\/{rel}","templated":true}]}}