{"id":140193,"date":"2022-10-11T20:01:51","date_gmt":"2022-10-11T18:01:51","guid":{"rendered":"https:\/\/endormoonstore.com\/star-wars-the-black-series-darth-vader-force-fx-elite-lightsaber\/"},"modified":"2022-12-07T23:27:31","modified_gmt":"2022-12-07T22:27:31","slug":"star-wars-the-black-series-darth-vader-force-fx-elite-lightsaber","status":"publish","type":"product","link":"https:\/\/endormoonstore.com\/en\/star-wars-the-black-series-darth-vader-force-fx-elite-lightsaber\/","title":{"rendered":"Star Wars The Black Series Darth Vader Force FX Elite Lightsaber"},"content":{"rendered":"<p><strong>Star Wars The Black Series Darth Vader Force FX Elite Lightsaber<\/strong><\/p>\n<ul>\n<li>Darth Vader pas\u00f3 de ser un heroico caballero Jedi a dejarse seducir por el lado oscuro de la Fuerza. Se convirti\u00f3 en Lord Sith y condujo la erradicaci\u00f3n de la Orden Jedi por parte del Imperio<\/li>\n<li>Con su combinaci\u00f3n de luces led avanzadas e inspirados efectos de sonido, el sable de luz Force FX Elite de Darth Vader es el sable de luz Force FX m\u00e1s aut\u00e9ntico jam\u00e1s dise\u00f1ado<\/li>\n<li>El sable de luz Force FX Elite de Darth Vader cuenta con dise\u00f1o y decorado basado en el emblem\u00e1tico sable de luz roja de Darth Vader de la serie Star Wars: Obi-Wan Kenobi<\/li>\n<li>Usa el interruptor y el bot\u00f3n de la empu\u00f1adura para activar sonidos inspirados en las pel\u00edculas, encendido progresivo, efecto de choque de sables, efecto de duelo y modo secuencia de batalla<\/li>\n<li>Exhibe con orgullo este sable de luz en la base incluida, con o sin la hoja extra\u00edble, y muestra el cristal kyber removible incluido<\/li>\n<li>Soporte para exposici\u00f3n de la Espada incluido.<\/li>\n<li>Requiere 3 pilas alcalinas AA\/LR6 de 1,5 V (no incluidas)<\/li>\n<\/ul>\n","protected":false},"excerpt":{"rendered":"<p><strong>Star Wars The Black Series Darth Vader Force FX Elite Lightsaber<\/strong><\/p>\n<p>Darth Vader pas\u00f3 de ser un heroico caballero Jedi a dejarse seducir por el lado oscuro de la Fuerza. Se convirti\u00f3 en Lord Sith y condujo la erradicaci\u00f3n de la Orden Jedi por parte del Imperio<\/p>\n","protected":false},"featured_media":140176,"template":"","meta":{"_acf_changed":false,"_kad_blocks_custom_css":"","_kad_blocks_head_custom_js":"","_kad_blocks_body_custom_js":"","_kad_blocks_footer_custom_js":""},"product_cat":[1390],"product_tag":[],"class_list":{"0":"post-140193","1":"product","2":"type-product","3":"status-publish","4":"has-post-thumbnail","6":"product_cat-figures","7":"pa_brand-hasbro-en","8":"pa_character-darth-vader-en","9":"pa_episode-star-wars-obi-wan-kenobi-en","10":"pa_license-star-wars-en","11":"pa_product-type-force-fx-elite-lightsaber-en","12":"pa_theme-the-black-series-en","14":"first","15":"outofstock","16":"taxable","17":"shipping-taxable","18":"purchasable","19":"product-type-simple"},"acf":[],"yoast_head":"<!-- This site is optimized with the Yoast SEO plugin v26.1.1 - https:\/\/yoast.com\/wordpress\/plugins\/seo\/ -->\n<title>Star Wars The Black Series Darth Vader Force FX Elite Lightsaber - EndormoonStore<\/title>\n<meta name=\"robots\" content=\"index, follow, max-snippet:-1, max-image-preview:large, max-video-preview:-1\" \/>\n<link rel=\"canonical\" href=\"https:\/\/endormoonstore.com\/en\/star-wars-the-black-series-darth-vader-force-fx-elite-lightsaber\/\" \/>\n<meta property=\"og:locale\" content=\"en_US\" \/>\n<meta property=\"og:type\" content=\"article\" \/>\n<meta property=\"og:title\" content=\"Star Wars The Black Series Darth Vader Force FX Elite Lightsaber - EndormoonStore\" \/>\n<meta property=\"og:description\" content=\"Star Wars The Black Series Darth Vader Force FX Elite Lightsaber  Darth Vader pas\u00f3 de ser un heroico caballero Jedi a dejarse seducir por el lado oscuro de la Fuerza. Se convirti\u00f3 en Lord Sith y condujo la erradicaci\u00f3n de la Orden Jedi por parte del Imperio\" \/>\n<meta property=\"og:url\" content=\"https:\/\/endormoonstore.com\/en\/star-wars-the-black-series-darth-vader-force-fx-elite-lightsaber\/\" \/>\n<meta property=\"og:site_name\" content=\"EndormoonStore\" \/>\n<meta property=\"article:modified_time\" content=\"2022-12-07T22:27:31+00:00\" \/>\n<meta property=\"og:image\" content=\"https:\/\/endormoonstore.com\/wp-content\/uploads\/2022\/10\/Star-Wars-The-Black-Series-Darth-Vader-Force-FX-Elite-Lightsaber-1.jpg\" \/>\n\t<meta property=\"og:image:width\" content=\"1000\" \/>\n\t<meta property=\"og:image:height\" content=\"1000\" \/>\n\t<meta property=\"og:image:type\" content=\"image\/jpeg\" \/>\n<meta name=\"twitter:card\" content=\"summary_large_image\" \/>\n<meta name=\"twitter:label1\" content=\"Est. reading time\" \/>\n\t<meta name=\"twitter:data1\" content=\"1 minute\" \/>\n<script type=\"application\/ld+json\" class=\"yoast-schema-graph\">{\"@context\":\"https:\/\/schema.org\",\"@graph\":[{\"@type\":\"WebPage\",\"@id\":\"https:\/\/endormoonstore.com\/en\/star-wars-the-black-series-darth-vader-force-fx-elite-lightsaber\/\",\"url\":\"https:\/\/endormoonstore.com\/en\/star-wars-the-black-series-darth-vader-force-fx-elite-lightsaber\/\",\"name\":\"Star Wars The Black Series Darth Vader Force FX Elite Lightsaber - EndormoonStore\",\"isPartOf\":{\"@id\":\"https:\/\/endormoonstore.com\/#website\"},\"primaryImageOfPage\":{\"@id\":\"https:\/\/endormoonstore.com\/en\/star-wars-the-black-series-darth-vader-force-fx-elite-lightsaber\/#primaryimage\"},\"image\":{\"@id\":\"https:\/\/endormoonstore.com\/en\/star-wars-the-black-series-darth-vader-force-fx-elite-lightsaber\/#primaryimage\"},\"thumbnailUrl\":\"https:\/\/endormoonstore.com\/wp-content\/uploads\/2022\/10\/Star-Wars-The-Black-Series-Darth-Vader-Force-FX-Elite-Lightsaber-1.jpg\",\"datePublished\":\"2022-10-11T18:01:51+00:00\",\"dateModified\":\"2022-12-07T22:27:31+00:00\",\"breadcrumb\":{\"@id\":\"https:\/\/endormoonstore.com\/en\/star-wars-the-black-series-darth-vader-force-fx-elite-lightsaber\/#breadcrumb\"},\"inLanguage\":\"en-US\",\"potentialAction\":[{\"@type\":\"ReadAction\",\"target\":[\"https:\/\/endormoonstore.com\/en\/star-wars-the-black-series-darth-vader-force-fx-elite-lightsaber\/\"]}]},{\"@type\":\"ImageObject\",\"inLanguage\":\"en-US\",\"@id\":\"https:\/\/endormoonstore.com\/en\/star-wars-the-black-series-darth-vader-force-fx-elite-lightsaber\/#primaryimage\",\"url\":\"https:\/\/endormoonstore.com\/wp-content\/uploads\/2022\/10\/Star-Wars-The-Black-Series-Darth-Vader-Force-FX-Elite-Lightsaber-1.jpg\",\"contentUrl\":\"https:\/\/endormoonstore.com\/wp-content\/uploads\/2022\/10\/Star-Wars-The-Black-Series-Darth-Vader-Force-FX-Elite-Lightsaber-1.jpg\",\"width\":1000,\"height\":1000},{\"@type\":\"BreadcrumbList\",\"@id\":\"https:\/\/endormoonstore.com\/en\/star-wars-the-black-series-darth-vader-force-fx-elite-lightsaber\/#breadcrumb\",\"itemListElement\":[{\"@type\":\"ListItem\",\"position\":1,\"name\":\"Shop\",\"item\":\"https:\/\/endormoonstore.com\/en\/shop\/\"},{\"@type\":\"ListItem\",\"position\":2,\"name\":\"Star Wars The Black Series Darth Vader Force FX Elite Lightsaber\"}]},{\"@type\":\"WebSite\",\"@id\":\"https:\/\/endormoonstore.com\/#website\",\"url\":\"https:\/\/endormoonstore.com\/\",\"name\":\"EndormoonStore\",\"description\":\"\",\"potentialAction\":[{\"@type\":\"SearchAction\",\"target\":{\"@type\":\"EntryPoint\",\"urlTemplate\":\"https:\/\/endormoonstore.com\/?s={search_term_string}\"},\"query-input\":{\"@type\":\"PropertyValueSpecification\",\"valueRequired\":true,\"valueName\":\"search_term_string\"}}],\"inLanguage\":\"en-US\"}]}<\/script>\n<!-- \/ Yoast SEO plugin. -->","yoast_head_json":{"title":"Star Wars The Black Series Darth Vader Force FX Elite Lightsaber - EndormoonStore","robots":{"index":"index","follow":"follow","max-snippet":"max-snippet:-1","max-image-preview":"max-image-preview:large","max-video-preview":"max-video-preview:-1"},"canonical":"https:\/\/endormoonstore.com\/en\/star-wars-the-black-series-darth-vader-force-fx-elite-lightsaber\/","og_locale":"en_US","og_type":"article","og_title":"Star Wars The Black Series Darth Vader Force FX Elite Lightsaber - EndormoonStore","og_description":"Star Wars The Black Series Darth Vader Force FX Elite Lightsaber  Darth Vader pas\u00f3 de ser un heroico caballero Jedi a dejarse seducir por el lado oscuro de la Fuerza. Se convirti\u00f3 en Lord Sith y condujo la erradicaci\u00f3n de la Orden Jedi por parte del Imperio","og_url":"https:\/\/endormoonstore.com\/en\/star-wars-the-black-series-darth-vader-force-fx-elite-lightsaber\/","og_site_name":"EndormoonStore","article_modified_time":"2022-12-07T22:27:31+00:00","og_image":[{"width":1000,"height":1000,"url":"https:\/\/endormoonstore.com\/wp-content\/uploads\/2022\/10\/Star-Wars-The-Black-Series-Darth-Vader-Force-FX-Elite-Lightsaber-1.jpg","type":"image\/jpeg"}],"twitter_card":"summary_large_image","twitter_misc":{"Est. reading time":"1 minute"},"schema":{"@context":"https:\/\/schema.org","@graph":[{"@type":"WebPage","@id":"https:\/\/endormoonstore.com\/en\/star-wars-the-black-series-darth-vader-force-fx-elite-lightsaber\/","url":"https:\/\/endormoonstore.com\/en\/star-wars-the-black-series-darth-vader-force-fx-elite-lightsaber\/","name":"Star Wars The Black Series Darth Vader Force FX Elite Lightsaber - EndormoonStore","isPartOf":{"@id":"https:\/\/endormoonstore.com\/#website"},"primaryImageOfPage":{"@id":"https:\/\/endormoonstore.com\/en\/star-wars-the-black-series-darth-vader-force-fx-elite-lightsaber\/#primaryimage"},"image":{"@id":"https:\/\/endormoonstore.com\/en\/star-wars-the-black-series-darth-vader-force-fx-elite-lightsaber\/#primaryimage"},"thumbnailUrl":"https:\/\/endormoonstore.com\/wp-content\/uploads\/2022\/10\/Star-Wars-The-Black-Series-Darth-Vader-Force-FX-Elite-Lightsaber-1.jpg","datePublished":"2022-10-11T18:01:51+00:00","dateModified":"2022-12-07T22:27:31+00:00","breadcrumb":{"@id":"https:\/\/endormoonstore.com\/en\/star-wars-the-black-series-darth-vader-force-fx-elite-lightsaber\/#breadcrumb"},"inLanguage":"en-US","potentialAction":[{"@type":"ReadAction","target":["https:\/\/endormoonstore.com\/en\/star-wars-the-black-series-darth-vader-force-fx-elite-lightsaber\/"]}]},{"@type":"ImageObject","inLanguage":"en-US","@id":"https:\/\/endormoonstore.com\/en\/star-wars-the-black-series-darth-vader-force-fx-elite-lightsaber\/#primaryimage","url":"https:\/\/endormoonstore.com\/wp-content\/uploads\/2022\/10\/Star-Wars-The-Black-Series-Darth-Vader-Force-FX-Elite-Lightsaber-1.jpg","contentUrl":"https:\/\/endormoonstore.com\/wp-content\/uploads\/2022\/10\/Star-Wars-The-Black-Series-Darth-Vader-Force-FX-Elite-Lightsaber-1.jpg","width":1000,"height":1000},{"@type":"BreadcrumbList","@id":"https:\/\/endormoonstore.com\/en\/star-wars-the-black-series-darth-vader-force-fx-elite-lightsaber\/#breadcrumb","itemListElement":[{"@type":"ListItem","position":1,"name":"Shop","item":"https:\/\/endormoonstore.com\/en\/shop\/"},{"@type":"ListItem","position":2,"name":"Star Wars The Black Series Darth Vader Force FX Elite Lightsaber"}]},{"@type":"WebSite","@id":"https:\/\/endormoonstore.com\/#website","url":"https:\/\/endormoonstore.com\/","name":"EndormoonStore","description":"","potentialAction":[{"@type":"SearchAction","target":{"@type":"EntryPoint","urlTemplate":"https:\/\/endormoonstore.com\/?s={search_term_string}"},"query-input":{"@type":"PropertyValueSpecification","valueRequired":true,"valueName":"search_term_string"}}],"inLanguage":"en-US"}]}},"taxonomy_info":{"product_cat":[{"value":1390,"label":"Figures"}],"pa_brand":[{"value":2084,"label":"Hasbro"}],"pa_character":[{"value":2810,"label":"Darth Vader"}],"pa_episode":[{"value":12923,"label":"Star Wars: Obi-Wan Kenobi"}],"pa_license":[{"value":1644,"label":"Star Wars"}],"pa_product-type":[{"value":2558,"label":"Force FX Elite Lightsaber"}],"pa_theme":[{"value":2552,"label":"The Black Series"}]},"featured_image_src_large":["https:\/\/endormoonstore.com\/wp-content\/uploads\/2022\/10\/Star-Wars-The-Black-Series-Darth-Vader-Force-FX-Elite-Lightsaber-1.jpg",1000,1000,false],"author_info":[],"comment_info":"","_links":{"self":[{"href":"https:\/\/endormoonstore.com\/en\/wp-json\/wp\/v2\/product\/140193","targetHints":{"allow":["GET"]}}],"collection":[{"href":"https:\/\/endormoonstore.com\/en\/wp-json\/wp\/v2\/product"}],"about":[{"href":"https:\/\/endormoonstore.com\/en\/wp-json\/wp\/v2\/types\/product"}],"wp:featuredmedia":[{"embeddable":true,"href":"https:\/\/endormoonstore.com\/en\/wp-json\/wp\/v2\/media\/140176"}],"wp:attachment":[{"href":"https:\/\/endormoonstore.com\/en\/wp-json\/wp\/v2\/media?parent=140193"}],"wp:term":[{"taxonomy":"product_cat","embeddable":true,"href":"https:\/\/endormoonstore.com\/en\/wp-json\/wp\/v2\/product_cat?post=140193"},{"taxonomy":"product_tag","embeddable":true,"href":"https:\/\/endormoonstore.com\/en\/wp-json\/wp\/v2\/product_tag?post=140193"}],"curies":[{"name":"wp","href":"https:\/\/api.w.org\/{rel}","templated":true}]}}