{"id":139784,"date":"2022-09-14T21:43:50","date_gmt":"2022-09-14T19:43:50","guid":{"rendered":"https:\/\/endormoonstore.com\/ultimates-monkian-figure-thundercats\/"},"modified":"2022-09-14T21:50:08","modified_gmt":"2022-09-14T19:50:08","slug":"ultimates-monkian-figure-thundercats","status":"publish","type":"product","link":"https:\/\/endormoonstore.com\/en\/ultimates-monkian-figure-thundercats\/","title":{"rendered":"Ultimates Monkian Figure Thundercats"},"content":{"rendered":"<p class=\"p1\"><strong>Ultimates Monkian Figure Thundercats<\/strong><\/p>\n<ul>\n<li>Con Ultimate ThunderCats de Super 7 puedes revivir la emoci\u00f3n de los cl\u00e1sicos dibujos animados de ThunderCats como nunca antes.<\/li>\n<li>El mono humanoide m\u00e1s memorable de los mutantes<\/li>\n<li>Cada figura de acci\u00f3n de lujo s\u00faper articulada de unos 18 cent\u00edmetros viene directamente de Third Earth para ti, bellamente pintada y con una gran variedad de piezas y accesorios intercambiables.<\/li>\n<li>Incluye figura de Monkian, escudo, maza, blaster, cabezas alternativas y manos alternativas para personalizar tu figura.<\/li>\n<\/ul>\n","protected":false},"excerpt":{"rendered":"<p class=\"p1\"><strong>Ultimates Monkian Figure Thundercats<\/strong><\/p>\n<p class=\"p1\">Con Ultimate ThunderCats de Super 7 puedes revivir la emoci\u00f3n de los cl\u00e1sicos dibujos animados de ThunderCats como nunca antes.<\/p>\n","protected":false},"featured_media":139777,"template":"","meta":{"_acf_changed":false,"_kad_blocks_custom_css":"","_kad_blocks_head_custom_js":"","_kad_blocks_body_custom_js":"","_kad_blocks_footer_custom_js":""},"product_cat":[1390],"product_tag":[],"class_list":{"0":"post-139784","1":"product","2":"type-product","3":"status-publish","4":"has-post-thumbnail","6":"product_cat-figures","7":"pa_brand-super-7-en","8":"pa_character-monkian-en","9":"pa_license-thundercats-en","10":"pa_product-type-figure","12":"first","13":"outofstock","14":"taxable","15":"shipping-taxable","16":"purchasable","17":"product-type-simple"},"acf":[],"yoast_head":"<!-- This site is optimized with the Yoast SEO plugin v26.1.1 - https:\/\/yoast.com\/wordpress\/plugins\/seo\/ -->\n<title>Ultimates Monkian Figure Thundercats - EndormoonStore<\/title>\n<meta name=\"robots\" content=\"index, follow, max-snippet:-1, max-image-preview:large, max-video-preview:-1\" \/>\n<link rel=\"canonical\" href=\"https:\/\/endormoonstore.com\/ultimates-monkian-figure-thundercats\/\" \/>\n<meta property=\"og:locale\" content=\"en_US\" \/>\n<meta property=\"og:type\" content=\"article\" \/>\n<meta property=\"og:title\" content=\"Ultimates Monkian Figure Thundercats - EndormoonStore\" \/>\n<meta property=\"og:description\" content=\"Ultimates Monkian Figure Thundercats Con Ultimate ThunderCats de Super 7 puedes revivir la emoci\u00f3n de los cl\u00e1sicos dibujos animados de ThunderCats como nunca antes.\" \/>\n<meta property=\"og:url\" content=\"https:\/\/endormoonstore.com\/ultimates-monkian-figure-thundercats\/\" \/>\n<meta property=\"og:site_name\" content=\"EndormoonStore\" \/>\n<meta property=\"article:modified_time\" content=\"2022-09-14T19:50:08+00:00\" \/>\n<meta property=\"og:image\" content=\"https:\/\/endormoonstore.com\/wp-content\/uploads\/2022\/09\/Ultimates-Monkian-Figure-Thundercats-1.jpeg\" \/>\n\t<meta property=\"og:image:width\" content=\"820\" \/>\n\t<meta property=\"og:image:height\" content=\"820\" \/>\n\t<meta property=\"og:image:type\" content=\"image\/jpeg\" \/>\n<meta name=\"twitter:card\" content=\"summary_large_image\" \/>\n<meta name=\"twitter:label1\" content=\"Est. reading time\" \/>\n\t<meta name=\"twitter:data1\" content=\"1 minute\" \/>\n<script type=\"application\/ld+json\" class=\"yoast-schema-graph\">{\"@context\":\"https:\/\/schema.org\",\"@graph\":[{\"@type\":\"WebPage\",\"@id\":\"https:\/\/endormoonstore.com\/ultimates-monkian-figure-thundercats\/\",\"url\":\"https:\/\/endormoonstore.com\/ultimates-monkian-figure-thundercats\/\",\"name\":\"Ultimates Monkian Figure Thundercats - EndormoonStore\",\"isPartOf\":{\"@id\":\"https:\/\/endormoonstore.com\/#website\"},\"primaryImageOfPage\":{\"@id\":\"https:\/\/endormoonstore.com\/ultimates-monkian-figure-thundercats\/#primaryimage\"},\"image\":{\"@id\":\"https:\/\/endormoonstore.com\/ultimates-monkian-figure-thundercats\/#primaryimage\"},\"thumbnailUrl\":\"https:\/\/endormoonstore.com\/wp-content\/uploads\/2022\/09\/Ultimates-Monkian-Figure-Thundercats-1.jpeg\",\"datePublished\":\"2022-09-14T19:43:50+00:00\",\"dateModified\":\"2022-09-14T19:50:08+00:00\",\"breadcrumb\":{\"@id\":\"https:\/\/endormoonstore.com\/ultimates-monkian-figure-thundercats\/#breadcrumb\"},\"inLanguage\":\"en-US\",\"potentialAction\":[{\"@type\":\"ReadAction\",\"target\":[\"https:\/\/endormoonstore.com\/ultimates-monkian-figure-thundercats\/\"]}]},{\"@type\":\"ImageObject\",\"inLanguage\":\"en-US\",\"@id\":\"https:\/\/endormoonstore.com\/ultimates-monkian-figure-thundercats\/#primaryimage\",\"url\":\"https:\/\/endormoonstore.com\/wp-content\/uploads\/2022\/09\/Ultimates-Monkian-Figure-Thundercats-1.jpeg\",\"contentUrl\":\"https:\/\/endormoonstore.com\/wp-content\/uploads\/2022\/09\/Ultimates-Monkian-Figure-Thundercats-1.jpeg\",\"width\":820,\"height\":820},{\"@type\":\"BreadcrumbList\",\"@id\":\"https:\/\/endormoonstore.com\/ultimates-monkian-figure-thundercats\/#breadcrumb\",\"itemListElement\":[{\"@type\":\"ListItem\",\"position\":1,\"name\":\"Shop\",\"item\":\"https:\/\/endormoonstore.com\/en\/shop\/\"},{\"@type\":\"ListItem\",\"position\":2,\"name\":\"Ultimates Monkian Figure Thundercats\"}]},{\"@type\":\"WebSite\",\"@id\":\"https:\/\/endormoonstore.com\/#website\",\"url\":\"https:\/\/endormoonstore.com\/\",\"name\":\"EndormoonStore\",\"description\":\"\",\"potentialAction\":[{\"@type\":\"SearchAction\",\"target\":{\"@type\":\"EntryPoint\",\"urlTemplate\":\"https:\/\/endormoonstore.com\/?s={search_term_string}\"},\"query-input\":{\"@type\":\"PropertyValueSpecification\",\"valueRequired\":true,\"valueName\":\"search_term_string\"}}],\"inLanguage\":\"en-US\"}]}<\/script>\n<!-- \/ Yoast SEO plugin. -->","yoast_head_json":{"title":"Ultimates Monkian Figure Thundercats - EndormoonStore","robots":{"index":"index","follow":"follow","max-snippet":"max-snippet:-1","max-image-preview":"max-image-preview:large","max-video-preview":"max-video-preview:-1"},"canonical":"https:\/\/endormoonstore.com\/ultimates-monkian-figure-thundercats\/","og_locale":"en_US","og_type":"article","og_title":"Ultimates Monkian Figure Thundercats - EndormoonStore","og_description":"Ultimates Monkian Figure Thundercats Con Ultimate ThunderCats de Super 7 puedes revivir la emoci\u00f3n de los cl\u00e1sicos dibujos animados de ThunderCats como nunca antes.","og_url":"https:\/\/endormoonstore.com\/ultimates-monkian-figure-thundercats\/","og_site_name":"EndormoonStore","article_modified_time":"2022-09-14T19:50:08+00:00","og_image":[{"width":820,"height":820,"url":"https:\/\/endormoonstore.com\/wp-content\/uploads\/2022\/09\/Ultimates-Monkian-Figure-Thundercats-1.jpeg","type":"image\/jpeg"}],"twitter_card":"summary_large_image","twitter_misc":{"Est. reading time":"1 minute"},"schema":{"@context":"https:\/\/schema.org","@graph":[{"@type":"WebPage","@id":"https:\/\/endormoonstore.com\/ultimates-monkian-figure-thundercats\/","url":"https:\/\/endormoonstore.com\/ultimates-monkian-figure-thundercats\/","name":"Ultimates Monkian Figure Thundercats - EndormoonStore","isPartOf":{"@id":"https:\/\/endormoonstore.com\/#website"},"primaryImageOfPage":{"@id":"https:\/\/endormoonstore.com\/ultimates-monkian-figure-thundercats\/#primaryimage"},"image":{"@id":"https:\/\/endormoonstore.com\/ultimates-monkian-figure-thundercats\/#primaryimage"},"thumbnailUrl":"https:\/\/endormoonstore.com\/wp-content\/uploads\/2022\/09\/Ultimates-Monkian-Figure-Thundercats-1.jpeg","datePublished":"2022-09-14T19:43:50+00:00","dateModified":"2022-09-14T19:50:08+00:00","breadcrumb":{"@id":"https:\/\/endormoonstore.com\/ultimates-monkian-figure-thundercats\/#breadcrumb"},"inLanguage":"en-US","potentialAction":[{"@type":"ReadAction","target":["https:\/\/endormoonstore.com\/ultimates-monkian-figure-thundercats\/"]}]},{"@type":"ImageObject","inLanguage":"en-US","@id":"https:\/\/endormoonstore.com\/ultimates-monkian-figure-thundercats\/#primaryimage","url":"https:\/\/endormoonstore.com\/wp-content\/uploads\/2022\/09\/Ultimates-Monkian-Figure-Thundercats-1.jpeg","contentUrl":"https:\/\/endormoonstore.com\/wp-content\/uploads\/2022\/09\/Ultimates-Monkian-Figure-Thundercats-1.jpeg","width":820,"height":820},{"@type":"BreadcrumbList","@id":"https:\/\/endormoonstore.com\/ultimates-monkian-figure-thundercats\/#breadcrumb","itemListElement":[{"@type":"ListItem","position":1,"name":"Shop","item":"https:\/\/endormoonstore.com\/en\/shop\/"},{"@type":"ListItem","position":2,"name":"Ultimates Monkian Figure Thundercats"}]},{"@type":"WebSite","@id":"https:\/\/endormoonstore.com\/#website","url":"https:\/\/endormoonstore.com\/","name":"EndormoonStore","description":"","potentialAction":[{"@type":"SearchAction","target":{"@type":"EntryPoint","urlTemplate":"https:\/\/endormoonstore.com\/?s={search_term_string}"},"query-input":{"@type":"PropertyValueSpecification","valueRequired":true,"valueName":"search_term_string"}}],"inLanguage":"en-US"}]}},"taxonomy_info":{"product_cat":[{"value":1390,"label":"Figures"}],"pa_brand":[{"value":13280,"label":"Super 7"}],"pa_character":[{"value":13290,"label":"Monkian"}],"pa_license":[{"value":13284,"label":"Thundercats"}],"pa_product-type":[{"value":2387,"label":"Figure"}]},"featured_image_src_large":["https:\/\/endormoonstore.com\/wp-content\/uploads\/2022\/09\/Ultimates-Monkian-Figure-Thundercats-1.jpeg",820,820,false],"author_info":[],"comment_info":"","_links":{"self":[{"href":"https:\/\/endormoonstore.com\/en\/wp-json\/wp\/v2\/product\/139784","targetHints":{"allow":["GET"]}}],"collection":[{"href":"https:\/\/endormoonstore.com\/en\/wp-json\/wp\/v2\/product"}],"about":[{"href":"https:\/\/endormoonstore.com\/en\/wp-json\/wp\/v2\/types\/product"}],"wp:featuredmedia":[{"embeddable":true,"href":"https:\/\/endormoonstore.com\/en\/wp-json\/wp\/v2\/media\/139777"}],"wp:attachment":[{"href":"https:\/\/endormoonstore.com\/en\/wp-json\/wp\/v2\/media?parent=139784"}],"wp:term":[{"taxonomy":"product_cat","embeddable":true,"href":"https:\/\/endormoonstore.com\/en\/wp-json\/wp\/v2\/product_cat?post=139784"},{"taxonomy":"product_tag","embeddable":true,"href":"https:\/\/endormoonstore.com\/en\/wp-json\/wp\/v2\/product_tag?post=139784"}],"curies":[{"name":"wp","href":"https:\/\/api.w.org\/{rel}","templated":true}]}}