{"id":139748,"date":"2022-09-14T11:05:15","date_gmt":"2022-09-14T09:05:15","guid":{"rendered":"https:\/\/endormoonstore.com\/ultimates-conan-war-paint-conan-the-barbarian\/"},"modified":"2022-09-14T11:15:09","modified_gmt":"2022-09-14T09:15:09","slug":"ultimates-conan-war-paint-conan-the-barbarian","status":"publish","type":"product","link":"https:\/\/endormoonstore.com\/en\/ultimates-conan-war-paint-conan-the-barbarian\/","title":{"rendered":"Ultimates Conan (War Paint) Conan The Barbarian"},"content":{"rendered":"<p><strong>Ultimates Conan (War Paint) Conan The Barbarians<\/strong><\/p>\n<div class=\"pull-left margenDatosSecundarios\">\n<div id=\"ctl00_MainContent_dvSinopsis\" class=\"pull-left w100\">\n<div class=\"pull-left margenDatosSecundarios\">\n<div id=\"ctl00_MainContent_dvSinopsis\" class=\"pull-left w100\">\n<ul>\n<li>Como si su f\u00edsico monta\u00f1oso no fuera lo suficientemente amenazante, \u00a1este Conan el B\u00e1rbaro en War Paint Ultimates!\u00a0figura es combustible de pesadilla para aquellos que se oponen a \u00e9l.<\/li>\n<li>Basado en la escena de la pel\u00edcula Conan el B\u00e1rbaro donde Conan invade el templo de la Monta\u00f1a del Poder, Conan est\u00e1 vestido con su pintura de guerra y salpicado en evidencia de la batalla que acaba de ocurrir.<\/li>\n<li>Viene con la Espada Atlante, su vaina y manos intercambiables.<\/li>\n<li>Esta figura de acci\u00f3n altamente articulada de unos 18 cm de alto est\u00e1 hecha a pedido y es una edici\u00f3n limitada.<\/li>\n<li>Incluye figura de Conan dos pares de manos, espada y vaina<\/li>\n<\/ul>\n<\/div>\n<\/div>\n<\/div>\n<\/div>\n<p>&nbsp;<\/p>\n<p>&nbsp;<\/p>\n<p>&nbsp;<\/p>\n","protected":false},"excerpt":{"rendered":"<p><strong>Ultimates Conan (War Paint) Conan The Barbarians<\/strong><\/p>\n<p>Como si su f\u00edsico monta\u00f1oso no fuera lo suficientemente amenazante, \u00a1este Conan el B\u00e1rbaro en War Paint Ultimates!\u00a0figura es combustible de pesadilla para aquellos que se oponen a \u00e9l.<\/p>\n","protected":false},"featured_media":139738,"template":"","meta":{"_acf_changed":false,"_kad_blocks_custom_css":"","_kad_blocks_head_custom_js":"","_kad_blocks_body_custom_js":"","_kad_blocks_footer_custom_js":""},"product_cat":[1390],"product_tag":[],"class_list":{"0":"post-139748","1":"product","2":"type-product","3":"status-publish","4":"has-post-thumbnail","6":"product_cat-figures","7":"pa_brand-super-7-en","8":"pa_character-conan-the-barbarian","9":"pa_license-conan-en","10":"pa_product-type-figure","12":"first","13":"outofstock","14":"taxable","15":"shipping-taxable","16":"purchasable","17":"product-type-simple"},"acf":[],"yoast_head":"<!-- This site is optimized with the Yoast SEO plugin v26.1.1 - https:\/\/yoast.com\/wordpress\/plugins\/seo\/ -->\n<title>Ultimates Conan (War Paint) Conan The Barbarian - EndormoonStore<\/title>\n<meta name=\"robots\" content=\"index, follow, max-snippet:-1, max-image-preview:large, max-video-preview:-1\" \/>\n<link rel=\"canonical\" href=\"https:\/\/endormoonstore.com\/en\/ultimates-conan-war-paint-conan-the-barbarian\/\" \/>\n<meta property=\"og:locale\" content=\"en_US\" \/>\n<meta property=\"og:type\" content=\"article\" \/>\n<meta property=\"og:title\" content=\"Ultimates Conan (War Paint) Conan The Barbarian - EndormoonStore\" \/>\n<meta property=\"og:description\" content=\"Ultimates Conan (War Paint) Conan The Barbarians  Como si su f\u00edsico monta\u00f1oso no fuera lo suficientemente amenazante, \u00a1este Conan el B\u00e1rbaro en War Paint Ultimates!\u00a0figura es combustible de pesadilla para aquellos que se oponen a \u00e9l.\" \/>\n<meta property=\"og:url\" content=\"https:\/\/endormoonstore.com\/en\/ultimates-conan-war-paint-conan-the-barbarian\/\" \/>\n<meta property=\"og:site_name\" content=\"EndormoonStore\" \/>\n<meta property=\"article:modified_time\" content=\"2022-09-14T09:15:09+00:00\" \/>\n<meta property=\"og:image\" content=\"https:\/\/endormoonstore.com\/wp-content\/uploads\/2022\/09\/Ultimates-Conan-War-Paint-Conan-The-Barbarian-1.jpg\" \/>\n\t<meta property=\"og:image:width\" content=\"1000\" \/>\n\t<meta property=\"og:image:height\" content=\"1000\" \/>\n\t<meta property=\"og:image:type\" content=\"image\/jpeg\" \/>\n<meta name=\"twitter:card\" content=\"summary_large_image\" \/>\n<meta name=\"twitter:label1\" content=\"Est. reading time\" \/>\n\t<meta name=\"twitter:data1\" content=\"1 minute\" \/>\n<script type=\"application\/ld+json\" class=\"yoast-schema-graph\">{\"@context\":\"https:\/\/schema.org\",\"@graph\":[{\"@type\":\"WebPage\",\"@id\":\"https:\/\/endormoonstore.com\/en\/ultimates-conan-war-paint-conan-the-barbarian\/\",\"url\":\"https:\/\/endormoonstore.com\/en\/ultimates-conan-war-paint-conan-the-barbarian\/\",\"name\":\"Ultimates Conan (War Paint) Conan The Barbarian - EndormoonStore\",\"isPartOf\":{\"@id\":\"https:\/\/endormoonstore.com\/#website\"},\"primaryImageOfPage\":{\"@id\":\"https:\/\/endormoonstore.com\/en\/ultimates-conan-war-paint-conan-the-barbarian\/#primaryimage\"},\"image\":{\"@id\":\"https:\/\/endormoonstore.com\/en\/ultimates-conan-war-paint-conan-the-barbarian\/#primaryimage\"},\"thumbnailUrl\":\"https:\/\/endormoonstore.com\/wp-content\/uploads\/2022\/09\/Ultimates-Conan-War-Paint-Conan-The-Barbarian-1.jpg\",\"datePublished\":\"2022-09-14T09:05:15+00:00\",\"dateModified\":\"2022-09-14T09:15:09+00:00\",\"breadcrumb\":{\"@id\":\"https:\/\/endormoonstore.com\/en\/ultimates-conan-war-paint-conan-the-barbarian\/#breadcrumb\"},\"inLanguage\":\"en-US\",\"potentialAction\":[{\"@type\":\"ReadAction\",\"target\":[\"https:\/\/endormoonstore.com\/en\/ultimates-conan-war-paint-conan-the-barbarian\/\"]}]},{\"@type\":\"ImageObject\",\"inLanguage\":\"en-US\",\"@id\":\"https:\/\/endormoonstore.com\/en\/ultimates-conan-war-paint-conan-the-barbarian\/#primaryimage\",\"url\":\"https:\/\/endormoonstore.com\/wp-content\/uploads\/2022\/09\/Ultimates-Conan-War-Paint-Conan-The-Barbarian-1.jpg\",\"contentUrl\":\"https:\/\/endormoonstore.com\/wp-content\/uploads\/2022\/09\/Ultimates-Conan-War-Paint-Conan-The-Barbarian-1.jpg\",\"width\":1000,\"height\":1000},{\"@type\":\"BreadcrumbList\",\"@id\":\"https:\/\/endormoonstore.com\/en\/ultimates-conan-war-paint-conan-the-barbarian\/#breadcrumb\",\"itemListElement\":[{\"@type\":\"ListItem\",\"position\":1,\"name\":\"Shop\",\"item\":\"https:\/\/endormoonstore.com\/en\/shop\/\"},{\"@type\":\"ListItem\",\"position\":2,\"name\":\"Ultimates Conan (War Paint) Conan The Barbarian\"}]},{\"@type\":\"WebSite\",\"@id\":\"https:\/\/endormoonstore.com\/#website\",\"url\":\"https:\/\/endormoonstore.com\/\",\"name\":\"EndormoonStore\",\"description\":\"\",\"potentialAction\":[{\"@type\":\"SearchAction\",\"target\":{\"@type\":\"EntryPoint\",\"urlTemplate\":\"https:\/\/endormoonstore.com\/?s={search_term_string}\"},\"query-input\":{\"@type\":\"PropertyValueSpecification\",\"valueRequired\":true,\"valueName\":\"search_term_string\"}}],\"inLanguage\":\"en-US\"}]}<\/script>\n<!-- \/ Yoast SEO plugin. -->","yoast_head_json":{"title":"Ultimates Conan (War Paint) Conan The Barbarian - EndormoonStore","robots":{"index":"index","follow":"follow","max-snippet":"max-snippet:-1","max-image-preview":"max-image-preview:large","max-video-preview":"max-video-preview:-1"},"canonical":"https:\/\/endormoonstore.com\/en\/ultimates-conan-war-paint-conan-the-barbarian\/","og_locale":"en_US","og_type":"article","og_title":"Ultimates Conan (War Paint) Conan The Barbarian - EndormoonStore","og_description":"Ultimates Conan (War Paint) Conan The Barbarians  Como si su f\u00edsico monta\u00f1oso no fuera lo suficientemente amenazante, \u00a1este Conan el B\u00e1rbaro en War Paint Ultimates!\u00a0figura es combustible de pesadilla para aquellos que se oponen a \u00e9l.","og_url":"https:\/\/endormoonstore.com\/en\/ultimates-conan-war-paint-conan-the-barbarian\/","og_site_name":"EndormoonStore","article_modified_time":"2022-09-14T09:15:09+00:00","og_image":[{"width":1000,"height":1000,"url":"https:\/\/endormoonstore.com\/wp-content\/uploads\/2022\/09\/Ultimates-Conan-War-Paint-Conan-The-Barbarian-1.jpg","type":"image\/jpeg"}],"twitter_card":"summary_large_image","twitter_misc":{"Est. reading time":"1 minute"},"schema":{"@context":"https:\/\/schema.org","@graph":[{"@type":"WebPage","@id":"https:\/\/endormoonstore.com\/en\/ultimates-conan-war-paint-conan-the-barbarian\/","url":"https:\/\/endormoonstore.com\/en\/ultimates-conan-war-paint-conan-the-barbarian\/","name":"Ultimates Conan (War Paint) Conan The Barbarian - EndormoonStore","isPartOf":{"@id":"https:\/\/endormoonstore.com\/#website"},"primaryImageOfPage":{"@id":"https:\/\/endormoonstore.com\/en\/ultimates-conan-war-paint-conan-the-barbarian\/#primaryimage"},"image":{"@id":"https:\/\/endormoonstore.com\/en\/ultimates-conan-war-paint-conan-the-barbarian\/#primaryimage"},"thumbnailUrl":"https:\/\/endormoonstore.com\/wp-content\/uploads\/2022\/09\/Ultimates-Conan-War-Paint-Conan-The-Barbarian-1.jpg","datePublished":"2022-09-14T09:05:15+00:00","dateModified":"2022-09-14T09:15:09+00:00","breadcrumb":{"@id":"https:\/\/endormoonstore.com\/en\/ultimates-conan-war-paint-conan-the-barbarian\/#breadcrumb"},"inLanguage":"en-US","potentialAction":[{"@type":"ReadAction","target":["https:\/\/endormoonstore.com\/en\/ultimates-conan-war-paint-conan-the-barbarian\/"]}]},{"@type":"ImageObject","inLanguage":"en-US","@id":"https:\/\/endormoonstore.com\/en\/ultimates-conan-war-paint-conan-the-barbarian\/#primaryimage","url":"https:\/\/endormoonstore.com\/wp-content\/uploads\/2022\/09\/Ultimates-Conan-War-Paint-Conan-The-Barbarian-1.jpg","contentUrl":"https:\/\/endormoonstore.com\/wp-content\/uploads\/2022\/09\/Ultimates-Conan-War-Paint-Conan-The-Barbarian-1.jpg","width":1000,"height":1000},{"@type":"BreadcrumbList","@id":"https:\/\/endormoonstore.com\/en\/ultimates-conan-war-paint-conan-the-barbarian\/#breadcrumb","itemListElement":[{"@type":"ListItem","position":1,"name":"Shop","item":"https:\/\/endormoonstore.com\/en\/shop\/"},{"@type":"ListItem","position":2,"name":"Ultimates Conan (War Paint) Conan The Barbarian"}]},{"@type":"WebSite","@id":"https:\/\/endormoonstore.com\/#website","url":"https:\/\/endormoonstore.com\/","name":"EndormoonStore","description":"","potentialAction":[{"@type":"SearchAction","target":{"@type":"EntryPoint","urlTemplate":"https:\/\/endormoonstore.com\/?s={search_term_string}"},"query-input":{"@type":"PropertyValueSpecification","valueRequired":true,"valueName":"search_term_string"}}],"inLanguage":"en-US"}]}},"taxonomy_info":{"product_cat":[{"value":1390,"label":"Figures"}],"pa_brand":[{"value":13280,"label":"Super 7"}],"pa_character":[{"value":4619,"label":"Conan The Barbarian"}],"pa_license":[{"value":4613,"label":"Conan"}],"pa_product-type":[{"value":2387,"label":"Figure"}]},"featured_image_src_large":["https:\/\/endormoonstore.com\/wp-content\/uploads\/2022\/09\/Ultimates-Conan-War-Paint-Conan-The-Barbarian-1.jpg",1000,1000,false],"author_info":[],"comment_info":"","_links":{"self":[{"href":"https:\/\/endormoonstore.com\/en\/wp-json\/wp\/v2\/product\/139748","targetHints":{"allow":["GET"]}}],"collection":[{"href":"https:\/\/endormoonstore.com\/en\/wp-json\/wp\/v2\/product"}],"about":[{"href":"https:\/\/endormoonstore.com\/en\/wp-json\/wp\/v2\/types\/product"}],"wp:featuredmedia":[{"embeddable":true,"href":"https:\/\/endormoonstore.com\/en\/wp-json\/wp\/v2\/media\/139738"}],"wp:attachment":[{"href":"https:\/\/endormoonstore.com\/en\/wp-json\/wp\/v2\/media?parent=139748"}],"wp:term":[{"taxonomy":"product_cat","embeddable":true,"href":"https:\/\/endormoonstore.com\/en\/wp-json\/wp\/v2\/product_cat?post=139748"},{"taxonomy":"product_tag","embeddable":true,"href":"https:\/\/endormoonstore.com\/en\/wp-json\/wp\/v2\/product_tag?post=139748"}],"curies":[{"name":"wp","href":"https:\/\/api.w.org\/{rel}","templated":true}]}}