{"id":138967,"date":"2022-08-16T22:32:01","date_gmt":"2022-08-16T20:32:01","guid":{"rendered":"https:\/\/endormoonstore.com\/arataka-reigen-mob-psycho-100-iii-nendoroid\/"},"modified":"2023-05-20T22:36:29","modified_gmt":"2023-05-20T20:36:29","slug":"arataka-reigen-mob-psycho-100-iii-nendoroid","status":"publish","type":"product","link":"https:\/\/endormoonstore.com\/en\/arataka-reigen-mob-psycho-100-iii-nendoroid\/","title":{"rendered":"Arataka Reigen Mob Psycho 100 III Nendoroid"},"content":{"rendered":"<p><strong>Arataka Reigen Mob Psycho 100 III Nendoroid<\/strong><\/p>\n<ul>\n<li>De la serie de anime &#8220;Mob Psycho 100 III&#8221; llega un Nendoroid del maestro de Mob, Arataka Reigen. La verdad detr\u00e1s del encanto de uno es la amabilidad.\u00a0Se una buena persona.<\/li>\n<li>Viene con tres placas faciales que incluyen una cara est\u00e1ndar, una cara angustiada y una cara sonriente que emana confianza.<\/li>\n<li>Las partes opcionales incluyen su tarjeta de presentaci\u00f3n, una bolsa de sal para exorcismos, su tel\u00e9fono celular y un taz\u00f3n de ramen.<\/li>\n<li>Disfruta recreando escenas del mundo de &#8220;Mob Psycho 100&#8221; en forma 100% Nendoroid<\/li>\n<li>El Nedoroid de Shigeo Kageyama se vende por separado<\/li>\n<li>\u00a1Disfruta creando todo tipo de escenas y situaciones!.<\/li>\n<\/ul>\n<p>&nbsp;<\/p>\n","protected":false},"excerpt":{"rendered":"<p><strong>Arataka Reigen Mob Psycho 100 III Nendoroid<\/strong><\/p>\n<p>De la serie de anime &#8220;Mob Psycho 100 III&#8221; llega un Nendoroid del maestro de Mob, Arataka Reigen. La verdad detr\u00e1s del encanto de uno es la amabilidad. Se una buena persona.<\/p>\n","protected":false},"featured_media":138956,"template":"","meta":{"_acf_changed":false,"_kad_blocks_custom_css":"","_kad_blocks_head_custom_js":"","_kad_blocks_body_custom_js":"","_kad_blocks_footer_custom_js":""},"product_cat":[1390],"product_tag":[],"class_list":{"0":"post-138967","1":"product","2":"type-product","3":"status-publish","4":"has-post-thumbnail","6":"product_cat-figures","7":"pa_brand-good-smile-company-en","8":"pa_character-arataka-reigen-en","9":"pa_license-mob-psycho-100-iii-en","10":"pa_product-type-figure","11":"pa_theme-nendoroid-en","13":"first","14":"outofstock","15":"taxable","16":"shipping-taxable","17":"purchasable","18":"product-type-simple"},"acf":[],"yoast_head":"<!-- This site is optimized with the Yoast SEO plugin v26.1.1 - https:\/\/yoast.com\/wordpress\/plugins\/seo\/ -->\n<title>Arataka Reigen Mob Psycho 100 III Nendoroid - EndormoonStore<\/title>\n<meta name=\"robots\" content=\"index, follow, max-snippet:-1, max-image-preview:large, max-video-preview:-1\" \/>\n<link rel=\"canonical\" href=\"https:\/\/endormoonstore.com\/en\/arataka-reigen-mob-psycho-100-iii-nendoroid\/\" \/>\n<meta property=\"og:locale\" content=\"en_US\" \/>\n<meta property=\"og:type\" content=\"article\" \/>\n<meta property=\"og:title\" content=\"Arataka Reigen Mob Psycho 100 III Nendoroid - EndormoonStore\" \/>\n<meta property=\"og:description\" content=\"Arataka Reigen Mob Psycho 100 III Nendoroid  De la serie de anime &quot;Mob Psycho 100 III&quot; llega un Nendoroid del maestro de Mob, Arataka Reigen. La verdad detr\u00e1s del encanto de uno es la amabilidad. Se una buena persona.\" \/>\n<meta property=\"og:url\" content=\"https:\/\/endormoonstore.com\/en\/arataka-reigen-mob-psycho-100-iii-nendoroid\/\" \/>\n<meta property=\"og:site_name\" content=\"EndormoonStore\" \/>\n<meta property=\"article:modified_time\" content=\"2023-05-20T20:36:29+00:00\" \/>\n<meta property=\"og:image\" content=\"https:\/\/endormoonstore.com\/wp-content\/uploads\/2022\/08\/Arataka-Reigen-Mob-Psycho-100-III-Nendoroid-1.jpeg\" \/>\n\t<meta property=\"og:image:width\" content=\"730\" \/>\n\t<meta property=\"og:image:height\" content=\"900\" \/>\n\t<meta property=\"og:image:type\" content=\"image\/jpeg\" \/>\n<meta name=\"twitter:card\" content=\"summary_large_image\" \/>\n<meta name=\"twitter:label1\" content=\"Est. reading time\" \/>\n\t<meta name=\"twitter:data1\" content=\"1 minute\" \/>\n<script type=\"application\/ld+json\" class=\"yoast-schema-graph\">{\"@context\":\"https:\/\/schema.org\",\"@graph\":[{\"@type\":\"WebPage\",\"@id\":\"https:\/\/endormoonstore.com\/en\/arataka-reigen-mob-psycho-100-iii-nendoroid\/\",\"url\":\"https:\/\/endormoonstore.com\/en\/arataka-reigen-mob-psycho-100-iii-nendoroid\/\",\"name\":\"Arataka Reigen Mob Psycho 100 III Nendoroid - EndormoonStore\",\"isPartOf\":{\"@id\":\"https:\/\/endormoonstore.com\/#website\"},\"primaryImageOfPage\":{\"@id\":\"https:\/\/endormoonstore.com\/en\/arataka-reigen-mob-psycho-100-iii-nendoroid\/#primaryimage\"},\"image\":{\"@id\":\"https:\/\/endormoonstore.com\/en\/arataka-reigen-mob-psycho-100-iii-nendoroid\/#primaryimage\"},\"thumbnailUrl\":\"https:\/\/endormoonstore.com\/wp-content\/uploads\/2022\/08\/Arataka-Reigen-Mob-Psycho-100-III-Nendoroid-1.jpeg\",\"datePublished\":\"2022-08-16T20:32:01+00:00\",\"dateModified\":\"2023-05-20T20:36:29+00:00\",\"breadcrumb\":{\"@id\":\"https:\/\/endormoonstore.com\/en\/arataka-reigen-mob-psycho-100-iii-nendoroid\/#breadcrumb\"},\"inLanguage\":\"en-US\",\"potentialAction\":[{\"@type\":\"ReadAction\",\"target\":[\"https:\/\/endormoonstore.com\/en\/arataka-reigen-mob-psycho-100-iii-nendoroid\/\"]}]},{\"@type\":\"ImageObject\",\"inLanguage\":\"en-US\",\"@id\":\"https:\/\/endormoonstore.com\/en\/arataka-reigen-mob-psycho-100-iii-nendoroid\/#primaryimage\",\"url\":\"https:\/\/endormoonstore.com\/wp-content\/uploads\/2022\/08\/Arataka-Reigen-Mob-Psycho-100-III-Nendoroid-1.jpeg\",\"contentUrl\":\"https:\/\/endormoonstore.com\/wp-content\/uploads\/2022\/08\/Arataka-Reigen-Mob-Psycho-100-III-Nendoroid-1.jpeg\",\"width\":730,\"height\":900},{\"@type\":\"BreadcrumbList\",\"@id\":\"https:\/\/endormoonstore.com\/en\/arataka-reigen-mob-psycho-100-iii-nendoroid\/#breadcrumb\",\"itemListElement\":[{\"@type\":\"ListItem\",\"position\":1,\"name\":\"Shop\",\"item\":\"https:\/\/endormoonstore.com\/en\/shop\/\"},{\"@type\":\"ListItem\",\"position\":2,\"name\":\"Arataka Reigen Mob Psycho 100 III Nendoroid\"}]},{\"@type\":\"WebSite\",\"@id\":\"https:\/\/endormoonstore.com\/#website\",\"url\":\"https:\/\/endormoonstore.com\/\",\"name\":\"EndormoonStore\",\"description\":\"\",\"potentialAction\":[{\"@type\":\"SearchAction\",\"target\":{\"@type\":\"EntryPoint\",\"urlTemplate\":\"https:\/\/endormoonstore.com\/?s={search_term_string}\"},\"query-input\":{\"@type\":\"PropertyValueSpecification\",\"valueRequired\":true,\"valueName\":\"search_term_string\"}}],\"inLanguage\":\"en-US\"}]}<\/script>\n<!-- \/ Yoast SEO plugin. -->","yoast_head_json":{"title":"Arataka Reigen Mob Psycho 100 III Nendoroid - EndormoonStore","robots":{"index":"index","follow":"follow","max-snippet":"max-snippet:-1","max-image-preview":"max-image-preview:large","max-video-preview":"max-video-preview:-1"},"canonical":"https:\/\/endormoonstore.com\/en\/arataka-reigen-mob-psycho-100-iii-nendoroid\/","og_locale":"en_US","og_type":"article","og_title":"Arataka Reigen Mob Psycho 100 III Nendoroid - EndormoonStore","og_description":"Arataka Reigen Mob Psycho 100 III Nendoroid  De la serie de anime \"Mob Psycho 100 III\" llega un Nendoroid del maestro de Mob, Arataka Reigen. La verdad detr\u00e1s del encanto de uno es la amabilidad. Se una buena persona.","og_url":"https:\/\/endormoonstore.com\/en\/arataka-reigen-mob-psycho-100-iii-nendoroid\/","og_site_name":"EndormoonStore","article_modified_time":"2023-05-20T20:36:29+00:00","og_image":[{"width":730,"height":900,"url":"https:\/\/endormoonstore.com\/wp-content\/uploads\/2022\/08\/Arataka-Reigen-Mob-Psycho-100-III-Nendoroid-1.jpeg","type":"image\/jpeg"}],"twitter_card":"summary_large_image","twitter_misc":{"Est. reading time":"1 minute"},"schema":{"@context":"https:\/\/schema.org","@graph":[{"@type":"WebPage","@id":"https:\/\/endormoonstore.com\/en\/arataka-reigen-mob-psycho-100-iii-nendoroid\/","url":"https:\/\/endormoonstore.com\/en\/arataka-reigen-mob-psycho-100-iii-nendoroid\/","name":"Arataka Reigen Mob Psycho 100 III Nendoroid - EndormoonStore","isPartOf":{"@id":"https:\/\/endormoonstore.com\/#website"},"primaryImageOfPage":{"@id":"https:\/\/endormoonstore.com\/en\/arataka-reigen-mob-psycho-100-iii-nendoroid\/#primaryimage"},"image":{"@id":"https:\/\/endormoonstore.com\/en\/arataka-reigen-mob-psycho-100-iii-nendoroid\/#primaryimage"},"thumbnailUrl":"https:\/\/endormoonstore.com\/wp-content\/uploads\/2022\/08\/Arataka-Reigen-Mob-Psycho-100-III-Nendoroid-1.jpeg","datePublished":"2022-08-16T20:32:01+00:00","dateModified":"2023-05-20T20:36:29+00:00","breadcrumb":{"@id":"https:\/\/endormoonstore.com\/en\/arataka-reigen-mob-psycho-100-iii-nendoroid\/#breadcrumb"},"inLanguage":"en-US","potentialAction":[{"@type":"ReadAction","target":["https:\/\/endormoonstore.com\/en\/arataka-reigen-mob-psycho-100-iii-nendoroid\/"]}]},{"@type":"ImageObject","inLanguage":"en-US","@id":"https:\/\/endormoonstore.com\/en\/arataka-reigen-mob-psycho-100-iii-nendoroid\/#primaryimage","url":"https:\/\/endormoonstore.com\/wp-content\/uploads\/2022\/08\/Arataka-Reigen-Mob-Psycho-100-III-Nendoroid-1.jpeg","contentUrl":"https:\/\/endormoonstore.com\/wp-content\/uploads\/2022\/08\/Arataka-Reigen-Mob-Psycho-100-III-Nendoroid-1.jpeg","width":730,"height":900},{"@type":"BreadcrumbList","@id":"https:\/\/endormoonstore.com\/en\/arataka-reigen-mob-psycho-100-iii-nendoroid\/#breadcrumb","itemListElement":[{"@type":"ListItem","position":1,"name":"Shop","item":"https:\/\/endormoonstore.com\/en\/shop\/"},{"@type":"ListItem","position":2,"name":"Arataka Reigen Mob Psycho 100 III Nendoroid"}]},{"@type":"WebSite","@id":"https:\/\/endormoonstore.com\/#website","url":"https:\/\/endormoonstore.com\/","name":"EndormoonStore","description":"","potentialAction":[{"@type":"SearchAction","target":{"@type":"EntryPoint","urlTemplate":"https:\/\/endormoonstore.com\/?s={search_term_string}"},"query-input":{"@type":"PropertyValueSpecification","valueRequired":true,"valueName":"search_term_string"}}],"inLanguage":"en-US"}]}},"taxonomy_info":{"product_cat":[{"value":1390,"label":"Figures"}],"pa_brand":[{"value":2081,"label":"Good Smile Company"}],"pa_character":[{"value":13256,"label":"Arataka Reigen"}],"pa_license":[{"value":13225,"label":"Mob Psycho 100 III"}],"pa_product-type":[{"value":2387,"label":"Figure"}],"pa_theme":[{"value":1861,"label":"Nendoroid"}]},"featured_image_src_large":["https:\/\/endormoonstore.com\/wp-content\/uploads\/2022\/08\/Arataka-Reigen-Mob-Psycho-100-III-Nendoroid-1.jpeg",730,900,false],"author_info":[],"comment_info":"","_links":{"self":[{"href":"https:\/\/endormoonstore.com\/en\/wp-json\/wp\/v2\/product\/138967","targetHints":{"allow":["GET"]}}],"collection":[{"href":"https:\/\/endormoonstore.com\/en\/wp-json\/wp\/v2\/product"}],"about":[{"href":"https:\/\/endormoonstore.com\/en\/wp-json\/wp\/v2\/types\/product"}],"wp:featuredmedia":[{"embeddable":true,"href":"https:\/\/endormoonstore.com\/en\/wp-json\/wp\/v2\/media\/138956"}],"wp:attachment":[{"href":"https:\/\/endormoonstore.com\/en\/wp-json\/wp\/v2\/media?parent=138967"}],"wp:term":[{"taxonomy":"product_cat","embeddable":true,"href":"https:\/\/endormoonstore.com\/en\/wp-json\/wp\/v2\/product_cat?post=138967"},{"taxonomy":"product_tag","embeddable":true,"href":"https:\/\/endormoonstore.com\/en\/wp-json\/wp\/v2\/product_tag?post=138967"}],"curies":[{"name":"wp","href":"https:\/\/api.w.org\/{rel}","templated":true}]}}