{"id":138623,"date":"2023-05-05T00:15:43","date_gmt":"2022-08-08T20:32:43","guid":{"rendered":"https:\/\/endormoonstore.com\/ultimate-snake-predator-2\/"},"modified":"2023-05-05T22:06:41","modified_gmt":"2023-05-05T20:06:41","slug":"ultimate-snake-predator-2","status":"publish","type":"product","link":"https:\/\/endormoonstore.com\/en\/ultimate-snake-predator-2\/","title":{"rendered":"Ultimate Snake Predator 2"},"content":{"rendered":"<p><strong>Ultimate Snake Predator 2 Scale Action Figure<\/strong><\/p>\n<ul>\n<li>Predator 2, la secuela llena de acci\u00f3n de la pel\u00edcula original, traslad\u00f3 la caza a Los \u00c1ngeles y revel\u00f3 una tribu perdida de cazadores alien\u00edgenas.<\/li>\n<li>\u00a0Neca nos\u00a0 trae m\u00e1s de Lost Tribe a la forma Ultimate con Snake Predator, un asesino mortal del Clan Serpent que se especializa en combate cuerpo a cuerpo.<\/li>\n<li>La figura de acci\u00f3n Ultimate Snake Predator de unos 18 cm de alto presenta m\u00e1s de 30 puntos de articulaci\u00f3n.<\/li>\n<li>Viene con cabeza enmascarada, cabeza sin m\u00e1scara, discos arrojadizos, cr\u00e1neo y columna vertebral, lanzas extendidas y colapsadas, y sus armas caracter\u00edsticas, dos guada\u00f1as de mano de doble hoja.<\/li>\n<li>Ultimate Snake Predator viene en un caja especial estilo Ultimate del 30 aniversario con detalles de aluminio.<\/li>\n<\/ul>\n<p>&nbsp;<\/p>\n","protected":false},"excerpt":{"rendered":"<p><strong>Ultimate Snake Predator 2 Scale Action Figure<\/strong><\/p>\n<p>Predator 2, la secuela llena de acci\u00f3n de la pel\u00edcula original, traslad\u00f3 la caza a Los \u00c1ngeles y revel\u00f3 una tribu perdida de cazadores alien\u00edgenas.<\/p>\n<p>&nbsp;<\/p>\n","protected":false},"featured_media":138596,"template":"","meta":{"_acf_changed":false,"_kad_blocks_custom_css":"","_kad_blocks_head_custom_js":"","_kad_blocks_body_custom_js":"","_kad_blocks_footer_custom_js":""},"product_cat":[1390,13511],"product_tag":[],"class_list":{"0":"post-138623","1":"product","2":"type-product","3":"status-publish","4":"has-post-thumbnail","6":"product_cat-figures","7":"product_cat-new-arrivals","8":"pa_brand-neca-en","9":"pa_character-predator-en","10":"pa_license-predator-en","11":"pa_product-type-figure","12":"pa_theme-scale-action-figure-en","14":"first","15":"outofstock","16":"taxable","17":"shipping-taxable","18":"purchasable","19":"product-type-simple"},"acf":[],"yoast_head":"<!-- This site is optimized with the Yoast SEO plugin v26.1.1 - https:\/\/yoast.com\/wordpress\/plugins\/seo\/ -->\n<title>Ultimate Snake Predator 2 - EndormoonStore<\/title>\n<meta name=\"robots\" content=\"index, follow, max-snippet:-1, max-image-preview:large, max-video-preview:-1\" \/>\n<link rel=\"canonical\" href=\"https:\/\/endormoonstore.com\/en\/ultimate-snake-predator-2\/\" \/>\n<meta property=\"og:locale\" content=\"en_US\" \/>\n<meta property=\"og:type\" content=\"article\" \/>\n<meta property=\"og:title\" content=\"Ultimate Snake Predator 2 - EndormoonStore\" \/>\n<meta property=\"og:description\" content=\"Ultimate Snake Predator 2 Scale Action Figure  Predator 2, la secuela llena de acci\u00f3n de la pel\u00edcula original, traslad\u00f3 la caza a Los \u00c1ngeles y revel\u00f3 una tribu perdida de cazadores alien\u00edgenas.  &nbsp;\" \/>\n<meta property=\"og:url\" content=\"https:\/\/endormoonstore.com\/en\/ultimate-snake-predator-2\/\" \/>\n<meta property=\"og:site_name\" content=\"EndormoonStore\" \/>\n<meta property=\"article:modified_time\" content=\"2023-05-05T20:06:41+00:00\" \/>\n<meta property=\"og:image\" content=\"https:\/\/endormoonstore.com\/wp-content\/uploads\/2022\/08\/Ultimate-Snake-Predator-2-Scale-Action-Figure-1.jpg\" \/>\n\t<meta property=\"og:image:width\" content=\"667\" \/>\n\t<meta property=\"og:image:height\" content=\"1000\" \/>\n\t<meta property=\"og:image:type\" content=\"image\/jpeg\" \/>\n<meta name=\"twitter:card\" content=\"summary_large_image\" \/>\n<meta name=\"twitter:label1\" content=\"Est. reading time\" \/>\n\t<meta name=\"twitter:data1\" content=\"1 minute\" \/>\n<script type=\"application\/ld+json\" class=\"yoast-schema-graph\">{\"@context\":\"https:\/\/schema.org\",\"@graph\":[{\"@type\":\"WebPage\",\"@id\":\"https:\/\/endormoonstore.com\/en\/ultimate-snake-predator-2\/\",\"url\":\"https:\/\/endormoonstore.com\/en\/ultimate-snake-predator-2\/\",\"name\":\"Ultimate Snake Predator 2 - EndormoonStore\",\"isPartOf\":{\"@id\":\"https:\/\/endormoonstore.com\/#website\"},\"primaryImageOfPage\":{\"@id\":\"https:\/\/endormoonstore.com\/en\/ultimate-snake-predator-2\/#primaryimage\"},\"image\":{\"@id\":\"https:\/\/endormoonstore.com\/en\/ultimate-snake-predator-2\/#primaryimage\"},\"thumbnailUrl\":\"https:\/\/endormoonstore.com\/wp-content\/uploads\/2022\/08\/Ultimate-Snake-Predator-2-Scale-Action-Figure-1.jpg\",\"datePublished\":\"2022-08-08T20:32:43+00:00\",\"dateModified\":\"2023-05-05T20:06:41+00:00\",\"breadcrumb\":{\"@id\":\"https:\/\/endormoonstore.com\/en\/ultimate-snake-predator-2\/#breadcrumb\"},\"inLanguage\":\"en-US\",\"potentialAction\":[{\"@type\":\"ReadAction\",\"target\":[\"https:\/\/endormoonstore.com\/en\/ultimate-snake-predator-2\/\"]}]},{\"@type\":\"ImageObject\",\"inLanguage\":\"en-US\",\"@id\":\"https:\/\/endormoonstore.com\/en\/ultimate-snake-predator-2\/#primaryimage\",\"url\":\"https:\/\/endormoonstore.com\/wp-content\/uploads\/2022\/08\/Ultimate-Snake-Predator-2-Scale-Action-Figure-1.jpg\",\"contentUrl\":\"https:\/\/endormoonstore.com\/wp-content\/uploads\/2022\/08\/Ultimate-Snake-Predator-2-Scale-Action-Figure-1.jpg\",\"width\":667,\"height\":1000},{\"@type\":\"BreadcrumbList\",\"@id\":\"https:\/\/endormoonstore.com\/en\/ultimate-snake-predator-2\/#breadcrumb\",\"itemListElement\":[{\"@type\":\"ListItem\",\"position\":1,\"name\":\"Shop\",\"item\":\"https:\/\/endormoonstore.com\/en\/shop\/\"},{\"@type\":\"ListItem\",\"position\":2,\"name\":\"Ultimate Snake Predator 2\"}]},{\"@type\":\"WebSite\",\"@id\":\"https:\/\/endormoonstore.com\/#website\",\"url\":\"https:\/\/endormoonstore.com\/\",\"name\":\"EndormoonStore\",\"description\":\"\",\"potentialAction\":[{\"@type\":\"SearchAction\",\"target\":{\"@type\":\"EntryPoint\",\"urlTemplate\":\"https:\/\/endormoonstore.com\/?s={search_term_string}\"},\"query-input\":{\"@type\":\"PropertyValueSpecification\",\"valueRequired\":true,\"valueName\":\"search_term_string\"}}],\"inLanguage\":\"en-US\"}]}<\/script>\n<!-- \/ Yoast SEO plugin. -->","yoast_head_json":{"title":"Ultimate Snake Predator 2 - EndormoonStore","robots":{"index":"index","follow":"follow","max-snippet":"max-snippet:-1","max-image-preview":"max-image-preview:large","max-video-preview":"max-video-preview:-1"},"canonical":"https:\/\/endormoonstore.com\/en\/ultimate-snake-predator-2\/","og_locale":"en_US","og_type":"article","og_title":"Ultimate Snake Predator 2 - EndormoonStore","og_description":"Ultimate Snake Predator 2 Scale Action Figure  Predator 2, la secuela llena de acci\u00f3n de la pel\u00edcula original, traslad\u00f3 la caza a Los \u00c1ngeles y revel\u00f3 una tribu perdida de cazadores alien\u00edgenas.  &nbsp;","og_url":"https:\/\/endormoonstore.com\/en\/ultimate-snake-predator-2\/","og_site_name":"EndormoonStore","article_modified_time":"2023-05-05T20:06:41+00:00","og_image":[{"width":667,"height":1000,"url":"https:\/\/endormoonstore.com\/wp-content\/uploads\/2022\/08\/Ultimate-Snake-Predator-2-Scale-Action-Figure-1.jpg","type":"image\/jpeg"}],"twitter_card":"summary_large_image","twitter_misc":{"Est. reading time":"1 minute"},"schema":{"@context":"https:\/\/schema.org","@graph":[{"@type":"WebPage","@id":"https:\/\/endormoonstore.com\/en\/ultimate-snake-predator-2\/","url":"https:\/\/endormoonstore.com\/en\/ultimate-snake-predator-2\/","name":"Ultimate Snake Predator 2 - EndormoonStore","isPartOf":{"@id":"https:\/\/endormoonstore.com\/#website"},"primaryImageOfPage":{"@id":"https:\/\/endormoonstore.com\/en\/ultimate-snake-predator-2\/#primaryimage"},"image":{"@id":"https:\/\/endormoonstore.com\/en\/ultimate-snake-predator-2\/#primaryimage"},"thumbnailUrl":"https:\/\/endormoonstore.com\/wp-content\/uploads\/2022\/08\/Ultimate-Snake-Predator-2-Scale-Action-Figure-1.jpg","datePublished":"2022-08-08T20:32:43+00:00","dateModified":"2023-05-05T20:06:41+00:00","breadcrumb":{"@id":"https:\/\/endormoonstore.com\/en\/ultimate-snake-predator-2\/#breadcrumb"},"inLanguage":"en-US","potentialAction":[{"@type":"ReadAction","target":["https:\/\/endormoonstore.com\/en\/ultimate-snake-predator-2\/"]}]},{"@type":"ImageObject","inLanguage":"en-US","@id":"https:\/\/endormoonstore.com\/en\/ultimate-snake-predator-2\/#primaryimage","url":"https:\/\/endormoonstore.com\/wp-content\/uploads\/2022\/08\/Ultimate-Snake-Predator-2-Scale-Action-Figure-1.jpg","contentUrl":"https:\/\/endormoonstore.com\/wp-content\/uploads\/2022\/08\/Ultimate-Snake-Predator-2-Scale-Action-Figure-1.jpg","width":667,"height":1000},{"@type":"BreadcrumbList","@id":"https:\/\/endormoonstore.com\/en\/ultimate-snake-predator-2\/#breadcrumb","itemListElement":[{"@type":"ListItem","position":1,"name":"Shop","item":"https:\/\/endormoonstore.com\/en\/shop\/"},{"@type":"ListItem","position":2,"name":"Ultimate Snake Predator 2"}]},{"@type":"WebSite","@id":"https:\/\/endormoonstore.com\/#website","url":"https:\/\/endormoonstore.com\/","name":"EndormoonStore","description":"","potentialAction":[{"@type":"SearchAction","target":{"@type":"EntryPoint","urlTemplate":"https:\/\/endormoonstore.com\/?s={search_term_string}"},"query-input":{"@type":"PropertyValueSpecification","valueRequired":true,"valueName":"search_term_string"}}],"inLanguage":"en-US"}]}},"taxonomy_info":{"product_cat":[{"value":1390,"label":"Figures"},{"value":13511,"label":"New Arrivals"}],"pa_brand":[{"value":2090,"label":"Neca"}],"pa_character":[{"value":2705,"label":"Predator"}],"pa_license":[{"value":2711,"label":"Predator"}],"pa_product-type":[{"value":2387,"label":"Figure"}],"pa_theme":[{"value":2864,"label":"Scale Action Figure"}]},"featured_image_src_large":["https:\/\/endormoonstore.com\/wp-content\/uploads\/2022\/08\/Ultimate-Snake-Predator-2-Scale-Action-Figure-1.jpg",667,1000,false],"author_info":[],"comment_info":"","_links":{"self":[{"href":"https:\/\/endormoonstore.com\/en\/wp-json\/wp\/v2\/product\/138623","targetHints":{"allow":["GET"]}}],"collection":[{"href":"https:\/\/endormoonstore.com\/en\/wp-json\/wp\/v2\/product"}],"about":[{"href":"https:\/\/endormoonstore.com\/en\/wp-json\/wp\/v2\/types\/product"}],"wp:featuredmedia":[{"embeddable":true,"href":"https:\/\/endormoonstore.com\/en\/wp-json\/wp\/v2\/media\/138596"}],"wp:attachment":[{"href":"https:\/\/endormoonstore.com\/en\/wp-json\/wp\/v2\/media?parent=138623"}],"wp:term":[{"taxonomy":"product_cat","embeddable":true,"href":"https:\/\/endormoonstore.com\/en\/wp-json\/wp\/v2\/product_cat?post=138623"},{"taxonomy":"product_tag","embeddable":true,"href":"https:\/\/endormoonstore.com\/en\/wp-json\/wp\/v2\/product_tag?post=138623"}],"curies":[{"name":"wp","href":"https:\/\/api.w.org\/{rel}","templated":true}]}}