{"id":137937,"date":"2022-07-22T22:30:29","date_gmt":"2022-07-22T20:30:29","guid":{"rendered":"https:\/\/endormoonstore.com\/utrom-mirage-comics-teenage-mutant-ninja-turtles\/"},"modified":"2023-02-24T12:40:18","modified_gmt":"2023-02-24T11:40:18","slug":"utrom-mirage-comics-teenage-mutant-ninja-turtles","status":"publish","type":"product","link":"https:\/\/endormoonstore.com\/en\/utrom-mirage-comics-teenage-mutant-ninja-turtles\/","title":{"rendered":"Utrom Mirage Comics Teenage Mutant Ninja Turtles"},"content":{"rendered":"<p class=\"p1\"><strong>Utrom Mirage Comics Teenage Mutant Ninja Turtles Scale Action Figure<\/strong><\/p>\n<ul>\n<li>\u00a1Basado en los c\u00f3mics originales de Eastman &amp; Laird Teenage Mutant Ninja Turtles de Mirage Studios!<\/li>\n<li>Estos exoesqueletos rob\u00f3ticos parecen feroces, pero los Utrom son alien\u00edgenas pac\u00edficos que se estrellaron en la Tierra y se han estado escondiendo detr\u00e1s de su corporaci\u00f3n fantasma, TCRI.<\/li>\n<li>Este exoesqueleto de unos 18 cm de alto tiene un Utrom extra\u00edble<\/li>\n<li>Incluye cabezas y manos intercambiables, blaster, herramientas y&#8230; es eso una taza para sorber? Oye, incluso los extraterrestres con tent\u00e1culos tienen que mantenerse hidratados.<\/li>\n<li>Viene en un nuevo empaque especial de caja con ventana con el tema de un libro de historietas ilustrado por Kevin Eastman.<\/li>\n<\/ul>\n","protected":false},"excerpt":{"rendered":"<p class=\"p1\"><strong>Utrom Mirage Comics Teenage Mutant Ninja Turtles Scale Action Figure<\/strong><\/p>\n<p class=\"p1\">\u00a1Basado en los c\u00f3mics originales de Eastman &amp; Laird Teenage Mutant Ninja Turtles de Mirage Studios!<\/p>\n","protected":false},"featured_media":137908,"template":"","meta":{"_acf_changed":false,"_kad_blocks_custom_css":"","_kad_blocks_head_custom_js":"","_kad_blocks_body_custom_js":"","_kad_blocks_footer_custom_js":""},"product_cat":[1390],"product_tag":[],"class_list":{"0":"post-137937","1":"product","2":"type-product","3":"status-publish","4":"has-post-thumbnail","6":"product_cat-figures","7":"pa_brand-neca-en","8":"pa_character-utrom-en","9":"pa_license-teenage-mutant-ninja-turtles","10":"pa_product-type-figure","11":"pa_theme-scale-action-figure-en","13":"first","14":"instock","15":"taxable","16":"shipping-taxable","17":"purchasable","18":"product-type-simple"},"acf":[],"yoast_head":"<!-- This site is optimized with the Yoast SEO plugin v26.1.1 - https:\/\/yoast.com\/wordpress\/plugins\/seo\/ -->\n<title>Utrom Mirage Comics Teenage Mutant Ninja Turtles - EndormoonStore<\/title>\n<meta name=\"robots\" content=\"index, follow, max-snippet:-1, max-image-preview:large, max-video-preview:-1\" \/>\n<link rel=\"canonical\" href=\"https:\/\/endormoonstore.com\/en\/utrom-mirage-comics-teenage-mutant-ninja-turtles\/\" \/>\n<meta property=\"og:locale\" content=\"en_US\" \/>\n<meta property=\"og:type\" content=\"article\" \/>\n<meta property=\"og:title\" content=\"Utrom Mirage Comics Teenage Mutant Ninja Turtles - EndormoonStore\" \/>\n<meta property=\"og:description\" content=\"Utrom Mirage Comics Teenage Mutant Ninja Turtles Scale Action Figure \u00a1Basado en los c\u00f3mics originales de Eastman &amp; Laird Teenage Mutant Ninja Turtles de Mirage Studios!\" \/>\n<meta property=\"og:url\" content=\"https:\/\/endormoonstore.com\/en\/utrom-mirage-comics-teenage-mutant-ninja-turtles\/\" \/>\n<meta property=\"og:site_name\" content=\"EndormoonStore\" \/>\n<meta property=\"article:modified_time\" content=\"2023-02-24T11:40:18+00:00\" \/>\n<meta property=\"og:image\" content=\"https:\/\/endormoonstore.com\/wp-content\/uploads\/2022\/07\/Utrom-Mirage-Comics-Teenage-Mutant-Ninja-Turtles-Scale-Action-Figure-1.jpg\" \/>\n\t<meta property=\"og:image:width\" content=\"1000\" \/>\n\t<meta property=\"og:image:height\" content=\"1250\" \/>\n\t<meta property=\"og:image:type\" content=\"image\/jpeg\" \/>\n<meta name=\"twitter:card\" content=\"summary_large_image\" \/>\n<meta name=\"twitter:label1\" content=\"Est. reading time\" \/>\n\t<meta name=\"twitter:data1\" content=\"1 minute\" \/>\n<script type=\"application\/ld+json\" class=\"yoast-schema-graph\">{\"@context\":\"https:\/\/schema.org\",\"@graph\":[{\"@type\":\"WebPage\",\"@id\":\"https:\/\/endormoonstore.com\/en\/utrom-mirage-comics-teenage-mutant-ninja-turtles\/\",\"url\":\"https:\/\/endormoonstore.com\/en\/utrom-mirage-comics-teenage-mutant-ninja-turtles\/\",\"name\":\"Utrom Mirage Comics Teenage Mutant Ninja Turtles - EndormoonStore\",\"isPartOf\":{\"@id\":\"https:\/\/endormoonstore.com\/#website\"},\"primaryImageOfPage\":{\"@id\":\"https:\/\/endormoonstore.com\/en\/utrom-mirage-comics-teenage-mutant-ninja-turtles\/#primaryimage\"},\"image\":{\"@id\":\"https:\/\/endormoonstore.com\/en\/utrom-mirage-comics-teenage-mutant-ninja-turtles\/#primaryimage\"},\"thumbnailUrl\":\"https:\/\/endormoonstore.com\/wp-content\/uploads\/2022\/07\/Utrom-Mirage-Comics-Teenage-Mutant-Ninja-Turtles-Scale-Action-Figure-1.jpg\",\"datePublished\":\"2022-07-22T20:30:29+00:00\",\"dateModified\":\"2023-02-24T11:40:18+00:00\",\"breadcrumb\":{\"@id\":\"https:\/\/endormoonstore.com\/en\/utrom-mirage-comics-teenage-mutant-ninja-turtles\/#breadcrumb\"},\"inLanguage\":\"en-US\",\"potentialAction\":[{\"@type\":\"ReadAction\",\"target\":[\"https:\/\/endormoonstore.com\/en\/utrom-mirage-comics-teenage-mutant-ninja-turtles\/\"]}]},{\"@type\":\"ImageObject\",\"inLanguage\":\"en-US\",\"@id\":\"https:\/\/endormoonstore.com\/en\/utrom-mirage-comics-teenage-mutant-ninja-turtles\/#primaryimage\",\"url\":\"https:\/\/endormoonstore.com\/wp-content\/uploads\/2022\/07\/Utrom-Mirage-Comics-Teenage-Mutant-Ninja-Turtles-Scale-Action-Figure-1.jpg\",\"contentUrl\":\"https:\/\/endormoonstore.com\/wp-content\/uploads\/2022\/07\/Utrom-Mirage-Comics-Teenage-Mutant-Ninja-Turtles-Scale-Action-Figure-1.jpg\",\"width\":1000,\"height\":1250},{\"@type\":\"BreadcrumbList\",\"@id\":\"https:\/\/endormoonstore.com\/en\/utrom-mirage-comics-teenage-mutant-ninja-turtles\/#breadcrumb\",\"itemListElement\":[{\"@type\":\"ListItem\",\"position\":1,\"name\":\"Shop\",\"item\":\"https:\/\/endormoonstore.com\/en\/shop\/\"},{\"@type\":\"ListItem\",\"position\":2,\"name\":\"Utrom Mirage Comics Teenage Mutant Ninja Turtles\"}]},{\"@type\":\"WebSite\",\"@id\":\"https:\/\/endormoonstore.com\/#website\",\"url\":\"https:\/\/endormoonstore.com\/\",\"name\":\"EndormoonStore\",\"description\":\"\",\"potentialAction\":[{\"@type\":\"SearchAction\",\"target\":{\"@type\":\"EntryPoint\",\"urlTemplate\":\"https:\/\/endormoonstore.com\/?s={search_term_string}\"},\"query-input\":{\"@type\":\"PropertyValueSpecification\",\"valueRequired\":true,\"valueName\":\"search_term_string\"}}],\"inLanguage\":\"en-US\"}]}<\/script>\n<!-- \/ Yoast SEO plugin. -->","yoast_head_json":{"title":"Utrom Mirage Comics Teenage Mutant Ninja Turtles - EndormoonStore","robots":{"index":"index","follow":"follow","max-snippet":"max-snippet:-1","max-image-preview":"max-image-preview:large","max-video-preview":"max-video-preview:-1"},"canonical":"https:\/\/endormoonstore.com\/en\/utrom-mirage-comics-teenage-mutant-ninja-turtles\/","og_locale":"en_US","og_type":"article","og_title":"Utrom Mirage Comics Teenage Mutant Ninja Turtles - EndormoonStore","og_description":"Utrom Mirage Comics Teenage Mutant Ninja Turtles Scale Action Figure \u00a1Basado en los c\u00f3mics originales de Eastman &amp; Laird Teenage Mutant Ninja Turtles de Mirage Studios!","og_url":"https:\/\/endormoonstore.com\/en\/utrom-mirage-comics-teenage-mutant-ninja-turtles\/","og_site_name":"EndormoonStore","article_modified_time":"2023-02-24T11:40:18+00:00","og_image":[{"width":1000,"height":1250,"url":"https:\/\/endormoonstore.com\/wp-content\/uploads\/2022\/07\/Utrom-Mirage-Comics-Teenage-Mutant-Ninja-Turtles-Scale-Action-Figure-1.jpg","type":"image\/jpeg"}],"twitter_card":"summary_large_image","twitter_misc":{"Est. reading time":"1 minute"},"schema":{"@context":"https:\/\/schema.org","@graph":[{"@type":"WebPage","@id":"https:\/\/endormoonstore.com\/en\/utrom-mirage-comics-teenage-mutant-ninja-turtles\/","url":"https:\/\/endormoonstore.com\/en\/utrom-mirage-comics-teenage-mutant-ninja-turtles\/","name":"Utrom Mirage Comics Teenage Mutant Ninja Turtles - EndormoonStore","isPartOf":{"@id":"https:\/\/endormoonstore.com\/#website"},"primaryImageOfPage":{"@id":"https:\/\/endormoonstore.com\/en\/utrom-mirage-comics-teenage-mutant-ninja-turtles\/#primaryimage"},"image":{"@id":"https:\/\/endormoonstore.com\/en\/utrom-mirage-comics-teenage-mutant-ninja-turtles\/#primaryimage"},"thumbnailUrl":"https:\/\/endormoonstore.com\/wp-content\/uploads\/2022\/07\/Utrom-Mirage-Comics-Teenage-Mutant-Ninja-Turtles-Scale-Action-Figure-1.jpg","datePublished":"2022-07-22T20:30:29+00:00","dateModified":"2023-02-24T11:40:18+00:00","breadcrumb":{"@id":"https:\/\/endormoonstore.com\/en\/utrom-mirage-comics-teenage-mutant-ninja-turtles\/#breadcrumb"},"inLanguage":"en-US","potentialAction":[{"@type":"ReadAction","target":["https:\/\/endormoonstore.com\/en\/utrom-mirage-comics-teenage-mutant-ninja-turtles\/"]}]},{"@type":"ImageObject","inLanguage":"en-US","@id":"https:\/\/endormoonstore.com\/en\/utrom-mirage-comics-teenage-mutant-ninja-turtles\/#primaryimage","url":"https:\/\/endormoonstore.com\/wp-content\/uploads\/2022\/07\/Utrom-Mirage-Comics-Teenage-Mutant-Ninja-Turtles-Scale-Action-Figure-1.jpg","contentUrl":"https:\/\/endormoonstore.com\/wp-content\/uploads\/2022\/07\/Utrom-Mirage-Comics-Teenage-Mutant-Ninja-Turtles-Scale-Action-Figure-1.jpg","width":1000,"height":1250},{"@type":"BreadcrumbList","@id":"https:\/\/endormoonstore.com\/en\/utrom-mirage-comics-teenage-mutant-ninja-turtles\/#breadcrumb","itemListElement":[{"@type":"ListItem","position":1,"name":"Shop","item":"https:\/\/endormoonstore.com\/en\/shop\/"},{"@type":"ListItem","position":2,"name":"Utrom Mirage Comics Teenage Mutant Ninja Turtles"}]},{"@type":"WebSite","@id":"https:\/\/endormoonstore.com\/#website","url":"https:\/\/endormoonstore.com\/","name":"EndormoonStore","description":"","potentialAction":[{"@type":"SearchAction","target":{"@type":"EntryPoint","urlTemplate":"https:\/\/endormoonstore.com\/?s={search_term_string}"},"query-input":{"@type":"PropertyValueSpecification","valueRequired":true,"valueName":"search_term_string"}}],"inLanguage":"en-US"}]}},"taxonomy_info":{"product_cat":[{"value":1390,"label":"Figures"}],"pa_brand":[{"value":2090,"label":"Neca"}],"pa_character":[{"value":13189,"label":"Utrom"}],"pa_license":[{"value":2035,"label":"Teenage Mutant Ninja Turtles"}],"pa_product-type":[{"value":2387,"label":"Figure"}],"pa_theme":[{"value":2864,"label":"Scale Action Figure"}]},"featured_image_src_large":["https:\/\/endormoonstore.com\/wp-content\/uploads\/2022\/07\/Utrom-Mirage-Comics-Teenage-Mutant-Ninja-Turtles-Scale-Action-Figure-1.jpg",1000,1250,false],"author_info":[],"comment_info":"","_links":{"self":[{"href":"https:\/\/endormoonstore.com\/en\/wp-json\/wp\/v2\/product\/137937","targetHints":{"allow":["GET"]}}],"collection":[{"href":"https:\/\/endormoonstore.com\/en\/wp-json\/wp\/v2\/product"}],"about":[{"href":"https:\/\/endormoonstore.com\/en\/wp-json\/wp\/v2\/types\/product"}],"wp:featuredmedia":[{"embeddable":true,"href":"https:\/\/endormoonstore.com\/en\/wp-json\/wp\/v2\/media\/137908"}],"wp:attachment":[{"href":"https:\/\/endormoonstore.com\/en\/wp-json\/wp\/v2\/media?parent=137937"}],"wp:term":[{"taxonomy":"product_cat","embeddable":true,"href":"https:\/\/endormoonstore.com\/en\/wp-json\/wp\/v2\/product_cat?post=137937"},{"taxonomy":"product_tag","embeddable":true,"href":"https:\/\/endormoonstore.com\/en\/wp-json\/wp\/v2\/product_tag?post=137937"}],"curies":[{"name":"wp","href":"https:\/\/api.w.org\/{rel}","templated":true}]}}