{"id":137867,"date":"2023-05-05T00:06:31","date_gmt":"2022-07-22T18:40:31","guid":{"rendered":"https:\/\/endormoonstore.com\/ultimate-invisible-man-universal-monsters\/"},"modified":"2023-05-24T22:02:36","modified_gmt":"2023-05-24T20:02:36","slug":"ultimate-invisible-man-universal-monsters","status":"publish","type":"product","link":"https:\/\/endormoonstore.com\/en\/ultimate-invisible-man-universal-monsters\/","title":{"rendered":"Ultimate Invisible Man Universal Monsters"},"content":{"rendered":"<p class=\"p1\"><strong>Ultimate Invisible Man Universal Monsters Scale Action Figure<\/strong><\/p>\n<ul class=\"ul1\">\n<li class=\"li1\">Para el 90.\u00ba aniversario del cl\u00e1sico de la pel\u00edcula de terror de ciencia ficci\u00f3n de Universal, Neca se complace en revelar The Invisible Man en forma de figura de acci\u00f3n definitiva.<\/li>\n<li class=\"li1\">Protagonizada por Claude Rains,\u00a0<em>The Invisible<\/em> Man de 1933 se bas\u00f3 en la novela cl\u00e1sica de HG Wells y recibi\u00f3 elogios de la cr\u00edtica, y finalmente se coloc\u00f3 en el Registro Nacional de Cine de EE. UU, por su importancia hist\u00f3rica.<\/li>\n<li class=\"li1\">Las cabezas intercambiables capturan la versi\u00f3n envuelta aparentemente s\u00f3lida, as\u00ed como las versiones parcialmente descubiertas con atisbos del insano vac\u00edo interior.<\/li>\n<li class=\"li1\">Tambi\u00e9n se incluyen manos envueltas y enguantadas intercambiables, las gafas, la nariz, el cuaderno, la peluca y la taza con pajita.<\/li>\n<li class=\"li1\">La figura tiene una escala de 18 cm de altura.<\/li>\n<li class=\"li1\">Caja con ventana f\u00e1cil de exhibir con solapa frontal que se abre.<\/li>\n<\/ul>\n","protected":false},"excerpt":{"rendered":"<p class=\"p1\"><strong>Ultimate Invisible Man Universal Monsters Scale Action Figure<\/strong><\/p>\n<p class=\"p1\">Para el 90.\u00ba aniversario del cl\u00e1sico de la pel\u00edcula de terror de ciencia ficci\u00f3n de Universal, Neca se complace en revelar The Invisible Man en forma de figura de acci\u00f3n definitiva.<\/p>\n","protected":false},"featured_media":137832,"template":"","meta":{"_acf_changed":false,"_kad_blocks_custom_css":"","_kad_blocks_head_custom_js":"","_kad_blocks_body_custom_js":"","_kad_blocks_footer_custom_js":""},"product_cat":[1390],"product_tag":[],"class_list":{"0":"post-137867","1":"product","2":"type-product","3":"status-publish","4":"has-post-thumbnail","6":"product_cat-figures","7":"pa_brand-neca-en","8":"pa_character-the-invisible-man-en","9":"pa_license-the-invisible-man-en","10":"pa_product-type-figure","11":"pa_theme-universal-monsters-en","13":"first","14":"outofstock","15":"taxable","16":"shipping-taxable","17":"purchasable","18":"product-type-simple"},"acf":[],"yoast_head":"<!-- This site is optimized with the Yoast SEO plugin v26.1.1 - https:\/\/yoast.com\/wordpress\/plugins\/seo\/ -->\n<title>Ultimate Invisible Man Universal Monsters - EndormoonStore<\/title>\n<meta name=\"robots\" content=\"index, follow, max-snippet:-1, max-image-preview:large, max-video-preview:-1\" \/>\n<link rel=\"canonical\" href=\"https:\/\/endormoonstore.com\/en\/ultimate-invisible-man-universal-monsters\/\" \/>\n<meta property=\"og:locale\" content=\"en_US\" \/>\n<meta property=\"og:type\" content=\"article\" \/>\n<meta property=\"og:title\" content=\"Ultimate Invisible Man Universal Monsters - EndormoonStore\" \/>\n<meta property=\"og:description\" content=\"Ultimate Invisible Man Universal Monsters Scale Action Figure Para el 90.\u00ba aniversario del cl\u00e1sico de la pel\u00edcula de terror de ciencia ficci\u00f3n de Universal, Neca se complace en revelar The Invisible Man en forma de figura de acci\u00f3n definitiva.\" \/>\n<meta property=\"og:url\" content=\"https:\/\/endormoonstore.com\/en\/ultimate-invisible-man-universal-monsters\/\" \/>\n<meta property=\"og:site_name\" content=\"EndormoonStore\" \/>\n<meta property=\"article:modified_time\" content=\"2023-05-24T20:02:36+00:00\" \/>\n<meta property=\"og:image\" content=\"https:\/\/endormoonstore.com\/wp-content\/uploads\/2022\/07\/Ultimate-Invisible-Man-Scale-Action-Figure-1.jpg\" \/>\n\t<meta property=\"og:image:width\" content=\"1000\" \/>\n\t<meta property=\"og:image:height\" content=\"1500\" \/>\n\t<meta property=\"og:image:type\" content=\"image\/jpeg\" \/>\n<meta name=\"twitter:card\" content=\"summary_large_image\" \/>\n<meta name=\"twitter:label1\" content=\"Est. reading time\" \/>\n\t<meta name=\"twitter:data1\" content=\"1 minute\" \/>\n<script type=\"application\/ld+json\" class=\"yoast-schema-graph\">{\"@context\":\"https:\/\/schema.org\",\"@graph\":[{\"@type\":\"WebPage\",\"@id\":\"https:\/\/endormoonstore.com\/en\/ultimate-invisible-man-universal-monsters\/\",\"url\":\"https:\/\/endormoonstore.com\/en\/ultimate-invisible-man-universal-monsters\/\",\"name\":\"Ultimate Invisible Man Universal Monsters - EndormoonStore\",\"isPartOf\":{\"@id\":\"https:\/\/endormoonstore.com\/#website\"},\"primaryImageOfPage\":{\"@id\":\"https:\/\/endormoonstore.com\/en\/ultimate-invisible-man-universal-monsters\/#primaryimage\"},\"image\":{\"@id\":\"https:\/\/endormoonstore.com\/en\/ultimate-invisible-man-universal-monsters\/#primaryimage\"},\"thumbnailUrl\":\"https:\/\/endormoonstore.com\/wp-content\/uploads\/2022\/07\/Ultimate-Invisible-Man-Scale-Action-Figure-1.jpg\",\"datePublished\":\"2022-07-22T18:40:31+00:00\",\"dateModified\":\"2023-05-24T20:02:36+00:00\",\"breadcrumb\":{\"@id\":\"https:\/\/endormoonstore.com\/en\/ultimate-invisible-man-universal-monsters\/#breadcrumb\"},\"inLanguage\":\"en-US\",\"potentialAction\":[{\"@type\":\"ReadAction\",\"target\":[\"https:\/\/endormoonstore.com\/en\/ultimate-invisible-man-universal-monsters\/\"]}]},{\"@type\":\"ImageObject\",\"inLanguage\":\"en-US\",\"@id\":\"https:\/\/endormoonstore.com\/en\/ultimate-invisible-man-universal-monsters\/#primaryimage\",\"url\":\"https:\/\/endormoonstore.com\/wp-content\/uploads\/2022\/07\/Ultimate-Invisible-Man-Scale-Action-Figure-1.jpg\",\"contentUrl\":\"https:\/\/endormoonstore.com\/wp-content\/uploads\/2022\/07\/Ultimate-Invisible-Man-Scale-Action-Figure-1.jpg\",\"width\":1000,\"height\":1500},{\"@type\":\"BreadcrumbList\",\"@id\":\"https:\/\/endormoonstore.com\/en\/ultimate-invisible-man-universal-monsters\/#breadcrumb\",\"itemListElement\":[{\"@type\":\"ListItem\",\"position\":1,\"name\":\"Shop\",\"item\":\"https:\/\/endormoonstore.com\/en\/shop\/\"},{\"@type\":\"ListItem\",\"position\":2,\"name\":\"Ultimate Invisible Man Universal Monsters\"}]},{\"@type\":\"WebSite\",\"@id\":\"https:\/\/endormoonstore.com\/#website\",\"url\":\"https:\/\/endormoonstore.com\/\",\"name\":\"EndormoonStore\",\"description\":\"\",\"potentialAction\":[{\"@type\":\"SearchAction\",\"target\":{\"@type\":\"EntryPoint\",\"urlTemplate\":\"https:\/\/endormoonstore.com\/?s={search_term_string}\"},\"query-input\":{\"@type\":\"PropertyValueSpecification\",\"valueRequired\":true,\"valueName\":\"search_term_string\"}}],\"inLanguage\":\"en-US\"}]}<\/script>\n<!-- \/ Yoast SEO plugin. -->","yoast_head_json":{"title":"Ultimate Invisible Man Universal Monsters - EndormoonStore","robots":{"index":"index","follow":"follow","max-snippet":"max-snippet:-1","max-image-preview":"max-image-preview:large","max-video-preview":"max-video-preview:-1"},"canonical":"https:\/\/endormoonstore.com\/en\/ultimate-invisible-man-universal-monsters\/","og_locale":"en_US","og_type":"article","og_title":"Ultimate Invisible Man Universal Monsters - EndormoonStore","og_description":"Ultimate Invisible Man Universal Monsters Scale Action Figure Para el 90.\u00ba aniversario del cl\u00e1sico de la pel\u00edcula de terror de ciencia ficci\u00f3n de Universal, Neca se complace en revelar The Invisible Man en forma de figura de acci\u00f3n definitiva.","og_url":"https:\/\/endormoonstore.com\/en\/ultimate-invisible-man-universal-monsters\/","og_site_name":"EndormoonStore","article_modified_time":"2023-05-24T20:02:36+00:00","og_image":[{"width":1000,"height":1500,"url":"https:\/\/endormoonstore.com\/wp-content\/uploads\/2022\/07\/Ultimate-Invisible-Man-Scale-Action-Figure-1.jpg","type":"image\/jpeg"}],"twitter_card":"summary_large_image","twitter_misc":{"Est. reading time":"1 minute"},"schema":{"@context":"https:\/\/schema.org","@graph":[{"@type":"WebPage","@id":"https:\/\/endormoonstore.com\/en\/ultimate-invisible-man-universal-monsters\/","url":"https:\/\/endormoonstore.com\/en\/ultimate-invisible-man-universal-monsters\/","name":"Ultimate Invisible Man Universal Monsters - EndormoonStore","isPartOf":{"@id":"https:\/\/endormoonstore.com\/#website"},"primaryImageOfPage":{"@id":"https:\/\/endormoonstore.com\/en\/ultimate-invisible-man-universal-monsters\/#primaryimage"},"image":{"@id":"https:\/\/endormoonstore.com\/en\/ultimate-invisible-man-universal-monsters\/#primaryimage"},"thumbnailUrl":"https:\/\/endormoonstore.com\/wp-content\/uploads\/2022\/07\/Ultimate-Invisible-Man-Scale-Action-Figure-1.jpg","datePublished":"2022-07-22T18:40:31+00:00","dateModified":"2023-05-24T20:02:36+00:00","breadcrumb":{"@id":"https:\/\/endormoonstore.com\/en\/ultimate-invisible-man-universal-monsters\/#breadcrumb"},"inLanguage":"en-US","potentialAction":[{"@type":"ReadAction","target":["https:\/\/endormoonstore.com\/en\/ultimate-invisible-man-universal-monsters\/"]}]},{"@type":"ImageObject","inLanguage":"en-US","@id":"https:\/\/endormoonstore.com\/en\/ultimate-invisible-man-universal-monsters\/#primaryimage","url":"https:\/\/endormoonstore.com\/wp-content\/uploads\/2022\/07\/Ultimate-Invisible-Man-Scale-Action-Figure-1.jpg","contentUrl":"https:\/\/endormoonstore.com\/wp-content\/uploads\/2022\/07\/Ultimate-Invisible-Man-Scale-Action-Figure-1.jpg","width":1000,"height":1500},{"@type":"BreadcrumbList","@id":"https:\/\/endormoonstore.com\/en\/ultimate-invisible-man-universal-monsters\/#breadcrumb","itemListElement":[{"@type":"ListItem","position":1,"name":"Shop","item":"https:\/\/endormoonstore.com\/en\/shop\/"},{"@type":"ListItem","position":2,"name":"Ultimate Invisible Man Universal Monsters"}]},{"@type":"WebSite","@id":"https:\/\/endormoonstore.com\/#website","url":"https:\/\/endormoonstore.com\/","name":"EndormoonStore","description":"","potentialAction":[{"@type":"SearchAction","target":{"@type":"EntryPoint","urlTemplate":"https:\/\/endormoonstore.com\/?s={search_term_string}"},"query-input":{"@type":"PropertyValueSpecification","valueRequired":true,"valueName":"search_term_string"}}],"inLanguage":"en-US"}]}},"taxonomy_info":{"product_cat":[{"value":1390,"label":"Figures"}],"pa_brand":[{"value":2090,"label":"Neca"}],"pa_character":[{"value":13185,"label":"The Invisible Man"}],"pa_license":[{"value":13187,"label":"The Invisible Man"}],"pa_product-type":[{"value":2387,"label":"Figure"}],"pa_theme":[{"value":11217,"label":"Universal Monsters"}]},"featured_image_src_large":["https:\/\/endormoonstore.com\/wp-content\/uploads\/2022\/07\/Ultimate-Invisible-Man-Scale-Action-Figure-1.jpg",1000,1500,false],"author_info":[],"comment_info":"","_links":{"self":[{"href":"https:\/\/endormoonstore.com\/en\/wp-json\/wp\/v2\/product\/137867","targetHints":{"allow":["GET"]}}],"collection":[{"href":"https:\/\/endormoonstore.com\/en\/wp-json\/wp\/v2\/product"}],"about":[{"href":"https:\/\/endormoonstore.com\/en\/wp-json\/wp\/v2\/types\/product"}],"wp:featuredmedia":[{"embeddable":true,"href":"https:\/\/endormoonstore.com\/en\/wp-json\/wp\/v2\/media\/137832"}],"wp:attachment":[{"href":"https:\/\/endormoonstore.com\/en\/wp-json\/wp\/v2\/media?parent=137867"}],"wp:term":[{"taxonomy":"product_cat","embeddable":true,"href":"https:\/\/endormoonstore.com\/en\/wp-json\/wp\/v2\/product_cat?post=137867"},{"taxonomy":"product_tag","embeddable":true,"href":"https:\/\/endormoonstore.com\/en\/wp-json\/wp\/v2\/product_tag?post=137867"}],"curies":[{"name":"wp","href":"https:\/\/api.w.org\/{rel}","templated":true}]}}