{"id":137690,"date":"2022-07-07T15:27:06","date_gmt":"2022-07-07T13:27:06","guid":{"rendered":"https:\/\/endormoonstore.com\/yor-forger-spy-x-family-s-h-figuarts\/"},"modified":"2023-03-20T21:10:20","modified_gmt":"2023-03-20T20:10:20","slug":"yor-forger-spy-x-family-s-h-figuarts","status":"publish","type":"product","link":"https:\/\/endormoonstore.com\/en\/yor-forger-spy-x-family-s-h-figuarts\/","title":{"rendered":"Yor Forger Spy x Family S.H Figuarts"},"content":{"rendered":"<p class=\"p1\"><strong>Yor Forger Spy x Family S.H Figuarts<\/strong><\/p>\n<ul class=\"ul1\">\n<li class=\"li1\">Tamashii Nations presenta de la exitosa serie de televisi\u00f3n de anime &#8220;Spy x Family&#8221;, la figura de Yor Forger para la colecci\u00f3n S.H Figuarts.<\/li>\n<li class=\"li1\">Viene con caras y manos intercambiables, as\u00ed como con las armas que usa la princesa Ibara y, por supuesto, se puede colocar en muchas poses para lograr la m\u00e1xima acci\u00f3n<\/li>\n<li class=\"li1\">La figura mide unos 15 cm.<\/li>\n<li>Las figuras de Anya Forger y Loid Forger se venden por separado<\/li>\n<\/ul>\n","protected":false},"excerpt":{"rendered":"<p class=\"p1\"><strong>Yor Forger Spy x Family S.H Figuarts<\/strong><\/p>\n<p class=\"p1\">Tamashii Nations presenta de la exitosa serie de televisi\u00f3n de anime &#8220;Spy x Family&#8221;, la figura de Yor Forger para la colecci\u00f3n S.H Figuarts.<\/p>\n","protected":false},"featured_media":137675,"template":"","meta":{"_acf_changed":false,"_kad_blocks_custom_css":"","_kad_blocks_head_custom_js":"","_kad_blocks_body_custom_js":"","_kad_blocks_footer_custom_js":""},"product_cat":[1390],"product_tag":[],"class_list":{"0":"post-137690","1":"product","2":"type-product","3":"status-publish","4":"has-post-thumbnail","6":"product_cat-figures","7":"pa_brand-tamashii-nations-en","8":"pa_character-yor-forger-en","9":"pa_license-spy-x-family-en","10":"pa_product-type-figure","11":"pa_theme-s-h-figuarts-en","13":"first","14":"outofstock","15":"taxable","16":"shipping-taxable","17":"purchasable","18":"product-type-simple"},"acf":[],"yoast_head":"<!-- This site is optimized with the Yoast SEO plugin v26.1.1 - https:\/\/yoast.com\/wordpress\/plugins\/seo\/ -->\n<title>Yor Forger Spy x Family S.H Figuarts - EndormoonStore<\/title>\n<meta name=\"robots\" content=\"index, follow, max-snippet:-1, max-image-preview:large, max-video-preview:-1\" \/>\n<link rel=\"canonical\" href=\"https:\/\/endormoonstore.com\/en\/yor-forger-spy-x-family-s-h-figuarts\/\" \/>\n<meta property=\"og:locale\" content=\"en_US\" \/>\n<meta property=\"og:type\" content=\"article\" \/>\n<meta property=\"og:title\" content=\"Yor Forger Spy x Family S.H Figuarts - EndormoonStore\" \/>\n<meta property=\"og:description\" content=\"Yor Forger Spy x Family S.H Figuarts Tamashii Nations presenta de la exitosa serie de televisi\u00f3n de anime &quot;Spy x Family&quot;, la figura de Yor Forger para la colecci\u00f3n S.H Figuarts.\" \/>\n<meta property=\"og:url\" content=\"https:\/\/endormoonstore.com\/en\/yor-forger-spy-x-family-s-h-figuarts\/\" \/>\n<meta property=\"og:site_name\" content=\"EndormoonStore\" \/>\n<meta property=\"article:modified_time\" content=\"2023-03-20T20:10:20+00:00\" \/>\n<meta property=\"og:image\" content=\"https:\/\/endormoonstore.com\/wp-content\/uploads\/2022\/07\/Yor-Forger-Spy-x-Family-S.H-Figuarts-1.jpg\" \/>\n\t<meta property=\"og:image:width\" content=\"714\" \/>\n\t<meta property=\"og:image:height\" content=\"1000\" \/>\n\t<meta property=\"og:image:type\" content=\"image\/jpeg\" \/>\n<meta name=\"twitter:card\" content=\"summary_large_image\" \/>\n<meta name=\"twitter:label1\" content=\"Est. reading time\" \/>\n\t<meta name=\"twitter:data1\" content=\"1 minute\" \/>\n<script type=\"application\/ld+json\" class=\"yoast-schema-graph\">{\"@context\":\"https:\/\/schema.org\",\"@graph\":[{\"@type\":\"WebPage\",\"@id\":\"https:\/\/endormoonstore.com\/en\/yor-forger-spy-x-family-s-h-figuarts\/\",\"url\":\"https:\/\/endormoonstore.com\/en\/yor-forger-spy-x-family-s-h-figuarts\/\",\"name\":\"Yor Forger Spy x Family S.H Figuarts - EndormoonStore\",\"isPartOf\":{\"@id\":\"https:\/\/endormoonstore.com\/#website\"},\"primaryImageOfPage\":{\"@id\":\"https:\/\/endormoonstore.com\/en\/yor-forger-spy-x-family-s-h-figuarts\/#primaryimage\"},\"image\":{\"@id\":\"https:\/\/endormoonstore.com\/en\/yor-forger-spy-x-family-s-h-figuarts\/#primaryimage\"},\"thumbnailUrl\":\"https:\/\/endormoonstore.com\/wp-content\/uploads\/2022\/07\/Yor-Forger-Spy-x-Family-S.H-Figuarts-1.jpg\",\"datePublished\":\"2022-07-07T13:27:06+00:00\",\"dateModified\":\"2023-03-20T20:10:20+00:00\",\"breadcrumb\":{\"@id\":\"https:\/\/endormoonstore.com\/en\/yor-forger-spy-x-family-s-h-figuarts\/#breadcrumb\"},\"inLanguage\":\"en-US\",\"potentialAction\":[{\"@type\":\"ReadAction\",\"target\":[\"https:\/\/endormoonstore.com\/en\/yor-forger-spy-x-family-s-h-figuarts\/\"]}]},{\"@type\":\"ImageObject\",\"inLanguage\":\"en-US\",\"@id\":\"https:\/\/endormoonstore.com\/en\/yor-forger-spy-x-family-s-h-figuarts\/#primaryimage\",\"url\":\"https:\/\/endormoonstore.com\/wp-content\/uploads\/2022\/07\/Yor-Forger-Spy-x-Family-S.H-Figuarts-1.jpg\",\"contentUrl\":\"https:\/\/endormoonstore.com\/wp-content\/uploads\/2022\/07\/Yor-Forger-Spy-x-Family-S.H-Figuarts-1.jpg\",\"width\":714,\"height\":1000},{\"@type\":\"BreadcrumbList\",\"@id\":\"https:\/\/endormoonstore.com\/en\/yor-forger-spy-x-family-s-h-figuarts\/#breadcrumb\",\"itemListElement\":[{\"@type\":\"ListItem\",\"position\":1,\"name\":\"Shop\",\"item\":\"https:\/\/endormoonstore.com\/en\/shop\/\"},{\"@type\":\"ListItem\",\"position\":2,\"name\":\"Yor Forger Spy x Family S.H Figuarts\"}]},{\"@type\":\"WebSite\",\"@id\":\"https:\/\/endormoonstore.com\/#website\",\"url\":\"https:\/\/endormoonstore.com\/\",\"name\":\"EndormoonStore\",\"description\":\"\",\"potentialAction\":[{\"@type\":\"SearchAction\",\"target\":{\"@type\":\"EntryPoint\",\"urlTemplate\":\"https:\/\/endormoonstore.com\/?s={search_term_string}\"},\"query-input\":{\"@type\":\"PropertyValueSpecification\",\"valueRequired\":true,\"valueName\":\"search_term_string\"}}],\"inLanguage\":\"en-US\"}]}<\/script>\n<!-- \/ Yoast SEO plugin. -->","yoast_head_json":{"title":"Yor Forger Spy x Family S.H Figuarts - EndormoonStore","robots":{"index":"index","follow":"follow","max-snippet":"max-snippet:-1","max-image-preview":"max-image-preview:large","max-video-preview":"max-video-preview:-1"},"canonical":"https:\/\/endormoonstore.com\/en\/yor-forger-spy-x-family-s-h-figuarts\/","og_locale":"en_US","og_type":"article","og_title":"Yor Forger Spy x Family S.H Figuarts - EndormoonStore","og_description":"Yor Forger Spy x Family S.H Figuarts Tamashii Nations presenta de la exitosa serie de televisi\u00f3n de anime \"Spy x Family\", la figura de Yor Forger para la colecci\u00f3n S.H Figuarts.","og_url":"https:\/\/endormoonstore.com\/en\/yor-forger-spy-x-family-s-h-figuarts\/","og_site_name":"EndormoonStore","article_modified_time":"2023-03-20T20:10:20+00:00","og_image":[{"width":714,"height":1000,"url":"https:\/\/endormoonstore.com\/wp-content\/uploads\/2022\/07\/Yor-Forger-Spy-x-Family-S.H-Figuarts-1.jpg","type":"image\/jpeg"}],"twitter_card":"summary_large_image","twitter_misc":{"Est. reading time":"1 minute"},"schema":{"@context":"https:\/\/schema.org","@graph":[{"@type":"WebPage","@id":"https:\/\/endormoonstore.com\/en\/yor-forger-spy-x-family-s-h-figuarts\/","url":"https:\/\/endormoonstore.com\/en\/yor-forger-spy-x-family-s-h-figuarts\/","name":"Yor Forger Spy x Family S.H Figuarts - EndormoonStore","isPartOf":{"@id":"https:\/\/endormoonstore.com\/#website"},"primaryImageOfPage":{"@id":"https:\/\/endormoonstore.com\/en\/yor-forger-spy-x-family-s-h-figuarts\/#primaryimage"},"image":{"@id":"https:\/\/endormoonstore.com\/en\/yor-forger-spy-x-family-s-h-figuarts\/#primaryimage"},"thumbnailUrl":"https:\/\/endormoonstore.com\/wp-content\/uploads\/2022\/07\/Yor-Forger-Spy-x-Family-S.H-Figuarts-1.jpg","datePublished":"2022-07-07T13:27:06+00:00","dateModified":"2023-03-20T20:10:20+00:00","breadcrumb":{"@id":"https:\/\/endormoonstore.com\/en\/yor-forger-spy-x-family-s-h-figuarts\/#breadcrumb"},"inLanguage":"en-US","potentialAction":[{"@type":"ReadAction","target":["https:\/\/endormoonstore.com\/en\/yor-forger-spy-x-family-s-h-figuarts\/"]}]},{"@type":"ImageObject","inLanguage":"en-US","@id":"https:\/\/endormoonstore.com\/en\/yor-forger-spy-x-family-s-h-figuarts\/#primaryimage","url":"https:\/\/endormoonstore.com\/wp-content\/uploads\/2022\/07\/Yor-Forger-Spy-x-Family-S.H-Figuarts-1.jpg","contentUrl":"https:\/\/endormoonstore.com\/wp-content\/uploads\/2022\/07\/Yor-Forger-Spy-x-Family-S.H-Figuarts-1.jpg","width":714,"height":1000},{"@type":"BreadcrumbList","@id":"https:\/\/endormoonstore.com\/en\/yor-forger-spy-x-family-s-h-figuarts\/#breadcrumb","itemListElement":[{"@type":"ListItem","position":1,"name":"Shop","item":"https:\/\/endormoonstore.com\/en\/shop\/"},{"@type":"ListItem","position":2,"name":"Yor Forger Spy x Family S.H Figuarts"}]},{"@type":"WebSite","@id":"https:\/\/endormoonstore.com\/#website","url":"https:\/\/endormoonstore.com\/","name":"EndormoonStore","description":"","potentialAction":[{"@type":"SearchAction","target":{"@type":"EntryPoint","urlTemplate":"https:\/\/endormoonstore.com\/?s={search_term_string}"},"query-input":{"@type":"PropertyValueSpecification","valueRequired":true,"valueName":"search_term_string"}}],"inLanguage":"en-US"}]}},"taxonomy_info":{"product_cat":[{"value":1390,"label":"Figures"}],"pa_brand":[{"value":2096,"label":"Tamashii Nations"}],"pa_character":[{"value":13171,"label":"Yor Forger"}],"pa_license":[{"value":12998,"label":"Spy x Family"}],"pa_product-type":[{"value":2387,"label":"Figure"}],"pa_theme":[{"value":1813,"label":"S.H. Figuarts"}]},"featured_image_src_large":["https:\/\/endormoonstore.com\/wp-content\/uploads\/2022\/07\/Yor-Forger-Spy-x-Family-S.H-Figuarts-1.jpg",714,1000,false],"author_info":[],"comment_info":"","_links":{"self":[{"href":"https:\/\/endormoonstore.com\/en\/wp-json\/wp\/v2\/product\/137690","targetHints":{"allow":["GET"]}}],"collection":[{"href":"https:\/\/endormoonstore.com\/en\/wp-json\/wp\/v2\/product"}],"about":[{"href":"https:\/\/endormoonstore.com\/en\/wp-json\/wp\/v2\/types\/product"}],"wp:featuredmedia":[{"embeddable":true,"href":"https:\/\/endormoonstore.com\/en\/wp-json\/wp\/v2\/media\/137675"}],"wp:attachment":[{"href":"https:\/\/endormoonstore.com\/en\/wp-json\/wp\/v2\/media?parent=137690"}],"wp:term":[{"taxonomy":"product_cat","embeddable":true,"href":"https:\/\/endormoonstore.com\/en\/wp-json\/wp\/v2\/product_cat?post=137690"},{"taxonomy":"product_tag","embeddable":true,"href":"https:\/\/endormoonstore.com\/en\/wp-json\/wp\/v2\/product_tag?post=137690"}],"curies":[{"name":"wp","href":"https:\/\/api.w.org\/{rel}","templated":true}]}}