{"id":137576,"date":"2023-05-15T00:05:44","date_gmt":"2023-05-14T22:05:44","guid":{"rendered":"https:\/\/endormoonstore.com\/yor-forger-spy-x-family-nendoroid\/"},"modified":"2023-05-18T11:16:05","modified_gmt":"2023-05-18T09:16:05","slug":"yor-forger-spy-x-family-nendoroid","status":"publish","type":"product","link":"https:\/\/endormoonstore.com\/en\/yor-forger-spy-x-family-nendoroid\/","title":{"rendered":"Yor Forger Spy x Family Nendoroid"},"content":{"rendered":"<p><strong>Yor Forger Spy x Family Nendoroid<\/strong><\/p>\n<div class=\"product-title\">\n<ul>\n<li>De la serie de anime &#8220;Spy x Family&#8221; llega una Nendoroid de Yor Forger la h\u00e1bil asesina entrenada en el arte de matar desde muy joven. La tel\u00e9pata que puede leer la mente de las personas. Nombre en clave: Princesa Thorn<\/li>\n<li>Viene con tres placas faciales que incluyen una cara est\u00e1ndar, una cara sonriente con los ojos cerrados y una cara sonriente m\u00e1s suave y gentil.<\/li>\n<li>Disfruta usando las partes opcionales incluidas, como sus armas, para crear todo tipo de poses basadas en tus escenas favoritas de la serie<\/li>\n<li>\u00a1Aseg\u00farate de agregar esta figura del tama\u00f1o de la palma de la mano de la mam\u00e1 de Anya, Yor, a tu colecci\u00f3n!<\/li>\n<li>Nedoroid de Loid Forger y Anya Forger se vende por separado<\/li>\n<\/ul>\n<\/div>\n<p>&nbsp;<\/p>\n","protected":false},"excerpt":{"rendered":"<p><strong>Yor Forger Spy x Family Nendoroid<\/strong><\/p>\n<p>De la serie de anime &#8220;Spy x Family&#8221; llega una Nendoroid de Yor Forger la h\u00e1bil asesina entrenada en el arte de matar desde muy joven. La tel\u00e9pata que puede leer la mente de las personas. Nombre en clave: Princesa Thorn<\/p>\n","protected":false},"featured_media":137566,"template":"","meta":{"_acf_changed":false,"_kad_blocks_custom_css":"","_kad_blocks_head_custom_js":"","_kad_blocks_body_custom_js":"","_kad_blocks_footer_custom_js":""},"product_cat":[1390,13511,15769],"product_tag":[],"class_list":{"0":"post-137576","1":"product","2":"type-product","3":"status-publish","4":"has-post-thumbnail","6":"product_cat-figures","7":"product_cat-new-arrivals","8":"product_cat-sales","9":"pa_brand-good-smile-company-en","10":"pa_character-yor-forger-en","11":"pa_license-spy-x-family-en","12":"pa_product-type-figure","13":"pa_theme-nendoroid-en","15":"first","16":"outofstock","17":"sale","18":"taxable","19":"shipping-taxable","20":"purchasable","21":"product-type-simple"},"acf":[],"yoast_head":"<!-- This site is optimized with the Yoast SEO plugin v26.1.1 - https:\/\/yoast.com\/wordpress\/plugins\/seo\/ -->\n<title>Yor Forger Spy x Family Nendoroid - EndormoonStore<\/title>\n<meta name=\"robots\" content=\"index, follow, max-snippet:-1, max-image-preview:large, max-video-preview:-1\" \/>\n<link rel=\"canonical\" href=\"https:\/\/endormoonstore.com\/en\/yor-forger-spy-x-family-nendoroid\/\" \/>\n<meta property=\"og:locale\" content=\"en_US\" \/>\n<meta property=\"og:type\" content=\"article\" \/>\n<meta property=\"og:title\" content=\"Yor Forger Spy x Family Nendoroid - EndormoonStore\" \/>\n<meta property=\"og:description\" content=\"Yor Forger Spy x Family Nendoroid  De la serie de anime &quot;Spy x Family&quot; llega una Nendoroid de Yor Forger la h\u00e1bil asesina entrenada en el arte de matar desde muy joven. La tel\u00e9pata que puede leer la mente de las personas. Nombre en clave: Princesa Thorn\" \/>\n<meta property=\"og:url\" content=\"https:\/\/endormoonstore.com\/en\/yor-forger-spy-x-family-nendoroid\/\" \/>\n<meta property=\"og:site_name\" content=\"EndormoonStore\" \/>\n<meta property=\"article:modified_time\" content=\"2023-05-18T09:16:05+00:00\" \/>\n<meta property=\"og:image\" content=\"https:\/\/endormoonstore.com\/wp-content\/uploads\/2022\/07\/Yor-Forger-Spy-x-Family-Nendoroid-1.jpeg\" \/>\n\t<meta property=\"og:image:width\" content=\"730\" \/>\n\t<meta property=\"og:image:height\" content=\"900\" \/>\n\t<meta property=\"og:image:type\" content=\"image\/jpeg\" \/>\n<meta name=\"twitter:card\" content=\"summary_large_image\" \/>\n<meta name=\"twitter:label1\" content=\"Est. reading time\" \/>\n\t<meta name=\"twitter:data1\" content=\"1 minute\" \/>\n<script type=\"application\/ld+json\" class=\"yoast-schema-graph\">{\"@context\":\"https:\/\/schema.org\",\"@graph\":[{\"@type\":\"WebPage\",\"@id\":\"https:\/\/endormoonstore.com\/en\/yor-forger-spy-x-family-nendoroid\/\",\"url\":\"https:\/\/endormoonstore.com\/en\/yor-forger-spy-x-family-nendoroid\/\",\"name\":\"Yor Forger Spy x Family Nendoroid - EndormoonStore\",\"isPartOf\":{\"@id\":\"https:\/\/endormoonstore.com\/#website\"},\"primaryImageOfPage\":{\"@id\":\"https:\/\/endormoonstore.com\/en\/yor-forger-spy-x-family-nendoroid\/#primaryimage\"},\"image\":{\"@id\":\"https:\/\/endormoonstore.com\/en\/yor-forger-spy-x-family-nendoroid\/#primaryimage\"},\"thumbnailUrl\":\"https:\/\/endormoonstore.com\/wp-content\/uploads\/2022\/07\/Yor-Forger-Spy-x-Family-Nendoroid-1.jpeg\",\"datePublished\":\"2023-05-14T22:05:44+00:00\",\"dateModified\":\"2023-05-18T09:16:05+00:00\",\"breadcrumb\":{\"@id\":\"https:\/\/endormoonstore.com\/en\/yor-forger-spy-x-family-nendoroid\/#breadcrumb\"},\"inLanguage\":\"en-US\",\"potentialAction\":[{\"@type\":\"ReadAction\",\"target\":[\"https:\/\/endormoonstore.com\/en\/yor-forger-spy-x-family-nendoroid\/\"]}]},{\"@type\":\"ImageObject\",\"inLanguage\":\"en-US\",\"@id\":\"https:\/\/endormoonstore.com\/en\/yor-forger-spy-x-family-nendoroid\/#primaryimage\",\"url\":\"https:\/\/endormoonstore.com\/wp-content\/uploads\/2022\/07\/Yor-Forger-Spy-x-Family-Nendoroid-1.jpeg\",\"contentUrl\":\"https:\/\/endormoonstore.com\/wp-content\/uploads\/2022\/07\/Yor-Forger-Spy-x-Family-Nendoroid-1.jpeg\",\"width\":730,\"height\":900},{\"@type\":\"BreadcrumbList\",\"@id\":\"https:\/\/endormoonstore.com\/en\/yor-forger-spy-x-family-nendoroid\/#breadcrumb\",\"itemListElement\":[{\"@type\":\"ListItem\",\"position\":1,\"name\":\"Shop\",\"item\":\"https:\/\/endormoonstore.com\/en\/shop\/\"},{\"@type\":\"ListItem\",\"position\":2,\"name\":\"Yor Forger Spy x Family Nendoroid\"}]},{\"@type\":\"WebSite\",\"@id\":\"https:\/\/endormoonstore.com\/#website\",\"url\":\"https:\/\/endormoonstore.com\/\",\"name\":\"EndormoonStore\",\"description\":\"\",\"potentialAction\":[{\"@type\":\"SearchAction\",\"target\":{\"@type\":\"EntryPoint\",\"urlTemplate\":\"https:\/\/endormoonstore.com\/?s={search_term_string}\"},\"query-input\":{\"@type\":\"PropertyValueSpecification\",\"valueRequired\":true,\"valueName\":\"search_term_string\"}}],\"inLanguage\":\"en-US\"}]}<\/script>\n<!-- \/ Yoast SEO plugin. -->","yoast_head_json":{"title":"Yor Forger Spy x Family Nendoroid - EndormoonStore","robots":{"index":"index","follow":"follow","max-snippet":"max-snippet:-1","max-image-preview":"max-image-preview:large","max-video-preview":"max-video-preview:-1"},"canonical":"https:\/\/endormoonstore.com\/en\/yor-forger-spy-x-family-nendoroid\/","og_locale":"en_US","og_type":"article","og_title":"Yor Forger Spy x Family Nendoroid - EndormoonStore","og_description":"Yor Forger Spy x Family Nendoroid  De la serie de anime \"Spy x Family\" llega una Nendoroid de Yor Forger la h\u00e1bil asesina entrenada en el arte de matar desde muy joven. La tel\u00e9pata que puede leer la mente de las personas. Nombre en clave: Princesa Thorn","og_url":"https:\/\/endormoonstore.com\/en\/yor-forger-spy-x-family-nendoroid\/","og_site_name":"EndormoonStore","article_modified_time":"2023-05-18T09:16:05+00:00","og_image":[{"width":730,"height":900,"url":"https:\/\/endormoonstore.com\/wp-content\/uploads\/2022\/07\/Yor-Forger-Spy-x-Family-Nendoroid-1.jpeg","type":"image\/jpeg"}],"twitter_card":"summary_large_image","twitter_misc":{"Est. reading time":"1 minute"},"schema":{"@context":"https:\/\/schema.org","@graph":[{"@type":"WebPage","@id":"https:\/\/endormoonstore.com\/en\/yor-forger-spy-x-family-nendoroid\/","url":"https:\/\/endormoonstore.com\/en\/yor-forger-spy-x-family-nendoroid\/","name":"Yor Forger Spy x Family Nendoroid - EndormoonStore","isPartOf":{"@id":"https:\/\/endormoonstore.com\/#website"},"primaryImageOfPage":{"@id":"https:\/\/endormoonstore.com\/en\/yor-forger-spy-x-family-nendoroid\/#primaryimage"},"image":{"@id":"https:\/\/endormoonstore.com\/en\/yor-forger-spy-x-family-nendoroid\/#primaryimage"},"thumbnailUrl":"https:\/\/endormoonstore.com\/wp-content\/uploads\/2022\/07\/Yor-Forger-Spy-x-Family-Nendoroid-1.jpeg","datePublished":"2023-05-14T22:05:44+00:00","dateModified":"2023-05-18T09:16:05+00:00","breadcrumb":{"@id":"https:\/\/endormoonstore.com\/en\/yor-forger-spy-x-family-nendoroid\/#breadcrumb"},"inLanguage":"en-US","potentialAction":[{"@type":"ReadAction","target":["https:\/\/endormoonstore.com\/en\/yor-forger-spy-x-family-nendoroid\/"]}]},{"@type":"ImageObject","inLanguage":"en-US","@id":"https:\/\/endormoonstore.com\/en\/yor-forger-spy-x-family-nendoroid\/#primaryimage","url":"https:\/\/endormoonstore.com\/wp-content\/uploads\/2022\/07\/Yor-Forger-Spy-x-Family-Nendoroid-1.jpeg","contentUrl":"https:\/\/endormoonstore.com\/wp-content\/uploads\/2022\/07\/Yor-Forger-Spy-x-Family-Nendoroid-1.jpeg","width":730,"height":900},{"@type":"BreadcrumbList","@id":"https:\/\/endormoonstore.com\/en\/yor-forger-spy-x-family-nendoroid\/#breadcrumb","itemListElement":[{"@type":"ListItem","position":1,"name":"Shop","item":"https:\/\/endormoonstore.com\/en\/shop\/"},{"@type":"ListItem","position":2,"name":"Yor Forger Spy x Family Nendoroid"}]},{"@type":"WebSite","@id":"https:\/\/endormoonstore.com\/#website","url":"https:\/\/endormoonstore.com\/","name":"EndormoonStore","description":"","potentialAction":[{"@type":"SearchAction","target":{"@type":"EntryPoint","urlTemplate":"https:\/\/endormoonstore.com\/?s={search_term_string}"},"query-input":{"@type":"PropertyValueSpecification","valueRequired":true,"valueName":"search_term_string"}}],"inLanguage":"en-US"}]}},"taxonomy_info":{"product_cat":[{"value":1390,"label":"Figures"},{"value":13511,"label":"New Arrivals"},{"value":15769,"label":"Sales"}],"pa_brand":[{"value":2081,"label":"Good Smile Company"}],"pa_character":[{"value":13171,"label":"Yor Forger"}],"pa_license":[{"value":12998,"label":"Spy x Family"}],"pa_product-type":[{"value":2387,"label":"Figure"}],"pa_theme":[{"value":1861,"label":"Nendoroid"}]},"featured_image_src_large":["https:\/\/endormoonstore.com\/wp-content\/uploads\/2022\/07\/Yor-Forger-Spy-x-Family-Nendoroid-1.jpeg",730,900,false],"author_info":[],"comment_info":"","_links":{"self":[{"href":"https:\/\/endormoonstore.com\/en\/wp-json\/wp\/v2\/product\/137576","targetHints":{"allow":["GET"]}}],"collection":[{"href":"https:\/\/endormoonstore.com\/en\/wp-json\/wp\/v2\/product"}],"about":[{"href":"https:\/\/endormoonstore.com\/en\/wp-json\/wp\/v2\/types\/product"}],"wp:featuredmedia":[{"embeddable":true,"href":"https:\/\/endormoonstore.com\/en\/wp-json\/wp\/v2\/media\/137566"}],"wp:attachment":[{"href":"https:\/\/endormoonstore.com\/en\/wp-json\/wp\/v2\/media?parent=137576"}],"wp:term":[{"taxonomy":"product_cat","embeddable":true,"href":"https:\/\/endormoonstore.com\/en\/wp-json\/wp\/v2\/product_cat?post=137576"},{"taxonomy":"product_tag","embeddable":true,"href":"https:\/\/endormoonstore.com\/en\/wp-json\/wp\/v2\/product_tag?post=137576"}],"curies":[{"name":"wp","href":"https:\/\/api.w.org\/{rel}","templated":true}]}}