{"id":136813,"date":"2023-05-03T00:12:53","date_gmt":"2022-06-30T21:12:53","guid":{"rendered":"https:\/\/endormoonstore.com\/ryunosuke-tanaka-haikyuu-nendoroid\/"},"modified":"2023-05-03T20:04:39","modified_gmt":"2023-05-03T18:04:39","slug":"ryunosuke-tanaka-haikyuu-nendoroid","status":"publish","type":"product","link":"https:\/\/endormoonstore.com\/en\/ryunosuke-tanaka-haikyuu-nendoroid\/","title":{"rendered":"Ryunosuke Tanaka Haikyuu!! Nendoroid"},"content":{"rendered":"<p><strong>Ryunosuke Tanaka Haikyuu!! Nendoroid<\/strong><\/p>\n<div class=\"product-title\">\n<ul>\n<li>De la popular serie de anime de voleibol &#8220;Haikyu!!&#8221; Llega una nueva versi\u00f3n del as prometedor del Nendoroid del Karasuno High School Volleyball Club, Ryunosuke Tanaka \u00a1No eres el \u00fanico que puede sacarnos de un apuro, Asahi-san!<\/li>\n<li>Viene con tres expresiones faciales que incluyen una expresi\u00f3n est\u00e1ndar, una expresi\u00f3n provocadora y la expresi\u00f3n de Buda que a veces usa cuando habla con sus compa\u00f1eros de equipo.<\/li>\n<li>\u00a0El Nendoroid le permite recrear una serie de escenas memorables de la serie y tambi\u00e9n viene con una pelota de voleibol y una base especial hecha a imagen de una cancha de voleibol.<\/li>\n<li>\u00a0Ryunosuke es el \u00faltimo miembro del Karasuno High School Volleyball Club en unirse a la serie Nendoroid, \u00a1as\u00ed que aseg\u00farese de mostrarlo con todos sus compa\u00f1eros de equipo y recrear sus situaciones favoritas de la serie!<\/li>\n<li>Los otros Nendoroid se venden por separdo<\/li>\n<\/ul>\n<\/div>\n","protected":false},"excerpt":{"rendered":"<p><strong>Ryunosuke Tanaka Haikyuu!! Nendoroid<\/strong><\/p>\n<p>De la popular serie de anime de voleibol &#8220;Haikyu!!&#8221; Llega una nueva versi\u00f3n del as prometedor del Nendoroid del Karasuno High School Volleyball Club, Ryunosuke Tanaka \u00a1No eres el \u00fanico que puede sacarnos de un apuro, Asahi-san!<\/p>\n","protected":false},"featured_media":136804,"template":"","meta":{"_acf_changed":false,"_kad_blocks_custom_css":"","_kad_blocks_head_custom_js":"","_kad_blocks_body_custom_js":"","_kad_blocks_footer_custom_js":""},"product_cat":[1390,13511],"product_tag":[],"class_list":{"0":"post-136813","1":"product","2":"type-product","3":"status-publish","4":"has-post-thumbnail","6":"product_cat-figures","7":"product_cat-new-arrivals","8":"pa_brand-good-smile-company-en","9":"pa_character-ryunosuke-tanaka-en","10":"pa_license-haikyu-en","11":"pa_product-type-figure","12":"pa_theme-nendoroid-en","14":"first","15":"outofstock","16":"taxable","17":"shipping-taxable","18":"purchasable","19":"product-type-simple"},"acf":[],"yoast_head":"<!-- This site is optimized with the Yoast SEO plugin v26.1.1 - https:\/\/yoast.com\/wordpress\/plugins\/seo\/ -->\n<title>Ryunosuke Tanaka Haikyuu!! Nendoroid - EndormoonStore<\/title>\n<meta name=\"robots\" content=\"index, follow, max-snippet:-1, max-image-preview:large, max-video-preview:-1\" \/>\n<link rel=\"canonical\" href=\"https:\/\/endormoonstore.com\/ryunosuke-tanaka-haikyuu-nendoroid\/\" \/>\n<meta property=\"og:locale\" content=\"en_US\" \/>\n<meta property=\"og:type\" content=\"article\" \/>\n<meta property=\"og:title\" content=\"Ryunosuke Tanaka Haikyuu!! Nendoroid - EndormoonStore\" \/>\n<meta property=\"og:description\" content=\"Ryunosuke Tanaka Haikyuu!! Nendoroid  De la popular serie de anime de voleibol &quot;Haikyu!!&quot; Llega una nueva versi\u00f3n del as prometedor del Nendoroid del Karasuno High School Volleyball Club, Ryunosuke Tanaka \u00a1No eres el \u00fanico que puede sacarnos de un apuro, Asahi-san!\" \/>\n<meta property=\"og:url\" content=\"https:\/\/endormoonstore.com\/ryunosuke-tanaka-haikyuu-nendoroid\/\" \/>\n<meta property=\"og:site_name\" content=\"EndormoonStore\" \/>\n<meta property=\"article:modified_time\" content=\"2023-05-03T18:04:39+00:00\" \/>\n<meta property=\"og:image\" content=\"https:\/\/endormoonstore.com\/wp-content\/uploads\/2022\/06\/Ryunosuke-Tanaka-Haikyuu-Nendoroid-1.jpeg\" \/>\n\t<meta property=\"og:image:width\" content=\"730\" \/>\n\t<meta property=\"og:image:height\" content=\"900\" \/>\n\t<meta property=\"og:image:type\" content=\"image\/jpeg\" \/>\n<meta name=\"twitter:card\" content=\"summary_large_image\" \/>\n<meta name=\"twitter:label1\" content=\"Est. reading time\" \/>\n\t<meta name=\"twitter:data1\" content=\"1 minute\" \/>\n<script type=\"application\/ld+json\" class=\"yoast-schema-graph\">{\"@context\":\"https:\/\/schema.org\",\"@graph\":[{\"@type\":\"WebPage\",\"@id\":\"https:\/\/endormoonstore.com\/ryunosuke-tanaka-haikyuu-nendoroid\/\",\"url\":\"https:\/\/endormoonstore.com\/ryunosuke-tanaka-haikyuu-nendoroid\/\",\"name\":\"Ryunosuke Tanaka Haikyuu!! Nendoroid - EndormoonStore\",\"isPartOf\":{\"@id\":\"https:\/\/endormoonstore.com\/#website\"},\"primaryImageOfPage\":{\"@id\":\"https:\/\/endormoonstore.com\/ryunosuke-tanaka-haikyuu-nendoroid\/#primaryimage\"},\"image\":{\"@id\":\"https:\/\/endormoonstore.com\/ryunosuke-tanaka-haikyuu-nendoroid\/#primaryimage\"},\"thumbnailUrl\":\"https:\/\/endormoonstore.com\/wp-content\/uploads\/2022\/06\/Ryunosuke-Tanaka-Haikyuu-Nendoroid-1.jpeg\",\"datePublished\":\"2022-06-30T21:12:53+00:00\",\"dateModified\":\"2023-05-03T18:04:39+00:00\",\"breadcrumb\":{\"@id\":\"https:\/\/endormoonstore.com\/ryunosuke-tanaka-haikyuu-nendoroid\/#breadcrumb\"},\"inLanguage\":\"en-US\",\"potentialAction\":[{\"@type\":\"ReadAction\",\"target\":[\"https:\/\/endormoonstore.com\/ryunosuke-tanaka-haikyuu-nendoroid\/\"]}]},{\"@type\":\"ImageObject\",\"inLanguage\":\"en-US\",\"@id\":\"https:\/\/endormoonstore.com\/ryunosuke-tanaka-haikyuu-nendoroid\/#primaryimage\",\"url\":\"https:\/\/endormoonstore.com\/wp-content\/uploads\/2022\/06\/Ryunosuke-Tanaka-Haikyuu-Nendoroid-1.jpeg\",\"contentUrl\":\"https:\/\/endormoonstore.com\/wp-content\/uploads\/2022\/06\/Ryunosuke-Tanaka-Haikyuu-Nendoroid-1.jpeg\",\"width\":730,\"height\":900},{\"@type\":\"BreadcrumbList\",\"@id\":\"https:\/\/endormoonstore.com\/ryunosuke-tanaka-haikyuu-nendoroid\/#breadcrumb\",\"itemListElement\":[{\"@type\":\"ListItem\",\"position\":1,\"name\":\"Shop\",\"item\":\"https:\/\/endormoonstore.com\/en\/shop\/\"},{\"@type\":\"ListItem\",\"position\":2,\"name\":\"Ryunosuke Tanaka Haikyuu!! Nendoroid\"}]},{\"@type\":\"WebSite\",\"@id\":\"https:\/\/endormoonstore.com\/#website\",\"url\":\"https:\/\/endormoonstore.com\/\",\"name\":\"EndormoonStore\",\"description\":\"\",\"potentialAction\":[{\"@type\":\"SearchAction\",\"target\":{\"@type\":\"EntryPoint\",\"urlTemplate\":\"https:\/\/endormoonstore.com\/?s={search_term_string}\"},\"query-input\":{\"@type\":\"PropertyValueSpecification\",\"valueRequired\":true,\"valueName\":\"search_term_string\"}}],\"inLanguage\":\"en-US\"}]}<\/script>\n<!-- \/ Yoast SEO plugin. -->","yoast_head_json":{"title":"Ryunosuke Tanaka Haikyuu!! Nendoroid - EndormoonStore","robots":{"index":"index","follow":"follow","max-snippet":"max-snippet:-1","max-image-preview":"max-image-preview:large","max-video-preview":"max-video-preview:-1"},"canonical":"https:\/\/endormoonstore.com\/ryunosuke-tanaka-haikyuu-nendoroid\/","og_locale":"en_US","og_type":"article","og_title":"Ryunosuke Tanaka Haikyuu!! Nendoroid - EndormoonStore","og_description":"Ryunosuke Tanaka Haikyuu!! Nendoroid  De la popular serie de anime de voleibol \"Haikyu!!\" Llega una nueva versi\u00f3n del as prometedor del Nendoroid del Karasuno High School Volleyball Club, Ryunosuke Tanaka \u00a1No eres el \u00fanico que puede sacarnos de un apuro, Asahi-san!","og_url":"https:\/\/endormoonstore.com\/ryunosuke-tanaka-haikyuu-nendoroid\/","og_site_name":"EndormoonStore","article_modified_time":"2023-05-03T18:04:39+00:00","og_image":[{"width":730,"height":900,"url":"https:\/\/endormoonstore.com\/wp-content\/uploads\/2022\/06\/Ryunosuke-Tanaka-Haikyuu-Nendoroid-1.jpeg","type":"image\/jpeg"}],"twitter_card":"summary_large_image","twitter_misc":{"Est. reading time":"1 minute"},"schema":{"@context":"https:\/\/schema.org","@graph":[{"@type":"WebPage","@id":"https:\/\/endormoonstore.com\/ryunosuke-tanaka-haikyuu-nendoroid\/","url":"https:\/\/endormoonstore.com\/ryunosuke-tanaka-haikyuu-nendoroid\/","name":"Ryunosuke Tanaka Haikyuu!! Nendoroid - EndormoonStore","isPartOf":{"@id":"https:\/\/endormoonstore.com\/#website"},"primaryImageOfPage":{"@id":"https:\/\/endormoonstore.com\/ryunosuke-tanaka-haikyuu-nendoroid\/#primaryimage"},"image":{"@id":"https:\/\/endormoonstore.com\/ryunosuke-tanaka-haikyuu-nendoroid\/#primaryimage"},"thumbnailUrl":"https:\/\/endormoonstore.com\/wp-content\/uploads\/2022\/06\/Ryunosuke-Tanaka-Haikyuu-Nendoroid-1.jpeg","datePublished":"2022-06-30T21:12:53+00:00","dateModified":"2023-05-03T18:04:39+00:00","breadcrumb":{"@id":"https:\/\/endormoonstore.com\/ryunosuke-tanaka-haikyuu-nendoroid\/#breadcrumb"},"inLanguage":"en-US","potentialAction":[{"@type":"ReadAction","target":["https:\/\/endormoonstore.com\/ryunosuke-tanaka-haikyuu-nendoroid\/"]}]},{"@type":"ImageObject","inLanguage":"en-US","@id":"https:\/\/endormoonstore.com\/ryunosuke-tanaka-haikyuu-nendoroid\/#primaryimage","url":"https:\/\/endormoonstore.com\/wp-content\/uploads\/2022\/06\/Ryunosuke-Tanaka-Haikyuu-Nendoroid-1.jpeg","contentUrl":"https:\/\/endormoonstore.com\/wp-content\/uploads\/2022\/06\/Ryunosuke-Tanaka-Haikyuu-Nendoroid-1.jpeg","width":730,"height":900},{"@type":"BreadcrumbList","@id":"https:\/\/endormoonstore.com\/ryunosuke-tanaka-haikyuu-nendoroid\/#breadcrumb","itemListElement":[{"@type":"ListItem","position":1,"name":"Shop","item":"https:\/\/endormoonstore.com\/en\/shop\/"},{"@type":"ListItem","position":2,"name":"Ryunosuke Tanaka Haikyuu!! Nendoroid"}]},{"@type":"WebSite","@id":"https:\/\/endormoonstore.com\/#website","url":"https:\/\/endormoonstore.com\/","name":"EndormoonStore","description":"","potentialAction":[{"@type":"SearchAction","target":{"@type":"EntryPoint","urlTemplate":"https:\/\/endormoonstore.com\/?s={search_term_string}"},"query-input":{"@type":"PropertyValueSpecification","valueRequired":true,"valueName":"search_term_string"}}],"inLanguage":"en-US"}]}},"taxonomy_info":{"product_cat":[{"value":1390,"label":"Figures"},{"value":13511,"label":"New Arrivals"}],"pa_brand":[{"value":2081,"label":"Good Smile Company"}],"pa_character":[{"value":13102,"label":"Ryunosuke Tanaka"}],"pa_license":[{"value":10201,"label":"Haikyu!!"}],"pa_product-type":[{"value":2387,"label":"Figure"}],"pa_theme":[{"value":1861,"label":"Nendoroid"}]},"featured_image_src_large":["https:\/\/endormoonstore.com\/wp-content\/uploads\/2022\/06\/Ryunosuke-Tanaka-Haikyuu-Nendoroid-1.jpeg",730,900,false],"author_info":[],"comment_info":"","_links":{"self":[{"href":"https:\/\/endormoonstore.com\/en\/wp-json\/wp\/v2\/product\/136813","targetHints":{"allow":["GET"]}}],"collection":[{"href":"https:\/\/endormoonstore.com\/en\/wp-json\/wp\/v2\/product"}],"about":[{"href":"https:\/\/endormoonstore.com\/en\/wp-json\/wp\/v2\/types\/product"}],"wp:featuredmedia":[{"embeddable":true,"href":"https:\/\/endormoonstore.com\/en\/wp-json\/wp\/v2\/media\/136804"}],"wp:attachment":[{"href":"https:\/\/endormoonstore.com\/en\/wp-json\/wp\/v2\/media?parent=136813"}],"wp:term":[{"taxonomy":"product_cat","embeddable":true,"href":"https:\/\/endormoonstore.com\/en\/wp-json\/wp\/v2\/product_cat?post=136813"},{"taxonomy":"product_tag","embeddable":true,"href":"https:\/\/endormoonstore.com\/en\/wp-json\/wp\/v2\/product_tag?post=136813"}],"curies":[{"name":"wp","href":"https:\/\/api.w.org\/{rel}","templated":true}]}}