{"id":136800,"date":"2023-05-03T00:15:38","date_gmt":"2022-06-30T21:00:38","guid":{"rendered":"https:\/\/endormoonstore.com\/asahi-azumane-haikyuu-nendoroid\/"},"modified":"2023-05-03T20:09:15","modified_gmt":"2023-05-03T18:09:15","slug":"asahi-azumane-haikyuu-nendoroid","status":"publish","type":"product","link":"https:\/\/endormoonstore.com\/en\/asahi-azumane-haikyuu-nendoroid\/","title":{"rendered":"Asahi Azumane Haikyuu!! Nendoroid"},"content":{"rendered":"<p><strong>Asahi Azumane Haikyuu!! Nendoroid<\/strong><\/p>\n<div class=\"product-title\">\n<ul>\n<li>De la popular serie de anime de voleibol &#8220;Haikyu!!&#8221; viene una nueva versi\u00f3n del &#8220;as confiable&#8221; del Nendoroid del Karasuno High School Volleyball Club, Asahi Azumane.\u00a1Soy el as de Karasuno High!<\/li>\n<li>Viene con tres expresiones faciales que incluyen una cara est\u00e1ndar suave, una expresi\u00f3n seria para mostrarlo jugando un partido y la expresi\u00f3n de p\u00e1nico que a veces ten\u00eda en la serie.<\/li>\n<li>El Nendoroid le permite recrear una serie de escenas memorables de la serie y tambi\u00e9n viene con una pelota de voleibol y una base especial hecha a imagen de una cancha de voleibol.<\/li>\n<li>Tambi\u00e9n viene con partes de cabello alternativas para mostrarlo con un peinado alternativo<\/li>\n<li>Aseg\u00farate de mostrarlo con los otros personajes del Karasuno High School Volleyball Club y recrea tus escenas favoritas de la serie.<\/li>\n<li>Los otros Nendoroid se venden por separdo<\/li>\n<\/ul>\n<\/div>\n","protected":false},"excerpt":{"rendered":"<p><strong>Asahi Azumane Haikyuu!! Nendoroid<\/strong><\/p>\n<p>De la popular serie de anime de voleibol &#8220;Haikyu!!&#8221; viene una nueva versi\u00f3n del &#8220;as confiable&#8221; del Nendoroid del Karasuno High School Volleyball Club, Asahi Azumane.\u00a1Soy el as de Karasuno High!<\/p>\n","protected":false},"featured_media":136789,"template":"","meta":{"_acf_changed":false,"_kad_blocks_custom_css":"","_kad_blocks_head_custom_js":"","_kad_blocks_body_custom_js":"","_kad_blocks_footer_custom_js":""},"product_cat":[1390,13511],"product_tag":[],"class_list":{"0":"post-136800","1":"product","2":"type-product","3":"status-publish","4":"has-post-thumbnail","6":"product_cat-figures","7":"product_cat-new-arrivals","8":"pa_brand-good-smile-company-en","9":"pa_character-asahi-azumane-en","10":"pa_license-haikyu-en","11":"pa_product-type-figure","12":"pa_theme-nendoroid-en","14":"first","15":"instock","16":"sale","17":"taxable","18":"shipping-taxable","19":"purchasable","20":"product-type-simple"},"acf":[],"yoast_head":"<!-- This site is optimized with the Yoast SEO plugin v26.1.1 - https:\/\/yoast.com\/wordpress\/plugins\/seo\/ -->\n<title>Asahi Azumane Haikyuu!! Nendoroid - EndormoonStore<\/title>\n<meta name=\"robots\" content=\"index, follow, max-snippet:-1, max-image-preview:large, max-video-preview:-1\" \/>\n<link rel=\"canonical\" href=\"https:\/\/endormoonstore.com\/en\/asahi-azumane-haikyuu-nendoroid\/\" \/>\n<meta property=\"og:locale\" content=\"en_US\" \/>\n<meta property=\"og:type\" content=\"article\" \/>\n<meta property=\"og:title\" content=\"Asahi Azumane Haikyuu!! Nendoroid - EndormoonStore\" \/>\n<meta property=\"og:description\" content=\"Asahi Azumane Haikyuu!! Nendoroid  De la popular serie de anime de voleibol &quot;Haikyu!!&quot; viene una nueva versi\u00f3n del &quot;as confiable&quot; del Nendoroid del Karasuno High School Volleyball Club, Asahi Azumane.\u00a1Soy el as de Karasuno High!\" \/>\n<meta property=\"og:url\" content=\"https:\/\/endormoonstore.com\/en\/asahi-azumane-haikyuu-nendoroid\/\" \/>\n<meta property=\"og:site_name\" content=\"EndormoonStore\" \/>\n<meta property=\"article:modified_time\" content=\"2023-05-03T18:09:15+00:00\" \/>\n<meta property=\"og:image\" content=\"https:\/\/endormoonstore.com\/wp-content\/uploads\/2022\/06\/Asahi-Azumane-Haikyuu-Nendoroid-1.jpeg\" \/>\n\t<meta property=\"og:image:width\" content=\"730\" \/>\n\t<meta property=\"og:image:height\" content=\"900\" \/>\n\t<meta property=\"og:image:type\" content=\"image\/jpeg\" \/>\n<meta name=\"twitter:card\" content=\"summary_large_image\" \/>\n<meta name=\"twitter:label1\" content=\"Est. reading time\" \/>\n\t<meta name=\"twitter:data1\" content=\"1 minute\" \/>\n<script type=\"application\/ld+json\" class=\"yoast-schema-graph\">{\"@context\":\"https:\/\/schema.org\",\"@graph\":[{\"@type\":\"WebPage\",\"@id\":\"https:\/\/endormoonstore.com\/en\/asahi-azumane-haikyuu-nendoroid\/\",\"url\":\"https:\/\/endormoonstore.com\/en\/asahi-azumane-haikyuu-nendoroid\/\",\"name\":\"Asahi Azumane Haikyuu!! Nendoroid - EndormoonStore\",\"isPartOf\":{\"@id\":\"https:\/\/endormoonstore.com\/#website\"},\"primaryImageOfPage\":{\"@id\":\"https:\/\/endormoonstore.com\/en\/asahi-azumane-haikyuu-nendoroid\/#primaryimage\"},\"image\":{\"@id\":\"https:\/\/endormoonstore.com\/en\/asahi-azumane-haikyuu-nendoroid\/#primaryimage\"},\"thumbnailUrl\":\"https:\/\/endormoonstore.com\/wp-content\/uploads\/2022\/06\/Asahi-Azumane-Haikyuu-Nendoroid-1.jpeg\",\"datePublished\":\"2022-06-30T21:00:38+00:00\",\"dateModified\":\"2023-05-03T18:09:15+00:00\",\"breadcrumb\":{\"@id\":\"https:\/\/endormoonstore.com\/en\/asahi-azumane-haikyuu-nendoroid\/#breadcrumb\"},\"inLanguage\":\"en-US\",\"potentialAction\":[{\"@type\":\"ReadAction\",\"target\":[\"https:\/\/endormoonstore.com\/en\/asahi-azumane-haikyuu-nendoroid\/\"]}]},{\"@type\":\"ImageObject\",\"inLanguage\":\"en-US\",\"@id\":\"https:\/\/endormoonstore.com\/en\/asahi-azumane-haikyuu-nendoroid\/#primaryimage\",\"url\":\"https:\/\/endormoonstore.com\/wp-content\/uploads\/2022\/06\/Asahi-Azumane-Haikyuu-Nendoroid-1.jpeg\",\"contentUrl\":\"https:\/\/endormoonstore.com\/wp-content\/uploads\/2022\/06\/Asahi-Azumane-Haikyuu-Nendoroid-1.jpeg\",\"width\":730,\"height\":900},{\"@type\":\"BreadcrumbList\",\"@id\":\"https:\/\/endormoonstore.com\/en\/asahi-azumane-haikyuu-nendoroid\/#breadcrumb\",\"itemListElement\":[{\"@type\":\"ListItem\",\"position\":1,\"name\":\"Shop\",\"item\":\"https:\/\/endormoonstore.com\/en\/shop\/\"},{\"@type\":\"ListItem\",\"position\":2,\"name\":\"Asahi Azumane Haikyuu!! Nendoroid\"}]},{\"@type\":\"WebSite\",\"@id\":\"https:\/\/endormoonstore.com\/#website\",\"url\":\"https:\/\/endormoonstore.com\/\",\"name\":\"EndormoonStore\",\"description\":\"\",\"potentialAction\":[{\"@type\":\"SearchAction\",\"target\":{\"@type\":\"EntryPoint\",\"urlTemplate\":\"https:\/\/endormoonstore.com\/?s={search_term_string}\"},\"query-input\":{\"@type\":\"PropertyValueSpecification\",\"valueRequired\":true,\"valueName\":\"search_term_string\"}}],\"inLanguage\":\"en-US\"}]}<\/script>\n<!-- \/ Yoast SEO plugin. -->","yoast_head_json":{"title":"Asahi Azumane Haikyuu!! Nendoroid - EndormoonStore","robots":{"index":"index","follow":"follow","max-snippet":"max-snippet:-1","max-image-preview":"max-image-preview:large","max-video-preview":"max-video-preview:-1"},"canonical":"https:\/\/endormoonstore.com\/en\/asahi-azumane-haikyuu-nendoroid\/","og_locale":"en_US","og_type":"article","og_title":"Asahi Azumane Haikyuu!! Nendoroid - EndormoonStore","og_description":"Asahi Azumane Haikyuu!! Nendoroid  De la popular serie de anime de voleibol \"Haikyu!!\" viene una nueva versi\u00f3n del \"as confiable\" del Nendoroid del Karasuno High School Volleyball Club, Asahi Azumane.\u00a1Soy el as de Karasuno High!","og_url":"https:\/\/endormoonstore.com\/en\/asahi-azumane-haikyuu-nendoroid\/","og_site_name":"EndormoonStore","article_modified_time":"2023-05-03T18:09:15+00:00","og_image":[{"width":730,"height":900,"url":"https:\/\/endormoonstore.com\/wp-content\/uploads\/2022\/06\/Asahi-Azumane-Haikyuu-Nendoroid-1.jpeg","type":"image\/jpeg"}],"twitter_card":"summary_large_image","twitter_misc":{"Est. reading time":"1 minute"},"schema":{"@context":"https:\/\/schema.org","@graph":[{"@type":"WebPage","@id":"https:\/\/endormoonstore.com\/en\/asahi-azumane-haikyuu-nendoroid\/","url":"https:\/\/endormoonstore.com\/en\/asahi-azumane-haikyuu-nendoroid\/","name":"Asahi Azumane Haikyuu!! Nendoroid - EndormoonStore","isPartOf":{"@id":"https:\/\/endormoonstore.com\/#website"},"primaryImageOfPage":{"@id":"https:\/\/endormoonstore.com\/en\/asahi-azumane-haikyuu-nendoroid\/#primaryimage"},"image":{"@id":"https:\/\/endormoonstore.com\/en\/asahi-azumane-haikyuu-nendoroid\/#primaryimage"},"thumbnailUrl":"https:\/\/endormoonstore.com\/wp-content\/uploads\/2022\/06\/Asahi-Azumane-Haikyuu-Nendoroid-1.jpeg","datePublished":"2022-06-30T21:00:38+00:00","dateModified":"2023-05-03T18:09:15+00:00","breadcrumb":{"@id":"https:\/\/endormoonstore.com\/en\/asahi-azumane-haikyuu-nendoroid\/#breadcrumb"},"inLanguage":"en-US","potentialAction":[{"@type":"ReadAction","target":["https:\/\/endormoonstore.com\/en\/asahi-azumane-haikyuu-nendoroid\/"]}]},{"@type":"ImageObject","inLanguage":"en-US","@id":"https:\/\/endormoonstore.com\/en\/asahi-azumane-haikyuu-nendoroid\/#primaryimage","url":"https:\/\/endormoonstore.com\/wp-content\/uploads\/2022\/06\/Asahi-Azumane-Haikyuu-Nendoroid-1.jpeg","contentUrl":"https:\/\/endormoonstore.com\/wp-content\/uploads\/2022\/06\/Asahi-Azumane-Haikyuu-Nendoroid-1.jpeg","width":730,"height":900},{"@type":"BreadcrumbList","@id":"https:\/\/endormoonstore.com\/en\/asahi-azumane-haikyuu-nendoroid\/#breadcrumb","itemListElement":[{"@type":"ListItem","position":1,"name":"Shop","item":"https:\/\/endormoonstore.com\/en\/shop\/"},{"@type":"ListItem","position":2,"name":"Asahi Azumane Haikyuu!! Nendoroid"}]},{"@type":"WebSite","@id":"https:\/\/endormoonstore.com\/#website","url":"https:\/\/endormoonstore.com\/","name":"EndormoonStore","description":"","potentialAction":[{"@type":"SearchAction","target":{"@type":"EntryPoint","urlTemplate":"https:\/\/endormoonstore.com\/?s={search_term_string}"},"query-input":{"@type":"PropertyValueSpecification","valueRequired":true,"valueName":"search_term_string"}}],"inLanguage":"en-US"}]}},"taxonomy_info":{"product_cat":[{"value":1390,"label":"Figures"},{"value":13511,"label":"New Arrivals"}],"pa_brand":[{"value":2081,"label":"Good Smile Company"}],"pa_character":[{"value":13100,"label":"Asahi Azumane"}],"pa_license":[{"value":10201,"label":"Haikyu!!"}],"pa_product-type":[{"value":2387,"label":"Figure"}],"pa_theme":[{"value":1861,"label":"Nendoroid"}]},"featured_image_src_large":["https:\/\/endormoonstore.com\/wp-content\/uploads\/2022\/06\/Asahi-Azumane-Haikyuu-Nendoroid-1.jpeg",730,900,false],"author_info":[],"comment_info":"","_links":{"self":[{"href":"https:\/\/endormoonstore.com\/en\/wp-json\/wp\/v2\/product\/136800","targetHints":{"allow":["GET"]}}],"collection":[{"href":"https:\/\/endormoonstore.com\/en\/wp-json\/wp\/v2\/product"}],"about":[{"href":"https:\/\/endormoonstore.com\/en\/wp-json\/wp\/v2\/types\/product"}],"wp:featuredmedia":[{"embeddable":true,"href":"https:\/\/endormoonstore.com\/en\/wp-json\/wp\/v2\/media\/136789"}],"wp:attachment":[{"href":"https:\/\/endormoonstore.com\/en\/wp-json\/wp\/v2\/media?parent=136800"}],"wp:term":[{"taxonomy":"product_cat","embeddable":true,"href":"https:\/\/endormoonstore.com\/en\/wp-json\/wp\/v2\/product_cat?post=136800"},{"taxonomy":"product_tag","embeddable":true,"href":"https:\/\/endormoonstore.com\/en\/wp-json\/wp\/v2\/product_tag?post=136800"}],"curies":[{"name":"wp","href":"https:\/\/api.w.org\/{rel}","templated":true}]}}