{"id":136785,"date":"2022-06-30T22:43:02","date_gmt":"2022-06-30T20:43:02","guid":{"rendered":"https:\/\/endormoonstore.com\/justice-helltaker-nendoroid\/"},"modified":"2023-04-26T21:24:41","modified_gmt":"2023-04-26T19:24:41","slug":"justice-helltaker-nendoroid","status":"publish","type":"product","link":"https:\/\/endormoonstore.com\/en\/justice-helltaker-nendoroid\/","title":{"rendered":"Justice Helltaker Nendoroid"},"content":{"rendered":"<p><strong>Justice Helltaker Nendoroid<\/strong><\/p>\n<div class=\"product-title\">\n<ul>\n<li>Del popular juego de rompecabezas &#8220;Helltaker&#8221; llega un Nendoroid del antiguo Fiscal del Infierno, Justice. Justice, el demonio impresionante<\/li>\n<li>Ella viene con tres placas faciales que incluyen una cara sonriente amistosa, una cara de comer para mostrar sus panqueques comiendo y una cara sonriente m\u00e1s dudosa.<\/li>\n<li>La Nendoroid tambi\u00e9n viene con un par de gafas de sol removibles, un par de gafas de sol m\u00e1s peque\u00f1os que se pueden posar sosteniendo, una parte de la mano que sostiene un panqueque y una l\u00e1mina con efecto brillante.<\/li>\n<li>\u00a1Disfruta creando todo tipo de escenas del juego en forma de Nendoroid!<\/li>\n<\/ul>\n<\/div>\n","protected":false},"excerpt":{"rendered":"<p><strong>Justice Helltaker Nendoroid<\/strong><\/p>\n<p>Del popular juego de rompecabezas &#8220;Helltaker&#8221; llega un Nendoroid del antiguo Fiscal del Infierno, Justice. Justice, el demonio impresionante<\/p>\n","protected":false},"featured_media":136772,"template":"","meta":{"_acf_changed":false,"_kad_blocks_custom_css":"","_kad_blocks_head_custom_js":"","_kad_blocks_body_custom_js":"","_kad_blocks_footer_custom_js":""},"product_cat":[1390],"product_tag":[],"class_list":{"0":"post-136785","1":"product","2":"type-product","3":"status-publish","4":"has-post-thumbnail","6":"product_cat-figures","7":"pa_brand-good-smile-company-en","8":"pa_character-justice-en","9":"pa_license-helltaker-en","10":"pa_product-type-figure","11":"pa_theme-nendoroid-en","13":"first","14":"outofstock","15":"taxable","16":"shipping-taxable","17":"purchasable","18":"product-type-simple"},"acf":[],"yoast_head":"<!-- This site is optimized with the Yoast SEO plugin v26.1.1 - https:\/\/yoast.com\/wordpress\/plugins\/seo\/ -->\n<title>Justice Helltaker Nendoroid - EndormoonStore<\/title>\n<meta name=\"robots\" content=\"index, follow, max-snippet:-1, max-image-preview:large, max-video-preview:-1\" \/>\n<link rel=\"canonical\" href=\"https:\/\/endormoonstore.com\/en\/justice-helltaker-nendoroid\/\" \/>\n<meta property=\"og:locale\" content=\"en_US\" \/>\n<meta property=\"og:type\" content=\"article\" \/>\n<meta property=\"og:title\" content=\"Justice Helltaker Nendoroid - EndormoonStore\" \/>\n<meta property=\"og:description\" content=\"Justice Helltaker Nendoroid  Del popular juego de rompecabezas &quot;Helltaker&quot; llega un Nendoroid del antiguo Fiscal del Infierno, Justice. Justice, el demonio impresionante\" \/>\n<meta property=\"og:url\" content=\"https:\/\/endormoonstore.com\/en\/justice-helltaker-nendoroid\/\" \/>\n<meta property=\"og:site_name\" content=\"EndormoonStore\" \/>\n<meta property=\"article:modified_time\" content=\"2023-04-26T19:24:41+00:00\" \/>\n<meta property=\"og:image\" content=\"https:\/\/endormoonstore.com\/wp-content\/uploads\/2022\/06\/Justice-Helltaker-Nendoroid-1.jpeg\" \/>\n\t<meta property=\"og:image:width\" content=\"730\" \/>\n\t<meta property=\"og:image:height\" content=\"900\" \/>\n\t<meta property=\"og:image:type\" content=\"image\/jpeg\" \/>\n<meta name=\"twitter:card\" content=\"summary_large_image\" \/>\n<meta name=\"twitter:label1\" content=\"Est. reading time\" \/>\n\t<meta name=\"twitter:data1\" content=\"1 minute\" \/>\n<script type=\"application\/ld+json\" class=\"yoast-schema-graph\">{\"@context\":\"https:\/\/schema.org\",\"@graph\":[{\"@type\":\"WebPage\",\"@id\":\"https:\/\/endormoonstore.com\/en\/justice-helltaker-nendoroid\/\",\"url\":\"https:\/\/endormoonstore.com\/en\/justice-helltaker-nendoroid\/\",\"name\":\"Justice Helltaker Nendoroid - EndormoonStore\",\"isPartOf\":{\"@id\":\"https:\/\/endormoonstore.com\/#website\"},\"primaryImageOfPage\":{\"@id\":\"https:\/\/endormoonstore.com\/en\/justice-helltaker-nendoroid\/#primaryimage\"},\"image\":{\"@id\":\"https:\/\/endormoonstore.com\/en\/justice-helltaker-nendoroid\/#primaryimage\"},\"thumbnailUrl\":\"https:\/\/endormoonstore.com\/wp-content\/uploads\/2022\/06\/Justice-Helltaker-Nendoroid-1.jpeg\",\"datePublished\":\"2022-06-30T20:43:02+00:00\",\"dateModified\":\"2023-04-26T19:24:41+00:00\",\"breadcrumb\":{\"@id\":\"https:\/\/endormoonstore.com\/en\/justice-helltaker-nendoroid\/#breadcrumb\"},\"inLanguage\":\"en-US\",\"potentialAction\":[{\"@type\":\"ReadAction\",\"target\":[\"https:\/\/endormoonstore.com\/en\/justice-helltaker-nendoroid\/\"]}]},{\"@type\":\"ImageObject\",\"inLanguage\":\"en-US\",\"@id\":\"https:\/\/endormoonstore.com\/en\/justice-helltaker-nendoroid\/#primaryimage\",\"url\":\"https:\/\/endormoonstore.com\/wp-content\/uploads\/2022\/06\/Justice-Helltaker-Nendoroid-1.jpeg\",\"contentUrl\":\"https:\/\/endormoonstore.com\/wp-content\/uploads\/2022\/06\/Justice-Helltaker-Nendoroid-1.jpeg\",\"width\":730,\"height\":900},{\"@type\":\"BreadcrumbList\",\"@id\":\"https:\/\/endormoonstore.com\/en\/justice-helltaker-nendoroid\/#breadcrumb\",\"itemListElement\":[{\"@type\":\"ListItem\",\"position\":1,\"name\":\"Shop\",\"item\":\"https:\/\/endormoonstore.com\/en\/shop\/\"},{\"@type\":\"ListItem\",\"position\":2,\"name\":\"Justice Helltaker Nendoroid\"}]},{\"@type\":\"WebSite\",\"@id\":\"https:\/\/endormoonstore.com\/#website\",\"url\":\"https:\/\/endormoonstore.com\/\",\"name\":\"EndormoonStore\",\"description\":\"\",\"potentialAction\":[{\"@type\":\"SearchAction\",\"target\":{\"@type\":\"EntryPoint\",\"urlTemplate\":\"https:\/\/endormoonstore.com\/?s={search_term_string}\"},\"query-input\":{\"@type\":\"PropertyValueSpecification\",\"valueRequired\":true,\"valueName\":\"search_term_string\"}}],\"inLanguage\":\"en-US\"}]}<\/script>\n<!-- \/ Yoast SEO plugin. -->","yoast_head_json":{"title":"Justice Helltaker Nendoroid - EndormoonStore","robots":{"index":"index","follow":"follow","max-snippet":"max-snippet:-1","max-image-preview":"max-image-preview:large","max-video-preview":"max-video-preview:-1"},"canonical":"https:\/\/endormoonstore.com\/en\/justice-helltaker-nendoroid\/","og_locale":"en_US","og_type":"article","og_title":"Justice Helltaker Nendoroid - EndormoonStore","og_description":"Justice Helltaker Nendoroid  Del popular juego de rompecabezas \"Helltaker\" llega un Nendoroid del antiguo Fiscal del Infierno, Justice. Justice, el demonio impresionante","og_url":"https:\/\/endormoonstore.com\/en\/justice-helltaker-nendoroid\/","og_site_name":"EndormoonStore","article_modified_time":"2023-04-26T19:24:41+00:00","og_image":[{"width":730,"height":900,"url":"https:\/\/endormoonstore.com\/wp-content\/uploads\/2022\/06\/Justice-Helltaker-Nendoroid-1.jpeg","type":"image\/jpeg"}],"twitter_card":"summary_large_image","twitter_misc":{"Est. reading time":"1 minute"},"schema":{"@context":"https:\/\/schema.org","@graph":[{"@type":"WebPage","@id":"https:\/\/endormoonstore.com\/en\/justice-helltaker-nendoroid\/","url":"https:\/\/endormoonstore.com\/en\/justice-helltaker-nendoroid\/","name":"Justice Helltaker Nendoroid - EndormoonStore","isPartOf":{"@id":"https:\/\/endormoonstore.com\/#website"},"primaryImageOfPage":{"@id":"https:\/\/endormoonstore.com\/en\/justice-helltaker-nendoroid\/#primaryimage"},"image":{"@id":"https:\/\/endormoonstore.com\/en\/justice-helltaker-nendoroid\/#primaryimage"},"thumbnailUrl":"https:\/\/endormoonstore.com\/wp-content\/uploads\/2022\/06\/Justice-Helltaker-Nendoroid-1.jpeg","datePublished":"2022-06-30T20:43:02+00:00","dateModified":"2023-04-26T19:24:41+00:00","breadcrumb":{"@id":"https:\/\/endormoonstore.com\/en\/justice-helltaker-nendoroid\/#breadcrumb"},"inLanguage":"en-US","potentialAction":[{"@type":"ReadAction","target":["https:\/\/endormoonstore.com\/en\/justice-helltaker-nendoroid\/"]}]},{"@type":"ImageObject","inLanguage":"en-US","@id":"https:\/\/endormoonstore.com\/en\/justice-helltaker-nendoroid\/#primaryimage","url":"https:\/\/endormoonstore.com\/wp-content\/uploads\/2022\/06\/Justice-Helltaker-Nendoroid-1.jpeg","contentUrl":"https:\/\/endormoonstore.com\/wp-content\/uploads\/2022\/06\/Justice-Helltaker-Nendoroid-1.jpeg","width":730,"height":900},{"@type":"BreadcrumbList","@id":"https:\/\/endormoonstore.com\/en\/justice-helltaker-nendoroid\/#breadcrumb","itemListElement":[{"@type":"ListItem","position":1,"name":"Shop","item":"https:\/\/endormoonstore.com\/en\/shop\/"},{"@type":"ListItem","position":2,"name":"Justice Helltaker Nendoroid"}]},{"@type":"WebSite","@id":"https:\/\/endormoonstore.com\/#website","url":"https:\/\/endormoonstore.com\/","name":"EndormoonStore","description":"","potentialAction":[{"@type":"SearchAction","target":{"@type":"EntryPoint","urlTemplate":"https:\/\/endormoonstore.com\/?s={search_term_string}"},"query-input":{"@type":"PropertyValueSpecification","valueRequired":true,"valueName":"search_term_string"}}],"inLanguage":"en-US"}]}},"taxonomy_info":{"product_cat":[{"value":1390,"label":"Figures"}],"pa_brand":[{"value":2081,"label":"Good Smile Company"}],"pa_character":[{"value":13096,"label":"Justice"}],"pa_license":[{"value":13098,"label":"Helltaker"}],"pa_product-type":[{"value":2387,"label":"Figure"}],"pa_theme":[{"value":1861,"label":"Nendoroid"}]},"featured_image_src_large":["https:\/\/endormoonstore.com\/wp-content\/uploads\/2022\/06\/Justice-Helltaker-Nendoroid-1.jpeg",730,900,false],"author_info":[],"comment_info":"","_links":{"self":[{"href":"https:\/\/endormoonstore.com\/en\/wp-json\/wp\/v2\/product\/136785","targetHints":{"allow":["GET"]}}],"collection":[{"href":"https:\/\/endormoonstore.com\/en\/wp-json\/wp\/v2\/product"}],"about":[{"href":"https:\/\/endormoonstore.com\/en\/wp-json\/wp\/v2\/types\/product"}],"wp:featuredmedia":[{"embeddable":true,"href":"https:\/\/endormoonstore.com\/en\/wp-json\/wp\/v2\/media\/136772"}],"wp:attachment":[{"href":"https:\/\/endormoonstore.com\/en\/wp-json\/wp\/v2\/media?parent=136785"}],"wp:term":[{"taxonomy":"product_cat","embeddable":true,"href":"https:\/\/endormoonstore.com\/en\/wp-json\/wp\/v2\/product_cat?post=136785"},{"taxonomy":"product_tag","embeddable":true,"href":"https:\/\/endormoonstore.com\/en\/wp-json\/wp\/v2\/product_tag?post=136785"}],"curies":[{"name":"wp","href":"https:\/\/api.w.org\/{rel}","templated":true}]}}