{"id":136532,"date":"2022-06-26T23:06:25","date_gmt":"2022-06-26T21:06:25","guid":{"rendered":"https:\/\/endormoonstore.com\/sakura-haruno-naruto-shippuden-nendoroid\/"},"modified":"2023-02-16T12:14:40","modified_gmt":"2023-02-16T11:14:40","slug":"sakura-haruno-naruto-shippuden-nendoroid","status":"publish","type":"product","link":"https:\/\/endormoonstore.com\/en\/sakura-haruno-naruto-shippuden-nendoroid\/","title":{"rendered":"Sakura Haruno Naruto Shippuden Nendoroid"},"content":{"rendered":"<p><strong>Sakura Haruno Naruto Shippuden Nendoroid<\/strong><\/p>\n<ul>\n<li>De la popular serie de anime &#8220;Naruto Shippuden&#8221; llega una nueva versi\u00f3n del Nendoroid de Sakura Haruno. \u00a1Equipo 7, revivido en tama\u00f1o Nendoroid!<\/li>\n<li>Viene con tres expresiones faciales que incluyen una expresi\u00f3n sonriente, una expresi\u00f3n avergonzada y su cl\u00e1sico &#8220;\u00a1Chaaaaa!&#8221;<\/li>\n<li>Sakura viene con una selecci\u00f3n de partes alternativas de brazos y piernas que permiten todo tipo de poses acrob\u00e1ticas, as\u00ed como una hoja de fondo especial que presenta su invocaci\u00f3n personal, \u00a1Katsuyu!<\/li>\n<li>Con el lanzamiento de Sakura, todos los miembros originales del Equipo 7 se han unido a la serie Nendoroid, \u00a1as\u00ed que aseg\u00farate de mostrarlos todos juntos!<\/li>\n<li>Otras figuras de la serie se vende por separado.<\/li>\n<\/ul>\n","protected":false},"excerpt":{"rendered":"<p><strong>Sakura Haruno Naruto Shippuden Nendoroid<\/strong><\/p>\n<p>De la popular serie de anime &#8220;Naruto Shippuden&#8221; llega una nueva versi\u00f3n del Nendoroid de Sakura Haruno. \u00a1Equipo 7, revivido en tama\u00f1o Nendoroid!<\/p>\n","protected":false},"featured_media":136522,"template":"","meta":{"_acf_changed":false,"_kad_blocks_custom_css":"","_kad_blocks_head_custom_js":"","_kad_blocks_body_custom_js":"","_kad_blocks_footer_custom_js":""},"product_cat":[1390],"product_tag":[],"class_list":{"0":"post-136532","1":"product","2":"type-product","3":"status-publish","4":"has-post-thumbnail","6":"product_cat-figures","7":"pa_brand-good-smile-company-en","8":"pa_character-sakura-haruno-en","9":"pa_license-naruto-en","10":"pa_product-type-figure","11":"pa_theme-nendoroid-en","13":"first","14":"instock","15":"sale","16":"taxable","17":"shipping-taxable","18":"purchasable","19":"product-type-simple"},"acf":[],"yoast_head":"<!-- This site is optimized with the Yoast SEO plugin v26.1.1 - https:\/\/yoast.com\/wordpress\/plugins\/seo\/ -->\n<title>Sakura Haruno Naruto Shippuden Nendoroid - EndormoonStore<\/title>\n<meta name=\"robots\" content=\"index, follow, max-snippet:-1, max-image-preview:large, max-video-preview:-1\" \/>\n<link rel=\"canonical\" href=\"https:\/\/endormoonstore.com\/en\/sakura-haruno-naruto-shippuden-nendoroid\/\" \/>\n<meta property=\"og:locale\" content=\"en_US\" \/>\n<meta property=\"og:type\" content=\"article\" \/>\n<meta property=\"og:title\" content=\"Sakura Haruno Naruto Shippuden Nendoroid - EndormoonStore\" \/>\n<meta property=\"og:description\" content=\"Sakura Haruno Naruto Shippuden Nendoroid  De la popular serie de anime &quot;Naruto Shippuden&quot; llega una nueva versi\u00f3n del Nendoroid de Sakura Haruno. \u00a1Equipo 7, revivido en tama\u00f1o Nendoroid!\" \/>\n<meta property=\"og:url\" content=\"https:\/\/endormoonstore.com\/en\/sakura-haruno-naruto-shippuden-nendoroid\/\" \/>\n<meta property=\"og:site_name\" content=\"EndormoonStore\" \/>\n<meta property=\"article:modified_time\" content=\"2023-02-16T11:14:40+00:00\" \/>\n<meta property=\"og:image\" content=\"https:\/\/endormoonstore.com\/wp-content\/uploads\/2022\/06\/Sakura-Haruno-aruto-Shippuden-Nendoroid-1.jpeg\" \/>\n\t<meta property=\"og:image:width\" content=\"730\" \/>\n\t<meta property=\"og:image:height\" content=\"900\" \/>\n\t<meta property=\"og:image:type\" content=\"image\/jpeg\" \/>\n<meta name=\"twitter:card\" content=\"summary_large_image\" \/>\n<meta name=\"twitter:label1\" content=\"Est. reading time\" \/>\n\t<meta name=\"twitter:data1\" content=\"1 minute\" \/>\n<script type=\"application\/ld+json\" class=\"yoast-schema-graph\">{\"@context\":\"https:\/\/schema.org\",\"@graph\":[{\"@type\":\"WebPage\",\"@id\":\"https:\/\/endormoonstore.com\/en\/sakura-haruno-naruto-shippuden-nendoroid\/\",\"url\":\"https:\/\/endormoonstore.com\/en\/sakura-haruno-naruto-shippuden-nendoroid\/\",\"name\":\"Sakura Haruno Naruto Shippuden Nendoroid - EndormoonStore\",\"isPartOf\":{\"@id\":\"https:\/\/endormoonstore.com\/#website\"},\"primaryImageOfPage\":{\"@id\":\"https:\/\/endormoonstore.com\/en\/sakura-haruno-naruto-shippuden-nendoroid\/#primaryimage\"},\"image\":{\"@id\":\"https:\/\/endormoonstore.com\/en\/sakura-haruno-naruto-shippuden-nendoroid\/#primaryimage\"},\"thumbnailUrl\":\"https:\/\/endormoonstore.com\/wp-content\/uploads\/2022\/06\/Sakura-Haruno-aruto-Shippuden-Nendoroid-1.jpeg\",\"datePublished\":\"2022-06-26T21:06:25+00:00\",\"dateModified\":\"2023-02-16T11:14:40+00:00\",\"breadcrumb\":{\"@id\":\"https:\/\/endormoonstore.com\/en\/sakura-haruno-naruto-shippuden-nendoroid\/#breadcrumb\"},\"inLanguage\":\"en-US\",\"potentialAction\":[{\"@type\":\"ReadAction\",\"target\":[\"https:\/\/endormoonstore.com\/en\/sakura-haruno-naruto-shippuden-nendoroid\/\"]}]},{\"@type\":\"ImageObject\",\"inLanguage\":\"en-US\",\"@id\":\"https:\/\/endormoonstore.com\/en\/sakura-haruno-naruto-shippuden-nendoroid\/#primaryimage\",\"url\":\"https:\/\/endormoonstore.com\/wp-content\/uploads\/2022\/06\/Sakura-Haruno-aruto-Shippuden-Nendoroid-1.jpeg\",\"contentUrl\":\"https:\/\/endormoonstore.com\/wp-content\/uploads\/2022\/06\/Sakura-Haruno-aruto-Shippuden-Nendoroid-1.jpeg\",\"width\":730,\"height\":900},{\"@type\":\"BreadcrumbList\",\"@id\":\"https:\/\/endormoonstore.com\/en\/sakura-haruno-naruto-shippuden-nendoroid\/#breadcrumb\",\"itemListElement\":[{\"@type\":\"ListItem\",\"position\":1,\"name\":\"Shop\",\"item\":\"https:\/\/endormoonstore.com\/en\/shop\/\"},{\"@type\":\"ListItem\",\"position\":2,\"name\":\"Sakura Haruno Naruto Shippuden Nendoroid\"}]},{\"@type\":\"WebSite\",\"@id\":\"https:\/\/endormoonstore.com\/#website\",\"url\":\"https:\/\/endormoonstore.com\/\",\"name\":\"EndormoonStore\",\"description\":\"\",\"potentialAction\":[{\"@type\":\"SearchAction\",\"target\":{\"@type\":\"EntryPoint\",\"urlTemplate\":\"https:\/\/endormoonstore.com\/?s={search_term_string}\"},\"query-input\":{\"@type\":\"PropertyValueSpecification\",\"valueRequired\":true,\"valueName\":\"search_term_string\"}}],\"inLanguage\":\"en-US\"}]}<\/script>\n<!-- \/ Yoast SEO plugin. -->","yoast_head_json":{"title":"Sakura Haruno Naruto Shippuden Nendoroid - EndormoonStore","robots":{"index":"index","follow":"follow","max-snippet":"max-snippet:-1","max-image-preview":"max-image-preview:large","max-video-preview":"max-video-preview:-1"},"canonical":"https:\/\/endormoonstore.com\/en\/sakura-haruno-naruto-shippuden-nendoroid\/","og_locale":"en_US","og_type":"article","og_title":"Sakura Haruno Naruto Shippuden Nendoroid - EndormoonStore","og_description":"Sakura Haruno Naruto Shippuden Nendoroid  De la popular serie de anime \"Naruto Shippuden\" llega una nueva versi\u00f3n del Nendoroid de Sakura Haruno. \u00a1Equipo 7, revivido en tama\u00f1o Nendoroid!","og_url":"https:\/\/endormoonstore.com\/en\/sakura-haruno-naruto-shippuden-nendoroid\/","og_site_name":"EndormoonStore","article_modified_time":"2023-02-16T11:14:40+00:00","og_image":[{"width":730,"height":900,"url":"https:\/\/endormoonstore.com\/wp-content\/uploads\/2022\/06\/Sakura-Haruno-aruto-Shippuden-Nendoroid-1.jpeg","type":"image\/jpeg"}],"twitter_card":"summary_large_image","twitter_misc":{"Est. reading time":"1 minute"},"schema":{"@context":"https:\/\/schema.org","@graph":[{"@type":"WebPage","@id":"https:\/\/endormoonstore.com\/en\/sakura-haruno-naruto-shippuden-nendoroid\/","url":"https:\/\/endormoonstore.com\/en\/sakura-haruno-naruto-shippuden-nendoroid\/","name":"Sakura Haruno Naruto Shippuden Nendoroid - EndormoonStore","isPartOf":{"@id":"https:\/\/endormoonstore.com\/#website"},"primaryImageOfPage":{"@id":"https:\/\/endormoonstore.com\/en\/sakura-haruno-naruto-shippuden-nendoroid\/#primaryimage"},"image":{"@id":"https:\/\/endormoonstore.com\/en\/sakura-haruno-naruto-shippuden-nendoroid\/#primaryimage"},"thumbnailUrl":"https:\/\/endormoonstore.com\/wp-content\/uploads\/2022\/06\/Sakura-Haruno-aruto-Shippuden-Nendoroid-1.jpeg","datePublished":"2022-06-26T21:06:25+00:00","dateModified":"2023-02-16T11:14:40+00:00","breadcrumb":{"@id":"https:\/\/endormoonstore.com\/en\/sakura-haruno-naruto-shippuden-nendoroid\/#breadcrumb"},"inLanguage":"en-US","potentialAction":[{"@type":"ReadAction","target":["https:\/\/endormoonstore.com\/en\/sakura-haruno-naruto-shippuden-nendoroid\/"]}]},{"@type":"ImageObject","inLanguage":"en-US","@id":"https:\/\/endormoonstore.com\/en\/sakura-haruno-naruto-shippuden-nendoroid\/#primaryimage","url":"https:\/\/endormoonstore.com\/wp-content\/uploads\/2022\/06\/Sakura-Haruno-aruto-Shippuden-Nendoroid-1.jpeg","contentUrl":"https:\/\/endormoonstore.com\/wp-content\/uploads\/2022\/06\/Sakura-Haruno-aruto-Shippuden-Nendoroid-1.jpeg","width":730,"height":900},{"@type":"BreadcrumbList","@id":"https:\/\/endormoonstore.com\/en\/sakura-haruno-naruto-shippuden-nendoroid\/#breadcrumb","itemListElement":[{"@type":"ListItem","position":1,"name":"Shop","item":"https:\/\/endormoonstore.com\/en\/shop\/"},{"@type":"ListItem","position":2,"name":"Sakura Haruno Naruto Shippuden Nendoroid"}]},{"@type":"WebSite","@id":"https:\/\/endormoonstore.com\/#website","url":"https:\/\/endormoonstore.com\/","name":"EndormoonStore","description":"","potentialAction":[{"@type":"SearchAction","target":{"@type":"EntryPoint","urlTemplate":"https:\/\/endormoonstore.com\/?s={search_term_string}"},"query-input":{"@type":"PropertyValueSpecification","valueRequired":true,"valueName":"search_term_string"}}],"inLanguage":"en-US"}]}},"taxonomy_info":{"product_cat":[{"value":1390,"label":"Figures"}],"pa_brand":[{"value":2081,"label":"Good Smile Company"}],"pa_character":[{"value":11175,"label":"Sakura Haruno"}],"pa_license":[{"value":2948,"label":"Naruto"}],"pa_product-type":[{"value":2387,"label":"Figure"}],"pa_theme":[{"value":1861,"label":"Nendoroid"}]},"featured_image_src_large":["https:\/\/endormoonstore.com\/wp-content\/uploads\/2022\/06\/Sakura-Haruno-aruto-Shippuden-Nendoroid-1.jpeg",730,900,false],"author_info":[],"comment_info":"","_links":{"self":[{"href":"https:\/\/endormoonstore.com\/en\/wp-json\/wp\/v2\/product\/136532","targetHints":{"allow":["GET"]}}],"collection":[{"href":"https:\/\/endormoonstore.com\/en\/wp-json\/wp\/v2\/product"}],"about":[{"href":"https:\/\/endormoonstore.com\/en\/wp-json\/wp\/v2\/types\/product"}],"wp:featuredmedia":[{"embeddable":true,"href":"https:\/\/endormoonstore.com\/en\/wp-json\/wp\/v2\/media\/136522"}],"wp:attachment":[{"href":"https:\/\/endormoonstore.com\/en\/wp-json\/wp\/v2\/media?parent=136532"}],"wp:term":[{"taxonomy":"product_cat","embeddable":true,"href":"https:\/\/endormoonstore.com\/en\/wp-json\/wp\/v2\/product_cat?post=136532"},{"taxonomy":"product_tag","embeddable":true,"href":"https:\/\/endormoonstore.com\/en\/wp-json\/wp\/v2\/product_tag?post=136532"}],"curies":[{"name":"wp","href":"https:\/\/api.w.org\/{rel}","templated":true}]}}