{"id":135854,"date":"2022-06-21T19:07:39","date_gmt":"2022-06-21T17:07:39","guid":{"rendered":"https:\/\/endormoonstore.com\/g-i-joe-retro-collection-duke-vs-cobra-commander-2-pack\/"},"modified":"2022-12-08T15:56:57","modified_gmt":"2022-12-08T14:56:57","slug":"g-i-joe-retro-collection-duke-vs-cobra-commander-2-pack","status":"publish","type":"product","link":"https:\/\/endormoonstore.com\/en\/g-i-joe-retro-collection-duke-vs-cobra-commander-2-pack\/","title":{"rendered":"G.I. Joe Retro Collection Duke Vs. Cobra Commander 2-Pack"},"content":{"rendered":"<p><strong>G.I. Joe Retro Collection Duke Vs. Cobra Commander 2-Pack<\/strong><\/p>\n<ul>\n<li>Duke se lanza a la batalla liderando el equipo de misi\u00f3n especial GI Joe contra las fuerzas malvadas de Cobra Commander, un l\u00edder fan\u00e1tico empe\u00f1ado en dominar el mundo.<\/li>\n<li>Hasbro presenta dentro de la colecci\u00f3n Retro este set doble coleccionable de Duke y Comandante Cobra escala de 9.5 cm con base soporte y accesorios.<\/li>\n<li>Celebra el 40.\u00ba aniversario de la serie animada G.I. Joe: A Real American Hero de 1982 con este set de 2 figuras en sus propios embalajes Retro.<\/li>\n<li>Las figuras incluyen accesorios para personalizar cada una de las dos.<\/li>\n<\/ul>\n<p>&nbsp;<\/p>\n","protected":false},"excerpt":{"rendered":"<p><strong>G.I. Joe Retro Collection Duke Vs. Cobra Commander 2-Pack<\/strong><\/p>\n<p>Duke se lanza a la batalla liderando el equipo de misi\u00f3n especial GI Joe contra las fuerzas malvadas de Cobra Commander, un l\u00edder fan\u00e1tico empe\u00f1ado en dominar el mundo.<\/p>\n","protected":false},"featured_media":135837,"template":"","meta":{"_acf_changed":false,"_kad_blocks_custom_css":"","_kad_blocks_head_custom_js":"","_kad_blocks_body_custom_js":"","_kad_blocks_footer_custom_js":""},"product_cat":[1390],"product_tag":[],"class_list":{"0":"post-135854","1":"product","2":"type-product","3":"status-publish","4":"has-post-thumbnail","6":"product_cat-figures","7":"pa_brand-hasbro-en","8":"pa_character-cobra-commander-en","9":"pa_character-duke-en","10":"pa_license-g-i-joe-en","11":"pa_product-type-figure","12":"pa_theme-g-i-joe-retro-figure-en","14":"first","15":"instock","16":"taxable","17":"shipping-taxable","18":"purchasable","19":"product-type-simple"},"acf":[],"yoast_head":"<!-- This site is optimized with the Yoast SEO plugin v26.1.1 - https:\/\/yoast.com\/wordpress\/plugins\/seo\/ -->\n<title>G.I. Joe Retro Collection Duke Vs. Cobra Commander 2-Pack - EndormoonStore<\/title>\n<meta name=\"robots\" content=\"index, follow, max-snippet:-1, max-image-preview:large, max-video-preview:-1\" \/>\n<link rel=\"canonical\" href=\"https:\/\/endormoonstore.com\/en\/g-i-joe-retro-collection-duke-vs-cobra-commander-2-pack\/\" \/>\n<meta property=\"og:locale\" content=\"en_US\" \/>\n<meta property=\"og:type\" content=\"article\" \/>\n<meta property=\"og:title\" content=\"G.I. Joe Retro Collection Duke Vs. Cobra Commander 2-Pack - EndormoonStore\" \/>\n<meta property=\"og:description\" content=\"G.I. Joe Retro Collection Duke Vs. Cobra Commander 2-Pack  Duke se lanza a la batalla liderando el equipo de misi\u00f3n especial GI Joe contra las fuerzas malvadas de Cobra Commander, un l\u00edder fan\u00e1tico empe\u00f1ado en dominar el mundo.\" \/>\n<meta property=\"og:url\" content=\"https:\/\/endormoonstore.com\/en\/g-i-joe-retro-collection-duke-vs-cobra-commander-2-pack\/\" \/>\n<meta property=\"og:site_name\" content=\"EndormoonStore\" \/>\n<meta property=\"article:modified_time\" content=\"2022-12-08T14:56:57+00:00\" \/>\n<meta property=\"og:image\" content=\"https:\/\/endormoonstore.com\/wp-content\/uploads\/2022\/06\/G.I.-Joe-Retro-Collection-Duke-Vs.-Cobra-Commander-1.jpg\" \/>\n\t<meta property=\"og:image:width\" content=\"1000\" \/>\n\t<meta property=\"og:image:height\" content=\"1000\" \/>\n\t<meta property=\"og:image:type\" content=\"image\/jpeg\" \/>\n<meta name=\"twitter:card\" content=\"summary_large_image\" \/>\n<meta name=\"twitter:label1\" content=\"Est. reading time\" \/>\n\t<meta name=\"twitter:data1\" content=\"1 minute\" \/>\n<script type=\"application\/ld+json\" class=\"yoast-schema-graph\">{\"@context\":\"https:\/\/schema.org\",\"@graph\":[{\"@type\":\"WebPage\",\"@id\":\"https:\/\/endormoonstore.com\/en\/g-i-joe-retro-collection-duke-vs-cobra-commander-2-pack\/\",\"url\":\"https:\/\/endormoonstore.com\/en\/g-i-joe-retro-collection-duke-vs-cobra-commander-2-pack\/\",\"name\":\"G.I. Joe Retro Collection Duke Vs. Cobra Commander 2-Pack - EndormoonStore\",\"isPartOf\":{\"@id\":\"https:\/\/endormoonstore.com\/#website\"},\"primaryImageOfPage\":{\"@id\":\"https:\/\/endormoonstore.com\/en\/g-i-joe-retro-collection-duke-vs-cobra-commander-2-pack\/#primaryimage\"},\"image\":{\"@id\":\"https:\/\/endormoonstore.com\/en\/g-i-joe-retro-collection-duke-vs-cobra-commander-2-pack\/#primaryimage\"},\"thumbnailUrl\":\"https:\/\/endormoonstore.com\/wp-content\/uploads\/2022\/06\/G.I.-Joe-Retro-Collection-Duke-Vs.-Cobra-Commander-1.jpg\",\"datePublished\":\"2022-06-21T17:07:39+00:00\",\"dateModified\":\"2022-12-08T14:56:57+00:00\",\"breadcrumb\":{\"@id\":\"https:\/\/endormoonstore.com\/en\/g-i-joe-retro-collection-duke-vs-cobra-commander-2-pack\/#breadcrumb\"},\"inLanguage\":\"en-US\",\"potentialAction\":[{\"@type\":\"ReadAction\",\"target\":[\"https:\/\/endormoonstore.com\/en\/g-i-joe-retro-collection-duke-vs-cobra-commander-2-pack\/\"]}]},{\"@type\":\"ImageObject\",\"inLanguage\":\"en-US\",\"@id\":\"https:\/\/endormoonstore.com\/en\/g-i-joe-retro-collection-duke-vs-cobra-commander-2-pack\/#primaryimage\",\"url\":\"https:\/\/endormoonstore.com\/wp-content\/uploads\/2022\/06\/G.I.-Joe-Retro-Collection-Duke-Vs.-Cobra-Commander-1.jpg\",\"contentUrl\":\"https:\/\/endormoonstore.com\/wp-content\/uploads\/2022\/06\/G.I.-Joe-Retro-Collection-Duke-Vs.-Cobra-Commander-1.jpg\",\"width\":1000,\"height\":1000},{\"@type\":\"BreadcrumbList\",\"@id\":\"https:\/\/endormoonstore.com\/en\/g-i-joe-retro-collection-duke-vs-cobra-commander-2-pack\/#breadcrumb\",\"itemListElement\":[{\"@type\":\"ListItem\",\"position\":1,\"name\":\"Shop\",\"item\":\"https:\/\/endormoonstore.com\/en\/shop\/\"},{\"@type\":\"ListItem\",\"position\":2,\"name\":\"G.I. Joe Retro Collection Duke Vs. Cobra Commander 2-Pack\"}]},{\"@type\":\"WebSite\",\"@id\":\"https:\/\/endormoonstore.com\/#website\",\"url\":\"https:\/\/endormoonstore.com\/\",\"name\":\"EndormoonStore\",\"description\":\"\",\"potentialAction\":[{\"@type\":\"SearchAction\",\"target\":{\"@type\":\"EntryPoint\",\"urlTemplate\":\"https:\/\/endormoonstore.com\/?s={search_term_string}\"},\"query-input\":{\"@type\":\"PropertyValueSpecification\",\"valueRequired\":true,\"valueName\":\"search_term_string\"}}],\"inLanguage\":\"en-US\"}]}<\/script>\n<!-- \/ Yoast SEO plugin. -->","yoast_head_json":{"title":"G.I. Joe Retro Collection Duke Vs. Cobra Commander 2-Pack - EndormoonStore","robots":{"index":"index","follow":"follow","max-snippet":"max-snippet:-1","max-image-preview":"max-image-preview:large","max-video-preview":"max-video-preview:-1"},"canonical":"https:\/\/endormoonstore.com\/en\/g-i-joe-retro-collection-duke-vs-cobra-commander-2-pack\/","og_locale":"en_US","og_type":"article","og_title":"G.I. Joe Retro Collection Duke Vs. Cobra Commander 2-Pack - EndormoonStore","og_description":"G.I. Joe Retro Collection Duke Vs. Cobra Commander 2-Pack  Duke se lanza a la batalla liderando el equipo de misi\u00f3n especial GI Joe contra las fuerzas malvadas de Cobra Commander, un l\u00edder fan\u00e1tico empe\u00f1ado en dominar el mundo.","og_url":"https:\/\/endormoonstore.com\/en\/g-i-joe-retro-collection-duke-vs-cobra-commander-2-pack\/","og_site_name":"EndormoonStore","article_modified_time":"2022-12-08T14:56:57+00:00","og_image":[{"width":1000,"height":1000,"url":"https:\/\/endormoonstore.com\/wp-content\/uploads\/2022\/06\/G.I.-Joe-Retro-Collection-Duke-Vs.-Cobra-Commander-1.jpg","type":"image\/jpeg"}],"twitter_card":"summary_large_image","twitter_misc":{"Est. reading time":"1 minute"},"schema":{"@context":"https:\/\/schema.org","@graph":[{"@type":"WebPage","@id":"https:\/\/endormoonstore.com\/en\/g-i-joe-retro-collection-duke-vs-cobra-commander-2-pack\/","url":"https:\/\/endormoonstore.com\/en\/g-i-joe-retro-collection-duke-vs-cobra-commander-2-pack\/","name":"G.I. Joe Retro Collection Duke Vs. Cobra Commander 2-Pack - EndormoonStore","isPartOf":{"@id":"https:\/\/endormoonstore.com\/#website"},"primaryImageOfPage":{"@id":"https:\/\/endormoonstore.com\/en\/g-i-joe-retro-collection-duke-vs-cobra-commander-2-pack\/#primaryimage"},"image":{"@id":"https:\/\/endormoonstore.com\/en\/g-i-joe-retro-collection-duke-vs-cobra-commander-2-pack\/#primaryimage"},"thumbnailUrl":"https:\/\/endormoonstore.com\/wp-content\/uploads\/2022\/06\/G.I.-Joe-Retro-Collection-Duke-Vs.-Cobra-Commander-1.jpg","datePublished":"2022-06-21T17:07:39+00:00","dateModified":"2022-12-08T14:56:57+00:00","breadcrumb":{"@id":"https:\/\/endormoonstore.com\/en\/g-i-joe-retro-collection-duke-vs-cobra-commander-2-pack\/#breadcrumb"},"inLanguage":"en-US","potentialAction":[{"@type":"ReadAction","target":["https:\/\/endormoonstore.com\/en\/g-i-joe-retro-collection-duke-vs-cobra-commander-2-pack\/"]}]},{"@type":"ImageObject","inLanguage":"en-US","@id":"https:\/\/endormoonstore.com\/en\/g-i-joe-retro-collection-duke-vs-cobra-commander-2-pack\/#primaryimage","url":"https:\/\/endormoonstore.com\/wp-content\/uploads\/2022\/06\/G.I.-Joe-Retro-Collection-Duke-Vs.-Cobra-Commander-1.jpg","contentUrl":"https:\/\/endormoonstore.com\/wp-content\/uploads\/2022\/06\/G.I.-Joe-Retro-Collection-Duke-Vs.-Cobra-Commander-1.jpg","width":1000,"height":1000},{"@type":"BreadcrumbList","@id":"https:\/\/endormoonstore.com\/en\/g-i-joe-retro-collection-duke-vs-cobra-commander-2-pack\/#breadcrumb","itemListElement":[{"@type":"ListItem","position":1,"name":"Shop","item":"https:\/\/endormoonstore.com\/en\/shop\/"},{"@type":"ListItem","position":2,"name":"G.I. Joe Retro Collection Duke Vs. Cobra Commander 2-Pack"}]},{"@type":"WebSite","@id":"https:\/\/endormoonstore.com\/#website","url":"https:\/\/endormoonstore.com\/","name":"EndormoonStore","description":"","potentialAction":[{"@type":"SearchAction","target":{"@type":"EntryPoint","urlTemplate":"https:\/\/endormoonstore.com\/?s={search_term_string}"},"query-input":{"@type":"PropertyValueSpecification","valueRequired":true,"valueName":"search_term_string"}}],"inLanguage":"en-US"}]}},"taxonomy_info":{"product_cat":[{"value":1390,"label":"Figures"}],"pa_brand":[{"value":2084,"label":"Hasbro"}],"pa_character":[{"value":4769,"label":"Cobra Commander"},{"value":4763,"label":"Duke"}],"pa_license":[{"value":3032,"label":"G.I.Joe"}],"pa_product-type":[{"value":2387,"label":"Figure"}],"pa_theme":[{"value":3662,"label":"G.I.Joe Retro Figure"}]},"featured_image_src_large":["https:\/\/endormoonstore.com\/wp-content\/uploads\/2022\/06\/G.I.-Joe-Retro-Collection-Duke-Vs.-Cobra-Commander-1.jpg",1000,1000,false],"author_info":[],"comment_info":"","_links":{"self":[{"href":"https:\/\/endormoonstore.com\/en\/wp-json\/wp\/v2\/product\/135854","targetHints":{"allow":["GET"]}}],"collection":[{"href":"https:\/\/endormoonstore.com\/en\/wp-json\/wp\/v2\/product"}],"about":[{"href":"https:\/\/endormoonstore.com\/en\/wp-json\/wp\/v2\/types\/product"}],"wp:featuredmedia":[{"embeddable":true,"href":"https:\/\/endormoonstore.com\/en\/wp-json\/wp\/v2\/media\/135837"}],"wp:attachment":[{"href":"https:\/\/endormoonstore.com\/en\/wp-json\/wp\/v2\/media?parent=135854"}],"wp:term":[{"taxonomy":"product_cat","embeddable":true,"href":"https:\/\/endormoonstore.com\/en\/wp-json\/wp\/v2\/product_cat?post=135854"},{"taxonomy":"product_tag","embeddable":true,"href":"https:\/\/endormoonstore.com\/en\/wp-json\/wp\/v2\/product_tag?post=135854"}],"curies":[{"name":"wp","href":"https:\/\/api.w.org\/{rel}","templated":true}]}}