{"id":135688,"date":"2022-06-20T12:55:48","date_gmt":"2022-06-20T10:55:48","guid":{"rendered":"https:\/\/endormoonstore.com\/star-wars-obi-wan-kenobi-l0-la59-lola-animatronic-edition\/"},"modified":"2022-11-02T12:07:17","modified_gmt":"2022-11-02T11:07:17","slug":"star-wars-obi-wan-kenobi-l0-la59-lola-animatronic-edition","status":"publish","type":"product","link":"https:\/\/endormoonstore.com\/en\/star-wars-obi-wan-kenobi-l0-la59-lola-animatronic-edition\/","title":{"rendered":"Star Wars Obi-Wan Kenobi L0-LA59 (Lola) Animatronic Edition"},"content":{"rendered":"<p class=\"p1\"><strong>Star Wars Obi-Wan Kenobi L0-LA59 (Lola) Animatronic Edition<\/strong><\/p>\n<ul class=\"ul1\">\n<li class=\"li1\">Hasbro presenta la edici\u00f3n animatr\u00f3nica de la adorable droide L0-LA59 (Lola) e imaginar escenas emblem\u00e1ticas de la galaxia de Star Wars.<\/li>\n<li class=\"li1\">Mas de 45 combinaciones de luces, sonidos y movimientos.<\/li>\n<li class=\"li1\">Toca el sensor en la cabeza de L0-LA59 y activa m\u00e1s de 45 combinaciones de luces, sonidos y movimientos a trav\u00e9s de 3 modos \u00fanicos.<\/li>\n<li>Incluso responde a los ruidos de fondo con una serie de luces, sonidos y movimientos.<\/li>\n<li class=\"li1\">Activa el Modo Acompa\u00f1ante fij\u00e1ndola en la base con patas, el Modo Flotaci\u00f3n fij\u00e1ndola en la base transparente y el Modo Port\u00e1til retir\u00e1ndola de cualquiera de las dos bases y jugando a que recorre la galaxia.<\/li>\n<li class=\"li1\">En los Modos Acompa\u00f1ante y Flotaci\u00f3n, este juguete de Star Wars abre y cierra la boca, mueve los paneles en la parte superior de su cabeza e inclina la cabeza de lado a lado.<\/li>\n<li class=\"li1\">Se Requieren 4 pilas Alcalinas AA LR6 de 1,5 V. Bater\u00edas no incluidas.<\/li>\n<\/ul>\n","protected":false},"excerpt":{"rendered":"<p class=\"p1\"><strong>Star Wars Obi-Wan Kenobi L0-LA59 (Lola) Animatronic Edition<\/strong><\/p>\n<p class=\"p1\">Hasbro presenta la edici\u00f3n animatr\u00f3nica de la adorable droide L0-LA59 (Lola) e imaginar escenas emblem\u00e1ticas de la galaxia de Star Wars.<\/p>\n","protected":false},"featured_media":135639,"template":"","meta":{"_acf_changed":false,"_kad_blocks_custom_css":"","_kad_blocks_head_custom_js":"","_kad_blocks_body_custom_js":"","_kad_blocks_footer_custom_js":""},"product_cat":[1390],"product_tag":[],"class_list":{"0":"post-135688","1":"product","2":"type-product","3":"status-publish","4":"has-post-thumbnail","6":"product_cat-figures","7":"pa_brand-hasbro-en","8":"pa_character-l0-la59-en","9":"pa_episode-star-wars-obi-wan-kenobi-en","10":"pa_license-star-wars-en","11":"pa_product-type-replica-en","13":"first","14":"instock","15":"taxable","16":"shipping-taxable","17":"purchasable","18":"product-type-simple"},"acf":[],"yoast_head":"<!-- This site is optimized with the Yoast SEO plugin v26.1.1 - https:\/\/yoast.com\/wordpress\/plugins\/seo\/ -->\n<title>Star Wars Obi-Wan Kenobi L0-LA59 (Lola) Animatronic Edition - EndormoonStore<\/title>\n<meta name=\"robots\" content=\"index, follow, max-snippet:-1, max-image-preview:large, max-video-preview:-1\" \/>\n<link rel=\"canonical\" href=\"https:\/\/endormoonstore.com\/en\/star-wars-obi-wan-kenobi-l0-la59-lola-animatronic-edition\/\" \/>\n<meta property=\"og:locale\" content=\"en_US\" \/>\n<meta property=\"og:type\" content=\"article\" \/>\n<meta property=\"og:title\" content=\"Star Wars Obi-Wan Kenobi L0-LA59 (Lola) Animatronic Edition - EndormoonStore\" \/>\n<meta property=\"og:description\" content=\"Star Wars Obi-Wan Kenobi L0-LA59 (Lola) Animatronic Edition Hasbro presenta la edici\u00f3n animatr\u00f3nica de la adorable droide L0-LA59 (Lola) e imaginar escenas emblem\u00e1ticas de la galaxia de Star Wars.\" \/>\n<meta property=\"og:url\" content=\"https:\/\/endormoonstore.com\/en\/star-wars-obi-wan-kenobi-l0-la59-lola-animatronic-edition\/\" \/>\n<meta property=\"og:site_name\" content=\"EndormoonStore\" \/>\n<meta property=\"article:modified_time\" content=\"2022-11-02T11:07:17+00:00\" \/>\n<meta property=\"og:image\" content=\"https:\/\/endormoonstore.com\/wp-content\/uploads\/2022\/06\/Star-Wars-L0-LA59-Lola-Animatronic-Edition-3.jpg\" \/>\n\t<meta property=\"og:image:width\" content=\"1000\" \/>\n\t<meta property=\"og:image:height\" content=\"1000\" \/>\n\t<meta property=\"og:image:type\" content=\"image\/jpeg\" \/>\n<meta name=\"twitter:card\" content=\"summary_large_image\" \/>\n<meta name=\"twitter:label1\" content=\"Est. reading time\" \/>\n\t<meta name=\"twitter:data1\" content=\"1 minute\" \/>\n<script type=\"application\/ld+json\" class=\"yoast-schema-graph\">{\"@context\":\"https:\/\/schema.org\",\"@graph\":[{\"@type\":\"WebPage\",\"@id\":\"https:\/\/endormoonstore.com\/en\/star-wars-obi-wan-kenobi-l0-la59-lola-animatronic-edition\/\",\"url\":\"https:\/\/endormoonstore.com\/en\/star-wars-obi-wan-kenobi-l0-la59-lola-animatronic-edition\/\",\"name\":\"Star Wars Obi-Wan Kenobi L0-LA59 (Lola) Animatronic Edition - EndormoonStore\",\"isPartOf\":{\"@id\":\"https:\/\/endormoonstore.com\/#website\"},\"primaryImageOfPage\":{\"@id\":\"https:\/\/endormoonstore.com\/en\/star-wars-obi-wan-kenobi-l0-la59-lola-animatronic-edition\/#primaryimage\"},\"image\":{\"@id\":\"https:\/\/endormoonstore.com\/en\/star-wars-obi-wan-kenobi-l0-la59-lola-animatronic-edition\/#primaryimage\"},\"thumbnailUrl\":\"https:\/\/endormoonstore.com\/wp-content\/uploads\/2022\/06\/Star-Wars-L0-LA59-Lola-Animatronic-Edition-3.jpg\",\"datePublished\":\"2022-06-20T10:55:48+00:00\",\"dateModified\":\"2022-11-02T11:07:17+00:00\",\"breadcrumb\":{\"@id\":\"https:\/\/endormoonstore.com\/en\/star-wars-obi-wan-kenobi-l0-la59-lola-animatronic-edition\/#breadcrumb\"},\"inLanguage\":\"en-US\",\"potentialAction\":[{\"@type\":\"ReadAction\",\"target\":[\"https:\/\/endormoonstore.com\/en\/star-wars-obi-wan-kenobi-l0-la59-lola-animatronic-edition\/\"]}]},{\"@type\":\"ImageObject\",\"inLanguage\":\"en-US\",\"@id\":\"https:\/\/endormoonstore.com\/en\/star-wars-obi-wan-kenobi-l0-la59-lola-animatronic-edition\/#primaryimage\",\"url\":\"https:\/\/endormoonstore.com\/wp-content\/uploads\/2022\/06\/Star-Wars-L0-LA59-Lola-Animatronic-Edition-3.jpg\",\"contentUrl\":\"https:\/\/endormoonstore.com\/wp-content\/uploads\/2022\/06\/Star-Wars-L0-LA59-Lola-Animatronic-Edition-3.jpg\",\"width\":1000,\"height\":1000},{\"@type\":\"BreadcrumbList\",\"@id\":\"https:\/\/endormoonstore.com\/en\/star-wars-obi-wan-kenobi-l0-la59-lola-animatronic-edition\/#breadcrumb\",\"itemListElement\":[{\"@type\":\"ListItem\",\"position\":1,\"name\":\"Shop\",\"item\":\"https:\/\/endormoonstore.com\/en\/shop\/\"},{\"@type\":\"ListItem\",\"position\":2,\"name\":\"Star Wars Obi-Wan Kenobi L0-LA59 (Lola) Animatronic Edition\"}]},{\"@type\":\"WebSite\",\"@id\":\"https:\/\/endormoonstore.com\/#website\",\"url\":\"https:\/\/endormoonstore.com\/\",\"name\":\"EndormoonStore\",\"description\":\"\",\"potentialAction\":[{\"@type\":\"SearchAction\",\"target\":{\"@type\":\"EntryPoint\",\"urlTemplate\":\"https:\/\/endormoonstore.com\/?s={search_term_string}\"},\"query-input\":{\"@type\":\"PropertyValueSpecification\",\"valueRequired\":true,\"valueName\":\"search_term_string\"}}],\"inLanguage\":\"en-US\"}]}<\/script>\n<!-- \/ Yoast SEO plugin. -->","yoast_head_json":{"title":"Star Wars Obi-Wan Kenobi L0-LA59 (Lola) Animatronic Edition - EndormoonStore","robots":{"index":"index","follow":"follow","max-snippet":"max-snippet:-1","max-image-preview":"max-image-preview:large","max-video-preview":"max-video-preview:-1"},"canonical":"https:\/\/endormoonstore.com\/en\/star-wars-obi-wan-kenobi-l0-la59-lola-animatronic-edition\/","og_locale":"en_US","og_type":"article","og_title":"Star Wars Obi-Wan Kenobi L0-LA59 (Lola) Animatronic Edition - EndormoonStore","og_description":"Star Wars Obi-Wan Kenobi L0-LA59 (Lola) Animatronic Edition Hasbro presenta la edici\u00f3n animatr\u00f3nica de la adorable droide L0-LA59 (Lola) e imaginar escenas emblem\u00e1ticas de la galaxia de Star Wars.","og_url":"https:\/\/endormoonstore.com\/en\/star-wars-obi-wan-kenobi-l0-la59-lola-animatronic-edition\/","og_site_name":"EndormoonStore","article_modified_time":"2022-11-02T11:07:17+00:00","og_image":[{"width":1000,"height":1000,"url":"https:\/\/endormoonstore.com\/wp-content\/uploads\/2022\/06\/Star-Wars-L0-LA59-Lola-Animatronic-Edition-3.jpg","type":"image\/jpeg"}],"twitter_card":"summary_large_image","twitter_misc":{"Est. reading time":"1 minute"},"schema":{"@context":"https:\/\/schema.org","@graph":[{"@type":"WebPage","@id":"https:\/\/endormoonstore.com\/en\/star-wars-obi-wan-kenobi-l0-la59-lola-animatronic-edition\/","url":"https:\/\/endormoonstore.com\/en\/star-wars-obi-wan-kenobi-l0-la59-lola-animatronic-edition\/","name":"Star Wars Obi-Wan Kenobi L0-LA59 (Lola) Animatronic Edition - EndormoonStore","isPartOf":{"@id":"https:\/\/endormoonstore.com\/#website"},"primaryImageOfPage":{"@id":"https:\/\/endormoonstore.com\/en\/star-wars-obi-wan-kenobi-l0-la59-lola-animatronic-edition\/#primaryimage"},"image":{"@id":"https:\/\/endormoonstore.com\/en\/star-wars-obi-wan-kenobi-l0-la59-lola-animatronic-edition\/#primaryimage"},"thumbnailUrl":"https:\/\/endormoonstore.com\/wp-content\/uploads\/2022\/06\/Star-Wars-L0-LA59-Lola-Animatronic-Edition-3.jpg","datePublished":"2022-06-20T10:55:48+00:00","dateModified":"2022-11-02T11:07:17+00:00","breadcrumb":{"@id":"https:\/\/endormoonstore.com\/en\/star-wars-obi-wan-kenobi-l0-la59-lola-animatronic-edition\/#breadcrumb"},"inLanguage":"en-US","potentialAction":[{"@type":"ReadAction","target":["https:\/\/endormoonstore.com\/en\/star-wars-obi-wan-kenobi-l0-la59-lola-animatronic-edition\/"]}]},{"@type":"ImageObject","inLanguage":"en-US","@id":"https:\/\/endormoonstore.com\/en\/star-wars-obi-wan-kenobi-l0-la59-lola-animatronic-edition\/#primaryimage","url":"https:\/\/endormoonstore.com\/wp-content\/uploads\/2022\/06\/Star-Wars-L0-LA59-Lola-Animatronic-Edition-3.jpg","contentUrl":"https:\/\/endormoonstore.com\/wp-content\/uploads\/2022\/06\/Star-Wars-L0-LA59-Lola-Animatronic-Edition-3.jpg","width":1000,"height":1000},{"@type":"BreadcrumbList","@id":"https:\/\/endormoonstore.com\/en\/star-wars-obi-wan-kenobi-l0-la59-lola-animatronic-edition\/#breadcrumb","itemListElement":[{"@type":"ListItem","position":1,"name":"Shop","item":"https:\/\/endormoonstore.com\/en\/shop\/"},{"@type":"ListItem","position":2,"name":"Star Wars Obi-Wan Kenobi L0-LA59 (Lola) Animatronic Edition"}]},{"@type":"WebSite","@id":"https:\/\/endormoonstore.com\/#website","url":"https:\/\/endormoonstore.com\/","name":"EndormoonStore","description":"","potentialAction":[{"@type":"SearchAction","target":{"@type":"EntryPoint","urlTemplate":"https:\/\/endormoonstore.com\/?s={search_term_string}"},"query-input":{"@type":"PropertyValueSpecification","valueRequired":true,"valueName":"search_term_string"}}],"inLanguage":"en-US"}]}},"taxonomy_info":{"product_cat":[{"value":1390,"label":"Figures"}],"pa_brand":[{"value":2084,"label":"Hasbro"}],"pa_character":[{"value":13014,"label":"L0-LA59"}],"pa_episode":[{"value":12923,"label":"Star Wars: Obi-Wan Kenobi"}],"pa_license":[{"value":1644,"label":"Star Wars"}],"pa_product-type":[{"value":4076,"label":"Replica"}]},"featured_image_src_large":["https:\/\/endormoonstore.com\/wp-content\/uploads\/2022\/06\/Star-Wars-L0-LA59-Lola-Animatronic-Edition-3.jpg",1000,1000,false],"author_info":[],"comment_info":"","_links":{"self":[{"href":"https:\/\/endormoonstore.com\/en\/wp-json\/wp\/v2\/product\/135688","targetHints":{"allow":["GET"]}}],"collection":[{"href":"https:\/\/endormoonstore.com\/en\/wp-json\/wp\/v2\/product"}],"about":[{"href":"https:\/\/endormoonstore.com\/en\/wp-json\/wp\/v2\/types\/product"}],"wp:featuredmedia":[{"embeddable":true,"href":"https:\/\/endormoonstore.com\/en\/wp-json\/wp\/v2\/media\/135639"}],"wp:attachment":[{"href":"https:\/\/endormoonstore.com\/en\/wp-json\/wp\/v2\/media?parent=135688"}],"wp:term":[{"taxonomy":"product_cat","embeddable":true,"href":"https:\/\/endormoonstore.com\/en\/wp-json\/wp\/v2\/product_cat?post=135688"},{"taxonomy":"product_tag","embeddable":true,"href":"https:\/\/endormoonstore.com\/en\/wp-json\/wp\/v2\/product_tag?post=135688"}],"curies":[{"name":"wp","href":"https:\/\/api.w.org\/{rel}","templated":true}]}}