{"id":135582,"date":"2022-06-19T21:36:59","date_gmt":"2022-06-19T19:36:59","guid":{"rendered":"https:\/\/endormoonstore.com\/star-wars-the-vintage-collection-gaming-greats-star-wars-jedi-survivor-multipack\/"},"modified":"2022-11-01T23:15:13","modified_gmt":"2022-11-01T22:15:13","slug":"star-wars-the-vintage-collection-gaming-greats-star-wars-jedi-survivor-multipack","status":"publish","type":"product","link":"https:\/\/endormoonstore.com\/en\/star-wars-the-vintage-collection-gaming-greats-star-wars-jedi-survivor-multipack\/","title":{"rendered":"Star Wars The Vintage Collection Gaming Greats Star Wars Jedi Survivor Multipack"},"content":{"rendered":"<p class=\"p1\"><strong>Star Wars The Vintage Collection Gaming Greats Star Wars Jedi Survivor Multipack<\/strong><\/p>\n<ul>\n<li>Riot Scout Troopers, KX-series Security Droids y MagnaGuards son oponentes formidables en el videojuego Star Wars Jedi: Survivor.<\/li>\n<li>Celebra el legado de Star Wars, la saga espacial llena de acci\u00f3n y aventuras de una galaxia muy, muy lejana.<\/li>\n<li>Con detalles y dise\u00f1o de primera calidad en m\u00faltiples puntos de articulaci\u00f3n inspirados en Star Wars Jedi: Survivor de unos 9,5 cm de alto cada una.<\/li>\n<li>Cada una de las tres figuras lleva sus complementos para personalizarlas.<\/li>\n<\/ul>\n","protected":false},"excerpt":{"rendered":"<p class=\"p1\"><strong>Star Wars The Vintage Collection Gaming Greats Star Wars Jedi Survivor Multipack<\/strong><\/p>\n<p class=\"p1\">Riot Scout Troopers, KX-series Security Droids y MagnaGuards son oponentes formidables en el videojuego Star Wars Jedi: Survivor.<\/p>\n","protected":false},"featured_media":135533,"template":"","meta":{"_acf_changed":false,"_kad_blocks_custom_css":"","_kad_blocks_head_custom_js":"","_kad_blocks_body_custom_js":"","_kad_blocks_footer_custom_js":""},"product_cat":[1390,15769],"product_tag":[],"class_list":{"0":"post-135582","1":"product","2":"type-product","3":"status-publish","4":"has-post-thumbnail","6":"product_cat-figures","7":"product_cat-sales","8":"pa_brand-hasbro-en","9":"pa_character-kx-series-security-droids-en","10":"pa_character-magnaguards-en","11":"pa_character-riot-scout-trooper-en","12":"pa_episode-star-wars-jedi-survivor-en","13":"pa_license-star-wars-en","14":"pa_product-type-figure","15":"pa_theme-the-vintage-collection-en","17":"first","18":"instock","19":"sale","20":"taxable","21":"shipping-taxable","22":"purchasable","23":"product-type-simple"},"acf":[],"yoast_head":"<!-- This site is optimized with the Yoast SEO plugin v26.1.1 - https:\/\/yoast.com\/wordpress\/plugins\/seo\/ -->\n<title>Star Wars The Vintage Collection Gaming Greats Star Wars Jedi Survivor Multipack - EndormoonStore<\/title>\n<meta name=\"robots\" content=\"index, follow, max-snippet:-1, max-image-preview:large, max-video-preview:-1\" \/>\n<link rel=\"canonical\" href=\"https:\/\/endormoonstore.com\/en\/star-wars-the-vintage-collection-gaming-greats-star-wars-jedi-survivor-multipack\/\" \/>\n<meta property=\"og:locale\" content=\"en_US\" \/>\n<meta property=\"og:type\" content=\"article\" \/>\n<meta property=\"og:title\" content=\"Star Wars The Vintage Collection Gaming Greats Star Wars Jedi Survivor Multipack - EndormoonStore\" \/>\n<meta property=\"og:description\" content=\"Star Wars The Vintage Collection Gaming Greats Star Wars Jedi Survivor Multipack Riot Scout Troopers, KX-series Security Droids y MagnaGuards son oponentes formidables en el videojuego Star Wars Jedi: Survivor.\" \/>\n<meta property=\"og:url\" content=\"https:\/\/endormoonstore.com\/en\/star-wars-the-vintage-collection-gaming-greats-star-wars-jedi-survivor-multipack\/\" \/>\n<meta property=\"og:site_name\" content=\"EndormoonStore\" \/>\n<meta property=\"article:modified_time\" content=\"2022-11-01T22:15:13+00:00\" \/>\n<meta property=\"og:image\" content=\"https:\/\/endormoonstore.com\/wp-content\/uploads\/2022\/06\/Star-Wars-The-Vintage-Collection-Gaming-Greats-Star-Wars-Jedi-Survivor-Multipack-1.jpg\" \/>\n\t<meta property=\"og:image:width\" content=\"1000\" \/>\n\t<meta property=\"og:image:height\" content=\"1000\" \/>\n\t<meta property=\"og:image:type\" content=\"image\/jpeg\" \/>\n<meta name=\"twitter:card\" content=\"summary_large_image\" \/>\n<meta name=\"twitter:label1\" content=\"Est. reading time\" \/>\n\t<meta name=\"twitter:data1\" content=\"1 minute\" \/>\n<script type=\"application\/ld+json\" class=\"yoast-schema-graph\">{\"@context\":\"https:\/\/schema.org\",\"@graph\":[{\"@type\":\"WebPage\",\"@id\":\"https:\/\/endormoonstore.com\/en\/star-wars-the-vintage-collection-gaming-greats-star-wars-jedi-survivor-multipack\/\",\"url\":\"https:\/\/endormoonstore.com\/en\/star-wars-the-vintage-collection-gaming-greats-star-wars-jedi-survivor-multipack\/\",\"name\":\"Star Wars The Vintage Collection Gaming Greats Star Wars Jedi Survivor Multipack - EndormoonStore\",\"isPartOf\":{\"@id\":\"https:\/\/endormoonstore.com\/#website\"},\"primaryImageOfPage\":{\"@id\":\"https:\/\/endormoonstore.com\/en\/star-wars-the-vintage-collection-gaming-greats-star-wars-jedi-survivor-multipack\/#primaryimage\"},\"image\":{\"@id\":\"https:\/\/endormoonstore.com\/en\/star-wars-the-vintage-collection-gaming-greats-star-wars-jedi-survivor-multipack\/#primaryimage\"},\"thumbnailUrl\":\"https:\/\/endormoonstore.com\/wp-content\/uploads\/2022\/06\/Star-Wars-The-Vintage-Collection-Gaming-Greats-Star-Wars-Jedi-Survivor-Multipack-1.jpg\",\"datePublished\":\"2022-06-19T19:36:59+00:00\",\"dateModified\":\"2022-11-01T22:15:13+00:00\",\"breadcrumb\":{\"@id\":\"https:\/\/endormoonstore.com\/en\/star-wars-the-vintage-collection-gaming-greats-star-wars-jedi-survivor-multipack\/#breadcrumb\"},\"inLanguage\":\"en-US\",\"potentialAction\":[{\"@type\":\"ReadAction\",\"target\":[\"https:\/\/endormoonstore.com\/en\/star-wars-the-vintage-collection-gaming-greats-star-wars-jedi-survivor-multipack\/\"]}]},{\"@type\":\"ImageObject\",\"inLanguage\":\"en-US\",\"@id\":\"https:\/\/endormoonstore.com\/en\/star-wars-the-vintage-collection-gaming-greats-star-wars-jedi-survivor-multipack\/#primaryimage\",\"url\":\"https:\/\/endormoonstore.com\/wp-content\/uploads\/2022\/06\/Star-Wars-The-Vintage-Collection-Gaming-Greats-Star-Wars-Jedi-Survivor-Multipack-1.jpg\",\"contentUrl\":\"https:\/\/endormoonstore.com\/wp-content\/uploads\/2022\/06\/Star-Wars-The-Vintage-Collection-Gaming-Greats-Star-Wars-Jedi-Survivor-Multipack-1.jpg\",\"width\":1000,\"height\":1000},{\"@type\":\"BreadcrumbList\",\"@id\":\"https:\/\/endormoonstore.com\/en\/star-wars-the-vintage-collection-gaming-greats-star-wars-jedi-survivor-multipack\/#breadcrumb\",\"itemListElement\":[{\"@type\":\"ListItem\",\"position\":1,\"name\":\"Shop\",\"item\":\"https:\/\/endormoonstore.com\/en\/shop\/\"},{\"@type\":\"ListItem\",\"position\":2,\"name\":\"Star Wars The Vintage Collection Gaming Greats Star Wars Jedi Survivor Multipack\"}]},{\"@type\":\"WebSite\",\"@id\":\"https:\/\/endormoonstore.com\/#website\",\"url\":\"https:\/\/endormoonstore.com\/\",\"name\":\"EndormoonStore\",\"description\":\"\",\"potentialAction\":[{\"@type\":\"SearchAction\",\"target\":{\"@type\":\"EntryPoint\",\"urlTemplate\":\"https:\/\/endormoonstore.com\/?s={search_term_string}\"},\"query-input\":{\"@type\":\"PropertyValueSpecification\",\"valueRequired\":true,\"valueName\":\"search_term_string\"}}],\"inLanguage\":\"en-US\"}]}<\/script>\n<!-- \/ Yoast SEO plugin. -->","yoast_head_json":{"title":"Star Wars The Vintage Collection Gaming Greats Star Wars Jedi Survivor Multipack - EndormoonStore","robots":{"index":"index","follow":"follow","max-snippet":"max-snippet:-1","max-image-preview":"max-image-preview:large","max-video-preview":"max-video-preview:-1"},"canonical":"https:\/\/endormoonstore.com\/en\/star-wars-the-vintage-collection-gaming-greats-star-wars-jedi-survivor-multipack\/","og_locale":"en_US","og_type":"article","og_title":"Star Wars The Vintage Collection Gaming Greats Star Wars Jedi Survivor Multipack - EndormoonStore","og_description":"Star Wars The Vintage Collection Gaming Greats Star Wars Jedi Survivor Multipack Riot Scout Troopers, KX-series Security Droids y MagnaGuards son oponentes formidables en el videojuego Star Wars Jedi: Survivor.","og_url":"https:\/\/endormoonstore.com\/en\/star-wars-the-vintage-collection-gaming-greats-star-wars-jedi-survivor-multipack\/","og_site_name":"EndormoonStore","article_modified_time":"2022-11-01T22:15:13+00:00","og_image":[{"width":1000,"height":1000,"url":"https:\/\/endormoonstore.com\/wp-content\/uploads\/2022\/06\/Star-Wars-The-Vintage-Collection-Gaming-Greats-Star-Wars-Jedi-Survivor-Multipack-1.jpg","type":"image\/jpeg"}],"twitter_card":"summary_large_image","twitter_misc":{"Est. reading time":"1 minute"},"schema":{"@context":"https:\/\/schema.org","@graph":[{"@type":"WebPage","@id":"https:\/\/endormoonstore.com\/en\/star-wars-the-vintage-collection-gaming-greats-star-wars-jedi-survivor-multipack\/","url":"https:\/\/endormoonstore.com\/en\/star-wars-the-vintage-collection-gaming-greats-star-wars-jedi-survivor-multipack\/","name":"Star Wars The Vintage Collection Gaming Greats Star Wars Jedi Survivor Multipack - EndormoonStore","isPartOf":{"@id":"https:\/\/endormoonstore.com\/#website"},"primaryImageOfPage":{"@id":"https:\/\/endormoonstore.com\/en\/star-wars-the-vintage-collection-gaming-greats-star-wars-jedi-survivor-multipack\/#primaryimage"},"image":{"@id":"https:\/\/endormoonstore.com\/en\/star-wars-the-vintage-collection-gaming-greats-star-wars-jedi-survivor-multipack\/#primaryimage"},"thumbnailUrl":"https:\/\/endormoonstore.com\/wp-content\/uploads\/2022\/06\/Star-Wars-The-Vintage-Collection-Gaming-Greats-Star-Wars-Jedi-Survivor-Multipack-1.jpg","datePublished":"2022-06-19T19:36:59+00:00","dateModified":"2022-11-01T22:15:13+00:00","breadcrumb":{"@id":"https:\/\/endormoonstore.com\/en\/star-wars-the-vintage-collection-gaming-greats-star-wars-jedi-survivor-multipack\/#breadcrumb"},"inLanguage":"en-US","potentialAction":[{"@type":"ReadAction","target":["https:\/\/endormoonstore.com\/en\/star-wars-the-vintage-collection-gaming-greats-star-wars-jedi-survivor-multipack\/"]}]},{"@type":"ImageObject","inLanguage":"en-US","@id":"https:\/\/endormoonstore.com\/en\/star-wars-the-vintage-collection-gaming-greats-star-wars-jedi-survivor-multipack\/#primaryimage","url":"https:\/\/endormoonstore.com\/wp-content\/uploads\/2022\/06\/Star-Wars-The-Vintage-Collection-Gaming-Greats-Star-Wars-Jedi-Survivor-Multipack-1.jpg","contentUrl":"https:\/\/endormoonstore.com\/wp-content\/uploads\/2022\/06\/Star-Wars-The-Vintage-Collection-Gaming-Greats-Star-Wars-Jedi-Survivor-Multipack-1.jpg","width":1000,"height":1000},{"@type":"BreadcrumbList","@id":"https:\/\/endormoonstore.com\/en\/star-wars-the-vintage-collection-gaming-greats-star-wars-jedi-survivor-multipack\/#breadcrumb","itemListElement":[{"@type":"ListItem","position":1,"name":"Shop","item":"https:\/\/endormoonstore.com\/en\/shop\/"},{"@type":"ListItem","position":2,"name":"Star Wars The Vintage Collection Gaming Greats Star Wars Jedi Survivor Multipack"}]},{"@type":"WebSite","@id":"https:\/\/endormoonstore.com\/#website","url":"https:\/\/endormoonstore.com\/","name":"EndormoonStore","description":"","potentialAction":[{"@type":"SearchAction","target":{"@type":"EntryPoint","urlTemplate":"https:\/\/endormoonstore.com\/?s={search_term_string}"},"query-input":{"@type":"PropertyValueSpecification","valueRequired":true,"valueName":"search_term_string"}}],"inLanguage":"en-US"}]}},"taxonomy_info":{"product_cat":[{"value":1390,"label":"Figures"},{"value":15769,"label":"Sales"}],"pa_brand":[{"value":2084,"label":"Hasbro"}],"pa_character":[{"value":13010,"label":"KX-series Security Droids"},{"value":13012,"label":"MagnaGuards"},{"value":13006,"label":"Riot Scout Trooper"}],"pa_episode":[{"value":14319,"label":"Star Wars: Jedi Survivor"}],"pa_license":[{"value":1644,"label":"Star Wars"}],"pa_product-type":[{"value":2387,"label":"Figure"}],"pa_theme":[{"value":1660,"label":"The Vintage Collection"}]},"featured_image_src_large":["https:\/\/endormoonstore.com\/wp-content\/uploads\/2022\/06\/Star-Wars-The-Vintage-Collection-Gaming-Greats-Star-Wars-Jedi-Survivor-Multipack-1.jpg",1000,1000,false],"author_info":[],"comment_info":"","_links":{"self":[{"href":"https:\/\/endormoonstore.com\/en\/wp-json\/wp\/v2\/product\/135582","targetHints":{"allow":["GET"]}}],"collection":[{"href":"https:\/\/endormoonstore.com\/en\/wp-json\/wp\/v2\/product"}],"about":[{"href":"https:\/\/endormoonstore.com\/en\/wp-json\/wp\/v2\/types\/product"}],"wp:featuredmedia":[{"embeddable":true,"href":"https:\/\/endormoonstore.com\/en\/wp-json\/wp\/v2\/media\/135533"}],"wp:attachment":[{"href":"https:\/\/endormoonstore.com\/en\/wp-json\/wp\/v2\/media?parent=135582"}],"wp:term":[{"taxonomy":"product_cat","embeddable":true,"href":"https:\/\/endormoonstore.com\/en\/wp-json\/wp\/v2\/product_cat?post=135582"},{"taxonomy":"product_tag","embeddable":true,"href":"https:\/\/endormoonstore.com\/en\/wp-json\/wp\/v2\/product_tag?post=135582"}],"curies":[{"name":"wp","href":"https:\/\/api.w.org\/{rel}","templated":true}]}}