{"id":135490,"date":"2022-06-19T19:48:20","date_gmt":"2022-06-19T17:48:20","guid":{"rendered":"https:\/\/endormoonstore.com\/star-wars-retro-collection-luke-skywalker-snowspeeder-prototype-edition\/"},"modified":"2022-11-27T15:34:10","modified_gmt":"2022-11-27T14:34:10","slug":"star-wars-retro-collection-luke-skywalker-snowspeeder-prototype-edition","status":"publish","type":"product","link":"https:\/\/endormoonstore.com\/en\/star-wars-retro-collection-luke-skywalker-snowspeeder-prototype-edition\/","title":{"rendered":"Star Wars Retro Collection Luke Skywalker (Snowspeeder) Prototype Edition"},"content":{"rendered":"<p class=\"p1\"><strong>Star Wars Retro Collection Luke Skywalker (Snowspeeder) Prototype Edition<\/strong><\/p>\n<ul>\n<li>Luke Skywalker era un granjero de Tatooine que ascendi\u00f3 desde sus humildes comienzos para convertirse en uno de los Jedi m\u00e1s grandes que la galaxia haya conocido.<\/li>\n<li>Experimenta una emoci\u00f3n como la de los ingenieros y dise\u00f1adores al ver las primeras muestras de productos de sus dise\u00f1os con esta figura de acci\u00f3n.<\/li>\n<li>Inspirados en prototipos que a menudo se producen con cualquier pl\u00e1stico adicional que haya en la m\u00e1quina en ese momento.<\/li>\n<li>Los coloridos prototipos permiten al equipo de desarrollo mirar m\u00e1s all\u00e1 de la decoraci\u00f3n y concentrarse en esculpir, analizar la alineaci\u00f3n del molde y ajustar la calidad.<\/li>\n<li>Inspirada en las figuras de acci\u00f3n de la d\u00e9cada de 1970, esta figura de la edici\u00f3n prototipo de Luke Skywalker (Snowspeeder) de la colecci\u00f3n Retro presenta el dise\u00f1o y la escultura originales de Kenner.<\/li>\n<li>\u00a0Imagina la emoci\u00f3n de los a\u00f1os 70 cuando la trilog\u00eda original de Star Wars acababa de comenzar<\/li>\n<li>La decoraci\u00f3n multicolor y viva del prototipo de esta figura seguro que a\u00f1ade un toque de color brillante a cualquier colecci\u00f3n de fans de Star Wars.<\/li>\n<li>Los colores son generados de manera aleatoria.<\/li>\n<li>Se trata de una figura articulada hecha en PVC que mide 9,5 cm que incluye un arma blaster y un sable luz.<\/li>\n<\/ul>\n","protected":false},"excerpt":{"rendered":"<p class=\"p1\"><strong>Star Wars Retro Collection Luke Skywalker (Snowspeeder) Prototype Edition<\/strong><\/p>\n<p class=\"p1\">Luke Skywalker era un granjero de Tatooine que ascendi\u00f3 desde sus humildes comienzos para convertirse en uno de los Jedi m\u00e1s grandes que la galaxia haya conocido.<\/p>\n<p class=\"p1\">\n","protected":false},"featured_media":135473,"template":"","meta":{"_acf_changed":false,"_kad_blocks_custom_css":"","_kad_blocks_head_custom_js":"","_kad_blocks_body_custom_js":"","_kad_blocks_footer_custom_js":""},"product_cat":[1390],"product_tag":[],"class_list":{"0":"post-135490","1":"product","2":"type-product","3":"status-publish","4":"has-post-thumbnail","6":"product_cat-figures","7":"pa_brand-hasbro-en","8":"pa_character-luke-skywalker-en","9":"pa_license-star-wars-en","10":"pa_product-type-figure","11":"pa_theme-retro-collection-en","13":"first","14":"instock","15":"taxable","16":"shipping-taxable","17":"purchasable","18":"product-type-simple"},"acf":[],"yoast_head":"<!-- This site is optimized with the Yoast SEO plugin v26.1.1 - https:\/\/yoast.com\/wordpress\/plugins\/seo\/ -->\n<title>Star Wars Retro Collection Luke Skywalker (Snowspeeder) Prototype Edition - EndormoonStore<\/title>\n<meta name=\"robots\" content=\"index, follow, max-snippet:-1, max-image-preview:large, max-video-preview:-1\" \/>\n<link rel=\"canonical\" href=\"https:\/\/endormoonstore.com\/en\/star-wars-retro-collection-luke-skywalker-snowspeeder-prototype-edition\/\" \/>\n<meta property=\"og:locale\" content=\"en_US\" \/>\n<meta property=\"og:type\" content=\"article\" \/>\n<meta property=\"og:title\" content=\"Star Wars Retro Collection Luke Skywalker (Snowspeeder) Prototype Edition - EndormoonStore\" \/>\n<meta property=\"og:description\" content=\"Star Wars Retro Collection Luke Skywalker (Snowspeeder) Prototype Edition Luke Skywalker era un granjero de Tatooine que ascendi\u00f3 desde sus humildes comienzos para convertirse en uno de los Jedi m\u00e1s grandes que la galaxia haya conocido.\" \/>\n<meta property=\"og:url\" content=\"https:\/\/endormoonstore.com\/en\/star-wars-retro-collection-luke-skywalker-snowspeeder-prototype-edition\/\" \/>\n<meta property=\"og:site_name\" content=\"EndormoonStore\" \/>\n<meta property=\"article:modified_time\" content=\"2022-11-27T14:34:10+00:00\" \/>\n<meta property=\"og:image\" content=\"https:\/\/endormoonstore.com\/wp-content\/uploads\/2022\/06\/Star-Wars-Retro-Collection-Luke-Skywalker-Snowspeeder-Prototype-Edition-1.jpg\" \/>\n\t<meta property=\"og:image:width\" content=\"1000\" \/>\n\t<meta property=\"og:image:height\" content=\"1000\" \/>\n\t<meta property=\"og:image:type\" content=\"image\/jpeg\" \/>\n<meta name=\"twitter:card\" content=\"summary_large_image\" \/>\n<meta name=\"twitter:label1\" content=\"Est. reading time\" \/>\n\t<meta name=\"twitter:data1\" content=\"1 minute\" \/>\n<script type=\"application\/ld+json\" class=\"yoast-schema-graph\">{\"@context\":\"https:\/\/schema.org\",\"@graph\":[{\"@type\":\"WebPage\",\"@id\":\"https:\/\/endormoonstore.com\/en\/star-wars-retro-collection-luke-skywalker-snowspeeder-prototype-edition\/\",\"url\":\"https:\/\/endormoonstore.com\/en\/star-wars-retro-collection-luke-skywalker-snowspeeder-prototype-edition\/\",\"name\":\"Star Wars Retro Collection Luke Skywalker (Snowspeeder) Prototype Edition - EndormoonStore\",\"isPartOf\":{\"@id\":\"https:\/\/endormoonstore.com\/#website\"},\"primaryImageOfPage\":{\"@id\":\"https:\/\/endormoonstore.com\/en\/star-wars-retro-collection-luke-skywalker-snowspeeder-prototype-edition\/#primaryimage\"},\"image\":{\"@id\":\"https:\/\/endormoonstore.com\/en\/star-wars-retro-collection-luke-skywalker-snowspeeder-prototype-edition\/#primaryimage\"},\"thumbnailUrl\":\"https:\/\/endormoonstore.com\/wp-content\/uploads\/2022\/06\/Star-Wars-Retro-Collection-Luke-Skywalker-Snowspeeder-Prototype-Edition-1.jpg\",\"datePublished\":\"2022-06-19T17:48:20+00:00\",\"dateModified\":\"2022-11-27T14:34:10+00:00\",\"breadcrumb\":{\"@id\":\"https:\/\/endormoonstore.com\/en\/star-wars-retro-collection-luke-skywalker-snowspeeder-prototype-edition\/#breadcrumb\"},\"inLanguage\":\"en-US\",\"potentialAction\":[{\"@type\":\"ReadAction\",\"target\":[\"https:\/\/endormoonstore.com\/en\/star-wars-retro-collection-luke-skywalker-snowspeeder-prototype-edition\/\"]}]},{\"@type\":\"ImageObject\",\"inLanguage\":\"en-US\",\"@id\":\"https:\/\/endormoonstore.com\/en\/star-wars-retro-collection-luke-skywalker-snowspeeder-prototype-edition\/#primaryimage\",\"url\":\"https:\/\/endormoonstore.com\/wp-content\/uploads\/2022\/06\/Star-Wars-Retro-Collection-Luke-Skywalker-Snowspeeder-Prototype-Edition-1.jpg\",\"contentUrl\":\"https:\/\/endormoonstore.com\/wp-content\/uploads\/2022\/06\/Star-Wars-Retro-Collection-Luke-Skywalker-Snowspeeder-Prototype-Edition-1.jpg\",\"width\":1000,\"height\":1000},{\"@type\":\"BreadcrumbList\",\"@id\":\"https:\/\/endormoonstore.com\/en\/star-wars-retro-collection-luke-skywalker-snowspeeder-prototype-edition\/#breadcrumb\",\"itemListElement\":[{\"@type\":\"ListItem\",\"position\":1,\"name\":\"Shop\",\"item\":\"https:\/\/endormoonstore.com\/en\/shop\/\"},{\"@type\":\"ListItem\",\"position\":2,\"name\":\"Star Wars Retro Collection Luke Skywalker (Snowspeeder) Prototype Edition\"}]},{\"@type\":\"WebSite\",\"@id\":\"https:\/\/endormoonstore.com\/#website\",\"url\":\"https:\/\/endormoonstore.com\/\",\"name\":\"EndormoonStore\",\"description\":\"\",\"potentialAction\":[{\"@type\":\"SearchAction\",\"target\":{\"@type\":\"EntryPoint\",\"urlTemplate\":\"https:\/\/endormoonstore.com\/?s={search_term_string}\"},\"query-input\":{\"@type\":\"PropertyValueSpecification\",\"valueRequired\":true,\"valueName\":\"search_term_string\"}}],\"inLanguage\":\"en-US\"}]}<\/script>\n<!-- \/ Yoast SEO plugin. -->","yoast_head_json":{"title":"Star Wars Retro Collection Luke Skywalker (Snowspeeder) Prototype Edition - EndormoonStore","robots":{"index":"index","follow":"follow","max-snippet":"max-snippet:-1","max-image-preview":"max-image-preview:large","max-video-preview":"max-video-preview:-1"},"canonical":"https:\/\/endormoonstore.com\/en\/star-wars-retro-collection-luke-skywalker-snowspeeder-prototype-edition\/","og_locale":"en_US","og_type":"article","og_title":"Star Wars Retro Collection Luke Skywalker (Snowspeeder) Prototype Edition - EndormoonStore","og_description":"Star Wars Retro Collection Luke Skywalker (Snowspeeder) Prototype Edition Luke Skywalker era un granjero de Tatooine que ascendi\u00f3 desde sus humildes comienzos para convertirse en uno de los Jedi m\u00e1s grandes que la galaxia haya conocido.","og_url":"https:\/\/endormoonstore.com\/en\/star-wars-retro-collection-luke-skywalker-snowspeeder-prototype-edition\/","og_site_name":"EndormoonStore","article_modified_time":"2022-11-27T14:34:10+00:00","og_image":[{"width":1000,"height":1000,"url":"https:\/\/endormoonstore.com\/wp-content\/uploads\/2022\/06\/Star-Wars-Retro-Collection-Luke-Skywalker-Snowspeeder-Prototype-Edition-1.jpg","type":"image\/jpeg"}],"twitter_card":"summary_large_image","twitter_misc":{"Est. reading time":"1 minute"},"schema":{"@context":"https:\/\/schema.org","@graph":[{"@type":"WebPage","@id":"https:\/\/endormoonstore.com\/en\/star-wars-retro-collection-luke-skywalker-snowspeeder-prototype-edition\/","url":"https:\/\/endormoonstore.com\/en\/star-wars-retro-collection-luke-skywalker-snowspeeder-prototype-edition\/","name":"Star Wars Retro Collection Luke Skywalker (Snowspeeder) Prototype Edition - EndormoonStore","isPartOf":{"@id":"https:\/\/endormoonstore.com\/#website"},"primaryImageOfPage":{"@id":"https:\/\/endormoonstore.com\/en\/star-wars-retro-collection-luke-skywalker-snowspeeder-prototype-edition\/#primaryimage"},"image":{"@id":"https:\/\/endormoonstore.com\/en\/star-wars-retro-collection-luke-skywalker-snowspeeder-prototype-edition\/#primaryimage"},"thumbnailUrl":"https:\/\/endormoonstore.com\/wp-content\/uploads\/2022\/06\/Star-Wars-Retro-Collection-Luke-Skywalker-Snowspeeder-Prototype-Edition-1.jpg","datePublished":"2022-06-19T17:48:20+00:00","dateModified":"2022-11-27T14:34:10+00:00","breadcrumb":{"@id":"https:\/\/endormoonstore.com\/en\/star-wars-retro-collection-luke-skywalker-snowspeeder-prototype-edition\/#breadcrumb"},"inLanguage":"en-US","potentialAction":[{"@type":"ReadAction","target":["https:\/\/endormoonstore.com\/en\/star-wars-retro-collection-luke-skywalker-snowspeeder-prototype-edition\/"]}]},{"@type":"ImageObject","inLanguage":"en-US","@id":"https:\/\/endormoonstore.com\/en\/star-wars-retro-collection-luke-skywalker-snowspeeder-prototype-edition\/#primaryimage","url":"https:\/\/endormoonstore.com\/wp-content\/uploads\/2022\/06\/Star-Wars-Retro-Collection-Luke-Skywalker-Snowspeeder-Prototype-Edition-1.jpg","contentUrl":"https:\/\/endormoonstore.com\/wp-content\/uploads\/2022\/06\/Star-Wars-Retro-Collection-Luke-Skywalker-Snowspeeder-Prototype-Edition-1.jpg","width":1000,"height":1000},{"@type":"BreadcrumbList","@id":"https:\/\/endormoonstore.com\/en\/star-wars-retro-collection-luke-skywalker-snowspeeder-prototype-edition\/#breadcrumb","itemListElement":[{"@type":"ListItem","position":1,"name":"Shop","item":"https:\/\/endormoonstore.com\/en\/shop\/"},{"@type":"ListItem","position":2,"name":"Star Wars Retro Collection Luke Skywalker (Snowspeeder) Prototype Edition"}]},{"@type":"WebSite","@id":"https:\/\/endormoonstore.com\/#website","url":"https:\/\/endormoonstore.com\/","name":"EndormoonStore","description":"","potentialAction":[{"@type":"SearchAction","target":{"@type":"EntryPoint","urlTemplate":"https:\/\/endormoonstore.com\/?s={search_term_string}"},"query-input":{"@type":"PropertyValueSpecification","valueRequired":true,"valueName":"search_term_string"}}],"inLanguage":"en-US"}]}},"taxonomy_info":{"product_cat":[{"value":1390,"label":"Figures"}],"pa_brand":[{"value":2084,"label":"Hasbro"}],"pa_character":[{"value":2399,"label":"Luke Skywalker"}],"pa_license":[{"value":1644,"label":"Star Wars"}],"pa_product-type":[{"value":2387,"label":"Figure"}],"pa_theme":[{"value":3338,"label":"Retro Collection"}]},"featured_image_src_large":["https:\/\/endormoonstore.com\/wp-content\/uploads\/2022\/06\/Star-Wars-Retro-Collection-Luke-Skywalker-Snowspeeder-Prototype-Edition-1.jpg",1000,1000,false],"author_info":[],"comment_info":"","_links":{"self":[{"href":"https:\/\/endormoonstore.com\/en\/wp-json\/wp\/v2\/product\/135490","targetHints":{"allow":["GET"]}}],"collection":[{"href":"https:\/\/endormoonstore.com\/en\/wp-json\/wp\/v2\/product"}],"about":[{"href":"https:\/\/endormoonstore.com\/en\/wp-json\/wp\/v2\/types\/product"}],"wp:featuredmedia":[{"embeddable":true,"href":"https:\/\/endormoonstore.com\/en\/wp-json\/wp\/v2\/media\/135473"}],"wp:attachment":[{"href":"https:\/\/endormoonstore.com\/en\/wp-json\/wp\/v2\/media?parent=135490"}],"wp:term":[{"taxonomy":"product_cat","embeddable":true,"href":"https:\/\/endormoonstore.com\/en\/wp-json\/wp\/v2\/product_cat?post=135490"},{"taxonomy":"product_tag","embeddable":true,"href":"https:\/\/endormoonstore.com\/en\/wp-json\/wp\/v2\/product_tag?post=135490"}],"curies":[{"name":"wp","href":"https:\/\/api.w.org\/{rel}","templated":true}]}}