{"id":135103,"date":"2023-09-14T01:00:12","date_gmt":"2023-09-13T23:00:12","guid":{"rendered":"https:\/\/endormoonstore.com\/ultimate-the-creep-40th-anniversary-creepshow\/"},"modified":"2023-09-18T22:28:19","modified_gmt":"2023-09-18T20:28:19","slug":"ultimate-the-creep-40th-anniversary-creepshow","status":"publish","type":"product","link":"https:\/\/endormoonstore.com\/en\/ultimate-the-creep-40th-anniversary-creepshow\/","title":{"rendered":"Ultimate The Creep 40th Anniversary Creepshow"},"content":{"rendered":"<p><strong>Ultimate The Creep 40th Anniversary Creepshow Scale Action Figure<\/strong><\/p>\n<ul>\n<li>\u00a1Es lo m\u00e1s divertido que jam\u00e1s tendr\u00e1s tener miedo!<\/li>\n<li>La franquicia de terror Creepshow marca 40 a\u00f1os de cuentos aterradores en 2022.<\/li>\n<li>Las pel\u00edculas originales construyeron un legado de terror de larga duraci\u00f3n, pilotado por la ic\u00f3nica mascota The Creep, que Neca celebra con esta figura de acci\u00f3n definitiva de la pel\u00edcula de 1982.<\/li>\n<li>Con una altura de m\u00e1s de 18 cm de alto, The Creep es totalmente articulado, con m\u00e1s de 25 puntos de articulaci\u00f3n.<\/li>\n<li>La bata de tela cuenta con una armadura de alambre para que pueda darle la posici\u00f3n correcta.<\/li>\n<li>El Creep tambi\u00e9n viene con cabezas intercambiables, calabaza, vela y accesorios de c\u00f3mic Creepshow.<\/li>\n<li>Embalaje de caja con ventana apto para coleccionistas con solapa frontal que se abre.<\/li>\n<\/ul>\n<p>&nbsp;<\/p>\n","protected":false},"excerpt":{"rendered":"<p><strong>Ultimate The Creep 40th Anniversary Creepshow Scale Action Figure<\/strong><\/p>\n<p>\u00a1Es lo m\u00e1s divertido que jam\u00e1s tendr\u00e1s tener miedo!<\/p>\n<p>&nbsp;<\/p>\n","protected":false},"featured_media":135050,"template":"","meta":{"_acf_changed":false,"_kad_blocks_custom_css":"","_kad_blocks_head_custom_js":"","_kad_blocks_body_custom_js":"","_kad_blocks_footer_custom_js":""},"product_cat":[1390,13511],"product_tag":[],"class_list":{"0":"post-135103","1":"product","2":"type-product","3":"status-publish","4":"has-post-thumbnail","6":"product_cat-figures","7":"product_cat-new-arrivals","8":"pa_brand-neca-en","9":"pa_character-the-creep-en","10":"pa_license-creepshow-en","11":"pa_product-type-figure","12":"pa_theme-scale-action-figure-en","14":"first","15":"instock","16":"taxable","17":"shipping-taxable","18":"purchasable","19":"product-type-simple"},"acf":[],"yoast_head":"<!-- This site is optimized with the Yoast SEO plugin v26.1.1 - https:\/\/yoast.com\/wordpress\/plugins\/seo\/ -->\n<title>Ultimate The Creep 40th Anniversary Creepshow - EndormoonStore<\/title>\n<meta name=\"robots\" content=\"index, follow, max-snippet:-1, max-image-preview:large, max-video-preview:-1\" \/>\n<link rel=\"canonical\" href=\"https:\/\/endormoonstore.com\/en\/ultimate-the-creep-40th-anniversary-creepshow\/\" \/>\n<meta property=\"og:locale\" content=\"en_US\" \/>\n<meta property=\"og:type\" content=\"article\" \/>\n<meta property=\"og:title\" content=\"Ultimate The Creep 40th Anniversary Creepshow - EndormoonStore\" \/>\n<meta property=\"og:description\" content=\"Ultimate The Creep 40th Anniversary Creepshow Scale Action Figure  \u00a1Es lo m\u00e1s divertido que jam\u00e1s tendr\u00e1s tener miedo!  &nbsp;\" \/>\n<meta property=\"og:url\" content=\"https:\/\/endormoonstore.com\/en\/ultimate-the-creep-40th-anniversary-creepshow\/\" \/>\n<meta property=\"og:site_name\" content=\"EndormoonStore\" \/>\n<meta property=\"article:modified_time\" content=\"2023-09-18T20:28:19+00:00\" \/>\n<meta property=\"og:image\" content=\"https:\/\/endormoonstore.com\/wp-content\/uploads\/2022\/06\/Ultimate-40th-Anniversary-The-Creep-Creepshow-Scale-Action-Figure-1.jpg\" \/>\n\t<meta property=\"og:image:width\" content=\"667\" \/>\n\t<meta property=\"og:image:height\" content=\"1000\" \/>\n\t<meta property=\"og:image:type\" content=\"image\/jpeg\" \/>\n<meta name=\"twitter:card\" content=\"summary_large_image\" \/>\n<meta name=\"twitter:label1\" content=\"Est. reading time\" \/>\n\t<meta name=\"twitter:data1\" content=\"1 minute\" \/>\n<script type=\"application\/ld+json\" class=\"yoast-schema-graph\">{\"@context\":\"https:\/\/schema.org\",\"@graph\":[{\"@type\":\"WebPage\",\"@id\":\"https:\/\/endormoonstore.com\/en\/ultimate-the-creep-40th-anniversary-creepshow\/\",\"url\":\"https:\/\/endormoonstore.com\/en\/ultimate-the-creep-40th-anniversary-creepshow\/\",\"name\":\"Ultimate The Creep 40th Anniversary Creepshow - EndormoonStore\",\"isPartOf\":{\"@id\":\"https:\/\/endormoonstore.com\/#website\"},\"primaryImageOfPage\":{\"@id\":\"https:\/\/endormoonstore.com\/en\/ultimate-the-creep-40th-anniversary-creepshow\/#primaryimage\"},\"image\":{\"@id\":\"https:\/\/endormoonstore.com\/en\/ultimate-the-creep-40th-anniversary-creepshow\/#primaryimage\"},\"thumbnailUrl\":\"https:\/\/endormoonstore.com\/wp-content\/uploads\/2022\/06\/Ultimate-40th-Anniversary-The-Creep-Creepshow-Scale-Action-Figure-1.jpg\",\"datePublished\":\"2023-09-13T23:00:12+00:00\",\"dateModified\":\"2023-09-18T20:28:19+00:00\",\"breadcrumb\":{\"@id\":\"https:\/\/endormoonstore.com\/en\/ultimate-the-creep-40th-anniversary-creepshow\/#breadcrumb\"},\"inLanguage\":\"en-US\",\"potentialAction\":[{\"@type\":\"ReadAction\",\"target\":[\"https:\/\/endormoonstore.com\/en\/ultimate-the-creep-40th-anniversary-creepshow\/\"]}]},{\"@type\":\"ImageObject\",\"inLanguage\":\"en-US\",\"@id\":\"https:\/\/endormoonstore.com\/en\/ultimate-the-creep-40th-anniversary-creepshow\/#primaryimage\",\"url\":\"https:\/\/endormoonstore.com\/wp-content\/uploads\/2022\/06\/Ultimate-40th-Anniversary-The-Creep-Creepshow-Scale-Action-Figure-1.jpg\",\"contentUrl\":\"https:\/\/endormoonstore.com\/wp-content\/uploads\/2022\/06\/Ultimate-40th-Anniversary-The-Creep-Creepshow-Scale-Action-Figure-1.jpg\",\"width\":667,\"height\":1000},{\"@type\":\"BreadcrumbList\",\"@id\":\"https:\/\/endormoonstore.com\/en\/ultimate-the-creep-40th-anniversary-creepshow\/#breadcrumb\",\"itemListElement\":[{\"@type\":\"ListItem\",\"position\":1,\"name\":\"Shop\",\"item\":\"https:\/\/endormoonstore.com\/en\/shop\/\"},{\"@type\":\"ListItem\",\"position\":2,\"name\":\"Ultimate The Creep 40th Anniversary Creepshow\"}]},{\"@type\":\"WebSite\",\"@id\":\"https:\/\/endormoonstore.com\/#website\",\"url\":\"https:\/\/endormoonstore.com\/\",\"name\":\"EndormoonStore\",\"description\":\"\",\"potentialAction\":[{\"@type\":\"SearchAction\",\"target\":{\"@type\":\"EntryPoint\",\"urlTemplate\":\"https:\/\/endormoonstore.com\/?s={search_term_string}\"},\"query-input\":{\"@type\":\"PropertyValueSpecification\",\"valueRequired\":true,\"valueName\":\"search_term_string\"}}],\"inLanguage\":\"en-US\"}]}<\/script>\n<!-- \/ Yoast SEO plugin. -->","yoast_head_json":{"title":"Ultimate The Creep 40th Anniversary Creepshow - EndormoonStore","robots":{"index":"index","follow":"follow","max-snippet":"max-snippet:-1","max-image-preview":"max-image-preview:large","max-video-preview":"max-video-preview:-1"},"canonical":"https:\/\/endormoonstore.com\/en\/ultimate-the-creep-40th-anniversary-creepshow\/","og_locale":"en_US","og_type":"article","og_title":"Ultimate The Creep 40th Anniversary Creepshow - EndormoonStore","og_description":"Ultimate The Creep 40th Anniversary Creepshow Scale Action Figure  \u00a1Es lo m\u00e1s divertido que jam\u00e1s tendr\u00e1s tener miedo!  &nbsp;","og_url":"https:\/\/endormoonstore.com\/en\/ultimate-the-creep-40th-anniversary-creepshow\/","og_site_name":"EndormoonStore","article_modified_time":"2023-09-18T20:28:19+00:00","og_image":[{"width":667,"height":1000,"url":"https:\/\/endormoonstore.com\/wp-content\/uploads\/2022\/06\/Ultimate-40th-Anniversary-The-Creep-Creepshow-Scale-Action-Figure-1.jpg","type":"image\/jpeg"}],"twitter_card":"summary_large_image","twitter_misc":{"Est. reading time":"1 minute"},"schema":{"@context":"https:\/\/schema.org","@graph":[{"@type":"WebPage","@id":"https:\/\/endormoonstore.com\/en\/ultimate-the-creep-40th-anniversary-creepshow\/","url":"https:\/\/endormoonstore.com\/en\/ultimate-the-creep-40th-anniversary-creepshow\/","name":"Ultimate The Creep 40th Anniversary Creepshow - EndormoonStore","isPartOf":{"@id":"https:\/\/endormoonstore.com\/#website"},"primaryImageOfPage":{"@id":"https:\/\/endormoonstore.com\/en\/ultimate-the-creep-40th-anniversary-creepshow\/#primaryimage"},"image":{"@id":"https:\/\/endormoonstore.com\/en\/ultimate-the-creep-40th-anniversary-creepshow\/#primaryimage"},"thumbnailUrl":"https:\/\/endormoonstore.com\/wp-content\/uploads\/2022\/06\/Ultimate-40th-Anniversary-The-Creep-Creepshow-Scale-Action-Figure-1.jpg","datePublished":"2023-09-13T23:00:12+00:00","dateModified":"2023-09-18T20:28:19+00:00","breadcrumb":{"@id":"https:\/\/endormoonstore.com\/en\/ultimate-the-creep-40th-anniversary-creepshow\/#breadcrumb"},"inLanguage":"en-US","potentialAction":[{"@type":"ReadAction","target":["https:\/\/endormoonstore.com\/en\/ultimate-the-creep-40th-anniversary-creepshow\/"]}]},{"@type":"ImageObject","inLanguage":"en-US","@id":"https:\/\/endormoonstore.com\/en\/ultimate-the-creep-40th-anniversary-creepshow\/#primaryimage","url":"https:\/\/endormoonstore.com\/wp-content\/uploads\/2022\/06\/Ultimate-40th-Anniversary-The-Creep-Creepshow-Scale-Action-Figure-1.jpg","contentUrl":"https:\/\/endormoonstore.com\/wp-content\/uploads\/2022\/06\/Ultimate-40th-Anniversary-The-Creep-Creepshow-Scale-Action-Figure-1.jpg","width":667,"height":1000},{"@type":"BreadcrumbList","@id":"https:\/\/endormoonstore.com\/en\/ultimate-the-creep-40th-anniversary-creepshow\/#breadcrumb","itemListElement":[{"@type":"ListItem","position":1,"name":"Shop","item":"https:\/\/endormoonstore.com\/en\/shop\/"},{"@type":"ListItem","position":2,"name":"Ultimate The Creep 40th Anniversary Creepshow"}]},{"@type":"WebSite","@id":"https:\/\/endormoonstore.com\/#website","url":"https:\/\/endormoonstore.com\/","name":"EndormoonStore","description":"","potentialAction":[{"@type":"SearchAction","target":{"@type":"EntryPoint","urlTemplate":"https:\/\/endormoonstore.com\/?s={search_term_string}"},"query-input":{"@type":"PropertyValueSpecification","valueRequired":true,"valueName":"search_term_string"}}],"inLanguage":"en-US"}]}},"taxonomy_info":{"product_cat":[{"value":1390,"label":"Figures"},{"value":13511,"label":"New Arrivals"}],"pa_brand":[{"value":2090,"label":"Neca"}],"pa_character":[{"value":11984,"label":"The Creep"}],"pa_license":[{"value":11978,"label":"Creepshow"}],"pa_product-type":[{"value":2387,"label":"Figure"}],"pa_theme":[{"value":2864,"label":"Scale Action Figure"}]},"featured_image_src_large":["https:\/\/endormoonstore.com\/wp-content\/uploads\/2022\/06\/Ultimate-40th-Anniversary-The-Creep-Creepshow-Scale-Action-Figure-1.jpg",667,1000,false],"author_info":[],"comment_info":"","_links":{"self":[{"href":"https:\/\/endormoonstore.com\/en\/wp-json\/wp\/v2\/product\/135103","targetHints":{"allow":["GET"]}}],"collection":[{"href":"https:\/\/endormoonstore.com\/en\/wp-json\/wp\/v2\/product"}],"about":[{"href":"https:\/\/endormoonstore.com\/en\/wp-json\/wp\/v2\/types\/product"}],"wp:featuredmedia":[{"embeddable":true,"href":"https:\/\/endormoonstore.com\/en\/wp-json\/wp\/v2\/media\/135050"}],"wp:attachment":[{"href":"https:\/\/endormoonstore.com\/en\/wp-json\/wp\/v2\/media?parent=135103"}],"wp:term":[{"taxonomy":"product_cat","embeddable":true,"href":"https:\/\/endormoonstore.com\/en\/wp-json\/wp\/v2\/product_cat?post=135103"},{"taxonomy":"product_tag","embeddable":true,"href":"https:\/\/endormoonstore.com\/en\/wp-json\/wp\/v2\/product_tag?post=135103"}],"curies":[{"name":"wp","href":"https:\/\/api.w.org\/{rel}","templated":true}]}}