{"id":134940,"date":"2024-04-10T00:05:44","date_gmt":"2022-06-14T20:54:44","guid":{"rendered":"https:\/\/endormoonstore.com\/green-goblin-deluxe-edition-one12-collective\/"},"modified":"2024-04-11T14:48:25","modified_gmt":"2024-04-11T12:48:25","slug":"green-goblin-deluxe-edition-one12-collective","status":"publish","type":"product","link":"https:\/\/endormoonstore.com\/en\/green-goblin-deluxe-edition-one12-collective\/","title":{"rendered":"Green Goblin Deluxe Edition One:12 Collective"},"content":{"rendered":"<p class=\"p1\"><strong>Green Goblin Deluxe Edition One:12 Collective<\/strong><\/p>\n<ul>\n<li>Mezco, dentro de su colecci\u00f3n de figuras The One:12 Collective presenta la figura de Green Goblin Deluxe.<\/li>\n<li>Green Goblin luce su aspecto cl\u00e1sico, vestido con un mono ajustado, una t\u00fanica y un bolso bandolera que puede guardar sus bombas variadas.<\/li>\n<li>\u00a0Se incluyen 5 retratos de cabeza: tres retratos de Green Goblin con diferentes expresiones faciales y dos retratos de Norman Osborne sin m\u00e1scara.<\/li>\n<li>Green Goblin nunca se ve sin su invento m\u00e1s preciado, el Goblin Glider al que se puede sujetar de forma segura con las correas para los pies incluidas.<\/li>\n<li>\u00a0El planeador cuenta con alas articuladas, dos efectos flotantes removibles y efectos propulsores, y se conecta al poste para posar incluido.<\/li>\n<li>Despu\u00e9s de que la prueba de un suero inestable para mejorar la fuerza lo lleve al hospital, Norman Osborne emerge m\u00e1s inteligente, m\u00e1s fuerte y un man\u00edaco.<\/li>\n<li>Asumiendo el manto de Green Goblin, Osborne usa sus nuevos poderes para reinar el caos y la destrucci\u00f3n e intentar resolver su vendetta personal con Spider-Man.<\/li>\n<li>La figura mide unos 17 cm y tiene mas de 32 puntos de articulaci\u00f3n e incluye 12x manos intercambiables, 1x body entallado, 1x Sayo, 1x bolsa de mensajero con almacenamiento de bomba de calabaza, botas, 1x Goblin Glider con alas articuladas, 2x propulsores Goblin Glider FX, 2x Goblin Glider hover FX, 1x m\u00e1scara de duende (se puede sujetar), 6x bombas de calabaza, 1x bomba de calabaza en llamas, 1x bomba de calabaza humeante, 1x calabaza FX lanzada, 1x efecto de explosi\u00f3n brillante, 3x bates de lanzamiento, 1x bomba fantasma, 1x bomba de rana, 1x base de exhibici\u00f3n colectiva One:12 con logotipo, 1x puesto de exhibici\u00f3n ajustable colectivo One:12.<\/li>\n<li>Cada figura de One:12 Collective The Amazing Spider-Man &#8211; Deluxe Edition est\u00e1 presentada en una caja para coleccionistas, dise\u00f1ada pensando en los coleccionistas<\/li>\n<li>Las figura de Spider-Man se venden por separado.<\/li>\n<\/ul>\n","protected":false},"excerpt":{"rendered":"<p class=\"p1\"><strong>The Amazing Spider-Man Deluxe Edition One:12 Collective<\/strong><\/p>\n<p class=\"p1\">Mezco, dentro de su colecci\u00f3n de figuras The One:12 Collective presenta la figura de Green Goblin Deluxe.<\/p>\n<p>&nbsp;<\/p>\n","protected":false},"featured_media":134909,"template":"","meta":{"_acf_changed":false,"_kad_blocks_custom_css":"","_kad_blocks_head_custom_js":"","_kad_blocks_body_custom_js":"","_kad_blocks_footer_custom_js":""},"product_cat":[1390,13511],"product_tag":[],"class_list":{"0":"post-134940","1":"product","2":"type-product","3":"status-publish","4":"has-post-thumbnail","6":"product_cat-figures","7":"product_cat-new-arrivals","8":"pa_brand-mezco-toyz-en","9":"pa_character-green-goblin-en","10":"pa_license-marvel-en","11":"pa_product-type-figure","12":"pa_theme-one12-collective-en","14":"first","15":"outofstock","16":"taxable","17":"shipping-taxable","18":"purchasable","19":"product-type-simple"},"acf":[],"yoast_head":"<!-- This site is optimized with the Yoast SEO plugin v26.1.1 - https:\/\/yoast.com\/wordpress\/plugins\/seo\/ -->\n<title>Green Goblin Deluxe Edition One:12 Collective - EndormoonStore<\/title>\n<meta name=\"robots\" content=\"index, follow, max-snippet:-1, max-image-preview:large, max-video-preview:-1\" \/>\n<link rel=\"canonical\" href=\"https:\/\/endormoonstore.com\/en\/green-goblin-deluxe-edition-one12-collective\/\" \/>\n<meta property=\"og:locale\" content=\"en_US\" \/>\n<meta property=\"og:type\" content=\"article\" \/>\n<meta property=\"og:title\" content=\"Green Goblin Deluxe Edition One:12 Collective - EndormoonStore\" \/>\n<meta property=\"og:description\" content=\"The Amazing Spider-Man Deluxe Edition One:12 Collective Mezco, dentro de su colecci\u00f3n de figuras The One:12 Collective presenta la figura de Green Goblin Deluxe. &nbsp;\" \/>\n<meta property=\"og:url\" content=\"https:\/\/endormoonstore.com\/en\/green-goblin-deluxe-edition-one12-collective\/\" \/>\n<meta property=\"og:site_name\" content=\"EndormoonStore\" \/>\n<meta property=\"article:modified_time\" content=\"2024-04-11T12:48:25+00:00\" \/>\n<meta property=\"og:image\" content=\"https:\/\/endormoonstore.com\/wp-content\/uploads\/2022\/06\/Green-Goblin-Deluxe-Edition-One12-Collective-1.jpg\" \/>\n\t<meta property=\"og:image:width\" content=\"800\" \/>\n\t<meta property=\"og:image:height\" content=\"800\" \/>\n\t<meta property=\"og:image:type\" content=\"image\/jpeg\" \/>\n<meta name=\"twitter:card\" content=\"summary_large_image\" \/>\n<meta name=\"twitter:label1\" content=\"Est. reading time\" \/>\n\t<meta name=\"twitter:data1\" content=\"2 minutes\" \/>\n<script type=\"application\/ld+json\" class=\"yoast-schema-graph\">{\"@context\":\"https:\/\/schema.org\",\"@graph\":[{\"@type\":\"WebPage\",\"@id\":\"https:\/\/endormoonstore.com\/en\/green-goblin-deluxe-edition-one12-collective\/\",\"url\":\"https:\/\/endormoonstore.com\/en\/green-goblin-deluxe-edition-one12-collective\/\",\"name\":\"Green Goblin Deluxe Edition One:12 Collective - EndormoonStore\",\"isPartOf\":{\"@id\":\"https:\/\/endormoonstore.com\/#website\"},\"primaryImageOfPage\":{\"@id\":\"https:\/\/endormoonstore.com\/en\/green-goblin-deluxe-edition-one12-collective\/#primaryimage\"},\"image\":{\"@id\":\"https:\/\/endormoonstore.com\/en\/green-goblin-deluxe-edition-one12-collective\/#primaryimage\"},\"thumbnailUrl\":\"https:\/\/endormoonstore.com\/wp-content\/uploads\/2022\/06\/Green-Goblin-Deluxe-Edition-One12-Collective-1.jpg\",\"datePublished\":\"2022-06-14T20:54:44+00:00\",\"dateModified\":\"2024-04-11T12:48:25+00:00\",\"breadcrumb\":{\"@id\":\"https:\/\/endormoonstore.com\/en\/green-goblin-deluxe-edition-one12-collective\/#breadcrumb\"},\"inLanguage\":\"en-US\",\"potentialAction\":[{\"@type\":\"ReadAction\",\"target\":[\"https:\/\/endormoonstore.com\/en\/green-goblin-deluxe-edition-one12-collective\/\"]}]},{\"@type\":\"ImageObject\",\"inLanguage\":\"en-US\",\"@id\":\"https:\/\/endormoonstore.com\/en\/green-goblin-deluxe-edition-one12-collective\/#primaryimage\",\"url\":\"https:\/\/endormoonstore.com\/wp-content\/uploads\/2022\/06\/Green-Goblin-Deluxe-Edition-One12-Collective-1.jpg\",\"contentUrl\":\"https:\/\/endormoonstore.com\/wp-content\/uploads\/2022\/06\/Green-Goblin-Deluxe-Edition-One12-Collective-1.jpg\",\"width\":800,\"height\":800},{\"@type\":\"BreadcrumbList\",\"@id\":\"https:\/\/endormoonstore.com\/en\/green-goblin-deluxe-edition-one12-collective\/#breadcrumb\",\"itemListElement\":[{\"@type\":\"ListItem\",\"position\":1,\"name\":\"Shop\",\"item\":\"https:\/\/endormoonstore.com\/en\/shop\/\"},{\"@type\":\"ListItem\",\"position\":2,\"name\":\"Green Goblin Deluxe Edition One:12 Collective\"}]},{\"@type\":\"WebSite\",\"@id\":\"https:\/\/endormoonstore.com\/#website\",\"url\":\"https:\/\/endormoonstore.com\/\",\"name\":\"EndormoonStore\",\"description\":\"\",\"potentialAction\":[{\"@type\":\"SearchAction\",\"target\":{\"@type\":\"EntryPoint\",\"urlTemplate\":\"https:\/\/endormoonstore.com\/?s={search_term_string}\"},\"query-input\":{\"@type\":\"PropertyValueSpecification\",\"valueRequired\":true,\"valueName\":\"search_term_string\"}}],\"inLanguage\":\"en-US\"}]}<\/script>\n<!-- \/ Yoast SEO plugin. -->","yoast_head_json":{"title":"Green Goblin Deluxe Edition One:12 Collective - EndormoonStore","robots":{"index":"index","follow":"follow","max-snippet":"max-snippet:-1","max-image-preview":"max-image-preview:large","max-video-preview":"max-video-preview:-1"},"canonical":"https:\/\/endormoonstore.com\/en\/green-goblin-deluxe-edition-one12-collective\/","og_locale":"en_US","og_type":"article","og_title":"Green Goblin Deluxe Edition One:12 Collective - EndormoonStore","og_description":"The Amazing Spider-Man Deluxe Edition One:12 Collective Mezco, dentro de su colecci\u00f3n de figuras The One:12 Collective presenta la figura de Green Goblin Deluxe. &nbsp;","og_url":"https:\/\/endormoonstore.com\/en\/green-goblin-deluxe-edition-one12-collective\/","og_site_name":"EndormoonStore","article_modified_time":"2024-04-11T12:48:25+00:00","og_image":[{"width":800,"height":800,"url":"https:\/\/endormoonstore.com\/wp-content\/uploads\/2022\/06\/Green-Goblin-Deluxe-Edition-One12-Collective-1.jpg","type":"image\/jpeg"}],"twitter_card":"summary_large_image","twitter_misc":{"Est. reading time":"2 minutes"},"schema":{"@context":"https:\/\/schema.org","@graph":[{"@type":"WebPage","@id":"https:\/\/endormoonstore.com\/en\/green-goblin-deluxe-edition-one12-collective\/","url":"https:\/\/endormoonstore.com\/en\/green-goblin-deluxe-edition-one12-collective\/","name":"Green Goblin Deluxe Edition One:12 Collective - EndormoonStore","isPartOf":{"@id":"https:\/\/endormoonstore.com\/#website"},"primaryImageOfPage":{"@id":"https:\/\/endormoonstore.com\/en\/green-goblin-deluxe-edition-one12-collective\/#primaryimage"},"image":{"@id":"https:\/\/endormoonstore.com\/en\/green-goblin-deluxe-edition-one12-collective\/#primaryimage"},"thumbnailUrl":"https:\/\/endormoonstore.com\/wp-content\/uploads\/2022\/06\/Green-Goblin-Deluxe-Edition-One12-Collective-1.jpg","datePublished":"2022-06-14T20:54:44+00:00","dateModified":"2024-04-11T12:48:25+00:00","breadcrumb":{"@id":"https:\/\/endormoonstore.com\/en\/green-goblin-deluxe-edition-one12-collective\/#breadcrumb"},"inLanguage":"en-US","potentialAction":[{"@type":"ReadAction","target":["https:\/\/endormoonstore.com\/en\/green-goblin-deluxe-edition-one12-collective\/"]}]},{"@type":"ImageObject","inLanguage":"en-US","@id":"https:\/\/endormoonstore.com\/en\/green-goblin-deluxe-edition-one12-collective\/#primaryimage","url":"https:\/\/endormoonstore.com\/wp-content\/uploads\/2022\/06\/Green-Goblin-Deluxe-Edition-One12-Collective-1.jpg","contentUrl":"https:\/\/endormoonstore.com\/wp-content\/uploads\/2022\/06\/Green-Goblin-Deluxe-Edition-One12-Collective-1.jpg","width":800,"height":800},{"@type":"BreadcrumbList","@id":"https:\/\/endormoonstore.com\/en\/green-goblin-deluxe-edition-one12-collective\/#breadcrumb","itemListElement":[{"@type":"ListItem","position":1,"name":"Shop","item":"https:\/\/endormoonstore.com\/en\/shop\/"},{"@type":"ListItem","position":2,"name":"Green Goblin Deluxe Edition One:12 Collective"}]},{"@type":"WebSite","@id":"https:\/\/endormoonstore.com\/#website","url":"https:\/\/endormoonstore.com\/","name":"EndormoonStore","description":"","potentialAction":[{"@type":"SearchAction","target":{"@type":"EntryPoint","urlTemplate":"https:\/\/endormoonstore.com\/?s={search_term_string}"},"query-input":{"@type":"PropertyValueSpecification","valueRequired":true,"valueName":"search_term_string"}}],"inLanguage":"en-US"}]}},"taxonomy_info":{"product_cat":[{"value":1390,"label":"Figures"},{"value":13511,"label":"New Arrivals"}],"pa_brand":[{"value":1638,"label":"Mezco Toyz"}],"pa_character":[{"value":12273,"label":"Green Goblin"}],"pa_license":[{"value":1642,"label":"Marvel"}],"pa_product-type":[{"value":2387,"label":"Figure"}],"pa_theme":[{"value":1885,"label":"One:12 Collective"}]},"featured_image_src_large":["https:\/\/endormoonstore.com\/wp-content\/uploads\/2022\/06\/Green-Goblin-Deluxe-Edition-One12-Collective-1.jpg",800,800,false],"author_info":[],"comment_info":"","_links":{"self":[{"href":"https:\/\/endormoonstore.com\/en\/wp-json\/wp\/v2\/product\/134940","targetHints":{"allow":["GET"]}}],"collection":[{"href":"https:\/\/endormoonstore.com\/en\/wp-json\/wp\/v2\/product"}],"about":[{"href":"https:\/\/endormoonstore.com\/en\/wp-json\/wp\/v2\/types\/product"}],"wp:featuredmedia":[{"embeddable":true,"href":"https:\/\/endormoonstore.com\/en\/wp-json\/wp\/v2\/media\/134909"}],"wp:attachment":[{"href":"https:\/\/endormoonstore.com\/en\/wp-json\/wp\/v2\/media?parent=134940"}],"wp:term":[{"taxonomy":"product_cat","embeddable":true,"href":"https:\/\/endormoonstore.com\/en\/wp-json\/wp\/v2\/product_cat?post=134940"},{"taxonomy":"product_tag","embeddable":true,"href":"https:\/\/endormoonstore.com\/en\/wp-json\/wp\/v2\/product_tag?post=134940"}],"curies":[{"name":"wp","href":"https:\/\/api.w.org\/{rel}","templated":true}]}}