{"id":134564,"date":"2022-06-11T14:21:15","date_gmt":"2022-06-11T12:21:15","guid":{"rendered":"https:\/\/endormoonstore.com\/lancer-altria-pendragon-fate-grand-order-figma-dx-edition\/"},"modified":"2024-05-11T14:29:30","modified_gmt":"2024-05-11T12:29:30","slug":"lancer-altria-pendragon-fate-grand-order-figma-dx-edition","status":"publish","type":"product","link":"https:\/\/endormoonstore.com\/en\/lancer-altria-pendragon-fate-grand-order-figma-dx-edition\/","title":{"rendered":"Lancer\/Altria Pendragon Fate\/Grand Order Figma DX Edition"},"content":{"rendered":"<p><strong>Lancer\/Altria Pendragon Fate\/Grand Order Figma DX Edition<\/strong><\/p>\n<ul>\n<li>\n<div class=\"product-title\">&#8220;Tu poder me mostr\u00f3 el camino. Mi lanza sagrada ahora es m\u00e1s fuerte que nunca&#8221;.<\/div>\n<\/li>\n<li>\n<div class=\"product-title\">Good Smile Company nos trae de la marca Max Factory. Desde el popular juego para tel\u00e9fonos inteligentes &#8220;Fate\/Grand Order&#8221; viene una figura de la sirvienta de clase Lancer, Altria Pendragon, en su apariencia de Tercera Ascensi\u00f3n. Esta edici\u00f3n especial DX tambi\u00e9n incluye su corcel Dun Stallion.<\/div>\n<\/li>\n<li>\n<div class=\"product-title\">Usando las articulaciones suaves pero articuladas de figma, puedes crear una variedad de poses de la serie.<\/div>\n<\/li>\n<li>\n<div class=\"product-title\">Se utiliza un pl\u00e1stico flexible para \u00e1reas importantes, lo que permite mantener las proporciones sin comprometer la capacidad de poses.<\/div>\n<\/li>\n<li>\n<div class=\"product-title\">Viene con tres placas faciales que incluyen una cara seria, una cara que grita y una cara sonriente.<\/div>\n<\/li>\n<li>\n<div class=\"product-title\">Su lanza sagrada Rhongomyniad se incluye como parte opcional junto con una versi\u00f3n de Rhongomyniad tal como aparece cuando libera su Noble Phantasm.<\/div>\n<\/li>\n<li>Dun Stallion viene con una montura est\u00e1ndar y una pieza de montura fija con un brazo de apoyo.\u00a0Las riendas y los estribos est\u00e1n hechos con un material suave y flexible<\/li>\n<li>\n<div class=\"product-title\">Su capa presenta un alambre en el dobladillo que permite posar f\u00e1cilmente.<\/div>\n<\/li>\n<li>Mide unos 14,5 cm de alto.<\/li>\n<li>\n<div class=\"product-title\">Se incluye un soporte de figma articulado para exhibir la figma en una variedad de poses.<\/div>\n<\/li>\n<\/ul>\n<p>&nbsp;<\/p>\n<p>&nbsp;<\/p>\n","protected":false},"excerpt":{"rendered":"<p><strong>Lancer\/Altria Pendragon Fate\/Grand Order Figma DX Edition<\/strong><\/p>\n<p>&#8220;Tu poder me mostr\u00f3 el camino. Mi lanza sagrada ahora es m\u00e1s fuerte que nunca&#8221;.<\/p>\n","protected":false},"featured_media":134547,"template":"","meta":{"_acf_changed":false,"_kad_blocks_custom_css":"","_kad_blocks_head_custom_js":"","_kad_blocks_body_custom_js":"","_kad_blocks_footer_custom_js":""},"product_cat":[1390],"product_tag":[],"class_list":{"0":"post-134564","1":"product","2":"type-product","3":"status-publish","4":"has-post-thumbnail","6":"product_cat-figures","7":"pa_brand-good-smile-company-en","8":"pa_character-lancer-altria-pendragon-en","9":"pa_license-fate-grand-order-en","10":"pa_product-type-figure","11":"pa_theme-figma-en","13":"first","14":"outofstock","15":"taxable","16":"shipping-taxable","17":"purchasable","18":"product-type-simple"},"acf":[],"yoast_head":"<!-- This site is optimized with the Yoast SEO plugin v26.1.1 - https:\/\/yoast.com\/wordpress\/plugins\/seo\/ -->\n<title>Lancer\/Altria Pendragon Fate\/Grand Order Figma DX Edition - EndormoonStore<\/title>\n<meta name=\"robots\" content=\"index, follow, max-snippet:-1, max-image-preview:large, max-video-preview:-1\" \/>\n<link rel=\"canonical\" href=\"https:\/\/endormoonstore.com\/en\/lancer-altria-pendragon-fate-grand-order-figma-dx-edition\/\" \/>\n<meta property=\"og:locale\" content=\"en_US\" \/>\n<meta property=\"og:type\" content=\"article\" \/>\n<meta property=\"og:title\" content=\"Lancer\/Altria Pendragon Fate\/Grand Order Figma DX Edition - EndormoonStore\" \/>\n<meta property=\"og:description\" content=\"Lancer\/Altria Pendragon Fate\/Grand Order Figma DX Edition  &quot;Tu poder me mostr\u00f3 el camino. Mi lanza sagrada ahora es m\u00e1s fuerte que nunca&quot;.\" \/>\n<meta property=\"og:url\" content=\"https:\/\/endormoonstore.com\/en\/lancer-altria-pendragon-fate-grand-order-figma-dx-edition\/\" \/>\n<meta property=\"og:site_name\" content=\"EndormoonStore\" \/>\n<meta property=\"article:modified_time\" content=\"2024-05-11T12:29:30+00:00\" \/>\n<meta property=\"og:image\" content=\"https:\/\/endormoonstore.com\/wp-content\/uploads\/2022\/06\/Lancer-Altria-Pendragon-Fate-Grand-Order-Figma-DX-Edition-1.jpeg\" \/>\n\t<meta property=\"og:image:width\" content=\"730\" \/>\n\t<meta property=\"og:image:height\" content=\"900\" \/>\n\t<meta property=\"og:image:type\" content=\"image\/jpeg\" \/>\n<meta name=\"twitter:card\" content=\"summary_large_image\" \/>\n<meta name=\"twitter:label1\" content=\"Est. reading time\" \/>\n\t<meta name=\"twitter:data1\" content=\"2 minutes\" \/>\n<script type=\"application\/ld+json\" class=\"yoast-schema-graph\">{\"@context\":\"https:\/\/schema.org\",\"@graph\":[{\"@type\":\"WebPage\",\"@id\":\"https:\/\/endormoonstore.com\/en\/lancer-altria-pendragon-fate-grand-order-figma-dx-edition\/\",\"url\":\"https:\/\/endormoonstore.com\/en\/lancer-altria-pendragon-fate-grand-order-figma-dx-edition\/\",\"name\":\"Lancer\/Altria Pendragon Fate\/Grand Order Figma DX Edition - EndormoonStore\",\"isPartOf\":{\"@id\":\"https:\/\/endormoonstore.com\/#website\"},\"primaryImageOfPage\":{\"@id\":\"https:\/\/endormoonstore.com\/en\/lancer-altria-pendragon-fate-grand-order-figma-dx-edition\/#primaryimage\"},\"image\":{\"@id\":\"https:\/\/endormoonstore.com\/en\/lancer-altria-pendragon-fate-grand-order-figma-dx-edition\/#primaryimage\"},\"thumbnailUrl\":\"https:\/\/endormoonstore.com\/wp-content\/uploads\/2022\/06\/Lancer-Altria-Pendragon-Fate-Grand-Order-Figma-DX-Edition-1.jpeg\",\"datePublished\":\"2022-06-11T12:21:15+00:00\",\"dateModified\":\"2024-05-11T12:29:30+00:00\",\"breadcrumb\":{\"@id\":\"https:\/\/endormoonstore.com\/en\/lancer-altria-pendragon-fate-grand-order-figma-dx-edition\/#breadcrumb\"},\"inLanguage\":\"en-US\",\"potentialAction\":[{\"@type\":\"ReadAction\",\"target\":[\"https:\/\/endormoonstore.com\/en\/lancer-altria-pendragon-fate-grand-order-figma-dx-edition\/\"]}]},{\"@type\":\"ImageObject\",\"inLanguage\":\"en-US\",\"@id\":\"https:\/\/endormoonstore.com\/en\/lancer-altria-pendragon-fate-grand-order-figma-dx-edition\/#primaryimage\",\"url\":\"https:\/\/endormoonstore.com\/wp-content\/uploads\/2022\/06\/Lancer-Altria-Pendragon-Fate-Grand-Order-Figma-DX-Edition-1.jpeg\",\"contentUrl\":\"https:\/\/endormoonstore.com\/wp-content\/uploads\/2022\/06\/Lancer-Altria-Pendragon-Fate-Grand-Order-Figma-DX-Edition-1.jpeg\",\"width\":730,\"height\":900},{\"@type\":\"BreadcrumbList\",\"@id\":\"https:\/\/endormoonstore.com\/en\/lancer-altria-pendragon-fate-grand-order-figma-dx-edition\/#breadcrumb\",\"itemListElement\":[{\"@type\":\"ListItem\",\"position\":1,\"name\":\"Shop\",\"item\":\"https:\/\/endormoonstore.com\/en\/shop\/\"},{\"@type\":\"ListItem\",\"position\":2,\"name\":\"Lancer\/Altria Pendragon Fate\/Grand Order Figma DX Edition\"}]},{\"@type\":\"WebSite\",\"@id\":\"https:\/\/endormoonstore.com\/#website\",\"url\":\"https:\/\/endormoonstore.com\/\",\"name\":\"EndormoonStore\",\"description\":\"\",\"potentialAction\":[{\"@type\":\"SearchAction\",\"target\":{\"@type\":\"EntryPoint\",\"urlTemplate\":\"https:\/\/endormoonstore.com\/?s={search_term_string}\"},\"query-input\":{\"@type\":\"PropertyValueSpecification\",\"valueRequired\":true,\"valueName\":\"search_term_string\"}}],\"inLanguage\":\"en-US\"}]}<\/script>\n<!-- \/ Yoast SEO plugin. -->","yoast_head_json":{"title":"Lancer\/Altria Pendragon Fate\/Grand Order Figma DX Edition - EndormoonStore","robots":{"index":"index","follow":"follow","max-snippet":"max-snippet:-1","max-image-preview":"max-image-preview:large","max-video-preview":"max-video-preview:-1"},"canonical":"https:\/\/endormoonstore.com\/en\/lancer-altria-pendragon-fate-grand-order-figma-dx-edition\/","og_locale":"en_US","og_type":"article","og_title":"Lancer\/Altria Pendragon Fate\/Grand Order Figma DX Edition - EndormoonStore","og_description":"Lancer\/Altria Pendragon Fate\/Grand Order Figma DX Edition  \"Tu poder me mostr\u00f3 el camino. Mi lanza sagrada ahora es m\u00e1s fuerte que nunca\".","og_url":"https:\/\/endormoonstore.com\/en\/lancer-altria-pendragon-fate-grand-order-figma-dx-edition\/","og_site_name":"EndormoonStore","article_modified_time":"2024-05-11T12:29:30+00:00","og_image":[{"width":730,"height":900,"url":"https:\/\/endormoonstore.com\/wp-content\/uploads\/2022\/06\/Lancer-Altria-Pendragon-Fate-Grand-Order-Figma-DX-Edition-1.jpeg","type":"image\/jpeg"}],"twitter_card":"summary_large_image","twitter_misc":{"Est. reading time":"2 minutes"},"schema":{"@context":"https:\/\/schema.org","@graph":[{"@type":"WebPage","@id":"https:\/\/endormoonstore.com\/en\/lancer-altria-pendragon-fate-grand-order-figma-dx-edition\/","url":"https:\/\/endormoonstore.com\/en\/lancer-altria-pendragon-fate-grand-order-figma-dx-edition\/","name":"Lancer\/Altria Pendragon Fate\/Grand Order Figma DX Edition - EndormoonStore","isPartOf":{"@id":"https:\/\/endormoonstore.com\/#website"},"primaryImageOfPage":{"@id":"https:\/\/endormoonstore.com\/en\/lancer-altria-pendragon-fate-grand-order-figma-dx-edition\/#primaryimage"},"image":{"@id":"https:\/\/endormoonstore.com\/en\/lancer-altria-pendragon-fate-grand-order-figma-dx-edition\/#primaryimage"},"thumbnailUrl":"https:\/\/endormoonstore.com\/wp-content\/uploads\/2022\/06\/Lancer-Altria-Pendragon-Fate-Grand-Order-Figma-DX-Edition-1.jpeg","datePublished":"2022-06-11T12:21:15+00:00","dateModified":"2024-05-11T12:29:30+00:00","breadcrumb":{"@id":"https:\/\/endormoonstore.com\/en\/lancer-altria-pendragon-fate-grand-order-figma-dx-edition\/#breadcrumb"},"inLanguage":"en-US","potentialAction":[{"@type":"ReadAction","target":["https:\/\/endormoonstore.com\/en\/lancer-altria-pendragon-fate-grand-order-figma-dx-edition\/"]}]},{"@type":"ImageObject","inLanguage":"en-US","@id":"https:\/\/endormoonstore.com\/en\/lancer-altria-pendragon-fate-grand-order-figma-dx-edition\/#primaryimage","url":"https:\/\/endormoonstore.com\/wp-content\/uploads\/2022\/06\/Lancer-Altria-Pendragon-Fate-Grand-Order-Figma-DX-Edition-1.jpeg","contentUrl":"https:\/\/endormoonstore.com\/wp-content\/uploads\/2022\/06\/Lancer-Altria-Pendragon-Fate-Grand-Order-Figma-DX-Edition-1.jpeg","width":730,"height":900},{"@type":"BreadcrumbList","@id":"https:\/\/endormoonstore.com\/en\/lancer-altria-pendragon-fate-grand-order-figma-dx-edition\/#breadcrumb","itemListElement":[{"@type":"ListItem","position":1,"name":"Shop","item":"https:\/\/endormoonstore.com\/en\/shop\/"},{"@type":"ListItem","position":2,"name":"Lancer\/Altria Pendragon Fate\/Grand Order Figma DX Edition"}]},{"@type":"WebSite","@id":"https:\/\/endormoonstore.com\/#website","url":"https:\/\/endormoonstore.com\/","name":"EndormoonStore","description":"","potentialAction":[{"@type":"SearchAction","target":{"@type":"EntryPoint","urlTemplate":"https:\/\/endormoonstore.com\/?s={search_term_string}"},"query-input":{"@type":"PropertyValueSpecification","valueRequired":true,"valueName":"search_term_string"}}],"inLanguage":"en-US"}]}},"taxonomy_info":{"product_cat":[{"value":1390,"label":"Figures"}],"pa_brand":[{"value":2081,"label":"Good Smile Company"}],"pa_character":[{"value":12938,"label":"Lancer\/Altria Pendragon"}],"pa_license":[{"value":12952,"label":"Fate\/Grand Order"}],"pa_product-type":[{"value":2387,"label":"Figure"}],"pa_theme":[{"value":1819,"label":"Figma"}]},"featured_image_src_large":["https:\/\/endormoonstore.com\/wp-content\/uploads\/2022\/06\/Lancer-Altria-Pendragon-Fate-Grand-Order-Figma-DX-Edition-1.jpeg",730,900,false],"author_info":[],"comment_info":"","_links":{"self":[{"href":"https:\/\/endormoonstore.com\/en\/wp-json\/wp\/v2\/product\/134564","targetHints":{"allow":["GET"]}}],"collection":[{"href":"https:\/\/endormoonstore.com\/en\/wp-json\/wp\/v2\/product"}],"about":[{"href":"https:\/\/endormoonstore.com\/en\/wp-json\/wp\/v2\/types\/product"}],"wp:featuredmedia":[{"embeddable":true,"href":"https:\/\/endormoonstore.com\/en\/wp-json\/wp\/v2\/media\/134547"}],"wp:attachment":[{"href":"https:\/\/endormoonstore.com\/en\/wp-json\/wp\/v2\/media?parent=134564"}],"wp:term":[{"taxonomy":"product_cat","embeddable":true,"href":"https:\/\/endormoonstore.com\/en\/wp-json\/wp\/v2\/product_cat?post=134564"},{"taxonomy":"product_tag","embeddable":true,"href":"https:\/\/endormoonstore.com\/en\/wp-json\/wp\/v2\/product_tag?post=134564"}],"curies":[{"name":"wp","href":"https:\/\/api.w.org\/{rel}","templated":true}]}}