{"id":134515,"date":"2022-06-11T14:15:43","date_gmt":"2022-06-11T12:15:43","guid":{"rendered":"https:\/\/endormoonstore.com\/mipha-collectors-edition-the-legend-of-zelda-breath-of-the-wild\/"},"modified":"2023-02-28T11:42:13","modified_gmt":"2023-02-28T10:42:13","slug":"mipha-collectors-edition-the-legend-of-zelda-breath-of-the-wild","status":"publish","type":"product","link":"https:\/\/endormoonstore.com\/en\/mipha-collectors-edition-the-legend-of-zelda-breath-of-the-wild\/","title":{"rendered":"Mipha Collector&#8217;s Edition The Legend of Zelda: Breath of the Wild"},"content":{"rendered":"<p><strong>Mipha Collector&#8217;s Edition The Legend of Zelda: Breath of the Wild<\/strong><\/p>\n<div class=\"pull-left margenDatosSecundarios\">\n<div id=\"ctl00_MainContent_dvSinopsis\" class=\"pull-left w100\">\n<div class=\"pull-left margenDatosSecundarios\">\n<div id=\"ctl00_MainContent_dvSinopsis\" class=\"pull-left w100\">\n<ul>\n<li>First 4 Figures se enorgullece de presentar su \u00faltimo coleccionable de PVC, la estatua de Mipha de The Legend of Zelda: Breath of the Wild.<\/li>\n<li><span id=\"ctl00_MainContent_txtSinpsis\"> La detallada estatua de PVC de Mipha est\u00e1 inspirada en la obra de arte oficial de The Legend of Zelda: Breath of the Wild. Mipha se para en una pose gentil con su mano suavemente presionada sobre su pecho; su otra mano empu\u00f1ando el Lightscale Trident.<\/span><\/li>\n<li><span id=\"ctl00_MainContent_txtSinpsis\"> El dise\u00f1o de la base se basa en el s\u00edmbolo del ojo de la tribu Sheikah que aparece al activar la interfaz Sheikah Slate, y esta edici\u00f3n de coleccionista de la estatua viene con funciones LED brillantes para la base.<\/span><\/li>\n<li><span id=\"ctl00_MainContent_txtSinpsis\"> The Legend of Zelda: Breath of the Wild, Mipha edici\u00f3n de coleccionista tiene un altura aproximada de 22,5 cm.<\/span><\/li>\n<li><span id=\"ctl00_MainContent_txtSinpsis\">Incluye The Legend of Zelda: Breath of the Wild, <\/span><span id=\"ctl00_MainContent_txtSinpsis\">Estatua pintada de PVC de Mipha, base muy detallada inspirada en el estilo art\u00edstico de The Legend of Zelda: Breath of the Wild\u00a0<\/span><\/li>\n<li><span id=\"ctl00_MainContent_txtSinpsis\">Tiene dos funciones LED para la base (est\u00e1tica y animada)<\/span><\/li>\n<li><span id=\"ctl00_MainContent_txtSinpsis\">Folleto F4F con 500 puntos de recompensa F4F incluidos.<\/span><\/li>\n<\/ul>\n<\/div>\n<\/div>\n<\/div>\n<\/div>\n<p>&nbsp;<\/p>\n<p>&nbsp;<\/p>\n<p>&nbsp;<\/p>\n","protected":false},"excerpt":{"rendered":"<p><strong>Mipha Collector&#8217;s Edition The Legend of Zelda: Breath of the Wild<\/strong><\/p>\n<p>First 4 Figures se enorgullece de presentar su \u00faltimo coleccionable de PVC, la estatua de Mipha de The Legend of Zelda: Breath of the Wild.<\/p>\n","protected":false},"featured_media":134462,"template":"","meta":{"_acf_changed":false,"_kad_blocks_custom_css":"","_kad_blocks_head_custom_js":"","_kad_blocks_body_custom_js":"","_kad_blocks_footer_custom_js":""},"product_cat":[1390],"product_tag":[],"class_list":{"0":"post-134515","1":"product","2":"type-product","3":"status-publish","4":"has-post-thumbnail","6":"product_cat-figures","7":"pa_brand-first-4-figures-en","8":"pa_character-mipha-en","9":"pa_episode-breath-of-the-wild-en","10":"pa_license-legend-of-zelda-en","11":"pa_product-type-replica-en","13":"first","14":"outofstock","15":"taxable","16":"shipping-taxable","17":"purchasable","18":"product-type-simple"},"acf":[],"yoast_head":"<!-- This site is optimized with the Yoast SEO plugin v26.1.1 - https:\/\/yoast.com\/wordpress\/plugins\/seo\/ -->\n<title>Mipha Collector&#039;s Edition The Legend of Zelda: Breath of the Wild - EndormoonStore<\/title>\n<meta name=\"robots\" content=\"index, follow, max-snippet:-1, max-image-preview:large, max-video-preview:-1\" \/>\n<link rel=\"canonical\" href=\"https:\/\/endormoonstore.com\/en\/mipha-collectors-edition-the-legend-of-zelda-breath-of-the-wild\/\" \/>\n<meta property=\"og:locale\" content=\"en_US\" \/>\n<meta property=\"og:type\" content=\"article\" \/>\n<meta property=\"og:title\" content=\"Mipha Collector&#039;s Edition The Legend of Zelda: Breath of the Wild - EndormoonStore\" \/>\n<meta property=\"og:description\" content=\"Mipha Collector&#039;s Edition The Legend of Zelda: Breath of the Wild  First 4 Figures se enorgullece de presentar su \u00faltimo coleccionable de PVC, la estatua de Mipha de The Legend of Zelda: Breath of the Wild.\" \/>\n<meta property=\"og:url\" content=\"https:\/\/endormoonstore.com\/en\/mipha-collectors-edition-the-legend-of-zelda-breath-of-the-wild\/\" \/>\n<meta property=\"og:site_name\" content=\"EndormoonStore\" \/>\n<meta property=\"article:modified_time\" content=\"2023-02-28T10:42:13+00:00\" \/>\n<meta property=\"og:image\" content=\"https:\/\/endormoonstore.com\/wp-content\/uploads\/2022\/06\/The-Legend-of-Zelda-Breath-of-the-Wild-Mipha-Collectors-Edition-PVC-Statue-1.jpeg\" \/>\n\t<meta property=\"og:image:width\" content=\"1000\" \/>\n\t<meta property=\"og:image:height\" content=\"733\" \/>\n\t<meta property=\"og:image:type\" content=\"image\/jpeg\" \/>\n<meta name=\"twitter:card\" content=\"summary_large_image\" \/>\n<meta name=\"twitter:label1\" content=\"Est. reading time\" \/>\n\t<meta name=\"twitter:data1\" content=\"1 minute\" \/>\n<script type=\"application\/ld+json\" class=\"yoast-schema-graph\">{\"@context\":\"https:\/\/schema.org\",\"@graph\":[{\"@type\":\"WebPage\",\"@id\":\"https:\/\/endormoonstore.com\/en\/mipha-collectors-edition-the-legend-of-zelda-breath-of-the-wild\/\",\"url\":\"https:\/\/endormoonstore.com\/en\/mipha-collectors-edition-the-legend-of-zelda-breath-of-the-wild\/\",\"name\":\"Mipha Collector's Edition The Legend of Zelda: Breath of the Wild - EndormoonStore\",\"isPartOf\":{\"@id\":\"https:\/\/endormoonstore.com\/#website\"},\"primaryImageOfPage\":{\"@id\":\"https:\/\/endormoonstore.com\/en\/mipha-collectors-edition-the-legend-of-zelda-breath-of-the-wild\/#primaryimage\"},\"image\":{\"@id\":\"https:\/\/endormoonstore.com\/en\/mipha-collectors-edition-the-legend-of-zelda-breath-of-the-wild\/#primaryimage\"},\"thumbnailUrl\":\"https:\/\/endormoonstore.com\/wp-content\/uploads\/2022\/06\/The-Legend-of-Zelda-Breath-of-the-Wild-Mipha-Collectors-Edition-PVC-Statue-1.jpeg\",\"datePublished\":\"2022-06-11T12:15:43+00:00\",\"dateModified\":\"2023-02-28T10:42:13+00:00\",\"breadcrumb\":{\"@id\":\"https:\/\/endormoonstore.com\/en\/mipha-collectors-edition-the-legend-of-zelda-breath-of-the-wild\/#breadcrumb\"},\"inLanguage\":\"en-US\",\"potentialAction\":[{\"@type\":\"ReadAction\",\"target\":[\"https:\/\/endormoonstore.com\/en\/mipha-collectors-edition-the-legend-of-zelda-breath-of-the-wild\/\"]}]},{\"@type\":\"ImageObject\",\"inLanguage\":\"en-US\",\"@id\":\"https:\/\/endormoonstore.com\/en\/mipha-collectors-edition-the-legend-of-zelda-breath-of-the-wild\/#primaryimage\",\"url\":\"https:\/\/endormoonstore.com\/wp-content\/uploads\/2022\/06\/The-Legend-of-Zelda-Breath-of-the-Wild-Mipha-Collectors-Edition-PVC-Statue-1.jpeg\",\"contentUrl\":\"https:\/\/endormoonstore.com\/wp-content\/uploads\/2022\/06\/The-Legend-of-Zelda-Breath-of-the-Wild-Mipha-Collectors-Edition-PVC-Statue-1.jpeg\",\"width\":1000,\"height\":733},{\"@type\":\"BreadcrumbList\",\"@id\":\"https:\/\/endormoonstore.com\/en\/mipha-collectors-edition-the-legend-of-zelda-breath-of-the-wild\/#breadcrumb\",\"itemListElement\":[{\"@type\":\"ListItem\",\"position\":1,\"name\":\"Shop\",\"item\":\"https:\/\/endormoonstore.com\/en\/shop\/\"},{\"@type\":\"ListItem\",\"position\":2,\"name\":\"Mipha Collector&#8217;s Edition The Legend of Zelda: Breath of the Wild\"}]},{\"@type\":\"WebSite\",\"@id\":\"https:\/\/endormoonstore.com\/#website\",\"url\":\"https:\/\/endormoonstore.com\/\",\"name\":\"EndormoonStore\",\"description\":\"\",\"potentialAction\":[{\"@type\":\"SearchAction\",\"target\":{\"@type\":\"EntryPoint\",\"urlTemplate\":\"https:\/\/endormoonstore.com\/?s={search_term_string}\"},\"query-input\":{\"@type\":\"PropertyValueSpecification\",\"valueRequired\":true,\"valueName\":\"search_term_string\"}}],\"inLanguage\":\"en-US\"}]}<\/script>\n<!-- \/ Yoast SEO plugin. -->","yoast_head_json":{"title":"Mipha Collector's Edition The Legend of Zelda: Breath of the Wild - EndormoonStore","robots":{"index":"index","follow":"follow","max-snippet":"max-snippet:-1","max-image-preview":"max-image-preview:large","max-video-preview":"max-video-preview:-1"},"canonical":"https:\/\/endormoonstore.com\/en\/mipha-collectors-edition-the-legend-of-zelda-breath-of-the-wild\/","og_locale":"en_US","og_type":"article","og_title":"Mipha Collector's Edition The Legend of Zelda: Breath of the Wild - EndormoonStore","og_description":"Mipha Collector's Edition The Legend of Zelda: Breath of the Wild  First 4 Figures se enorgullece de presentar su \u00faltimo coleccionable de PVC, la estatua de Mipha de The Legend of Zelda: Breath of the Wild.","og_url":"https:\/\/endormoonstore.com\/en\/mipha-collectors-edition-the-legend-of-zelda-breath-of-the-wild\/","og_site_name":"EndormoonStore","article_modified_time":"2023-02-28T10:42:13+00:00","og_image":[{"width":1000,"height":733,"url":"https:\/\/endormoonstore.com\/wp-content\/uploads\/2022\/06\/The-Legend-of-Zelda-Breath-of-the-Wild-Mipha-Collectors-Edition-PVC-Statue-1.jpeg","type":"image\/jpeg"}],"twitter_card":"summary_large_image","twitter_misc":{"Est. reading time":"1 minute"},"schema":{"@context":"https:\/\/schema.org","@graph":[{"@type":"WebPage","@id":"https:\/\/endormoonstore.com\/en\/mipha-collectors-edition-the-legend-of-zelda-breath-of-the-wild\/","url":"https:\/\/endormoonstore.com\/en\/mipha-collectors-edition-the-legend-of-zelda-breath-of-the-wild\/","name":"Mipha Collector's Edition The Legend of Zelda: Breath of the Wild - EndormoonStore","isPartOf":{"@id":"https:\/\/endormoonstore.com\/#website"},"primaryImageOfPage":{"@id":"https:\/\/endormoonstore.com\/en\/mipha-collectors-edition-the-legend-of-zelda-breath-of-the-wild\/#primaryimage"},"image":{"@id":"https:\/\/endormoonstore.com\/en\/mipha-collectors-edition-the-legend-of-zelda-breath-of-the-wild\/#primaryimage"},"thumbnailUrl":"https:\/\/endormoonstore.com\/wp-content\/uploads\/2022\/06\/The-Legend-of-Zelda-Breath-of-the-Wild-Mipha-Collectors-Edition-PVC-Statue-1.jpeg","datePublished":"2022-06-11T12:15:43+00:00","dateModified":"2023-02-28T10:42:13+00:00","breadcrumb":{"@id":"https:\/\/endormoonstore.com\/en\/mipha-collectors-edition-the-legend-of-zelda-breath-of-the-wild\/#breadcrumb"},"inLanguage":"en-US","potentialAction":[{"@type":"ReadAction","target":["https:\/\/endormoonstore.com\/en\/mipha-collectors-edition-the-legend-of-zelda-breath-of-the-wild\/"]}]},{"@type":"ImageObject","inLanguage":"en-US","@id":"https:\/\/endormoonstore.com\/en\/mipha-collectors-edition-the-legend-of-zelda-breath-of-the-wild\/#primaryimage","url":"https:\/\/endormoonstore.com\/wp-content\/uploads\/2022\/06\/The-Legend-of-Zelda-Breath-of-the-Wild-Mipha-Collectors-Edition-PVC-Statue-1.jpeg","contentUrl":"https:\/\/endormoonstore.com\/wp-content\/uploads\/2022\/06\/The-Legend-of-Zelda-Breath-of-the-Wild-Mipha-Collectors-Edition-PVC-Statue-1.jpeg","width":1000,"height":733},{"@type":"BreadcrumbList","@id":"https:\/\/endormoonstore.com\/en\/mipha-collectors-edition-the-legend-of-zelda-breath-of-the-wild\/#breadcrumb","itemListElement":[{"@type":"ListItem","position":1,"name":"Shop","item":"https:\/\/endormoonstore.com\/en\/shop\/"},{"@type":"ListItem","position":2,"name":"Mipha Collector&#8217;s Edition The Legend of Zelda: Breath of the Wild"}]},{"@type":"WebSite","@id":"https:\/\/endormoonstore.com\/#website","url":"https:\/\/endormoonstore.com\/","name":"EndormoonStore","description":"","potentialAction":[{"@type":"SearchAction","target":{"@type":"EntryPoint","urlTemplate":"https:\/\/endormoonstore.com\/?s={search_term_string}"},"query-input":{"@type":"PropertyValueSpecification","valueRequired":true,"valueName":"search_term_string"}}],"inLanguage":"en-US"}]}},"taxonomy_info":{"product_cat":[{"value":1390,"label":"Figures"}],"pa_brand":[{"value":10923,"label":"First 4 Figures"}],"pa_character":[{"value":12936,"label":"Mipha"}],"pa_episode":[{"value":10917,"label":"Breath of the Wild"}],"pa_license":[{"value":4724,"label":"Legend Of Zelda"}],"pa_product-type":[{"value":4076,"label":"Replica"}]},"featured_image_src_large":["https:\/\/endormoonstore.com\/wp-content\/uploads\/2022\/06\/The-Legend-of-Zelda-Breath-of-the-Wild-Mipha-Collectors-Edition-PVC-Statue-1.jpeg",1000,733,false],"author_info":[],"comment_info":"","_links":{"self":[{"href":"https:\/\/endormoonstore.com\/en\/wp-json\/wp\/v2\/product\/134515","targetHints":{"allow":["GET"]}}],"collection":[{"href":"https:\/\/endormoonstore.com\/en\/wp-json\/wp\/v2\/product"}],"about":[{"href":"https:\/\/endormoonstore.com\/en\/wp-json\/wp\/v2\/types\/product"}],"wp:featuredmedia":[{"embeddable":true,"href":"https:\/\/endormoonstore.com\/en\/wp-json\/wp\/v2\/media\/134462"}],"wp:attachment":[{"href":"https:\/\/endormoonstore.com\/en\/wp-json\/wp\/v2\/media?parent=134515"}],"wp:term":[{"taxonomy":"product_cat","embeddable":true,"href":"https:\/\/endormoonstore.com\/en\/wp-json\/wp\/v2\/product_cat?post=134515"},{"taxonomy":"product_tag","embeddable":true,"href":"https:\/\/endormoonstore.com\/en\/wp-json\/wp\/v2\/product_tag?post=134515"}],"curies":[{"name":"wp","href":"https:\/\/api.w.org\/{rel}","templated":true}]}}