{"id":134352,"date":"2022-06-11T14:05:27","date_gmt":"2022-06-11T12:05:27","guid":{"rendered":"https:\/\/endormoonstore.com\/star-wars-the-black-series-obi-wan-kenobi-wandering-jedi\/"},"modified":"2022-08-13T13:47:01","modified_gmt":"2022-08-13T11:47:01","slug":"star-wars-the-black-series-obi-wan-kenobi-wandering-jedi","status":"publish","type":"product","link":"https:\/\/endormoonstore.com\/en\/star-wars-the-black-series-obi-wan-kenobi-wandering-jedi\/","title":{"rendered":"Star Wars The Black Series Obi-Wan Kenobi (Wandering Jedi)"},"content":{"rendered":"<p class=\"p1\"><strong>Star Wars The Black Series Obi-Wan Kenobi (Wandering Jedi)<\/strong><\/p>\n<ul>\n<li>Obi-Wan Kenobi se desarrolla a\u00f1os despu\u00e9s de los dram\u00e1ticos eventos de Star Wars: Revenge of the Sith, donde Kenobi enfrent\u00f3 la corrupci\u00f3n de su amigo y aprendiz de Jedi, Anakin Skywalker se convirti\u00f3 en el Lord Sith Darth Vader.<\/li>\n<li data-mce-fragment=\"1\">Los fan y coleccionistas pueden imaginar escenas de Star Wars Galaxy con este juguete premium de Obi-Wan Kenobi (Wandering Jedi), inspirado en la serie Star Wars: Obi-Wan Kenobi.<\/li>\n<li>Se trata de una figura articulada con gran calidad y detalle de unos 15 cm hecha en PVC.<\/li>\n<li>Incluye un e complementos para poder personalizar a Obi-Wan a tu gusto<span id=\"ctl00_MainContent_txtSinpsis\">.<\/span><\/li>\n<\/ul>\n","protected":false},"excerpt":{"rendered":"<p class=\"p1\"><strong>Star Wars The Black Series Obi-Wan Kenobi (Wandering Jedi)<\/strong><\/p>\n<p class=\"p1\">Obi-Wan Kenobi se desarrolla a\u00f1os despu\u00e9s de los dram\u00e1ticos eventos de Star Wars: Revenge of the Sith, donde Kenobi enfrent\u00f3 la corrupci\u00f3n de su amigo y aprendiz de Jedi, Anakin Skywalker se convirti\u00f3 en el Lord Sith Darth Vader.<\/p>\n<p class=\"p1\">\n","protected":false},"featured_media":134342,"template":"","meta":{"_acf_changed":false,"_kad_blocks_custom_css":"","_kad_blocks_head_custom_js":"","_kad_blocks_body_custom_js":"","_kad_blocks_footer_custom_js":""},"product_cat":[1390],"product_tag":[],"class_list":{"0":"post-134352","1":"product","2":"type-product","3":"status-publish","4":"has-post-thumbnail","6":"product_cat-figures","7":"pa_brand-hasbro-en","8":"pa_character-obi-wan-kenobi-en","9":"pa_episode-star-wars-obi-wan-kenobi-en","10":"pa_license-star-wars-en","11":"pa_product-type-figure","12":"pa_theme-the-black-series-en","14":"first","15":"instock","16":"taxable","17":"shipping-taxable","18":"purchasable","19":"product-type-simple"},"acf":[],"yoast_head":"<!-- This site is optimized with the Yoast SEO plugin v26.1.1 - https:\/\/yoast.com\/wordpress\/plugins\/seo\/ -->\n<title>Star Wars The Black Series Obi-Wan Kenobi (Wandering Jedi) - EndormoonStore<\/title>\n<meta name=\"robots\" content=\"index, follow, max-snippet:-1, max-image-preview:large, max-video-preview:-1\" \/>\n<link rel=\"canonical\" href=\"https:\/\/endormoonstore.com\/en\/star-wars-the-black-series-obi-wan-kenobi-wandering-jedi\/\" \/>\n<meta property=\"og:locale\" content=\"en_US\" \/>\n<meta property=\"og:type\" content=\"article\" \/>\n<meta property=\"og:title\" content=\"Star Wars The Black Series Obi-Wan Kenobi (Wandering Jedi) - EndormoonStore\" \/>\n<meta property=\"og:description\" content=\"Star Wars The Black Series Obi-Wan Kenobi (Wandering Jedi) Obi-Wan Kenobi se desarrolla a\u00f1os despu\u00e9s de los dram\u00e1ticos eventos de Star Wars: Revenge of the Sith, donde Kenobi enfrent\u00f3 la corrupci\u00f3n de su amigo y aprendiz de Jedi, Anakin Skywalker se convirti\u00f3 en el Lord Sith Darth Vader.\" \/>\n<meta property=\"og:url\" content=\"https:\/\/endormoonstore.com\/en\/star-wars-the-black-series-obi-wan-kenobi-wandering-jedi\/\" \/>\n<meta property=\"og:site_name\" content=\"EndormoonStore\" \/>\n<meta property=\"article:modified_time\" content=\"2022-08-13T11:47:01+00:00\" \/>\n<meta property=\"og:image\" content=\"https:\/\/endormoonstore.com\/wp-content\/uploads\/2022\/06\/Star-Wars-The-Black-Series-Obi-Wan-Kenobi-Wandering-Jedi-1.jpg\" \/>\n\t<meta property=\"og:image:width\" content=\"1000\" \/>\n\t<meta property=\"og:image:height\" content=\"1000\" \/>\n\t<meta property=\"og:image:type\" content=\"image\/jpeg\" \/>\n<meta name=\"twitter:card\" content=\"summary_large_image\" \/>\n<meta name=\"twitter:label1\" content=\"Est. reading time\" \/>\n\t<meta name=\"twitter:data1\" content=\"1 minute\" \/>\n<script type=\"application\/ld+json\" class=\"yoast-schema-graph\">{\"@context\":\"https:\/\/schema.org\",\"@graph\":[{\"@type\":\"WebPage\",\"@id\":\"https:\/\/endormoonstore.com\/en\/star-wars-the-black-series-obi-wan-kenobi-wandering-jedi\/\",\"url\":\"https:\/\/endormoonstore.com\/en\/star-wars-the-black-series-obi-wan-kenobi-wandering-jedi\/\",\"name\":\"Star Wars The Black Series Obi-Wan Kenobi (Wandering Jedi) - EndormoonStore\",\"isPartOf\":{\"@id\":\"https:\/\/endormoonstore.com\/#website\"},\"primaryImageOfPage\":{\"@id\":\"https:\/\/endormoonstore.com\/en\/star-wars-the-black-series-obi-wan-kenobi-wandering-jedi\/#primaryimage\"},\"image\":{\"@id\":\"https:\/\/endormoonstore.com\/en\/star-wars-the-black-series-obi-wan-kenobi-wandering-jedi\/#primaryimage\"},\"thumbnailUrl\":\"https:\/\/endormoonstore.com\/wp-content\/uploads\/2022\/06\/Star-Wars-The-Black-Series-Obi-Wan-Kenobi-Wandering-Jedi-1.jpg\",\"datePublished\":\"2022-06-11T12:05:27+00:00\",\"dateModified\":\"2022-08-13T11:47:01+00:00\",\"breadcrumb\":{\"@id\":\"https:\/\/endormoonstore.com\/en\/star-wars-the-black-series-obi-wan-kenobi-wandering-jedi\/#breadcrumb\"},\"inLanguage\":\"en-US\",\"potentialAction\":[{\"@type\":\"ReadAction\",\"target\":[\"https:\/\/endormoonstore.com\/en\/star-wars-the-black-series-obi-wan-kenobi-wandering-jedi\/\"]}]},{\"@type\":\"ImageObject\",\"inLanguage\":\"en-US\",\"@id\":\"https:\/\/endormoonstore.com\/en\/star-wars-the-black-series-obi-wan-kenobi-wandering-jedi\/#primaryimage\",\"url\":\"https:\/\/endormoonstore.com\/wp-content\/uploads\/2022\/06\/Star-Wars-The-Black-Series-Obi-Wan-Kenobi-Wandering-Jedi-1.jpg\",\"contentUrl\":\"https:\/\/endormoonstore.com\/wp-content\/uploads\/2022\/06\/Star-Wars-The-Black-Series-Obi-Wan-Kenobi-Wandering-Jedi-1.jpg\",\"width\":1000,\"height\":1000},{\"@type\":\"BreadcrumbList\",\"@id\":\"https:\/\/endormoonstore.com\/en\/star-wars-the-black-series-obi-wan-kenobi-wandering-jedi\/#breadcrumb\",\"itemListElement\":[{\"@type\":\"ListItem\",\"position\":1,\"name\":\"Shop\",\"item\":\"https:\/\/endormoonstore.com\/en\/shop\/\"},{\"@type\":\"ListItem\",\"position\":2,\"name\":\"Star Wars The Black Series Obi-Wan Kenobi (Wandering Jedi)\"}]},{\"@type\":\"WebSite\",\"@id\":\"https:\/\/endormoonstore.com\/#website\",\"url\":\"https:\/\/endormoonstore.com\/\",\"name\":\"EndormoonStore\",\"description\":\"\",\"potentialAction\":[{\"@type\":\"SearchAction\",\"target\":{\"@type\":\"EntryPoint\",\"urlTemplate\":\"https:\/\/endormoonstore.com\/?s={search_term_string}\"},\"query-input\":{\"@type\":\"PropertyValueSpecification\",\"valueRequired\":true,\"valueName\":\"search_term_string\"}}],\"inLanguage\":\"en-US\"}]}<\/script>\n<!-- \/ Yoast SEO plugin. -->","yoast_head_json":{"title":"Star Wars The Black Series Obi-Wan Kenobi (Wandering Jedi) - EndormoonStore","robots":{"index":"index","follow":"follow","max-snippet":"max-snippet:-1","max-image-preview":"max-image-preview:large","max-video-preview":"max-video-preview:-1"},"canonical":"https:\/\/endormoonstore.com\/en\/star-wars-the-black-series-obi-wan-kenobi-wandering-jedi\/","og_locale":"en_US","og_type":"article","og_title":"Star Wars The Black Series Obi-Wan Kenobi (Wandering Jedi) - EndormoonStore","og_description":"Star Wars The Black Series Obi-Wan Kenobi (Wandering Jedi) Obi-Wan Kenobi se desarrolla a\u00f1os despu\u00e9s de los dram\u00e1ticos eventos de Star Wars: Revenge of the Sith, donde Kenobi enfrent\u00f3 la corrupci\u00f3n de su amigo y aprendiz de Jedi, Anakin Skywalker se convirti\u00f3 en el Lord Sith Darth Vader.","og_url":"https:\/\/endormoonstore.com\/en\/star-wars-the-black-series-obi-wan-kenobi-wandering-jedi\/","og_site_name":"EndormoonStore","article_modified_time":"2022-08-13T11:47:01+00:00","og_image":[{"width":1000,"height":1000,"url":"https:\/\/endormoonstore.com\/wp-content\/uploads\/2022\/06\/Star-Wars-The-Black-Series-Obi-Wan-Kenobi-Wandering-Jedi-1.jpg","type":"image\/jpeg"}],"twitter_card":"summary_large_image","twitter_misc":{"Est. reading time":"1 minute"},"schema":{"@context":"https:\/\/schema.org","@graph":[{"@type":"WebPage","@id":"https:\/\/endormoonstore.com\/en\/star-wars-the-black-series-obi-wan-kenobi-wandering-jedi\/","url":"https:\/\/endormoonstore.com\/en\/star-wars-the-black-series-obi-wan-kenobi-wandering-jedi\/","name":"Star Wars The Black Series Obi-Wan Kenobi (Wandering Jedi) - EndormoonStore","isPartOf":{"@id":"https:\/\/endormoonstore.com\/#website"},"primaryImageOfPage":{"@id":"https:\/\/endormoonstore.com\/en\/star-wars-the-black-series-obi-wan-kenobi-wandering-jedi\/#primaryimage"},"image":{"@id":"https:\/\/endormoonstore.com\/en\/star-wars-the-black-series-obi-wan-kenobi-wandering-jedi\/#primaryimage"},"thumbnailUrl":"https:\/\/endormoonstore.com\/wp-content\/uploads\/2022\/06\/Star-Wars-The-Black-Series-Obi-Wan-Kenobi-Wandering-Jedi-1.jpg","datePublished":"2022-06-11T12:05:27+00:00","dateModified":"2022-08-13T11:47:01+00:00","breadcrumb":{"@id":"https:\/\/endormoonstore.com\/en\/star-wars-the-black-series-obi-wan-kenobi-wandering-jedi\/#breadcrumb"},"inLanguage":"en-US","potentialAction":[{"@type":"ReadAction","target":["https:\/\/endormoonstore.com\/en\/star-wars-the-black-series-obi-wan-kenobi-wandering-jedi\/"]}]},{"@type":"ImageObject","inLanguage":"en-US","@id":"https:\/\/endormoonstore.com\/en\/star-wars-the-black-series-obi-wan-kenobi-wandering-jedi\/#primaryimage","url":"https:\/\/endormoonstore.com\/wp-content\/uploads\/2022\/06\/Star-Wars-The-Black-Series-Obi-Wan-Kenobi-Wandering-Jedi-1.jpg","contentUrl":"https:\/\/endormoonstore.com\/wp-content\/uploads\/2022\/06\/Star-Wars-The-Black-Series-Obi-Wan-Kenobi-Wandering-Jedi-1.jpg","width":1000,"height":1000},{"@type":"BreadcrumbList","@id":"https:\/\/endormoonstore.com\/en\/star-wars-the-black-series-obi-wan-kenobi-wandering-jedi\/#breadcrumb","itemListElement":[{"@type":"ListItem","position":1,"name":"Shop","item":"https:\/\/endormoonstore.com\/en\/shop\/"},{"@type":"ListItem","position":2,"name":"Star Wars The Black Series Obi-Wan Kenobi (Wandering Jedi)"}]},{"@type":"WebSite","@id":"https:\/\/endormoonstore.com\/#website","url":"https:\/\/endormoonstore.com\/","name":"EndormoonStore","description":"","potentialAction":[{"@type":"SearchAction","target":{"@type":"EntryPoint","urlTemplate":"https:\/\/endormoonstore.com\/?s={search_term_string}"},"query-input":{"@type":"PropertyValueSpecification","valueRequired":true,"valueName":"search_term_string"}}],"inLanguage":"en-US"}]}},"taxonomy_info":{"product_cat":[{"value":1390,"label":"Figures"}],"pa_brand":[{"value":2084,"label":"Hasbro"}],"pa_character":[{"value":4523,"label":"Obi-Wan Kenobi"}],"pa_episode":[{"value":12923,"label":"Star Wars: Obi-Wan Kenobi"}],"pa_license":[{"value":1644,"label":"Star Wars"}],"pa_product-type":[{"value":2387,"label":"Figure"}],"pa_theme":[{"value":2552,"label":"The Black Series"}]},"featured_image_src_large":["https:\/\/endormoonstore.com\/wp-content\/uploads\/2022\/06\/Star-Wars-The-Black-Series-Obi-Wan-Kenobi-Wandering-Jedi-1.jpg",1000,1000,false],"author_info":[],"comment_info":"","_links":{"self":[{"href":"https:\/\/endormoonstore.com\/en\/wp-json\/wp\/v2\/product\/134352","targetHints":{"allow":["GET"]}}],"collection":[{"href":"https:\/\/endormoonstore.com\/en\/wp-json\/wp\/v2\/product"}],"about":[{"href":"https:\/\/endormoonstore.com\/en\/wp-json\/wp\/v2\/types\/product"}],"wp:featuredmedia":[{"embeddable":true,"href":"https:\/\/endormoonstore.com\/en\/wp-json\/wp\/v2\/media\/134342"}],"wp:attachment":[{"href":"https:\/\/endormoonstore.com\/en\/wp-json\/wp\/v2\/media?parent=134352"}],"wp:term":[{"taxonomy":"product_cat","embeddable":true,"href":"https:\/\/endormoonstore.com\/en\/wp-json\/wp\/v2\/product_cat?post=134352"},{"taxonomy":"product_tag","embeddable":true,"href":"https:\/\/endormoonstore.com\/en\/wp-json\/wp\/v2\/product_tag?post=134352"}],"curies":[{"name":"wp","href":"https:\/\/api.w.org\/{rel}","templated":true}]}}