{"id":133972,"date":"2022-06-08T21:43:33","date_gmt":"2022-06-08T19:43:33","guid":{"rendered":"https:\/\/endormoonstore.com\/origami-tobiichi-date-a-live-iv-nendoroid\/"},"modified":"2023-03-30T22:45:31","modified_gmt":"2023-03-30T20:45:31","slug":"origami-tobiichi-date-a-live-iv-nendoroid","status":"publish","type":"product","link":"https:\/\/endormoonstore.com\/en\/origami-tobiichi-date-a-live-iv-nendoroid\/","title":{"rendered":"Origami Tobiichi Date A Live IV Nendoroid"},"content":{"rendered":"<p><strong>Origami Tobiichi Date A Live IV Nendoroid<\/strong><\/p>\n<ul>\n<li>\n<div class=\"product-title\">Ahora usar\u00e9 este poder para derrotar a los Esp\u00edritus. Me convertir\u00e9 en el Esp\u00edritu que mata a los Esp\u00edritus&#8221;.<\/div>\n<\/li>\n<li>\u00a1De la serie de anime &#8220;Date A Live IV&#8221; viene un Nendoroid de la belleza inexpresiva Origami Tobiichi en forma de Esp\u00edritu!<\/li>\n<li>Ella viene con tres placas faciales que incluyen una cara inexpresiva, una cara determinada y una cara sonrojada.<\/li>\n<li>Viene con su \u00c1ngel, Metatron, como un conjunto de piezas opcionales.<\/li>\n<li>Las partes se pueden arreglar para recrear sus ataques de la serie, incluidos sus ataques Shemesh y Kadour.<\/li>\n<li>Mide unos 10 cm y tiene base para su exposici\u00f3n.<\/li>\n<\/ul>\n<p>&nbsp;<\/p>\n","protected":false},"excerpt":{"rendered":"<p><strong>Origami Tobiichi Date A Live IV Nendoroid<\/strong><\/p>\n<p>Ahora usar\u00e9 este poder para derrotar a los Esp\u00edritus. Me convertir\u00e9 en el Esp\u00edritu que mata a los Esp\u00edritus&#8221;.<\/p>\n","protected":false},"featured_media":133963,"template":"","meta":{"_acf_changed":false,"_kad_blocks_custom_css":"","_kad_blocks_head_custom_js":"","_kad_blocks_body_custom_js":"","_kad_blocks_footer_custom_js":""},"product_cat":[1390,13511],"product_tag":[],"class_list":{"0":"post-133972","1":"product","2":"type-product","3":"status-publish","4":"has-post-thumbnail","6":"product_cat-figures","7":"product_cat-new-arrivals","8":"pa_brand-good-smile-company-en","9":"pa_character-origami-tobiichi-en","10":"pa_license-date-a-live-en","11":"pa_product-type-figure","12":"pa_theme-nendoroid-en","14":"first","15":"outofstock","16":"taxable","17":"shipping-taxable","18":"purchasable","19":"product-type-simple"},"acf":[],"yoast_head":"<!-- This site is optimized with the Yoast SEO plugin v26.1.1 - https:\/\/yoast.com\/wordpress\/plugins\/seo\/ -->\n<title>Origami Tobiichi Date A Live IV Nendoroid - EndormoonStore<\/title>\n<meta name=\"robots\" content=\"index, follow, max-snippet:-1, max-image-preview:large, max-video-preview:-1\" \/>\n<link rel=\"canonical\" href=\"https:\/\/endormoonstore.com\/en\/origami-tobiichi-date-a-live-iv-nendoroid\/\" \/>\n<meta property=\"og:locale\" content=\"en_US\" \/>\n<meta property=\"og:type\" content=\"article\" \/>\n<meta property=\"og:title\" content=\"Origami Tobiichi Date A Live IV Nendoroid - EndormoonStore\" \/>\n<meta property=\"og:description\" content=\"Origami Tobiichi Date A Live IV Nendoroid  Ahora usar\u00e9 este poder para derrotar a los Esp\u00edritus. Me convertir\u00e9 en el Esp\u00edritu que mata a los Esp\u00edritus&quot;.\" \/>\n<meta property=\"og:url\" content=\"https:\/\/endormoonstore.com\/en\/origami-tobiichi-date-a-live-iv-nendoroid\/\" \/>\n<meta property=\"og:site_name\" content=\"EndormoonStore\" \/>\n<meta property=\"article:modified_time\" content=\"2023-03-30T20:45:31+00:00\" \/>\n<meta property=\"og:image\" content=\"https:\/\/endormoonstore.com\/wp-content\/uploads\/2022\/06\/Origami-Tobiichi-Date-A-Live-IV-Nendoroid-1.jpeg\" \/>\n\t<meta property=\"og:image:width\" content=\"730\" \/>\n\t<meta property=\"og:image:height\" content=\"900\" \/>\n\t<meta property=\"og:image:type\" content=\"image\/jpeg\" \/>\n<meta name=\"twitter:card\" content=\"summary_large_image\" \/>\n<meta name=\"twitter:label1\" content=\"Est. reading time\" \/>\n\t<meta name=\"twitter:data1\" content=\"1 minute\" \/>\n<script type=\"application\/ld+json\" class=\"yoast-schema-graph\">{\"@context\":\"https:\/\/schema.org\",\"@graph\":[{\"@type\":\"WebPage\",\"@id\":\"https:\/\/endormoonstore.com\/en\/origami-tobiichi-date-a-live-iv-nendoroid\/\",\"url\":\"https:\/\/endormoonstore.com\/en\/origami-tobiichi-date-a-live-iv-nendoroid\/\",\"name\":\"Origami Tobiichi Date A Live IV Nendoroid - EndormoonStore\",\"isPartOf\":{\"@id\":\"https:\/\/endormoonstore.com\/#website\"},\"primaryImageOfPage\":{\"@id\":\"https:\/\/endormoonstore.com\/en\/origami-tobiichi-date-a-live-iv-nendoroid\/#primaryimage\"},\"image\":{\"@id\":\"https:\/\/endormoonstore.com\/en\/origami-tobiichi-date-a-live-iv-nendoroid\/#primaryimage\"},\"thumbnailUrl\":\"https:\/\/endormoonstore.com\/wp-content\/uploads\/2022\/06\/Origami-Tobiichi-Date-A-Live-IV-Nendoroid-1.jpeg\",\"datePublished\":\"2022-06-08T19:43:33+00:00\",\"dateModified\":\"2023-03-30T20:45:31+00:00\",\"breadcrumb\":{\"@id\":\"https:\/\/endormoonstore.com\/en\/origami-tobiichi-date-a-live-iv-nendoroid\/#breadcrumb\"},\"inLanguage\":\"en-US\",\"potentialAction\":[{\"@type\":\"ReadAction\",\"target\":[\"https:\/\/endormoonstore.com\/en\/origami-tobiichi-date-a-live-iv-nendoroid\/\"]}]},{\"@type\":\"ImageObject\",\"inLanguage\":\"en-US\",\"@id\":\"https:\/\/endormoonstore.com\/en\/origami-tobiichi-date-a-live-iv-nendoroid\/#primaryimage\",\"url\":\"https:\/\/endormoonstore.com\/wp-content\/uploads\/2022\/06\/Origami-Tobiichi-Date-A-Live-IV-Nendoroid-1.jpeg\",\"contentUrl\":\"https:\/\/endormoonstore.com\/wp-content\/uploads\/2022\/06\/Origami-Tobiichi-Date-A-Live-IV-Nendoroid-1.jpeg\",\"width\":730,\"height\":900},{\"@type\":\"BreadcrumbList\",\"@id\":\"https:\/\/endormoonstore.com\/en\/origami-tobiichi-date-a-live-iv-nendoroid\/#breadcrumb\",\"itemListElement\":[{\"@type\":\"ListItem\",\"position\":1,\"name\":\"Shop\",\"item\":\"https:\/\/endormoonstore.com\/en\/shop\/\"},{\"@type\":\"ListItem\",\"position\":2,\"name\":\"Origami Tobiichi Date A Live IV Nendoroid\"}]},{\"@type\":\"WebSite\",\"@id\":\"https:\/\/endormoonstore.com\/#website\",\"url\":\"https:\/\/endormoonstore.com\/\",\"name\":\"EndormoonStore\",\"description\":\"\",\"potentialAction\":[{\"@type\":\"SearchAction\",\"target\":{\"@type\":\"EntryPoint\",\"urlTemplate\":\"https:\/\/endormoonstore.com\/?s={search_term_string}\"},\"query-input\":{\"@type\":\"PropertyValueSpecification\",\"valueRequired\":true,\"valueName\":\"search_term_string\"}}],\"inLanguage\":\"en-US\"}]}<\/script>\n<!-- \/ Yoast SEO plugin. -->","yoast_head_json":{"title":"Origami Tobiichi Date A Live IV Nendoroid - EndormoonStore","robots":{"index":"index","follow":"follow","max-snippet":"max-snippet:-1","max-image-preview":"max-image-preview:large","max-video-preview":"max-video-preview:-1"},"canonical":"https:\/\/endormoonstore.com\/en\/origami-tobiichi-date-a-live-iv-nendoroid\/","og_locale":"en_US","og_type":"article","og_title":"Origami Tobiichi Date A Live IV Nendoroid - EndormoonStore","og_description":"Origami Tobiichi Date A Live IV Nendoroid  Ahora usar\u00e9 este poder para derrotar a los Esp\u00edritus. Me convertir\u00e9 en el Esp\u00edritu que mata a los Esp\u00edritus\".","og_url":"https:\/\/endormoonstore.com\/en\/origami-tobiichi-date-a-live-iv-nendoroid\/","og_site_name":"EndormoonStore","article_modified_time":"2023-03-30T20:45:31+00:00","og_image":[{"width":730,"height":900,"url":"https:\/\/endormoonstore.com\/wp-content\/uploads\/2022\/06\/Origami-Tobiichi-Date-A-Live-IV-Nendoroid-1.jpeg","type":"image\/jpeg"}],"twitter_card":"summary_large_image","twitter_misc":{"Est. reading time":"1 minute"},"schema":{"@context":"https:\/\/schema.org","@graph":[{"@type":"WebPage","@id":"https:\/\/endormoonstore.com\/en\/origami-tobiichi-date-a-live-iv-nendoroid\/","url":"https:\/\/endormoonstore.com\/en\/origami-tobiichi-date-a-live-iv-nendoroid\/","name":"Origami Tobiichi Date A Live IV Nendoroid - EndormoonStore","isPartOf":{"@id":"https:\/\/endormoonstore.com\/#website"},"primaryImageOfPage":{"@id":"https:\/\/endormoonstore.com\/en\/origami-tobiichi-date-a-live-iv-nendoroid\/#primaryimage"},"image":{"@id":"https:\/\/endormoonstore.com\/en\/origami-tobiichi-date-a-live-iv-nendoroid\/#primaryimage"},"thumbnailUrl":"https:\/\/endormoonstore.com\/wp-content\/uploads\/2022\/06\/Origami-Tobiichi-Date-A-Live-IV-Nendoroid-1.jpeg","datePublished":"2022-06-08T19:43:33+00:00","dateModified":"2023-03-30T20:45:31+00:00","breadcrumb":{"@id":"https:\/\/endormoonstore.com\/en\/origami-tobiichi-date-a-live-iv-nendoroid\/#breadcrumb"},"inLanguage":"en-US","potentialAction":[{"@type":"ReadAction","target":["https:\/\/endormoonstore.com\/en\/origami-tobiichi-date-a-live-iv-nendoroid\/"]}]},{"@type":"ImageObject","inLanguage":"en-US","@id":"https:\/\/endormoonstore.com\/en\/origami-tobiichi-date-a-live-iv-nendoroid\/#primaryimage","url":"https:\/\/endormoonstore.com\/wp-content\/uploads\/2022\/06\/Origami-Tobiichi-Date-A-Live-IV-Nendoroid-1.jpeg","contentUrl":"https:\/\/endormoonstore.com\/wp-content\/uploads\/2022\/06\/Origami-Tobiichi-Date-A-Live-IV-Nendoroid-1.jpeg","width":730,"height":900},{"@type":"BreadcrumbList","@id":"https:\/\/endormoonstore.com\/en\/origami-tobiichi-date-a-live-iv-nendoroid\/#breadcrumb","itemListElement":[{"@type":"ListItem","position":1,"name":"Shop","item":"https:\/\/endormoonstore.com\/en\/shop\/"},{"@type":"ListItem","position":2,"name":"Origami Tobiichi Date A Live IV Nendoroid"}]},{"@type":"WebSite","@id":"https:\/\/endormoonstore.com\/#website","url":"https:\/\/endormoonstore.com\/","name":"EndormoonStore","description":"","potentialAction":[{"@type":"SearchAction","target":{"@type":"EntryPoint","urlTemplate":"https:\/\/endormoonstore.com\/?s={search_term_string}"},"query-input":{"@type":"PropertyValueSpecification","valueRequired":true,"valueName":"search_term_string"}}],"inLanguage":"en-US"}]}},"taxonomy_info":{"product_cat":[{"value":1390,"label":"Figures"},{"value":13511,"label":"New Arrivals"}],"pa_brand":[{"value":2081,"label":"Good Smile Company"}],"pa_character":[{"value":12890,"label":"Origami Tobiichi"}],"pa_license":[{"value":12884,"label":"Date A Live"}],"pa_product-type":[{"value":2387,"label":"Figure"}],"pa_theme":[{"value":1861,"label":"Nendoroid"}]},"featured_image_src_large":["https:\/\/endormoonstore.com\/wp-content\/uploads\/2022\/06\/Origami-Tobiichi-Date-A-Live-IV-Nendoroid-1.jpeg",730,900,false],"author_info":[],"comment_info":"","_links":{"self":[{"href":"https:\/\/endormoonstore.com\/en\/wp-json\/wp\/v2\/product\/133972","targetHints":{"allow":["GET"]}}],"collection":[{"href":"https:\/\/endormoonstore.com\/en\/wp-json\/wp\/v2\/product"}],"about":[{"href":"https:\/\/endormoonstore.com\/en\/wp-json\/wp\/v2\/types\/product"}],"wp:featuredmedia":[{"embeddable":true,"href":"https:\/\/endormoonstore.com\/en\/wp-json\/wp\/v2\/media\/133963"}],"wp:attachment":[{"href":"https:\/\/endormoonstore.com\/en\/wp-json\/wp\/v2\/media?parent=133972"}],"wp:term":[{"taxonomy":"product_cat","embeddable":true,"href":"https:\/\/endormoonstore.com\/en\/wp-json\/wp\/v2\/product_cat?post=133972"},{"taxonomy":"product_tag","embeddable":true,"href":"https:\/\/endormoonstore.com\/en\/wp-json\/wp\/v2\/product_tag?post=133972"}],"curies":[{"name":"wp","href":"https:\/\/api.w.org\/{rel}","templated":true}]}}