{"id":133860,"date":"2022-06-08T11:34:40","date_gmt":"2022-06-08T09:34:40","guid":{"rendered":"https:\/\/endormoonstore.com\/levi-attack-on-titan-pop-up-parade\/"},"modified":"2023-01-22T22:02:12","modified_gmt":"2023-01-22T21:02:12","slug":"levi-attack-on-titan-pop-up-parade","status":"publish","type":"product","link":"https:\/\/endormoonstore.com\/en\/levi-attack-on-titan-pop-up-parade\/","title":{"rendered":"Levi Attack on Titan Pop Up Parade"},"content":{"rendered":"<p><strong>Levi Attack on Titan Pop Up Parade<\/strong><\/p>\n<div class=\"pull-left margenDatosSecundarios\">\n<div id=\"ctl00_MainContent_dvSinopsis\" class=\"pull-left w100\">\n<div class=\"productDescription-right goodsmile-global\">\n<ul>\n<li>De la popular serie de pel\u00edculas de anime &#8220;Attack on Titan&#8221;, viene una figura Pop Up Parade del capit\u00e1n del escuadr\u00f3n Survey Corps, Levi.<\/li>\n<li>La mirada aguda de Levi y el abrigo de Survey Corps se han capturado fielmente en forma de figura.<\/li>\n<li>La figura fabricada en ABS y PVC mide unos 17 cm<\/li>\n<li>Incluye base para su exposici\u00f3n.<\/li>\n<\/ul>\n<\/div>\n<\/div>\n<\/div>\n<p>&nbsp;<\/p>\n<p>&nbsp;<\/p>\n<div class=\"pull-left margenDatosSecundarios\">\n<div id=\"ctl00_MainContent_dvSinopsis\" class=\"pull-left w100\">\n<p>&nbsp;<\/p>\n<\/div>\n<\/div>\n<p>&nbsp;<\/p>\n","protected":false},"excerpt":{"rendered":"<p><strong>Levi Attack on Titan Pop Up Parade<\/strong><\/p>\n<p>De la popular serie de pel\u00edculas de anime &#8220;Attack on Titan&#8221;, viene una figura Pop Up Parade del capit\u00e1n del escuadr\u00f3n Survey Corps, Levi.<\/p>\n","protected":false},"featured_media":133845,"template":"","meta":{"_acf_changed":false,"_kad_blocks_custom_css":"","_kad_blocks_head_custom_js":"","_kad_blocks_body_custom_js":"","_kad_blocks_footer_custom_js":""},"product_cat":[1390],"product_tag":[],"class_list":{"0":"post-133860","1":"product","2":"type-product","3":"status-publish","4":"has-post-thumbnail","6":"product_cat-figures","7":"pa_brand-good-smile-company-en","8":"pa_character-levi-en","9":"pa_license-attack-on-titan-en","10":"pa_product-type-figure","11":"pa_theme-pop-up-parade-en","13":"first","14":"instock","15":"sale","16":"taxable","17":"shipping-taxable","18":"purchasable","19":"product-type-simple"},"acf":[],"yoast_head":"<!-- This site is optimized with the Yoast SEO plugin v26.1.1 - https:\/\/yoast.com\/wordpress\/plugins\/seo\/ -->\n<title>Levi Attack on Titan Pop Up Parade - EndormoonStore<\/title>\n<meta name=\"robots\" content=\"index, follow, max-snippet:-1, max-image-preview:large, max-video-preview:-1\" \/>\n<link rel=\"canonical\" href=\"https:\/\/endormoonstore.com\/en\/levi-attack-on-titan-pop-up-parade\/\" \/>\n<meta property=\"og:locale\" content=\"en_US\" \/>\n<meta property=\"og:type\" content=\"article\" \/>\n<meta property=\"og:title\" content=\"Levi Attack on Titan Pop Up Parade - EndormoonStore\" \/>\n<meta property=\"og:description\" content=\"Levi Attack on Titan Pop Up Parade  De la popular serie de pel\u00edculas de anime &quot;Attack on Titan&quot;, viene una figura Pop Up Parade del capit\u00e1n del escuadr\u00f3n Survey Corps, Levi.\" \/>\n<meta property=\"og:url\" content=\"https:\/\/endormoonstore.com\/en\/levi-attack-on-titan-pop-up-parade\/\" \/>\n<meta property=\"og:site_name\" content=\"EndormoonStore\" \/>\n<meta property=\"article:modified_time\" content=\"2023-01-22T21:02:12+00:00\" \/>\n<meta property=\"og:image\" content=\"https:\/\/endormoonstore.com\/wp-content\/uploads\/2022\/06\/Attack-on-Titan-Pop-Up-Parade-1.jpeg\" \/>\n\t<meta property=\"og:image:width\" content=\"730\" \/>\n\t<meta property=\"og:image:height\" content=\"900\" \/>\n\t<meta property=\"og:image:type\" content=\"image\/jpeg\" \/>\n<meta name=\"twitter:card\" content=\"summary_large_image\" \/>\n<meta name=\"twitter:label1\" content=\"Est. reading time\" \/>\n\t<meta name=\"twitter:data1\" content=\"1 minute\" \/>\n<script type=\"application\/ld+json\" class=\"yoast-schema-graph\">{\"@context\":\"https:\/\/schema.org\",\"@graph\":[{\"@type\":\"WebPage\",\"@id\":\"https:\/\/endormoonstore.com\/en\/levi-attack-on-titan-pop-up-parade\/\",\"url\":\"https:\/\/endormoonstore.com\/en\/levi-attack-on-titan-pop-up-parade\/\",\"name\":\"Levi Attack on Titan Pop Up Parade - EndormoonStore\",\"isPartOf\":{\"@id\":\"https:\/\/endormoonstore.com\/#website\"},\"primaryImageOfPage\":{\"@id\":\"https:\/\/endormoonstore.com\/en\/levi-attack-on-titan-pop-up-parade\/#primaryimage\"},\"image\":{\"@id\":\"https:\/\/endormoonstore.com\/en\/levi-attack-on-titan-pop-up-parade\/#primaryimage\"},\"thumbnailUrl\":\"https:\/\/endormoonstore.com\/wp-content\/uploads\/2022\/06\/Attack-on-Titan-Pop-Up-Parade-1.jpeg\",\"datePublished\":\"2022-06-08T09:34:40+00:00\",\"dateModified\":\"2023-01-22T21:02:12+00:00\",\"breadcrumb\":{\"@id\":\"https:\/\/endormoonstore.com\/en\/levi-attack-on-titan-pop-up-parade\/#breadcrumb\"},\"inLanguage\":\"en-US\",\"potentialAction\":[{\"@type\":\"ReadAction\",\"target\":[\"https:\/\/endormoonstore.com\/en\/levi-attack-on-titan-pop-up-parade\/\"]}]},{\"@type\":\"ImageObject\",\"inLanguage\":\"en-US\",\"@id\":\"https:\/\/endormoonstore.com\/en\/levi-attack-on-titan-pop-up-parade\/#primaryimage\",\"url\":\"https:\/\/endormoonstore.com\/wp-content\/uploads\/2022\/06\/Attack-on-Titan-Pop-Up-Parade-1.jpeg\",\"contentUrl\":\"https:\/\/endormoonstore.com\/wp-content\/uploads\/2022\/06\/Attack-on-Titan-Pop-Up-Parade-1.jpeg\",\"width\":730,\"height\":900},{\"@type\":\"BreadcrumbList\",\"@id\":\"https:\/\/endormoonstore.com\/en\/levi-attack-on-titan-pop-up-parade\/#breadcrumb\",\"itemListElement\":[{\"@type\":\"ListItem\",\"position\":1,\"name\":\"Shop\",\"item\":\"https:\/\/endormoonstore.com\/en\/shop\/\"},{\"@type\":\"ListItem\",\"position\":2,\"name\":\"Levi Attack on Titan Pop Up Parade\"}]},{\"@type\":\"WebSite\",\"@id\":\"https:\/\/endormoonstore.com\/#website\",\"url\":\"https:\/\/endormoonstore.com\/\",\"name\":\"EndormoonStore\",\"description\":\"\",\"potentialAction\":[{\"@type\":\"SearchAction\",\"target\":{\"@type\":\"EntryPoint\",\"urlTemplate\":\"https:\/\/endormoonstore.com\/?s={search_term_string}\"},\"query-input\":{\"@type\":\"PropertyValueSpecification\",\"valueRequired\":true,\"valueName\":\"search_term_string\"}}],\"inLanguage\":\"en-US\"}]}<\/script>\n<!-- \/ Yoast SEO plugin. -->","yoast_head_json":{"title":"Levi Attack on Titan Pop Up Parade - EndormoonStore","robots":{"index":"index","follow":"follow","max-snippet":"max-snippet:-1","max-image-preview":"max-image-preview:large","max-video-preview":"max-video-preview:-1"},"canonical":"https:\/\/endormoonstore.com\/en\/levi-attack-on-titan-pop-up-parade\/","og_locale":"en_US","og_type":"article","og_title":"Levi Attack on Titan Pop Up Parade - EndormoonStore","og_description":"Levi Attack on Titan Pop Up Parade  De la popular serie de pel\u00edculas de anime \"Attack on Titan\", viene una figura Pop Up Parade del capit\u00e1n del escuadr\u00f3n Survey Corps, Levi.","og_url":"https:\/\/endormoonstore.com\/en\/levi-attack-on-titan-pop-up-parade\/","og_site_name":"EndormoonStore","article_modified_time":"2023-01-22T21:02:12+00:00","og_image":[{"width":730,"height":900,"url":"https:\/\/endormoonstore.com\/wp-content\/uploads\/2022\/06\/Attack-on-Titan-Pop-Up-Parade-1.jpeg","type":"image\/jpeg"}],"twitter_card":"summary_large_image","twitter_misc":{"Est. reading time":"1 minute"},"schema":{"@context":"https:\/\/schema.org","@graph":[{"@type":"WebPage","@id":"https:\/\/endormoonstore.com\/en\/levi-attack-on-titan-pop-up-parade\/","url":"https:\/\/endormoonstore.com\/en\/levi-attack-on-titan-pop-up-parade\/","name":"Levi Attack on Titan Pop Up Parade - EndormoonStore","isPartOf":{"@id":"https:\/\/endormoonstore.com\/#website"},"primaryImageOfPage":{"@id":"https:\/\/endormoonstore.com\/en\/levi-attack-on-titan-pop-up-parade\/#primaryimage"},"image":{"@id":"https:\/\/endormoonstore.com\/en\/levi-attack-on-titan-pop-up-parade\/#primaryimage"},"thumbnailUrl":"https:\/\/endormoonstore.com\/wp-content\/uploads\/2022\/06\/Attack-on-Titan-Pop-Up-Parade-1.jpeg","datePublished":"2022-06-08T09:34:40+00:00","dateModified":"2023-01-22T21:02:12+00:00","breadcrumb":{"@id":"https:\/\/endormoonstore.com\/en\/levi-attack-on-titan-pop-up-parade\/#breadcrumb"},"inLanguage":"en-US","potentialAction":[{"@type":"ReadAction","target":["https:\/\/endormoonstore.com\/en\/levi-attack-on-titan-pop-up-parade\/"]}]},{"@type":"ImageObject","inLanguage":"en-US","@id":"https:\/\/endormoonstore.com\/en\/levi-attack-on-titan-pop-up-parade\/#primaryimage","url":"https:\/\/endormoonstore.com\/wp-content\/uploads\/2022\/06\/Attack-on-Titan-Pop-Up-Parade-1.jpeg","contentUrl":"https:\/\/endormoonstore.com\/wp-content\/uploads\/2022\/06\/Attack-on-Titan-Pop-Up-Parade-1.jpeg","width":730,"height":900},{"@type":"BreadcrumbList","@id":"https:\/\/endormoonstore.com\/en\/levi-attack-on-titan-pop-up-parade\/#breadcrumb","itemListElement":[{"@type":"ListItem","position":1,"name":"Shop","item":"https:\/\/endormoonstore.com\/en\/shop\/"},{"@type":"ListItem","position":2,"name":"Levi Attack on Titan Pop Up Parade"}]},{"@type":"WebSite","@id":"https:\/\/endormoonstore.com\/#website","url":"https:\/\/endormoonstore.com\/","name":"EndormoonStore","description":"","potentialAction":[{"@type":"SearchAction","target":{"@type":"EntryPoint","urlTemplate":"https:\/\/endormoonstore.com\/?s={search_term_string}"},"query-input":{"@type":"PropertyValueSpecification","valueRequired":true,"valueName":"search_term_string"}}],"inLanguage":"en-US"}]}},"taxonomy_info":{"product_cat":[{"value":1390,"label":"Figures"}],"pa_brand":[{"value":2081,"label":"Good Smile Company"}],"pa_character":[{"value":7548,"label":"Levi"}],"pa_license":[{"value":7554,"label":"Attack on Titan"}],"pa_product-type":[{"value":2387,"label":"Figure"}],"pa_theme":[{"value":1939,"label":"Pop Up Parade"}]},"featured_image_src_large":["https:\/\/endormoonstore.com\/wp-content\/uploads\/2022\/06\/Attack-on-Titan-Pop-Up-Parade-1.jpeg",730,900,false],"author_info":[],"comment_info":"","_links":{"self":[{"href":"https:\/\/endormoonstore.com\/en\/wp-json\/wp\/v2\/product\/133860","targetHints":{"allow":["GET"]}}],"collection":[{"href":"https:\/\/endormoonstore.com\/en\/wp-json\/wp\/v2\/product"}],"about":[{"href":"https:\/\/endormoonstore.com\/en\/wp-json\/wp\/v2\/types\/product"}],"wp:featuredmedia":[{"embeddable":true,"href":"https:\/\/endormoonstore.com\/en\/wp-json\/wp\/v2\/media\/133845"}],"wp:attachment":[{"href":"https:\/\/endormoonstore.com\/en\/wp-json\/wp\/v2\/media?parent=133860"}],"wp:term":[{"taxonomy":"product_cat","embeddable":true,"href":"https:\/\/endormoonstore.com\/en\/wp-json\/wp\/v2\/product_cat?post=133860"},{"taxonomy":"product_tag","embeddable":true,"href":"https:\/\/endormoonstore.com\/en\/wp-json\/wp\/v2\/product_tag?post=133860"}],"curies":[{"name":"wp","href":"https:\/\/api.w.org\/{rel}","templated":true}]}}