{"id":133557,"date":"2022-06-06T20:58:13","date_gmt":"2022-06-06T18:58:13","guid":{"rendered":"https:\/\/endormoonstore.com\/xl-15-space-ship-lightyear-chogokin\/"},"modified":"2022-09-22T16:08:22","modified_gmt":"2022-09-22T14:08:22","slug":"xl-15-space-ship-lightyear-chogokin","status":"publish","type":"product","link":"https:\/\/endormoonstore.com\/en\/xl-15-space-ship-lightyear-chogokin\/","title":{"rendered":"XL-15 Space Ship Lightyear Chogokin"},"content":{"rendered":"<p class=\"p1\"><strong>XL-15 Space Ship Lightyear Chogokin<\/strong><\/p>\n<ul class=\"ul1\">\n<li class=\"li1\">Tamashii Nations presenta dentro de su l\u00ednea de productos para la colecci\u00f3n Chogokin la figura del XL-15 Space ship de Buzz Lightyear tal y como aparece en la pel\u00edcula de Pixar &#8220;Lightyear&#8221;.<\/li>\n<li>Tiene una longitud aproximada de unos 24 cm de largo. Incluye partes de metal.<\/li>\n<li class=\"li1\">La nave mide viene adem\u00e1s con el tren de aterrizaje, cabina abatible\u00a0 y dos figuras, la de Buzz Lightyear y la de Zurg.<\/li>\n<li>Incluye un soporte para su exposici\u00f3n.<\/li>\n<\/ul>\n","protected":false},"excerpt":{"rendered":"<p class=\"p1\"><strong>XL-15 Space Ship Lightyear Chogokin<\/strong><\/p>\n<p class=\"p1\">Tamashii Nations presenta dentro de su l\u00ednea de productos para la colecci\u00f3n Chogokin la figura del XL-15 Space ship de Buzz Lightyear tal y como aparece en la pel\u00edcula de Pixar &#8220;Lightyear&#8221;.<\/p>\n","protected":false},"featured_media":133534,"template":"","meta":{"_acf_changed":false,"_kad_blocks_custom_css":"","_kad_blocks_head_custom_js":"","_kad_blocks_body_custom_js":"","_kad_blocks_footer_custom_js":""},"product_cat":[1390],"product_tag":[],"class_list":{"0":"post-133557","1":"product","2":"type-product","3":"status-publish","4":"has-post-thumbnail","6":"product_cat-figures","7":"pa_brand-tamashii-nations-en","8":"pa_character-xl-15-space-ship-en","9":"pa_license-lightyear-en","10":"pa_product-type-figure","11":"pa_theme-chogokin-en","13":"first","14":"instock","15":"taxable","16":"shipping-taxable","17":"purchasable","18":"product-type-simple"},"acf":[],"yoast_head":"<!-- This site is optimized with the Yoast SEO plugin v26.1.1 - https:\/\/yoast.com\/wordpress\/plugins\/seo\/ -->\n<title>XL-15 Space Ship Lightyear Chogokin - EndormoonStore<\/title>\n<meta name=\"robots\" content=\"index, follow, max-snippet:-1, max-image-preview:large, max-video-preview:-1\" \/>\n<link rel=\"canonical\" href=\"https:\/\/endormoonstore.com\/en\/xl-15-space-ship-lightyear-chogokin\/\" \/>\n<meta property=\"og:locale\" content=\"en_US\" \/>\n<meta property=\"og:type\" content=\"article\" \/>\n<meta property=\"og:title\" content=\"XL-15 Space Ship Lightyear Chogokin - EndormoonStore\" \/>\n<meta property=\"og:description\" content=\"XL-15 Space Ship Lightyear Chogokin Tamashii Nations presenta dentro de su l\u00ednea de productos para la colecci\u00f3n Chogokin la figura del XL-15 Space ship de Buzz Lightyear tal y como aparece en la pel\u00edcula de Pixar &quot;Lightyear&quot;.\" \/>\n<meta property=\"og:url\" content=\"https:\/\/endormoonstore.com\/en\/xl-15-space-ship-lightyear-chogokin\/\" \/>\n<meta property=\"og:site_name\" content=\"EndormoonStore\" \/>\n<meta property=\"article:modified_time\" content=\"2022-09-22T14:08:22+00:00\" \/>\n<meta property=\"og:image\" content=\"https:\/\/endormoonstore.com\/wp-content\/uploads\/2022\/06\/XL-15-Space-Ship-Lightyear-Chogokin-1.jpg\" \/>\n\t<meta property=\"og:image:width\" content=\"1000\" \/>\n\t<meta property=\"og:image:height\" content=\"731\" \/>\n\t<meta property=\"og:image:type\" content=\"image\/jpeg\" \/>\n<meta name=\"twitter:card\" content=\"summary_large_image\" \/>\n<meta name=\"twitter:label1\" content=\"Est. reading time\" \/>\n\t<meta name=\"twitter:data1\" content=\"1 minute\" \/>\n<script type=\"application\/ld+json\" class=\"yoast-schema-graph\">{\"@context\":\"https:\/\/schema.org\",\"@graph\":[{\"@type\":\"WebPage\",\"@id\":\"https:\/\/endormoonstore.com\/en\/xl-15-space-ship-lightyear-chogokin\/\",\"url\":\"https:\/\/endormoonstore.com\/en\/xl-15-space-ship-lightyear-chogokin\/\",\"name\":\"XL-15 Space Ship Lightyear Chogokin - EndormoonStore\",\"isPartOf\":{\"@id\":\"https:\/\/endormoonstore.com\/#website\"},\"primaryImageOfPage\":{\"@id\":\"https:\/\/endormoonstore.com\/en\/xl-15-space-ship-lightyear-chogokin\/#primaryimage\"},\"image\":{\"@id\":\"https:\/\/endormoonstore.com\/en\/xl-15-space-ship-lightyear-chogokin\/#primaryimage\"},\"thumbnailUrl\":\"https:\/\/endormoonstore.com\/wp-content\/uploads\/2022\/06\/XL-15-Space-Ship-Lightyear-Chogokin-1.jpg\",\"datePublished\":\"2022-06-06T18:58:13+00:00\",\"dateModified\":\"2022-09-22T14:08:22+00:00\",\"breadcrumb\":{\"@id\":\"https:\/\/endormoonstore.com\/en\/xl-15-space-ship-lightyear-chogokin\/#breadcrumb\"},\"inLanguage\":\"en-US\",\"potentialAction\":[{\"@type\":\"ReadAction\",\"target\":[\"https:\/\/endormoonstore.com\/en\/xl-15-space-ship-lightyear-chogokin\/\"]}]},{\"@type\":\"ImageObject\",\"inLanguage\":\"en-US\",\"@id\":\"https:\/\/endormoonstore.com\/en\/xl-15-space-ship-lightyear-chogokin\/#primaryimage\",\"url\":\"https:\/\/endormoonstore.com\/wp-content\/uploads\/2022\/06\/XL-15-Space-Ship-Lightyear-Chogokin-1.jpg\",\"contentUrl\":\"https:\/\/endormoonstore.com\/wp-content\/uploads\/2022\/06\/XL-15-Space-Ship-Lightyear-Chogokin-1.jpg\",\"width\":1000,\"height\":731},{\"@type\":\"BreadcrumbList\",\"@id\":\"https:\/\/endormoonstore.com\/en\/xl-15-space-ship-lightyear-chogokin\/#breadcrumb\",\"itemListElement\":[{\"@type\":\"ListItem\",\"position\":1,\"name\":\"Shop\",\"item\":\"https:\/\/endormoonstore.com\/en\/shop\/\"},{\"@type\":\"ListItem\",\"position\":2,\"name\":\"XL-15 Space Ship Lightyear Chogokin\"}]},{\"@type\":\"WebSite\",\"@id\":\"https:\/\/endormoonstore.com\/#website\",\"url\":\"https:\/\/endormoonstore.com\/\",\"name\":\"EndormoonStore\",\"description\":\"\",\"potentialAction\":[{\"@type\":\"SearchAction\",\"target\":{\"@type\":\"EntryPoint\",\"urlTemplate\":\"https:\/\/endormoonstore.com\/?s={search_term_string}\"},\"query-input\":{\"@type\":\"PropertyValueSpecification\",\"valueRequired\":true,\"valueName\":\"search_term_string\"}}],\"inLanguage\":\"en-US\"}]}<\/script>\n<!-- \/ Yoast SEO plugin. -->","yoast_head_json":{"title":"XL-15 Space Ship Lightyear Chogokin - EndormoonStore","robots":{"index":"index","follow":"follow","max-snippet":"max-snippet:-1","max-image-preview":"max-image-preview:large","max-video-preview":"max-video-preview:-1"},"canonical":"https:\/\/endormoonstore.com\/en\/xl-15-space-ship-lightyear-chogokin\/","og_locale":"en_US","og_type":"article","og_title":"XL-15 Space Ship Lightyear Chogokin - EndormoonStore","og_description":"XL-15 Space Ship Lightyear Chogokin Tamashii Nations presenta dentro de su l\u00ednea de productos para la colecci\u00f3n Chogokin la figura del XL-15 Space ship de Buzz Lightyear tal y como aparece en la pel\u00edcula de Pixar \"Lightyear\".","og_url":"https:\/\/endormoonstore.com\/en\/xl-15-space-ship-lightyear-chogokin\/","og_site_name":"EndormoonStore","article_modified_time":"2022-09-22T14:08:22+00:00","og_image":[{"width":1000,"height":731,"url":"https:\/\/endormoonstore.com\/wp-content\/uploads\/2022\/06\/XL-15-Space-Ship-Lightyear-Chogokin-1.jpg","type":"image\/jpeg"}],"twitter_card":"summary_large_image","twitter_misc":{"Est. reading time":"1 minute"},"schema":{"@context":"https:\/\/schema.org","@graph":[{"@type":"WebPage","@id":"https:\/\/endormoonstore.com\/en\/xl-15-space-ship-lightyear-chogokin\/","url":"https:\/\/endormoonstore.com\/en\/xl-15-space-ship-lightyear-chogokin\/","name":"XL-15 Space Ship Lightyear Chogokin - EndormoonStore","isPartOf":{"@id":"https:\/\/endormoonstore.com\/#website"},"primaryImageOfPage":{"@id":"https:\/\/endormoonstore.com\/en\/xl-15-space-ship-lightyear-chogokin\/#primaryimage"},"image":{"@id":"https:\/\/endormoonstore.com\/en\/xl-15-space-ship-lightyear-chogokin\/#primaryimage"},"thumbnailUrl":"https:\/\/endormoonstore.com\/wp-content\/uploads\/2022\/06\/XL-15-Space-Ship-Lightyear-Chogokin-1.jpg","datePublished":"2022-06-06T18:58:13+00:00","dateModified":"2022-09-22T14:08:22+00:00","breadcrumb":{"@id":"https:\/\/endormoonstore.com\/en\/xl-15-space-ship-lightyear-chogokin\/#breadcrumb"},"inLanguage":"en-US","potentialAction":[{"@type":"ReadAction","target":["https:\/\/endormoonstore.com\/en\/xl-15-space-ship-lightyear-chogokin\/"]}]},{"@type":"ImageObject","inLanguage":"en-US","@id":"https:\/\/endormoonstore.com\/en\/xl-15-space-ship-lightyear-chogokin\/#primaryimage","url":"https:\/\/endormoonstore.com\/wp-content\/uploads\/2022\/06\/XL-15-Space-Ship-Lightyear-Chogokin-1.jpg","contentUrl":"https:\/\/endormoonstore.com\/wp-content\/uploads\/2022\/06\/XL-15-Space-Ship-Lightyear-Chogokin-1.jpg","width":1000,"height":731},{"@type":"BreadcrumbList","@id":"https:\/\/endormoonstore.com\/en\/xl-15-space-ship-lightyear-chogokin\/#breadcrumb","itemListElement":[{"@type":"ListItem","position":1,"name":"Shop","item":"https:\/\/endormoonstore.com\/en\/shop\/"},{"@type":"ListItem","position":2,"name":"XL-15 Space Ship Lightyear Chogokin"}]},{"@type":"WebSite","@id":"https:\/\/endormoonstore.com\/#website","url":"https:\/\/endormoonstore.com\/","name":"EndormoonStore","description":"","potentialAction":[{"@type":"SearchAction","target":{"@type":"EntryPoint","urlTemplate":"https:\/\/endormoonstore.com\/?s={search_term_string}"},"query-input":{"@type":"PropertyValueSpecification","valueRequired":true,"valueName":"search_term_string"}}],"inLanguage":"en-US"}]}},"taxonomy_info":{"product_cat":[{"value":1390,"label":"Figures"}],"pa_brand":[{"value":2096,"label":"Tamashii Nations"}],"pa_character":[{"value":12850,"label":"XL-15 Space Ship"}],"pa_license":[{"value":12852,"label":"Lightyear"}],"pa_product-type":[{"value":2387,"label":"Figure"}],"pa_theme":[{"value":2228,"label":"Chogokin"}]},"featured_image_src_large":["https:\/\/endormoonstore.com\/wp-content\/uploads\/2022\/06\/XL-15-Space-Ship-Lightyear-Chogokin-1.jpg",1000,731,false],"author_info":[],"comment_info":"","_links":{"self":[{"href":"https:\/\/endormoonstore.com\/en\/wp-json\/wp\/v2\/product\/133557","targetHints":{"allow":["GET"]}}],"collection":[{"href":"https:\/\/endormoonstore.com\/en\/wp-json\/wp\/v2\/product"}],"about":[{"href":"https:\/\/endormoonstore.com\/en\/wp-json\/wp\/v2\/types\/product"}],"wp:featuredmedia":[{"embeddable":true,"href":"https:\/\/endormoonstore.com\/en\/wp-json\/wp\/v2\/media\/133534"}],"wp:attachment":[{"href":"https:\/\/endormoonstore.com\/en\/wp-json\/wp\/v2\/media?parent=133557"}],"wp:term":[{"taxonomy":"product_cat","embeddable":true,"href":"https:\/\/endormoonstore.com\/en\/wp-json\/wp\/v2\/product_cat?post=133557"},{"taxonomy":"product_tag","embeddable":true,"href":"https:\/\/endormoonstore.com\/en\/wp-json\/wp\/v2\/product_tag?post=133557"}],"curies":[{"name":"wp","href":"https:\/\/api.w.org\/{rel}","templated":true}]}}