{"id":132778,"date":"2022-05-28T21:15:34","date_gmt":"2022-05-28T19:15:34","guid":{"rendered":"https:\/\/endormoonstore.com\/transformers-generations-selects-voyager-cyclonus-and-nightstick\/"},"modified":"2022-07-03T11:45:22","modified_gmt":"2022-07-03T09:45:22","slug":"transformers-generations-selects-voyager-cyclonus-and-nightstick","status":"publish","type":"product","link":"https:\/\/endormoonstore.com\/en\/transformers-generations-selects-voyager-cyclonus-and-nightstick\/","title":{"rendered":"Transformers Generations Selects Voyager Cyclonus and Nightstick"},"content":{"rendered":"<p class=\"p1\"><b>Transformers Generations Selects Voyager Cyclonus and Nightstick<\/b><\/p>\n<ul class=\"ul1\">\n<li class=\"li1\">Hasbro presenta dentro de la colecci\u00f3n Transformers Generations esta figura de Cyclonus &amp; Nightstick.<\/li>\n<li class=\"li1\">Los fan pueden llevar sus colecciones de figuras de Transformers al siguiente nivel con Generations Selects, una l\u00ednea de figuras dedicada a los fan\u00e1ticos que presenta personajes de edici\u00f3n especial favoritos de los fan\u00e1ticos que no puede encontrar en la l\u00ednea principal.<\/li>\n<li class=\"li1\">Esta figura robot edici\u00f3n especial de Cyclonus est\u00e1 inspirada en el cl\u00e1sico juguete de 1986 y se convierte en jet en 33 pasos.<\/li>\n<li class=\"li1\">Cyclonus mide unos 17,5 cm de alto<\/li>\n<li class=\"li1\">Incluye una figura Nightstick que se convierte en arma en 4 pasos.<\/li>\n<li class=\"li1\">Tambi\u00e9n viene con 2 efectos de combate y una hoja de adhesivos metalizados para decorar la figura Cyclonus.<\/li>\n<\/ul>\n","protected":false},"excerpt":{"rendered":"<p class=\"p1\"><strong>Transformers Generations Selects Voyager Cyclonus and Nightstick<\/strong><\/p>\n<p class=\"p1\">Hasbro presenta dentro de la colecci\u00f3n Transformers Generations esta figura de Cyclonus &amp; Nightstick.<\/p>\n","protected":false},"featured_media":132759,"template":"","meta":{"_acf_changed":false,"_kad_blocks_custom_css":"","_kad_blocks_head_custom_js":"","_kad_blocks_body_custom_js":"","_kad_blocks_footer_custom_js":""},"product_cat":[1390],"product_tag":[],"class_list":{"0":"post-132778","1":"product","2":"type-product","3":"status-publish","4":"has-post-thumbnail","6":"product_cat-figures","7":"pa_brand-hasbro-en","8":"pa_character-cyclonus-en","9":"pa_character-nightstick-en","10":"pa_license-transformers-en","11":"pa_product-type-figure","12":"pa_theme-generations-selects-en","14":"first","15":"instock","16":"taxable","17":"shipping-taxable","18":"purchasable","19":"product-type-simple"},"acf":[],"yoast_head":"<!-- This site is optimized with the Yoast SEO plugin v26.1.1 - https:\/\/yoast.com\/wordpress\/plugins\/seo\/ -->\n<title>Transformers Generations Selects Voyager Cyclonus and Nightstick - EndormoonStore<\/title>\n<meta name=\"robots\" content=\"index, follow, max-snippet:-1, max-image-preview:large, max-video-preview:-1\" \/>\n<link rel=\"canonical\" href=\"https:\/\/endormoonstore.com\/en\/transformers-generations-selects-voyager-cyclonus-and-nightstick\/\" \/>\n<meta property=\"og:locale\" content=\"en_US\" \/>\n<meta property=\"og:type\" content=\"article\" \/>\n<meta property=\"og:title\" content=\"Transformers Generations Selects Voyager Cyclonus and Nightstick - EndormoonStore\" \/>\n<meta property=\"og:description\" content=\"Transformers Generations Selects Voyager Cyclonus and Nightstick Hasbro presenta dentro de la colecci\u00f3n Transformers Generations esta figura de Cyclonus &amp; Nightstick.\" \/>\n<meta property=\"og:url\" content=\"https:\/\/endormoonstore.com\/en\/transformers-generations-selects-voyager-cyclonus-and-nightstick\/\" \/>\n<meta property=\"og:site_name\" content=\"EndormoonStore\" \/>\n<meta property=\"article:modified_time\" content=\"2022-07-03T09:45:22+00:00\" \/>\n<meta property=\"og:image\" content=\"https:\/\/endormoonstore.com\/wp-content\/uploads\/2022\/05\/Transformers-Generations-Selects-Voyager-Cyclonus-and-Nightstick-1.jpg\" \/>\n\t<meta property=\"og:image:width\" content=\"1000\" \/>\n\t<meta property=\"og:image:height\" content=\"1000\" \/>\n\t<meta property=\"og:image:type\" content=\"image\/jpeg\" \/>\n<meta name=\"twitter:card\" content=\"summary_large_image\" \/>\n<script type=\"application\/ld+json\" class=\"yoast-schema-graph\">{\"@context\":\"https:\/\/schema.org\",\"@graph\":[{\"@type\":\"WebPage\",\"@id\":\"https:\/\/endormoonstore.com\/en\/transformers-generations-selects-voyager-cyclonus-and-nightstick\/\",\"url\":\"https:\/\/endormoonstore.com\/en\/transformers-generations-selects-voyager-cyclonus-and-nightstick\/\",\"name\":\"Transformers Generations Selects Voyager Cyclonus and Nightstick - EndormoonStore\",\"isPartOf\":{\"@id\":\"https:\/\/endormoonstore.com\/#website\"},\"primaryImageOfPage\":{\"@id\":\"https:\/\/endormoonstore.com\/en\/transformers-generations-selects-voyager-cyclonus-and-nightstick\/#primaryimage\"},\"image\":{\"@id\":\"https:\/\/endormoonstore.com\/en\/transformers-generations-selects-voyager-cyclonus-and-nightstick\/#primaryimage\"},\"thumbnailUrl\":\"https:\/\/endormoonstore.com\/wp-content\/uploads\/2022\/05\/Transformers-Generations-Selects-Voyager-Cyclonus-and-Nightstick-1.jpg\",\"datePublished\":\"2022-05-28T19:15:34+00:00\",\"dateModified\":\"2022-07-03T09:45:22+00:00\",\"breadcrumb\":{\"@id\":\"https:\/\/endormoonstore.com\/en\/transformers-generations-selects-voyager-cyclonus-and-nightstick\/#breadcrumb\"},\"inLanguage\":\"en-US\",\"potentialAction\":[{\"@type\":\"ReadAction\",\"target\":[\"https:\/\/endormoonstore.com\/en\/transformers-generations-selects-voyager-cyclonus-and-nightstick\/\"]}]},{\"@type\":\"ImageObject\",\"inLanguage\":\"en-US\",\"@id\":\"https:\/\/endormoonstore.com\/en\/transformers-generations-selects-voyager-cyclonus-and-nightstick\/#primaryimage\",\"url\":\"https:\/\/endormoonstore.com\/wp-content\/uploads\/2022\/05\/Transformers-Generations-Selects-Voyager-Cyclonus-and-Nightstick-1.jpg\",\"contentUrl\":\"https:\/\/endormoonstore.com\/wp-content\/uploads\/2022\/05\/Transformers-Generations-Selects-Voyager-Cyclonus-and-Nightstick-1.jpg\",\"width\":1000,\"height\":1000},{\"@type\":\"BreadcrumbList\",\"@id\":\"https:\/\/endormoonstore.com\/en\/transformers-generations-selects-voyager-cyclonus-and-nightstick\/#breadcrumb\",\"itemListElement\":[{\"@type\":\"ListItem\",\"position\":1,\"name\":\"Shop\",\"item\":\"https:\/\/endormoonstore.com\/en\/shop\/\"},{\"@type\":\"ListItem\",\"position\":2,\"name\":\"Transformers Generations Selects Voyager Cyclonus and Nightstick\"}]},{\"@type\":\"WebSite\",\"@id\":\"https:\/\/endormoonstore.com\/#website\",\"url\":\"https:\/\/endormoonstore.com\/\",\"name\":\"EndormoonStore\",\"description\":\"\",\"potentialAction\":[{\"@type\":\"SearchAction\",\"target\":{\"@type\":\"EntryPoint\",\"urlTemplate\":\"https:\/\/endormoonstore.com\/?s={search_term_string}\"},\"query-input\":{\"@type\":\"PropertyValueSpecification\",\"valueRequired\":true,\"valueName\":\"search_term_string\"}}],\"inLanguage\":\"en-US\"}]}<\/script>\n<!-- \/ Yoast SEO plugin. -->","yoast_head_json":{"title":"Transformers Generations Selects Voyager Cyclonus and Nightstick - EndormoonStore","robots":{"index":"index","follow":"follow","max-snippet":"max-snippet:-1","max-image-preview":"max-image-preview:large","max-video-preview":"max-video-preview:-1"},"canonical":"https:\/\/endormoonstore.com\/en\/transformers-generations-selects-voyager-cyclonus-and-nightstick\/","og_locale":"en_US","og_type":"article","og_title":"Transformers Generations Selects Voyager Cyclonus and Nightstick - EndormoonStore","og_description":"Transformers Generations Selects Voyager Cyclonus and Nightstick Hasbro presenta dentro de la colecci\u00f3n Transformers Generations esta figura de Cyclonus &amp; Nightstick.","og_url":"https:\/\/endormoonstore.com\/en\/transformers-generations-selects-voyager-cyclonus-and-nightstick\/","og_site_name":"EndormoonStore","article_modified_time":"2022-07-03T09:45:22+00:00","og_image":[{"width":1000,"height":1000,"url":"https:\/\/endormoonstore.com\/wp-content\/uploads\/2022\/05\/Transformers-Generations-Selects-Voyager-Cyclonus-and-Nightstick-1.jpg","type":"image\/jpeg"}],"twitter_card":"summary_large_image","schema":{"@context":"https:\/\/schema.org","@graph":[{"@type":"WebPage","@id":"https:\/\/endormoonstore.com\/en\/transformers-generations-selects-voyager-cyclonus-and-nightstick\/","url":"https:\/\/endormoonstore.com\/en\/transformers-generations-selects-voyager-cyclonus-and-nightstick\/","name":"Transformers Generations Selects Voyager Cyclonus and Nightstick - EndormoonStore","isPartOf":{"@id":"https:\/\/endormoonstore.com\/#website"},"primaryImageOfPage":{"@id":"https:\/\/endormoonstore.com\/en\/transformers-generations-selects-voyager-cyclonus-and-nightstick\/#primaryimage"},"image":{"@id":"https:\/\/endormoonstore.com\/en\/transformers-generations-selects-voyager-cyclonus-and-nightstick\/#primaryimage"},"thumbnailUrl":"https:\/\/endormoonstore.com\/wp-content\/uploads\/2022\/05\/Transformers-Generations-Selects-Voyager-Cyclonus-and-Nightstick-1.jpg","datePublished":"2022-05-28T19:15:34+00:00","dateModified":"2022-07-03T09:45:22+00:00","breadcrumb":{"@id":"https:\/\/endormoonstore.com\/en\/transformers-generations-selects-voyager-cyclonus-and-nightstick\/#breadcrumb"},"inLanguage":"en-US","potentialAction":[{"@type":"ReadAction","target":["https:\/\/endormoonstore.com\/en\/transformers-generations-selects-voyager-cyclonus-and-nightstick\/"]}]},{"@type":"ImageObject","inLanguage":"en-US","@id":"https:\/\/endormoonstore.com\/en\/transformers-generations-selects-voyager-cyclonus-and-nightstick\/#primaryimage","url":"https:\/\/endormoonstore.com\/wp-content\/uploads\/2022\/05\/Transformers-Generations-Selects-Voyager-Cyclonus-and-Nightstick-1.jpg","contentUrl":"https:\/\/endormoonstore.com\/wp-content\/uploads\/2022\/05\/Transformers-Generations-Selects-Voyager-Cyclonus-and-Nightstick-1.jpg","width":1000,"height":1000},{"@type":"BreadcrumbList","@id":"https:\/\/endormoonstore.com\/en\/transformers-generations-selects-voyager-cyclonus-and-nightstick\/#breadcrumb","itemListElement":[{"@type":"ListItem","position":1,"name":"Shop","item":"https:\/\/endormoonstore.com\/en\/shop\/"},{"@type":"ListItem","position":2,"name":"Transformers Generations Selects Voyager Cyclonus and Nightstick"}]},{"@type":"WebSite","@id":"https:\/\/endormoonstore.com\/#website","url":"https:\/\/endormoonstore.com\/","name":"EndormoonStore","description":"","potentialAction":[{"@type":"SearchAction","target":{"@type":"EntryPoint","urlTemplate":"https:\/\/endormoonstore.com\/?s={search_term_string}"},"query-input":{"@type":"PropertyValueSpecification","valueRequired":true,"valueName":"search_term_string"}}],"inLanguage":"en-US"}]}},"taxonomy_info":{"product_cat":[{"value":1390,"label":"Figures"}],"pa_brand":[{"value":2084,"label":"Hasbro"}],"pa_character":[{"value":7448,"label":"Cyclonus"},{"value":12782,"label":"Nightstick"}],"pa_license":[{"value":1873,"label":"Transformers"}],"pa_product-type":[{"value":2387,"label":"Figure"}],"pa_theme":[{"value":8079,"label":"Generations Selects"}]},"featured_image_src_large":["https:\/\/endormoonstore.com\/wp-content\/uploads\/2022\/05\/Transformers-Generations-Selects-Voyager-Cyclonus-and-Nightstick-1.jpg",1000,1000,false],"author_info":[],"comment_info":"","_links":{"self":[{"href":"https:\/\/endormoonstore.com\/en\/wp-json\/wp\/v2\/product\/132778","targetHints":{"allow":["GET"]}}],"collection":[{"href":"https:\/\/endormoonstore.com\/en\/wp-json\/wp\/v2\/product"}],"about":[{"href":"https:\/\/endormoonstore.com\/en\/wp-json\/wp\/v2\/types\/product"}],"wp:featuredmedia":[{"embeddable":true,"href":"https:\/\/endormoonstore.com\/en\/wp-json\/wp\/v2\/media\/132759"}],"wp:attachment":[{"href":"https:\/\/endormoonstore.com\/en\/wp-json\/wp\/v2\/media?parent=132778"}],"wp:term":[{"taxonomy":"product_cat","embeddable":true,"href":"https:\/\/endormoonstore.com\/en\/wp-json\/wp\/v2\/product_cat?post=132778"},{"taxonomy":"product_tag","embeddable":true,"href":"https:\/\/endormoonstore.com\/en\/wp-json\/wp\/v2\/product_tag?post=132778"}],"curies":[{"name":"wp","href":"https:\/\/api.w.org\/{rel}","templated":true}]}}