{"id":132090,"date":"2022-05-25T14:09:06","date_gmt":"2022-05-25T12:09:06","guid":{"rendered":"https:\/\/endormoonstore.com\/lavi-d-gray-man-nendoroid-copy\/"},"modified":"2023-01-25T20:33:59","modified_gmt":"2023-01-25T19:33:59","slug":"daichi-sawamura-haikyuu-nendoroid","status":"publish","type":"product","link":"https:\/\/endormoonstore.com\/en\/daichi-sawamura-haikyuu-nendoroid\/","title":{"rendered":"Daichi Sawamura Haikyuu!! Nendoroid"},"content":{"rendered":"<p><strong>Daichi Sawamura Haikyuu!! Nendoroid Figura 10 cm<\/strong><\/p>\n<ul>\n<li>De la popular serie de manga de voleibol con un anime igualmente popular, &#8216;Haikyu!!&#8217;, llega una nueva versi\u00f3n del Nendoroid del capit\u00e1n y confiable receptor del Club de Voleibol de la Escuela Secundaria Karasuno: \u00a1Daichi Sawamura!<\/li>\n<li>Viene con tres expresiones faciales que incluyen una expresi\u00f3n est\u00e1ndar, una expresi\u00f3n seria para cuando est\u00e1 en un partido, as\u00ed como la sonrisa maliciosa que ten\u00eda cuando estrech\u00f3 la mano del capit\u00e1n del equipo de voleibol de Nekoma High, Kuroo.<\/li>\n<li>El Nendoroid le permite recrear una serie de escenas memorables de la serie y tambi\u00e9n viene con una pelota de voleibol y una base especial hecha a imagen de una cancha de voleibol.<\/li>\n<li>Tambi\u00e9n viene con la bandera de apoyo del club de voleibol de Karasuno High School que dice &#8220;\u00a1Jump!&#8221;<\/li>\n<li>Otras Nendoroid se venden por separado<\/li>\n<\/ul>\n<p>&nbsp;<\/p>\n","protected":false},"excerpt":{"rendered":"<p><strong>Daichi Sawamura Haikyuu!! Nendoroid Figura 10 cm<\/strong><\/p>\n<p>De la popular serie de manga de voleibol con un anime igualmente popular, &#8216;Haikyu!!&#8217;, llega una nueva versi\u00f3n del Nendoroid del capit\u00e1n y confiable receptor del Club de Voleibol de la Escuela Secundaria Karasuno: \u00a1Daichi Sawamura!<\/p>\n","protected":false},"featured_media":132077,"template":"","meta":{"_acf_changed":false,"_kad_blocks_custom_css":"","_kad_blocks_head_custom_js":"","_kad_blocks_body_custom_js":"","_kad_blocks_footer_custom_js":""},"product_cat":[1390],"product_tag":[],"class_list":{"0":"post-132090","1":"product","2":"type-product","3":"status-publish","4":"has-post-thumbnail","6":"product_cat-figures","7":"pa_brand-good-smile-company-en","8":"pa_character-daichi-sawamura-en","9":"pa_license-haikyu-en","10":"pa_product-type-figure","11":"pa_theme-nendoroid-en","13":"first","14":"instock","15":"sale","16":"taxable","17":"shipping-taxable","18":"purchasable","19":"product-type-simple"},"acf":[],"yoast_head":"<!-- This site is optimized with the Yoast SEO plugin v26.1.1 - https:\/\/yoast.com\/wordpress\/plugins\/seo\/ -->\n<title>Daichi Sawamura Haikyuu!! Nendoroid - EndormoonStore<\/title>\n<meta name=\"robots\" content=\"index, follow, max-snippet:-1, max-image-preview:large, max-video-preview:-1\" \/>\n<link rel=\"canonical\" href=\"https:\/\/endormoonstore.com\/en\/daichi-sawamura-haikyuu-nendoroid\/\" \/>\n<meta property=\"og:locale\" content=\"en_US\" \/>\n<meta property=\"og:type\" content=\"article\" \/>\n<meta property=\"og:title\" content=\"Daichi Sawamura Haikyuu!! Nendoroid - EndormoonStore\" \/>\n<meta property=\"og:description\" content=\"Daichi Sawamura Haikyuu!! Nendoroid Figura 10 cm  De la popular serie de manga de voleibol con un anime igualmente popular, &#039;Haikyu!!&#039;, llega una nueva versi\u00f3n del Nendoroid del capit\u00e1n y confiable receptor del Club de Voleibol de la Escuela Secundaria Karasuno: \u00a1Daichi Sawamura!\" \/>\n<meta property=\"og:url\" content=\"https:\/\/endormoonstore.com\/en\/daichi-sawamura-haikyuu-nendoroid\/\" \/>\n<meta property=\"og:site_name\" content=\"EndormoonStore\" \/>\n<meta property=\"article:modified_time\" content=\"2023-01-25T19:33:59+00:00\" \/>\n<meta property=\"og:image\" content=\"https:\/\/endormoonstore.com\/wp-content\/uploads\/2022\/05\/Daichi-Sawamura-Haikyuu-Nendoroid-1.jpeg\" \/>\n\t<meta property=\"og:image:width\" content=\"730\" \/>\n\t<meta property=\"og:image:height\" content=\"900\" \/>\n\t<meta property=\"og:image:type\" content=\"image\/jpeg\" \/>\n<meta name=\"twitter:card\" content=\"summary_large_image\" \/>\n<meta name=\"twitter:label1\" content=\"Est. reading time\" \/>\n\t<meta name=\"twitter:data1\" content=\"1 minute\" \/>\n<script type=\"application\/ld+json\" class=\"yoast-schema-graph\">{\"@context\":\"https:\/\/schema.org\",\"@graph\":[{\"@type\":\"WebPage\",\"@id\":\"https:\/\/endormoonstore.com\/en\/daichi-sawamura-haikyuu-nendoroid\/\",\"url\":\"https:\/\/endormoonstore.com\/en\/daichi-sawamura-haikyuu-nendoroid\/\",\"name\":\"Daichi Sawamura Haikyuu!! Nendoroid - EndormoonStore\",\"isPartOf\":{\"@id\":\"https:\/\/endormoonstore.com\/#website\"},\"primaryImageOfPage\":{\"@id\":\"https:\/\/endormoonstore.com\/en\/daichi-sawamura-haikyuu-nendoroid\/#primaryimage\"},\"image\":{\"@id\":\"https:\/\/endormoonstore.com\/en\/daichi-sawamura-haikyuu-nendoroid\/#primaryimage\"},\"thumbnailUrl\":\"https:\/\/endormoonstore.com\/wp-content\/uploads\/2022\/05\/Daichi-Sawamura-Haikyuu-Nendoroid-1.jpeg\",\"datePublished\":\"2022-05-25T12:09:06+00:00\",\"dateModified\":\"2023-01-25T19:33:59+00:00\",\"breadcrumb\":{\"@id\":\"https:\/\/endormoonstore.com\/en\/daichi-sawamura-haikyuu-nendoroid\/#breadcrumb\"},\"inLanguage\":\"en-US\",\"potentialAction\":[{\"@type\":\"ReadAction\",\"target\":[\"https:\/\/endormoonstore.com\/en\/daichi-sawamura-haikyuu-nendoroid\/\"]}]},{\"@type\":\"ImageObject\",\"inLanguage\":\"en-US\",\"@id\":\"https:\/\/endormoonstore.com\/en\/daichi-sawamura-haikyuu-nendoroid\/#primaryimage\",\"url\":\"https:\/\/endormoonstore.com\/wp-content\/uploads\/2022\/05\/Daichi-Sawamura-Haikyuu-Nendoroid-1.jpeg\",\"contentUrl\":\"https:\/\/endormoonstore.com\/wp-content\/uploads\/2022\/05\/Daichi-Sawamura-Haikyuu-Nendoroid-1.jpeg\",\"width\":730,\"height\":900},{\"@type\":\"BreadcrumbList\",\"@id\":\"https:\/\/endormoonstore.com\/en\/daichi-sawamura-haikyuu-nendoroid\/#breadcrumb\",\"itemListElement\":[{\"@type\":\"ListItem\",\"position\":1,\"name\":\"Shop\",\"item\":\"https:\/\/endormoonstore.com\/en\/shop\/\"},{\"@type\":\"ListItem\",\"position\":2,\"name\":\"Daichi Sawamura Haikyuu!! Nendoroid\"}]},{\"@type\":\"WebSite\",\"@id\":\"https:\/\/endormoonstore.com\/#website\",\"url\":\"https:\/\/endormoonstore.com\/\",\"name\":\"EndormoonStore\",\"description\":\"\",\"potentialAction\":[{\"@type\":\"SearchAction\",\"target\":{\"@type\":\"EntryPoint\",\"urlTemplate\":\"https:\/\/endormoonstore.com\/?s={search_term_string}\"},\"query-input\":{\"@type\":\"PropertyValueSpecification\",\"valueRequired\":true,\"valueName\":\"search_term_string\"}}],\"inLanguage\":\"en-US\"}]}<\/script>\n<!-- \/ Yoast SEO plugin. -->","yoast_head_json":{"title":"Daichi Sawamura Haikyuu!! Nendoroid - EndormoonStore","robots":{"index":"index","follow":"follow","max-snippet":"max-snippet:-1","max-image-preview":"max-image-preview:large","max-video-preview":"max-video-preview:-1"},"canonical":"https:\/\/endormoonstore.com\/en\/daichi-sawamura-haikyuu-nendoroid\/","og_locale":"en_US","og_type":"article","og_title":"Daichi Sawamura Haikyuu!! Nendoroid - EndormoonStore","og_description":"Daichi Sawamura Haikyuu!! Nendoroid Figura 10 cm  De la popular serie de manga de voleibol con un anime igualmente popular, 'Haikyu!!', llega una nueva versi\u00f3n del Nendoroid del capit\u00e1n y confiable receptor del Club de Voleibol de la Escuela Secundaria Karasuno: \u00a1Daichi Sawamura!","og_url":"https:\/\/endormoonstore.com\/en\/daichi-sawamura-haikyuu-nendoroid\/","og_site_name":"EndormoonStore","article_modified_time":"2023-01-25T19:33:59+00:00","og_image":[{"width":730,"height":900,"url":"https:\/\/endormoonstore.com\/wp-content\/uploads\/2022\/05\/Daichi-Sawamura-Haikyuu-Nendoroid-1.jpeg","type":"image\/jpeg"}],"twitter_card":"summary_large_image","twitter_misc":{"Est. reading time":"1 minute"},"schema":{"@context":"https:\/\/schema.org","@graph":[{"@type":"WebPage","@id":"https:\/\/endormoonstore.com\/en\/daichi-sawamura-haikyuu-nendoroid\/","url":"https:\/\/endormoonstore.com\/en\/daichi-sawamura-haikyuu-nendoroid\/","name":"Daichi Sawamura Haikyuu!! Nendoroid - EndormoonStore","isPartOf":{"@id":"https:\/\/endormoonstore.com\/#website"},"primaryImageOfPage":{"@id":"https:\/\/endormoonstore.com\/en\/daichi-sawamura-haikyuu-nendoroid\/#primaryimage"},"image":{"@id":"https:\/\/endormoonstore.com\/en\/daichi-sawamura-haikyuu-nendoroid\/#primaryimage"},"thumbnailUrl":"https:\/\/endormoonstore.com\/wp-content\/uploads\/2022\/05\/Daichi-Sawamura-Haikyuu-Nendoroid-1.jpeg","datePublished":"2022-05-25T12:09:06+00:00","dateModified":"2023-01-25T19:33:59+00:00","breadcrumb":{"@id":"https:\/\/endormoonstore.com\/en\/daichi-sawamura-haikyuu-nendoroid\/#breadcrumb"},"inLanguage":"en-US","potentialAction":[{"@type":"ReadAction","target":["https:\/\/endormoonstore.com\/en\/daichi-sawamura-haikyuu-nendoroid\/"]}]},{"@type":"ImageObject","inLanguage":"en-US","@id":"https:\/\/endormoonstore.com\/en\/daichi-sawamura-haikyuu-nendoroid\/#primaryimage","url":"https:\/\/endormoonstore.com\/wp-content\/uploads\/2022\/05\/Daichi-Sawamura-Haikyuu-Nendoroid-1.jpeg","contentUrl":"https:\/\/endormoonstore.com\/wp-content\/uploads\/2022\/05\/Daichi-Sawamura-Haikyuu-Nendoroid-1.jpeg","width":730,"height":900},{"@type":"BreadcrumbList","@id":"https:\/\/endormoonstore.com\/en\/daichi-sawamura-haikyuu-nendoroid\/#breadcrumb","itemListElement":[{"@type":"ListItem","position":1,"name":"Shop","item":"https:\/\/endormoonstore.com\/en\/shop\/"},{"@type":"ListItem","position":2,"name":"Daichi Sawamura Haikyuu!! Nendoroid"}]},{"@type":"WebSite","@id":"https:\/\/endormoonstore.com\/#website","url":"https:\/\/endormoonstore.com\/","name":"EndormoonStore","description":"","potentialAction":[{"@type":"SearchAction","target":{"@type":"EntryPoint","urlTemplate":"https:\/\/endormoonstore.com\/?s={search_term_string}"},"query-input":{"@type":"PropertyValueSpecification","valueRequired":true,"valueName":"search_term_string"}}],"inLanguage":"en-US"}]}},"taxonomy_info":{"product_cat":[{"value":1390,"label":"Figures"}],"pa_brand":[{"value":2081,"label":"Good Smile Company"}],"pa_character":[{"value":12614,"label":"Daichi Sawamura"}],"pa_license":[{"value":10201,"label":"Haikyu!!"}],"pa_product-type":[{"value":2387,"label":"Figure"}],"pa_theme":[{"value":1861,"label":"Nendoroid"}]},"featured_image_src_large":["https:\/\/endormoonstore.com\/wp-content\/uploads\/2022\/05\/Daichi-Sawamura-Haikyuu-Nendoroid-1.jpeg",730,900,false],"author_info":[],"comment_info":"","_links":{"self":[{"href":"https:\/\/endormoonstore.com\/en\/wp-json\/wp\/v2\/product\/132090","targetHints":{"allow":["GET"]}}],"collection":[{"href":"https:\/\/endormoonstore.com\/en\/wp-json\/wp\/v2\/product"}],"about":[{"href":"https:\/\/endormoonstore.com\/en\/wp-json\/wp\/v2\/types\/product"}],"wp:featuredmedia":[{"embeddable":true,"href":"https:\/\/endormoonstore.com\/en\/wp-json\/wp\/v2\/media\/132077"}],"wp:attachment":[{"href":"https:\/\/endormoonstore.com\/en\/wp-json\/wp\/v2\/media?parent=132090"}],"wp:term":[{"taxonomy":"product_cat","embeddable":true,"href":"https:\/\/endormoonstore.com\/en\/wp-json\/wp\/v2\/product_cat?post=132090"},{"taxonomy":"product_tag","embeddable":true,"href":"https:\/\/endormoonstore.com\/en\/wp-json\/wp\/v2\/product_tag?post=132090"}],"curies":[{"name":"wp","href":"https:\/\/api.w.org\/{rel}","templated":true}]}}