{"id":132073,"date":"2022-05-25T13:21:05","date_gmt":"2022-05-25T11:21:05","guid":{"rendered":"https:\/\/endormoonstore.com\/lavi-d-gray-man-nendoroid\/"},"modified":"2023-03-30T21:36:36","modified_gmt":"2023-03-30T19:36:36","slug":"lavi-d-gray-man-nendoroid","status":"publish","type":"product","link":"https:\/\/endormoonstore.com\/en\/lavi-d-gray-man-nendoroid\/","title":{"rendered":"Lavi D.Gray-man Nendoroid"},"content":{"rendered":"<p><strong>Lavi D.Gray-man Nendoroid Figura 10 cm<\/strong><\/p>\n<ul>\n<li>Del exitoso anime &#8220;D.Gray-man&#8221; llega un Nendoroid del sucesor de Bookman, Lavi. &#8220;Un Bookman no necesita un coraz\u00f3n&#8221;<\/li>\n<li>Viene con tres placas frontales que incluyen una cara est\u00e1ndar, una cara sonriente y una cara de combate.<\/li>\n<li>\u00a0Las partes opcionales incluyen el martillo de hierro de Lavi, un libro y dos partes de cabello diferentes.<\/li>\n<li>\u00a0El Nendoroid se puede mostrar sin su banda para el cabello, y tambi\u00e9n puede recrear escenas de \u00e9l con un ojo de coraz\u00f3n usando la parte de fijaci\u00f3n del ojo de coraz\u00f3n incluida.<\/li>\n<li>Aseg\u00farate de agregarlo a tu colecci\u00f3n<\/li>\n<\/ul>\n<p>&nbsp;<\/p>\n","protected":false},"excerpt":{"rendered":"<p><strong>Lavi D.Gray-man Nendoroid Figura 10 cm<\/strong><\/p>\n<p>Del exitoso anime &#8220;D.Gray-man&#8221; llega un Nendoroid del sucesor de Bookman, Lavi. &#8220;Un Bookman no necesita un coraz\u00f3n&#8221;<\/p>\n","protected":false},"featured_media":132062,"template":"","meta":{"_acf_changed":false,"_kad_blocks_custom_css":"","_kad_blocks_head_custom_js":"","_kad_blocks_body_custom_js":"","_kad_blocks_footer_custom_js":""},"product_cat":[1390,13511],"product_tag":[],"class_list":{"0":"post-132073","1":"product","2":"type-product","3":"status-publish","4":"has-post-thumbnail","6":"product_cat-figures","7":"product_cat-new-arrivals","8":"pa_brand-good-smile-company-en","9":"pa_character-lavi-en","10":"pa_license-d-gray-man-en","11":"pa_product-type-figure","12":"pa_theme-nendoroid-en","14":"first","15":"outofstock","16":"taxable","17":"shipping-taxable","18":"purchasable","19":"product-type-simple"},"acf":[],"yoast_head":"<!-- This site is optimized with the Yoast SEO plugin v26.1.1 - https:\/\/yoast.com\/wordpress\/plugins\/seo\/ -->\n<title>Lavi D.Gray-man Nendoroid - EndormoonStore<\/title>\n<meta name=\"robots\" content=\"index, follow, max-snippet:-1, max-image-preview:large, max-video-preview:-1\" \/>\n<link rel=\"canonical\" href=\"https:\/\/endormoonstore.com\/en\/lavi-d-gray-man-nendoroid\/\" \/>\n<meta property=\"og:locale\" content=\"en_US\" \/>\n<meta property=\"og:type\" content=\"article\" \/>\n<meta property=\"og:title\" content=\"Lavi D.Gray-man Nendoroid - EndormoonStore\" \/>\n<meta property=\"og:description\" content=\"Lavi D.Gray-man Nendoroid Figura 10 cm  Del exitoso anime &quot;D.Gray-man&quot; llega un Nendoroid del sucesor de Bookman, Lavi. &quot;Un Bookman no necesita un coraz\u00f3n&quot;\" \/>\n<meta property=\"og:url\" content=\"https:\/\/endormoonstore.com\/en\/lavi-d-gray-man-nendoroid\/\" \/>\n<meta property=\"og:site_name\" content=\"EndormoonStore\" \/>\n<meta property=\"article:modified_time\" content=\"2023-03-30T19:36:36+00:00\" \/>\n<meta property=\"og:image\" content=\"https:\/\/endormoonstore.com\/wp-content\/uploads\/2022\/05\/Lavi-D.Gray-man-Nendoroid-1.jpeg\" \/>\n\t<meta property=\"og:image:width\" content=\"730\" \/>\n\t<meta property=\"og:image:height\" content=\"900\" \/>\n\t<meta property=\"og:image:type\" content=\"image\/jpeg\" \/>\n<meta name=\"twitter:card\" content=\"summary_large_image\" \/>\n<meta name=\"twitter:label1\" content=\"Est. reading time\" \/>\n\t<meta name=\"twitter:data1\" content=\"1 minute\" \/>\n<script type=\"application\/ld+json\" class=\"yoast-schema-graph\">{\"@context\":\"https:\/\/schema.org\",\"@graph\":[{\"@type\":\"WebPage\",\"@id\":\"https:\/\/endormoonstore.com\/en\/lavi-d-gray-man-nendoroid\/\",\"url\":\"https:\/\/endormoonstore.com\/en\/lavi-d-gray-man-nendoroid\/\",\"name\":\"Lavi D.Gray-man Nendoroid - EndormoonStore\",\"isPartOf\":{\"@id\":\"https:\/\/endormoonstore.com\/#website\"},\"primaryImageOfPage\":{\"@id\":\"https:\/\/endormoonstore.com\/en\/lavi-d-gray-man-nendoroid\/#primaryimage\"},\"image\":{\"@id\":\"https:\/\/endormoonstore.com\/en\/lavi-d-gray-man-nendoroid\/#primaryimage\"},\"thumbnailUrl\":\"https:\/\/endormoonstore.com\/wp-content\/uploads\/2022\/05\/Lavi-D.Gray-man-Nendoroid-1.jpeg\",\"datePublished\":\"2022-05-25T11:21:05+00:00\",\"dateModified\":\"2023-03-30T19:36:36+00:00\",\"breadcrumb\":{\"@id\":\"https:\/\/endormoonstore.com\/en\/lavi-d-gray-man-nendoroid\/#breadcrumb\"},\"inLanguage\":\"en-US\",\"potentialAction\":[{\"@type\":\"ReadAction\",\"target\":[\"https:\/\/endormoonstore.com\/en\/lavi-d-gray-man-nendoroid\/\"]}]},{\"@type\":\"ImageObject\",\"inLanguage\":\"en-US\",\"@id\":\"https:\/\/endormoonstore.com\/en\/lavi-d-gray-man-nendoroid\/#primaryimage\",\"url\":\"https:\/\/endormoonstore.com\/wp-content\/uploads\/2022\/05\/Lavi-D.Gray-man-Nendoroid-1.jpeg\",\"contentUrl\":\"https:\/\/endormoonstore.com\/wp-content\/uploads\/2022\/05\/Lavi-D.Gray-man-Nendoroid-1.jpeg\",\"width\":730,\"height\":900},{\"@type\":\"BreadcrumbList\",\"@id\":\"https:\/\/endormoonstore.com\/en\/lavi-d-gray-man-nendoroid\/#breadcrumb\",\"itemListElement\":[{\"@type\":\"ListItem\",\"position\":1,\"name\":\"Shop\",\"item\":\"https:\/\/endormoonstore.com\/en\/shop\/\"},{\"@type\":\"ListItem\",\"position\":2,\"name\":\"Lavi D.Gray-man Nendoroid\"}]},{\"@type\":\"WebSite\",\"@id\":\"https:\/\/endormoonstore.com\/#website\",\"url\":\"https:\/\/endormoonstore.com\/\",\"name\":\"EndormoonStore\",\"description\":\"\",\"potentialAction\":[{\"@type\":\"SearchAction\",\"target\":{\"@type\":\"EntryPoint\",\"urlTemplate\":\"https:\/\/endormoonstore.com\/?s={search_term_string}\"},\"query-input\":{\"@type\":\"PropertyValueSpecification\",\"valueRequired\":true,\"valueName\":\"search_term_string\"}}],\"inLanguage\":\"en-US\"}]}<\/script>\n<!-- \/ Yoast SEO plugin. -->","yoast_head_json":{"title":"Lavi D.Gray-man Nendoroid - EndormoonStore","robots":{"index":"index","follow":"follow","max-snippet":"max-snippet:-1","max-image-preview":"max-image-preview:large","max-video-preview":"max-video-preview:-1"},"canonical":"https:\/\/endormoonstore.com\/en\/lavi-d-gray-man-nendoroid\/","og_locale":"en_US","og_type":"article","og_title":"Lavi D.Gray-man Nendoroid - EndormoonStore","og_description":"Lavi D.Gray-man Nendoroid Figura 10 cm  Del exitoso anime \"D.Gray-man\" llega un Nendoroid del sucesor de Bookman, Lavi. \"Un Bookman no necesita un coraz\u00f3n\"","og_url":"https:\/\/endormoonstore.com\/en\/lavi-d-gray-man-nendoroid\/","og_site_name":"EndormoonStore","article_modified_time":"2023-03-30T19:36:36+00:00","og_image":[{"width":730,"height":900,"url":"https:\/\/endormoonstore.com\/wp-content\/uploads\/2022\/05\/Lavi-D.Gray-man-Nendoroid-1.jpeg","type":"image\/jpeg"}],"twitter_card":"summary_large_image","twitter_misc":{"Est. reading time":"1 minute"},"schema":{"@context":"https:\/\/schema.org","@graph":[{"@type":"WebPage","@id":"https:\/\/endormoonstore.com\/en\/lavi-d-gray-man-nendoroid\/","url":"https:\/\/endormoonstore.com\/en\/lavi-d-gray-man-nendoroid\/","name":"Lavi D.Gray-man Nendoroid - EndormoonStore","isPartOf":{"@id":"https:\/\/endormoonstore.com\/#website"},"primaryImageOfPage":{"@id":"https:\/\/endormoonstore.com\/en\/lavi-d-gray-man-nendoroid\/#primaryimage"},"image":{"@id":"https:\/\/endormoonstore.com\/en\/lavi-d-gray-man-nendoroid\/#primaryimage"},"thumbnailUrl":"https:\/\/endormoonstore.com\/wp-content\/uploads\/2022\/05\/Lavi-D.Gray-man-Nendoroid-1.jpeg","datePublished":"2022-05-25T11:21:05+00:00","dateModified":"2023-03-30T19:36:36+00:00","breadcrumb":{"@id":"https:\/\/endormoonstore.com\/en\/lavi-d-gray-man-nendoroid\/#breadcrumb"},"inLanguage":"en-US","potentialAction":[{"@type":"ReadAction","target":["https:\/\/endormoonstore.com\/en\/lavi-d-gray-man-nendoroid\/"]}]},{"@type":"ImageObject","inLanguage":"en-US","@id":"https:\/\/endormoonstore.com\/en\/lavi-d-gray-man-nendoroid\/#primaryimage","url":"https:\/\/endormoonstore.com\/wp-content\/uploads\/2022\/05\/Lavi-D.Gray-man-Nendoroid-1.jpeg","contentUrl":"https:\/\/endormoonstore.com\/wp-content\/uploads\/2022\/05\/Lavi-D.Gray-man-Nendoroid-1.jpeg","width":730,"height":900},{"@type":"BreadcrumbList","@id":"https:\/\/endormoonstore.com\/en\/lavi-d-gray-man-nendoroid\/#breadcrumb","itemListElement":[{"@type":"ListItem","position":1,"name":"Shop","item":"https:\/\/endormoonstore.com\/en\/shop\/"},{"@type":"ListItem","position":2,"name":"Lavi D.Gray-man Nendoroid"}]},{"@type":"WebSite","@id":"https:\/\/endormoonstore.com\/#website","url":"https:\/\/endormoonstore.com\/","name":"EndormoonStore","description":"","potentialAction":[{"@type":"SearchAction","target":{"@type":"EntryPoint","urlTemplate":"https:\/\/endormoonstore.com\/?s={search_term_string}"},"query-input":{"@type":"PropertyValueSpecification","valueRequired":true,"valueName":"search_term_string"}}],"inLanguage":"en-US"}]}},"taxonomy_info":{"product_cat":[{"value":1390,"label":"Figures"},{"value":13511,"label":"New Arrivals"}],"pa_brand":[{"value":2081,"label":"Good Smile Company"}],"pa_character":[{"value":12608,"label":"Lavi"}],"pa_license":[{"value":12602,"label":"D.Gray-man"}],"pa_product-type":[{"value":2387,"label":"Figure"}],"pa_theme":[{"value":1861,"label":"Nendoroid"}]},"featured_image_src_large":["https:\/\/endormoonstore.com\/wp-content\/uploads\/2022\/05\/Lavi-D.Gray-man-Nendoroid-1.jpeg",730,900,false],"author_info":[],"comment_info":"","_links":{"self":[{"href":"https:\/\/endormoonstore.com\/en\/wp-json\/wp\/v2\/product\/132073","targetHints":{"allow":["GET"]}}],"collection":[{"href":"https:\/\/endormoonstore.com\/en\/wp-json\/wp\/v2\/product"}],"about":[{"href":"https:\/\/endormoonstore.com\/en\/wp-json\/wp\/v2\/types\/product"}],"wp:featuredmedia":[{"embeddable":true,"href":"https:\/\/endormoonstore.com\/en\/wp-json\/wp\/v2\/media\/132062"}],"wp:attachment":[{"href":"https:\/\/endormoonstore.com\/en\/wp-json\/wp\/v2\/media?parent=132073"}],"wp:term":[{"taxonomy":"product_cat","embeddable":true,"href":"https:\/\/endormoonstore.com\/en\/wp-json\/wp\/v2\/product_cat?post=132073"},{"taxonomy":"product_tag","embeddable":true,"href":"https:\/\/endormoonstore.com\/en\/wp-json\/wp\/v2\/product_tag?post=132073"}],"curies":[{"name":"wp","href":"https:\/\/api.w.org\/{rel}","templated":true}]}}